{"id":2981,"date":"2020-04-22T15:34:22","date_gmt":"2020-04-22T20:34:22","guid":{"rendered":"http:\/\/academia.utp.edu.co\/departamentocienciasbasicas\/?page_id=2981"},"modified":"2024-08-14T15:06:55","modified_gmt":"2024-08-14T20:06:55","slug":"microcurriculo","status":"publish","type":"page","link":"https:\/\/academia.utp.edu.co\/departamentocienciasbasicas\/semestre-vi\/farmacologia-y-toxicologia\/microcurriculo\/","title":{"rendered":"Microcurr\u00edculo"},"content":{"rendered":"\n<p><\/p>\n\n\n\n<p class=\"has-text-color has-normal-font-size\" style=\"color:#0d0b86\">En el siguiente link encontrar\u00e1 el microcurr\u00edculo de la asignatura Farmacolog\u00eda y Toxicolog\u00eda<\/p>\n\n\n\n<div class=\"wp-block-file\"><\/div>\n\n\n\n<div data-wp-interactive=\"core\/file\" class=\"wp-block-file\"><object data-wp-bind--hidden=\"!state.hasPdfPreview\" hidden class=\"wp-block-file__embed\" data=\"https:\/\/academia.utp.edu.co\/departamentocienciasbasicas\/files\/2024\/08\/Farmacologia-y-Toxicologia-2024-2.pdf\" type=\"application\/pdf\" style=\"width:100%;height:600px\" aria-label=\"Incrustado de Farmacologia y Toxicologia 2024-2.\"><\/object><a id=\"wp-block-file--media-9864aa04-dd79-4fb1-b15d-f5821526f89c\" href=\"https:\/\/academia.utp.edu.co\/departamentocienciasbasicas\/files\/2024\/08\/Farmacologia-y-Toxicologia-2024-2.pdf\">Farmacologia y Toxicologia 2024-2<\/a><\/div>\n","protected":false},"excerpt":{"rendered":"<p>En el siguiente link encontrar\u00e1 el microcurr\u00edculo de la asignatura Farmacolog\u00eda y Toxicolog\u00eda<\/p>\n","protected":false},"author":1281,"featured_media":0,"parent":851,"menu_order":1,"comment_status":"closed","ping_status":"closed","template":"","meta":{"footnotes":""},"class_list":["post-2981","page","type-page","status-publish","hentry"],"_links":{"self":[{"href":"https:\/\/academia.utp.edu.co\/departamentocienciasbasicas\/wp-json\/wp\/v2\/pages\/2981","targetHints":{"allow":["GET"]}}],"collection":[{"href":"https:\/\/academia.utp.edu.co\/departamentocienciasbasicas\/wp-json\/wp\/v2\/pages"}],"about":[{"href":"https:\/\/academia.utp.edu.co\/departamentocienciasbasicas\/wp-json\/wp\/v2\/types\/page"}],"author":[{"embeddable":true,"href":"https:\/\/academia.utp.edu.co\/departamentocienciasbasicas\/wp-json\/wp\/v2\/users\/1281"}],"replies":[{"embeddable":true,"href":"https:\/\/academia.utp.edu.co\/departamentocienciasbasicas\/wp-json\/wp\/v2\/comments?post=2981"}],"version-history":[{"count":9,"href":"https:\/\/academia.utp.edu.co\/departamentocienciasbasicas\/wp-json\/wp\/v2\/pages\/2981\/revisions"}],"predecessor-version":[{"id":23367,"href":"https:\/\/academia.utp.edu.co\/departamentocienciasbasicas\/wp-json\/wp\/v2\/pages\/2981\/revisions\/23367"}],"up":[{"embeddable":true,"href":"https:\/\/academia.utp.edu.co\/departamentocienciasbasicas\/wp-json\/wp\/v2\/pages\/851"}],"wp:attachment":[{"href":"https:\/\/academia.utp.edu.co\/departamentocienciasbasicas\/wp-json\/wp\/v2\/media?parent=2981"}],"curies":[{"name":"wp","href":"https:\/\/api.w.org\/{rel}","templated":true}]}}