{"id":3001,"date":"2020-04-22T15:35:20","date_gmt":"2020-04-22T20:35:20","guid":{"rendered":"http:\/\/academia.utp.edu.co\/departamentocienciasbasicas\/?page_id=3001"},"modified":"2024-08-14T14:49:10","modified_gmt":"2024-08-14T19:49:10","slug":"microcurriculo","status":"publish","type":"page","link":"https:\/\/academia.utp.edu.co\/departamentocienciasbasicas\/semestre-iii\/reanimacion-basica-y-primeros-auxilios\/microcurriculo\/","title":{"rendered":"Microcurr\u00edculo"},"content":{"rendered":"\n<p><\/p>\n\n\n\n<p class=\"has-text-color has-normal-font-size\" style=\"color:#0d0b86\">En el siguiente link encontrar\u00e1 el microcurr\u00edculo de la asignatura Reanimaci\u00f3n B\u00e1sica y Primeros Auxilios<\/p>\n\n\n\n<div class=\"wp-block-file\"><\/div>\n\n\n\n<div data-wp-interactive=\"core\/file\" class=\"wp-block-file\"><object data-wp-bind--hidden=\"!state.hasPdfPreview\" hidden class=\"wp-block-file__embed\" data=\"https:\/\/academia.utp.edu.co\/departamentocienciasbasicas\/files\/2024\/08\/Reanimacion-2024-2.pdf\" type=\"application\/pdf\" style=\"width:100%;height:600px\" aria-label=\"Incrustado de Reanimaci\u00f3n 2024-2.\"><\/object><a id=\"wp-block-file--media-713cce86-cc23-4411-b759-48e10cbad250\" href=\"https:\/\/academia.utp.edu.co\/departamentocienciasbasicas\/files\/2024\/08\/Reanimacion-2024-2.pdf\">Reanimaci\u00f3n 2024-2<\/a><\/div>\n","protected":false},"excerpt":{"rendered":"<p>En el siguiente link encontrar\u00e1 el microcurr\u00edculo de la asignatura Reanimaci\u00f3n B\u00e1sica y Primeros Auxilios<\/p>\n","protected":false},"author":1281,"featured_media":0,"parent":751,"menu_order":1,"comment_status":"closed","ping_status":"closed","template":"","meta":{"footnotes":""},"class_list":["post-3001","page","type-page","status-publish","hentry"],"_links":{"self":[{"href":"https:\/\/academia.utp.edu.co\/departamentocienciasbasicas\/wp-json\/wp\/v2\/pages\/3001","targetHints":{"allow":["GET"]}}],"collection":[{"href":"https:\/\/academia.utp.edu.co\/departamentocienciasbasicas\/wp-json\/wp\/v2\/pages"}],"about":[{"href":"https:\/\/academia.utp.edu.co\/departamentocienciasbasicas\/wp-json\/wp\/v2\/types\/page"}],"author":[{"embeddable":true,"href":"https:\/\/academia.utp.edu.co\/departamentocienciasbasicas\/wp-json\/wp\/v2\/users\/1281"}],"replies":[{"embeddable":true,"href":"https:\/\/academia.utp.edu.co\/departamentocienciasbasicas\/wp-json\/wp\/v2\/comments?post=3001"}],"version-history":[{"count":12,"href":"https:\/\/academia.utp.edu.co\/departamentocienciasbasicas\/wp-json\/wp\/v2\/pages\/3001\/revisions"}],"predecessor-version":[{"id":23357,"href":"https:\/\/academia.utp.edu.co\/departamentocienciasbasicas\/wp-json\/wp\/v2\/pages\/3001\/revisions\/23357"}],"up":[{"embeddable":true,"href":"https:\/\/academia.utp.edu.co\/departamentocienciasbasicas\/wp-json\/wp\/v2\/pages\/751"}],"wp:attachment":[{"href":"https:\/\/academia.utp.edu.co\/departamentocienciasbasicas\/wp-json\/wp\/v2\/media?parent=3001"}],"curies":[{"name":"wp","href":"https:\/\/api.w.org\/{rel}","templated":true}]}}