{"id":3091,"date":"2020-04-22T15:42:55","date_gmt":"2020-04-22T20:42:55","guid":{"rendered":"http:\/\/academia.utp.edu.co\/departamentocienciasbasicas\/?page_id=3091"},"modified":"2024-08-14T10:28:05","modified_gmt":"2024-08-14T15:28:05","slug":"profesores","status":"publish","type":"page","link":"https:\/\/academia.utp.edu.co\/departamentocienciasbasicas\/semestre-ii\/biologia-molecular-y-genetica\/profesores\/","title":{"rendered":"Profesores"},"content":{"rendered":"\n<p><\/p>\n\n\n<p><span style=\"color: #000080\"><span style=\"float: none;background-color: #ffffff;color: #0d0b86;font-family: Georgia,'Bitstream Charter',serif;font-size: 20px;font-style: normal;font-variant: normal;font-weight: 400;letter-spacing: normal;text-align: left;text-decoration: none;text-indent: 0px;text-transform: none\">La asignatura Biolog\u00eda Molecular y Gen\u00e9tica est\u00e1 a cargo de los siguientes docentes:<br \/><\/span><\/span><\/p>\n<p><span style=\"color: #000080\"><br \/><strong>Juan Sebasti\u00e1n Herrera Mart\u00ednez<\/strong><\/span><br \/><span style=\"color: #000080\">sebastian.herrera2@utp.edu.co<\/span><\/p>\n<p><span style=\"color: #000080\"><br \/><strong>Lida In\u00e9s Mancilla Estacio<\/strong> <\/span><br \/><span style=\"color: #000080\">l.mancilla@utp.edu.co<\/span><\/p>\n<p><span style=\"color: #000080\"><strong><br \/>Augusto Zuluaga V\u00e9lez<br \/><\/strong>azuluagav@utp.edu.co<strong><br \/><\/strong><\/span><\/p>","protected":false},"excerpt":{"rendered":"<p>La asignatura Biolog\u00eda Molecular y Gen\u00e9tica est\u00e1 a cargo de los siguientes docentes: Juan Sebasti\u00e1n&#8230;<\/p>\n","protected":false},"author":1281,"featured_media":0,"parent":621,"menu_order":2,"comment_status":"closed","ping_status":"closed","template":"","meta":{"footnotes":""},"class_list":["post-3091","page","type-page","status-publish","hentry"],"_links":{"self":[{"href":"https:\/\/academia.utp.edu.co\/departamentocienciasbasicas\/wp-json\/wp\/v2\/pages\/3091","targetHints":{"allow":["GET"]}}],"collection":[{"href":"https:\/\/academia.utp.edu.co\/departamentocienciasbasicas\/wp-json\/wp\/v2\/pages"}],"about":[{"href":"https:\/\/academia.utp.edu.co\/departamentocienciasbasicas\/wp-json\/wp\/v2\/types\/page"}],"author":[{"embeddable":true,"href":"https:\/\/academia.utp.edu.co\/departamentocienciasbasicas\/wp-json\/wp\/v2\/users\/1281"}],"replies":[{"embeddable":true,"href":"https:\/\/academia.utp.edu.co\/departamentocienciasbasicas\/wp-json\/wp\/v2\/comments?post=3091"}],"version-history":[{"count":10,"href":"https:\/\/academia.utp.edu.co\/departamentocienciasbasicas\/wp-json\/wp\/v2\/pages\/3091\/revisions"}],"predecessor-version":[{"id":23310,"href":"https:\/\/academia.utp.edu.co\/departamentocienciasbasicas\/wp-json\/wp\/v2\/pages\/3091\/revisions\/23310"}],"up":[{"embeddable":true,"href":"https:\/\/academia.utp.edu.co\/departamentocienciasbasicas\/wp-json\/wp\/v2\/pages\/621"}],"wp:attachment":[{"href":"https:\/\/academia.utp.edu.co\/departamentocienciasbasicas\/wp-json\/wp\/v2\/media?parent=3091"}],"curies":[{"name":"wp","href":"https:\/\/api.w.org\/{rel}","templated":true}]}}