{"id":3111,"date":"2020-04-22T15:43:32","date_gmt":"2020-04-22T20:43:32","guid":{"rendered":"http:\/\/academia.utp.edu.co\/departamentocienciasbasicas\/?page_id=3111"},"modified":"2024-08-14T10:29:28","modified_gmt":"2024-08-14T15:29:28","slug":"profesores","status":"publish","type":"page","link":"https:\/\/academia.utp.edu.co\/departamentocienciasbasicas\/semestre-ii\/histoembriologia-ii\/profesores\/","title":{"rendered":"Profesores"},"content":{"rendered":"\n<p><\/p>\n\n\n<p><span style=\"color: #000080\">La asignatura Histoembriolog\u00eda II est\u00e1 a cargo de los siguientes docentes:<\/span><\/p>\n<p><span style=\"color: #000080\"><br \/><strong>Dra. Bibiana Murillo G\u00f3mez<\/strong><\/span><br \/><span style=\"color: #000080\">bibianamg@utp.edu.co<\/span><\/p>\n<p><span style=\"color: #000080\"><br \/><strong>D<\/strong><\/span><span style=\"color: #000080\"><strong>ra. Daniela Botero Gonz\u00e1lez<\/strong><\/span><br \/><span style=\"color: #000080\">dbotero@utp.edu.co<\/span><\/p>","protected":false},"excerpt":{"rendered":"<p>La asignatura Histoembriolog\u00eda II est\u00e1 a cargo de los siguientes docentes: Dra. Bibiana Murillo G\u00f3mezbibianamg@utp.edu.co&#8230;<\/p>\n","protected":false},"author":1281,"featured_media":0,"parent":641,"menu_order":2,"comment_status":"closed","ping_status":"closed","template":"","meta":{"footnotes":""},"class_list":["post-3111","page","type-page","status-publish","hentry"],"_links":{"self":[{"href":"https:\/\/academia.utp.edu.co\/departamentocienciasbasicas\/wp-json\/wp\/v2\/pages\/3111","targetHints":{"allow":["GET"]}}],"collection":[{"href":"https:\/\/academia.utp.edu.co\/departamentocienciasbasicas\/wp-json\/wp\/v2\/pages"}],"about":[{"href":"https:\/\/academia.utp.edu.co\/departamentocienciasbasicas\/wp-json\/wp\/v2\/types\/page"}],"author":[{"embeddable":true,"href":"https:\/\/academia.utp.edu.co\/departamentocienciasbasicas\/wp-json\/wp\/v2\/users\/1281"}],"replies":[{"embeddable":true,"href":"https:\/\/academia.utp.edu.co\/departamentocienciasbasicas\/wp-json\/wp\/v2\/comments?post=3111"}],"version-history":[{"count":15,"href":"https:\/\/academia.utp.edu.co\/departamentocienciasbasicas\/wp-json\/wp\/v2\/pages\/3111\/revisions"}],"predecessor-version":[{"id":23312,"href":"https:\/\/academia.utp.edu.co\/departamentocienciasbasicas\/wp-json\/wp\/v2\/pages\/3111\/revisions\/23312"}],"up":[{"embeddable":true,"href":"https:\/\/academia.utp.edu.co\/departamentocienciasbasicas\/wp-json\/wp\/v2\/pages\/641"}],"wp:attachment":[{"href":"https:\/\/academia.utp.edu.co\/departamentocienciasbasicas\/wp-json\/wp\/v2\/media?parent=3111"}],"curies":[{"name":"wp","href":"https:\/\/api.w.org\/{rel}","templated":true}]}}