{"id":3131,"date":"2020-04-22T15:44:02","date_gmt":"2020-04-22T20:44:02","guid":{"rendered":"http:\/\/academia.utp.edu.co\/departamentocienciasbasicas\/?page_id=3131"},"modified":"2024-08-14T10:56:47","modified_gmt":"2024-08-14T15:56:47","slug":"profesores","status":"publish","type":"page","link":"https:\/\/academia.utp.edu.co\/departamentocienciasbasicas\/semestre-vi\/farmacologia-y-toxicologia\/profesores\/","title":{"rendered":"Profesores"},"content":{"rendered":"\n<p><\/p>\n\n\n<p><span style=\"color: #000080\">La asignatura Farmacolog\u00eda y Toxicolog\u00eda est\u00e1 a cargo de los siguientes docentes:<\/span><\/p>\n<p><span style=\"color: #000080\"><br \/><strong>Dr. Jorge Enrique Machado Alba <\/strong><\/span><br \/><span style=\"color: #000080\">machado@utp.edu.co<\/span><\/p>\n<p><span style=\"color: #000080\"><br \/><strong>Manuel Fernando Mena Garc\u00eda<\/strong><\/span><br \/><span style=\"color: #000080\">mfmena@utp.edu.co<\/span><\/p>\n<p><span style=\"color: #000080\"><strong><br \/><\/strong><strong>Andr\u00e9s Gaviria Mendoza<\/strong><\/span><br \/><span style=\"color: #000080\">angaviria@gmail.com<\/span><\/p>","protected":false},"excerpt":{"rendered":"<p>La asignatura Farmacolog\u00eda y Toxicolog\u00eda est\u00e1 a cargo de los siguientes docentes: Dr. Jorge Enrique&#8230;<\/p>\n","protected":false},"author":1281,"featured_media":0,"parent":851,"menu_order":2,"comment_status":"closed","ping_status":"closed","template":"","meta":{"footnotes":""},"class_list":["post-3131","page","type-page","status-publish","hentry"],"_links":{"self":[{"href":"https:\/\/academia.utp.edu.co\/departamentocienciasbasicas\/wp-json\/wp\/v2\/pages\/3131","targetHints":{"allow":["GET"]}}],"collection":[{"href":"https:\/\/academia.utp.edu.co\/departamentocienciasbasicas\/wp-json\/wp\/v2\/pages"}],"about":[{"href":"https:\/\/academia.utp.edu.co\/departamentocienciasbasicas\/wp-json\/wp\/v2\/types\/page"}],"author":[{"embeddable":true,"href":"https:\/\/academia.utp.edu.co\/departamentocienciasbasicas\/wp-json\/wp\/v2\/users\/1281"}],"replies":[{"embeddable":true,"href":"https:\/\/academia.utp.edu.co\/departamentocienciasbasicas\/wp-json\/wp\/v2\/comments?post=3131"}],"version-history":[{"count":7,"href":"https:\/\/academia.utp.edu.co\/departamentocienciasbasicas\/wp-json\/wp\/v2\/pages\/3131\/revisions"}],"predecessor-version":[{"id":23322,"href":"https:\/\/academia.utp.edu.co\/departamentocienciasbasicas\/wp-json\/wp\/v2\/pages\/3131\/revisions\/23322"}],"up":[{"embeddable":true,"href":"https:\/\/academia.utp.edu.co\/departamentocienciasbasicas\/wp-json\/wp\/v2\/pages\/851"}],"wp:attachment":[{"href":"https:\/\/academia.utp.edu.co\/departamentocienciasbasicas\/wp-json\/wp\/v2\/media?parent=3131"}],"curies":[{"name":"wp","href":"https:\/\/api.w.org\/{rel}","templated":true}]}}