{"id":3201,"date":"2020-04-22T15:46:13","date_gmt":"2020-04-22T20:46:13","guid":{"rendered":"http:\/\/academia.utp.edu.co\/departamentocienciasbasicas\/?page_id=3201"},"modified":"2021-11-08T10:08:29","modified_gmt":"2021-11-08T15:08:29","slug":"profesores","status":"publish","type":"page","link":"https:\/\/academia.utp.edu.co\/departamentocienciasbasicas\/semestre-iii\/reanimacion-basica-y-primeros-auxilios\/profesores\/","title":{"rendered":"Profesores"},"content":{"rendered":"\n<p><\/p>\n\n\n<p><span style=\"color: #000080\">La asignatura Reanimaci\u00f3n B\u00e1sica est\u00e1 a cargo de la siguiente docente:<\/span><\/p>\n<p><span style=\"color: #000080\"><br \/><strong>Dra. Claudia Giraldo Giraldo <\/strong><\/span><br \/><span style=\"color: #000080\">claudiag@utp.edu.co<\/span><\/p>\n\n\n<p><\/p>\n","protected":false},"excerpt":{"rendered":"<p>La asignatura Reanimaci\u00f3n B\u00e1sica est\u00e1 a cargo de la siguiente docente: Dra. Claudia Giraldo Giraldo&#8230;<\/p>\n","protected":false},"author":1281,"featured_media":0,"parent":751,"menu_order":2,"comment_status":"closed","ping_status":"closed","template":"","meta":{"footnotes":""},"class_list":["post-3201","page","type-page","status-publish","hentry"],"_links":{"self":[{"href":"https:\/\/academia.utp.edu.co\/departamentocienciasbasicas\/wp-json\/wp\/v2\/pages\/3201","targetHints":{"allow":["GET"]}}],"collection":[{"href":"https:\/\/academia.utp.edu.co\/departamentocienciasbasicas\/wp-json\/wp\/v2\/pages"}],"about":[{"href":"https:\/\/academia.utp.edu.co\/departamentocienciasbasicas\/wp-json\/wp\/v2\/types\/page"}],"author":[{"embeddable":true,"href":"https:\/\/academia.utp.edu.co\/departamentocienciasbasicas\/wp-json\/wp\/v2\/users\/1281"}],"replies":[{"embeddable":true,"href":"https:\/\/academia.utp.edu.co\/departamentocienciasbasicas\/wp-json\/wp\/v2\/comments?post=3201"}],"version-history":[{"count":5,"href":"https:\/\/academia.utp.edu.co\/departamentocienciasbasicas\/wp-json\/wp\/v2\/pages\/3201\/revisions"}],"predecessor-version":[{"id":21621,"href":"https:\/\/academia.utp.edu.co\/departamentocienciasbasicas\/wp-json\/wp\/v2\/pages\/3201\/revisions\/21621"}],"up":[{"embeddable":true,"href":"https:\/\/academia.utp.edu.co\/departamentocienciasbasicas\/wp-json\/wp\/v2\/pages\/751"}],"wp:attachment":[{"href":"https:\/\/academia.utp.edu.co\/departamentocienciasbasicas\/wp-json\/wp\/v2\/media?parent=3201"}],"curies":[{"name":"wp","href":"https:\/\/api.w.org\/{rel}","templated":true}]}}