{"id":3241,"date":"2020-04-22T15:47:42","date_gmt":"2020-04-22T20:47:42","guid":{"rendered":"http:\/\/academia.utp.edu.co\/departamentocienciasbasicas\/?page_id=3241"},"modified":"2024-08-14T10:33:43","modified_gmt":"2024-08-14T15:33:43","slug":"profesores","status":"publish","type":"page","link":"https:\/\/academia.utp.edu.co\/departamentocienciasbasicas\/semestre-iv\/parasitologia\/profesores\/","title":{"rendered":"Profesores"},"content":{"rendered":"\n<p><\/p>\n\n\n<p><span style=\"color: #000080\">La asignatura Parasitolog\u00eda est\u00e1 a cargo de los siguientes docentes:<\/span><\/p>\n<p><span style=\"color: #000080\"><strong><br \/>Dr. Juan Camilo Galvis Mar\u00edn<\/strong> <\/span><br \/><span style=\"color: #000080\">jcgalvis@utp.edu.co<\/span><span style=\"color: #000080\"><strong><br \/><\/strong><\/span><\/p>","protected":false},"excerpt":{"rendered":"<p>La asignatura Parasitolog\u00eda est\u00e1 a cargo de los siguientes docentes: Dr. Juan Camilo Galvis Mar\u00edn&#8230;<\/p>\n","protected":false},"author":1281,"featured_media":0,"parent":831,"menu_order":2,"comment_status":"closed","ping_status":"closed","template":"","meta":{"footnotes":""},"class_list":["post-3241","page","type-page","status-publish","hentry"],"_links":{"self":[{"href":"https:\/\/academia.utp.edu.co\/departamentocienciasbasicas\/wp-json\/wp\/v2\/pages\/3241","targetHints":{"allow":["GET"]}}],"collection":[{"href":"https:\/\/academia.utp.edu.co\/departamentocienciasbasicas\/wp-json\/wp\/v2\/pages"}],"about":[{"href":"https:\/\/academia.utp.edu.co\/departamentocienciasbasicas\/wp-json\/wp\/v2\/types\/page"}],"author":[{"embeddable":true,"href":"https:\/\/academia.utp.edu.co\/departamentocienciasbasicas\/wp-json\/wp\/v2\/users\/1281"}],"replies":[{"embeddable":true,"href":"https:\/\/academia.utp.edu.co\/departamentocienciasbasicas\/wp-json\/wp\/v2\/comments?post=3241"}],"version-history":[{"count":7,"href":"https:\/\/academia.utp.edu.co\/departamentocienciasbasicas\/wp-json\/wp\/v2\/pages\/3241\/revisions"}],"predecessor-version":[{"id":23317,"href":"https:\/\/academia.utp.edu.co\/departamentocienciasbasicas\/wp-json\/wp\/v2\/pages\/3241\/revisions\/23317"}],"up":[{"embeddable":true,"href":"https:\/\/academia.utp.edu.co\/departamentocienciasbasicas\/wp-json\/wp\/v2\/pages\/831"}],"wp:attachment":[{"href":"https:\/\/academia.utp.edu.co\/departamentocienciasbasicas\/wp-json\/wp\/v2\/media?parent=3241"}],"curies":[{"name":"wp","href":"https:\/\/api.w.org\/{rel}","templated":true}]}}