{"id":511,"date":"2019-07-03T22:34:48","date_gmt":"2019-07-03T20:34:48","guid":{"rendered":"http:\/\/academia.utp.edu.co\/departamentocienciasbasicas\/?page_id=511"},"modified":"2024-08-14T10:23:57","modified_gmt":"2024-08-14T15:23:57","slug":"profesores","status":"publish","type":"page","link":"https:\/\/academia.utp.edu.co\/departamentocienciasbasicas\/semestre-i\/bioqimica\/profesores\/","title":{"rendered":"Profesores"},"content":{"rendered":"\n<p><\/p>\n\n\n\n<p><\/p>\n\n\n\n<p class=\"has-text-color has-medium-font-size\" style=\"color:#0d0b86\"><br \/>La asignatura Bioqu\u00edmica est\u00e1 a cargo de los siguientes docentes:<\/p>\n\n\n\n<p class=\"has-text-color has-medium-font-size\" style=\"color:#0d0b86\"><br \/><strong>Gloria In\u00e9s Hincapi\u00e9 L\u00f3pez<\/strong><br \/>gloria.hincapie@utp.edu.co<\/p>\n\n\n\n<p class=\"has-text-color has-medium-font-size\" style=\"color:#0d0b86\"><br \/><strong>Augusto Zuluaga V\u00e9lez<\/strong><br \/>azuluagav@utp.edu.co<\/p>\n\n\n\n<p class=\"has-text-color has-link-color has-medium-font-size wp-elements-b37ce8f4e6c0dfa73bdbdddb8dcea5d7\" style=\"color:#0d0b86\"><br \/><strong>Jhon Jairo Melchor Moncada<\/strong><br \/>jjmelchor@utp.edu.co<\/p>\n\n\n\n<p class=\"has-text-color has-link-color has-medium-font-size wp-elements-c26155d210ce15ef62f499dd751c9cb6\" style=\"color:#0d0b86\"><br \/><strong>Fredy Alexander Tabares Villa<\/strong><br \/>fredo17@utp.edu.co<\/p>\n\n\n\n<p class=\"has-text-color has-medium-font-size\" style=\"color:#0d0b86\"><br \/><\/p>\n\n\n\n<p class=\"has-text-color has-medium-font-size\" style=\"color:#0d0b86\"><br \/><\/p>\n\n\n\n<p><\/p>\n","protected":false},"excerpt":{"rendered":"<p>La asignatura Bioqu\u00edmica est\u00e1 a cargo de los siguientes docentes: Gloria In\u00e9s Hincapi\u00e9 L\u00f3pezgloria.hincapie@utp.edu.co Augusto&#8230;<\/p>\n","protected":false},"author":1281,"featured_media":0,"parent":371,"menu_order":3,"comment_status":"closed","ping_status":"closed","template":"","meta":{"footnotes":""},"class_list":["post-511","page","type-page","status-publish","hentry"],"_links":{"self":[{"href":"https:\/\/academia.utp.edu.co\/departamentocienciasbasicas\/wp-json\/wp\/v2\/pages\/511","targetHints":{"allow":["GET"]}}],"collection":[{"href":"https:\/\/academia.utp.edu.co\/departamentocienciasbasicas\/wp-json\/wp\/v2\/pages"}],"about":[{"href":"https:\/\/academia.utp.edu.co\/departamentocienciasbasicas\/wp-json\/wp\/v2\/types\/page"}],"author":[{"embeddable":true,"href":"https:\/\/academia.utp.edu.co\/departamentocienciasbasicas\/wp-json\/wp\/v2\/users\/1281"}],"replies":[{"embeddable":true,"href":"https:\/\/academia.utp.edu.co\/departamentocienciasbasicas\/wp-json\/wp\/v2\/comments?post=511"}],"version-history":[{"count":19,"href":"https:\/\/academia.utp.edu.co\/departamentocienciasbasicas\/wp-json\/wp\/v2\/pages\/511\/revisions"}],"predecessor-version":[{"id":23307,"href":"https:\/\/academia.utp.edu.co\/departamentocienciasbasicas\/wp-json\/wp\/v2\/pages\/511\/revisions\/23307"}],"up":[{"embeddable":true,"href":"https:\/\/academia.utp.edu.co\/departamentocienciasbasicas\/wp-json\/wp\/v2\/pages\/371"}],"wp:attachment":[{"href":"https:\/\/academia.utp.edu.co\/departamentocienciasbasicas\/wp-json\/wp\/v2\/media?parent=511"}],"curies":[{"name":"wp","href":"https:\/\/api.w.org\/{rel}","templated":true}]}}