{"id":7051,"date":"2020-05-23T22:15:10","date_gmt":"2020-05-24T03:15:10","guid":{"rendered":"http:\/\/academia.utp.edu.co\/departamentocienciasbasicas\/?page_id=7051"},"modified":"2020-05-23T22:23:16","modified_gmt":"2020-05-24T03:23:16","slug":"funciones","status":"publish","type":"page","link":"https:\/\/academia.utp.edu.co\/departamentocienciasbasicas\/laboratorios\/laboratorio-de-bioquimica\/funciones\/","title":{"rendered":"Funciones y Normas de Bioseguridad"},"content":{"rendered":"\n<p><\/p>\n\n\n<p><span style=\"color: #000080\">LABORATORIO 14 \u2013 104 (BIOQUIMICA, BIOLOG\u00cdA MOLECULAR Y FISIOLOGIA)<\/span><\/p>\n<p><strong><span style=\"color: #000080\">FUNCIONES DEL LABORATORIO<\/span><\/strong><\/p>\n<p><span style=\"color: #000080\">Prestar servicio en la realizaci\u00f3n de pr\u00e1cticas acad\u00e9micas b\u00e1sicas, las cuales, requieren este tipo de laboratorio de ensayo. Aportar al aprendizaje, comprensi\u00f3n y entendimiento en el campo de las ciencias b\u00e1sicas al futuro m\u00e9dico y m\u00e9dico veterinario egresado de la UTP. Las pr\u00e1cticas realizadas actualmente en esta \u00e1rea son: Bioqu\u00edmica, Biolog\u00eda Molecular y Fisiolog\u00eda.<\/span><\/p>\n<p><strong><span style=\"color: #000080\">NORMAS DEL BIOSEGURIDAD<\/span><\/strong><\/p>\n<p><span style=\"color: #000080\">En el uso de centros de pr\u00e1ctica es indispensable que el estudiante desarrolle una serie de protocolos de precauci\u00f3n universal, como se menciona a continuaci\u00f3n: <\/span><br \/><span style=\"color: #000080\">\u2022 Trabajar siempre con actitud disciplinada.<\/span><br \/><span style=\"color: #000080\">\u2022 Acceso limitado al laboratorio.<\/span><br \/><span style=\"color: #000080\">\u2022 Antes de comenzar una pr\u00e1ctica se debe conocer y entender los procesos que se van a realizar.<\/span><br \/><span style=\"color: #000080\">\u2022 No beber, comer, fumar, manipular lentes de contacto ni aplicarse cosm\u00e9ticos dentro del laboratorio.<\/span><br \/><span style=\"color: #000080\">\u2022 Utilizar las barreras de protecci\u00f3n primaria adecuadas: <\/span><br \/><span style=\"color: #000080\">\uf0fc Guantes apropiados (Nitrilo).<\/span><br \/><span style=\"color: #000080\">\uf0fc Gorros y tapabocas desechables.<\/span><br \/><span style=\"color: #000080\">\uf0fc Ropa protectora: bata manga larga de tela antifluido.<\/span><br \/><span style=\"color: #000080\">\uf0fc Calzado cerrado. <\/span><br \/><span style=\"color: #000080\">\uf0fc Pantal\u00f3n largo.<\/span><br \/><span style=\"color: #000080\">\uf0fc Protecci\u00f3n ocular (gafas o m\u00e1scaras). De preferencia, no usar lentes de contacto en el laboratorio, a\u00fan con protecci\u00f3n ocular.<\/span><br \/><span style=\"color: #000080\">\uf0fc El cabello debe estar recogido, no solo en el caso de usar mecheros, sino tambi\u00e9n para evitar que obstruya la visi\u00f3n.<\/span><br \/><span style=\"color: #000080\">\u2022 No pipetear con la boca.<\/span><br \/><span style=\"color: #000080\">\u2022 Si cae material contaminado sobre la mesa, el piso, su ropa o sus manos informar inmediatamente al personal en servicio.<\/span><br \/><span style=\"color: #000080\">\u2022 Descontaminar adecuadamente las mesas, luego de finalizar el trabajo del d\u00eda y cada vez que derrame material qu\u00edmico o biol\u00f3gico.<\/span><br \/><span style=\"color: #000080\">\u2022 Mantenga el puesto de trabajo solo con el material necesario.<\/span><br \/><span style=\"color: #000080\">\u2022 Colocar los residuos en los recipientes designados a tal fin.<\/span><br \/><span style=\"color: #000080\">\u2022 Lavado de manos, luego de manipular cualquier tipo de material (qu\u00edmico o biol\u00f3gico), despu\u00e9s de sacarse los guantes y antes de abandonar el laboratorio.<\/span><br \/><span style=\"color: #000080\">\u2022 No trabajar solo en el laboratorio, cerciorarse de la presencia de otra\/s personas en el servicio.<\/span><br \/><span style=\"color: #000080\">\u2022 Dejar los reactivos correctamente tapados en la mesa donde se dispone para cada pr\u00e1ctica.<\/span><br \/><span style=\"color: #000080\">\u2022 No usar la bata fuera del laboratorio como cafeter\u00edas, pasillos o \u00e1reas comunes.<\/span><br \/><span style=\"color: #000080\">\u2022 Mantener el orden y disciplina mientras se encuentre en el laboratorio.<\/span><br \/><span style=\"color: #000080\">\u2022 Dejar el material de vidrio limpio sobre la mesa de trabajo.<\/span><br \/><span style=\"color: #000080\">\u2022 Utilice con cuidado los equipos y aparatos del laboratorio. \u00daselos como si fueran propios y con sentido de pertenencia a la Universidad.<\/span><\/p>\n<p><span style=\"color: #000080\">El simple cumplimiento de estas normas no asegura la eliminaci\u00f3n definitiva del riesgo de accidentes en el laboratorio, pero disminuye las posibilidades de que ocurran.<\/span><\/p>","protected":false},"excerpt":{"rendered":"<p>LABORATORIO 14 \u2013 104 (BIOQUIMICA, BIOLOG\u00cdA MOLECULAR Y FISIOLOGIA) FUNCIONES DEL LABORATORIO Prestar servicio en&#8230;<\/p>\n","protected":false},"author":1281,"featured_media":0,"parent":6941,"menu_order":1,"comment_status":"closed","ping_status":"closed","template":"","meta":{"footnotes":""},"class_list":["post-7051","page","type-page","status-publish","hentry"],"_links":{"self":[{"href":"https:\/\/academia.utp.edu.co\/departamentocienciasbasicas\/wp-json\/wp\/v2\/pages\/7051","targetHints":{"allow":["GET"]}}],"collection":[{"href":"https:\/\/academia.utp.edu.co\/departamentocienciasbasicas\/wp-json\/wp\/v2\/pages"}],"about":[{"href":"https:\/\/academia.utp.edu.co\/departamentocienciasbasicas\/wp-json\/wp\/v2\/types\/page"}],"author":[{"embeddable":true,"href":"https:\/\/academia.utp.edu.co\/departamentocienciasbasicas\/wp-json\/wp\/v2\/users\/1281"}],"replies":[{"embeddable":true,"href":"https:\/\/academia.utp.edu.co\/departamentocienciasbasicas\/wp-json\/wp\/v2\/comments?post=7051"}],"version-history":[{"count":4,"href":"https:\/\/academia.utp.edu.co\/departamentocienciasbasicas\/wp-json\/wp\/v2\/pages\/7051\/revisions"}],"predecessor-version":[{"id":7071,"href":"https:\/\/academia.utp.edu.co\/departamentocienciasbasicas\/wp-json\/wp\/v2\/pages\/7051\/revisions\/7071"}],"up":[{"embeddable":true,"href":"https:\/\/academia.utp.edu.co\/departamentocienciasbasicas\/wp-json\/wp\/v2\/pages\/6941"}],"wp:attachment":[{"href":"https:\/\/academia.utp.edu.co\/departamentocienciasbasicas\/wp-json\/wp\/v2\/media?parent=7051"}],"curies":[{"name":"wp","href":"https:\/\/api.w.org\/{rel}","templated":true}]}}