{"id":7101,"date":"2020-05-23T22:26:31","date_gmt":"2020-05-24T03:26:31","guid":{"rendered":"http:\/\/academia.utp.edu.co\/departamentocienciasbasicas\/?page_id=7101"},"modified":"2020-07-27T20:04:11","modified_gmt":"2020-07-28T01:04:11","slug":"funciones-y-normas-de-bioseguridad","status":"publish","type":"page","link":"https:\/\/academia.utp.edu.co\/departamentocienciasbasicas\/laboratorios\/anfiteatro\/funciones-y-normas-de-bioseguridad\/","title":{"rendered":"Funciones y Normas de Bioseguridad"},"content":{"rendered":"<p><span style=\"color: #000080\"><strong>Normas de estricto cumplimiento para el personal que ingresa en el anfiteatro<\/strong><\/span><br \/>\n<span style=\"color: #000080\">1- Los cad\u00e1veres y piezas anat\u00f3micas merecen el m\u00e1ximo respeto.<\/span><br \/>\n<span style=\"color: #000080\">2- Este es un recinto acad\u00e9mico donde debemos mantener un ambiente de respeto y silencio para beneficio de todos. Si esto no se cumple usted puede ser retirado del anfiteatro por el auxiliar, docente o monitor responsable sin menoscabo de las sanciones contempladas en los reglamentos.<\/span><br \/>\n<span style=\"color: #000080\">3- La puerta principal permanecer\u00e1 cerrada solo se abrir\u00e1 en la hora programada y transcurridos 15 minutos no se permitir\u00e1 el ingreso de los estudiantes.<\/span><br \/>\n<span style=\"color: #000080\">4- Se sugiere no ingresar objetos personales como: maletines, tel\u00e9fonos, c\u00e1maras, y otros. El laboratorio y la universidad no se hace responsable por alg\u00fan tipo de da\u00f1o o p\u00e9rdida.<\/span><br \/>\n<span style=\"color: #000080\">5- Para ingresar al anfiteatro es obligatorio el uso del uniforme, blusa blanca de manga larga, gorro, tapabocas, guantes y pinzas de disecci\u00f3n sin garra para manipular el cad\u00e1ver o piezas anat\u00f3micas.<\/span><br \/>\n<span style=\"color: #000080\">6- Por ning\u00fan motivo se permite el ingreso de estudiantes con gorras deportivas, sombreros, pantalonetas sandalias, zuecos o zapatos abiertos, para prevenir el contacto con l\u00edquidos potencialmente da\u00f1inos.<\/span><br \/>\n<span style=\"color: #000080\">7- El ingreso al anfiteatro de acceso deben permaneces libres de cualquier tipo de obst\u00e1culo<\/span><br \/>\n<span style=\"color: #000080\">8- solo se permitir\u00e1 con el acompa\u00f1amiento del docente o del monitor responsable de anatom\u00eda. Los particulares solo podr\u00e1n ingresar con la debida autorizaci\u00f3n del director del departamento.<\/span><br \/>\n<span style=\"color: #000080\">Las \u00e1reas comunes de acceso deben permanecer libres de cualquier obst\u00e1culo.<\/span><br \/>\n<span style=\"color: #000080\">9- El consumo de alimentos y bebidas no est\u00e1 permitido<\/span><br \/>\n<span style=\"color: #000080\">10- las basuras l\u00edquidos y resto de material disecado deben de ser depositados en recipientes rotulados para cada tipo de desecho.<\/span><br \/>\n<span style=\"color: #000080\">11- Material necesario se solicitara y se entregara al auxiliar al inicio y al final de la pr\u00e1ctica.<\/span><\/p>\n<p><span style=\"color: #000080\">Las siguientes normas deber\u00e1n cumplirse estrictamente:<\/span><\/p>\n<p><span style=\"color: #000080\">a- Descubrir solo la parte del cad\u00e1ver que se va a estudiar<\/span><br \/>\n<span style=\"color: #000080\">b- No destruir las estructuras. Esto es causal de sanci\u00f3n disciplinaria numeral 2 del art\u00edculo 61 del reglamento estudiantil.<\/span><br \/>\n<span style=\"color: #000080\">c- Utilizar las camillas o bandejas para trasportar las piezas anat\u00f3micas.<\/span><br \/>\n<span style=\"color: #000080\">d- Al finalizar la pr\u00e1ctica cubrir completamente los cad\u00e1veres.<\/span><\/p>\n<p><strong><span style=\"color: #000080\">Funciones<\/span><\/strong><br \/>\n<span style=\"color: #000080\">En cuanto a las funciones del laboratorio, en este momento son netamente acad\u00e9micas para apoyar las materias de anatom\u00eda y morfolog\u00eda humana de los diferentes programas de la facultad de ciencias de la salud.<\/span><\/p>\n","protected":false},"excerpt":{"rendered":"<p>Normas de estricto cumplimiento para el personal que ingresa en el anfiteatro 1- Los cad\u00e1veres&#8230;<\/p>\n","protected":false},"author":1281,"featured_media":0,"parent":6721,"menu_order":1,"comment_status":"closed","ping_status":"closed","template":"","meta":{"footnotes":""},"class_list":["post-7101","page","type-page","status-publish","hentry"],"_links":{"self":[{"href":"https:\/\/academia.utp.edu.co\/departamentocienciasbasicas\/wp-json\/wp\/v2\/pages\/7101","targetHints":{"allow":["GET"]}}],"collection":[{"href":"https:\/\/academia.utp.edu.co\/departamentocienciasbasicas\/wp-json\/wp\/v2\/pages"}],"about":[{"href":"https:\/\/academia.utp.edu.co\/departamentocienciasbasicas\/wp-json\/wp\/v2\/types\/page"}],"author":[{"embeddable":true,"href":"https:\/\/academia.utp.edu.co\/departamentocienciasbasicas\/wp-json\/wp\/v2\/users\/1281"}],"replies":[{"embeddable":true,"href":"https:\/\/academia.utp.edu.co\/departamentocienciasbasicas\/wp-json\/wp\/v2\/comments?post=7101"}],"version-history":[{"count":5,"href":"https:\/\/academia.utp.edu.co\/departamentocienciasbasicas\/wp-json\/wp\/v2\/pages\/7101\/revisions"}],"predecessor-version":[{"id":7191,"href":"https:\/\/academia.utp.edu.co\/departamentocienciasbasicas\/wp-json\/wp\/v2\/pages\/7101\/revisions\/7191"}],"up":[{"embeddable":true,"href":"https:\/\/academia.utp.edu.co\/departamentocienciasbasicas\/wp-json\/wp\/v2\/pages\/6721"}],"wp:attachment":[{"href":"https:\/\/academia.utp.edu.co\/departamentocienciasbasicas\/wp-json\/wp\/v2\/media?parent=7101"}],"curies":[{"name":"wp","href":"https:\/\/api.w.org\/{rel}","templated":true}]}}