{"id":7151,"date":"2020-05-23T22:33:35","date_gmt":"2020-05-24T03:33:35","guid":{"rendered":"http:\/\/academia.utp.edu.co\/departamentocienciasbasicas\/?page_id=7151"},"modified":"2020-05-23T22:34:23","modified_gmt":"2020-05-24T03:34:23","slug":"funciones-y-normas-de-bioseguridad","status":"publish","type":"page","link":"https:\/\/academia.utp.edu.co\/departamentocienciasbasicas\/laboratorios\/laboratorio-microbiologia-y-parasitologia\/funciones-y-normas-de-bioseguridad\/","title":{"rendered":"Funciones y Normas de Bioseguridad"},"content":{"rendered":"\n<p><\/p>\n\n\n<p><span style=\"color: #000080\"><strong>Las funciones del laboratorio son:<\/strong><\/span><\/p>\n<p><span style=\"color: #000080\"><strong>Acad\u00e9micas<\/strong>:<\/span><br \/><span style=\"color: #000080\">Apoyar el desarrollo de las pr\u00e1cticas de las materias de Microbiolog\u00eda y Parasitolog\u00eda del programa de medicina.<\/span><br \/><span style=\"color: #000080\">En estos momentos tambi\u00e9n se est\u00e1 dando apoyo a Microbiolog\u00eda del programa en Ingenier\u00eda de procesos agroindustriales.<\/span><\/p>\n<p><span style=\"color: #000080\"><strong>Investigaci\u00f3n<\/strong>:<\/span><br \/><span style=\"color: #000080\">Apoyar el desarrollo de proyectos de investigaci\u00f3n liderados por el grupo de enfermedades infecciosas GRIENI<\/span><\/p>\n<p><span style=\"color: #000080\">Con respecto a las normas de laboratorio, env\u00edo las que usamos particularmente para Microbiolog\u00eda y Parasitolog\u00eda:<\/span><\/p>\n<p><span style=\"color: #000080\"><strong>NORMAS GENERALES DE BIOSEGURIDAD PARA EL TRABAJO EN EL LABORATORIO:<\/strong><\/span><\/p>\n<p><span style=\"color: #000080\">1. Se restringe el ingreso a las \u00e1reas a personal no autorizado y a ni\u00f1os.<\/span><br \/><span style=\"color: #000080\">2. Utilizar las barreras de protecci\u00f3n personal. Bata blanca manga larga abotonada de antifluido, guantes, gorro, tapabocas y gafas, seg\u00fan la pr\u00e1ctica a desarrollar.<\/span><br \/><span style=\"color: #000080\">3. No se permite fumar ni comer en el laboratorio.<\/span><br \/><span style=\"color: #000080\">4. Lavar las manos despu\u00e9s de cada pr\u00e1ctica e igualmente si se tiene contacto con material pat\u00f3geno.<\/span><br \/><span style=\"color: #000080\">5. Utilizar el cabello totalmente recogido. No se permite maquillarse ni peinarse en el laboratorio.<\/span><br \/><span style=\"color: #000080\">6. Utilizar ropa adecuada: Pantal\u00f3n largo y zapatos cerrados.<\/span><br \/><span style=\"color: #000080\">7. Evitar el uso del tel\u00e9fono celular, aud\u00edfonos y computadores port\u00e1tiles durante la permanencia en el laboratorio.<\/span><br \/><span style=\"color: #000080\">8. No apoyar las gafas formuladas sobre el mes\u00f3n.<\/span><br \/><span style=\"color: #000080\">9. Abstenerse de tocar con las manos enguantadas alguna parte de su cuerpo y de manipular objetos diferentes a los requeridos durante el procedimiento. No llevarse objetos como lapiceros a la boca.<\/span><br \/><span style=\"color: #000080\">10. Manejar toda muestra como potencialmente infecciosa.<\/span><br \/><span style=\"color: #000080\">11. No deambular con material de trabajo ni con los elementos de protecci\u00f3n personal fuera del laboratorio.<\/span><br \/><span style=\"color: #000080\">12. Mantener el lugar de trabajo en \u00f3ptimas condiciones de higiene y aseo. Los morrales y dem\u00e1s implementos colocarlos en los sitios asignados por el profesor y no en el mes\u00f3n de trabajo.<\/span><br \/><span style=\"color: #000080\">13. Al terminar la pr\u00e1ctica descartar los desechos en el respectivo recipiente y dejar el sitio de trabajo limpio, utilizando un desinfectante suministrado por el laboratorio.<\/span><br \/><span style=\"color: #000080\">14. Si presenta alguna herida, debe comunicarle al profesor y por peque\u00f1a que sea debe estar cubierta.<\/span><br \/><span style=\"color: #000080\">15. Utilizar con cuidado los equipos y aparatos del laboratorio. \u00daselos como si fueran propios y con sentido de pertenencia a la universidad.<\/span><\/p>","protected":false},"excerpt":{"rendered":"<p>Las funciones del laboratorio son: Acad\u00e9micas:Apoyar el desarrollo de las pr\u00e1cticas de las materias de&#8230;<\/p>\n","protected":false},"author":1281,"featured_media":0,"parent":6781,"menu_order":1,"comment_status":"closed","ping_status":"closed","template":"","meta":{"footnotes":""},"class_list":["post-7151","page","type-page","status-publish","hentry"],"_links":{"self":[{"href":"https:\/\/academia.utp.edu.co\/departamentocienciasbasicas\/wp-json\/wp\/v2\/pages\/7151","targetHints":{"allow":["GET"]}}],"collection":[{"href":"https:\/\/academia.utp.edu.co\/departamentocienciasbasicas\/wp-json\/wp\/v2\/pages"}],"about":[{"href":"https:\/\/academia.utp.edu.co\/departamentocienciasbasicas\/wp-json\/wp\/v2\/types\/page"}],"author":[{"embeddable":true,"href":"https:\/\/academia.utp.edu.co\/departamentocienciasbasicas\/wp-json\/wp\/v2\/users\/1281"}],"replies":[{"embeddable":true,"href":"https:\/\/academia.utp.edu.co\/departamentocienciasbasicas\/wp-json\/wp\/v2\/comments?post=7151"}],"version-history":[{"count":3,"href":"https:\/\/academia.utp.edu.co\/departamentocienciasbasicas\/wp-json\/wp\/v2\/pages\/7151\/revisions"}],"predecessor-version":[{"id":7171,"href":"https:\/\/academia.utp.edu.co\/departamentocienciasbasicas\/wp-json\/wp\/v2\/pages\/7151\/revisions\/7171"}],"up":[{"embeddable":true,"href":"https:\/\/academia.utp.edu.co\/departamentocienciasbasicas\/wp-json\/wp\/v2\/pages\/6781"}],"wp:attachment":[{"href":"https:\/\/academia.utp.edu.co\/departamentocienciasbasicas\/wp-json\/wp\/v2\/media?parent=7151"}],"curies":[{"name":"wp","href":"https:\/\/api.w.org\/{rel}","templated":true}]}}