{"id":7201,"date":"2020-05-23T22:38:28","date_gmt":"2020-05-24T03:38:28","guid":{"rendered":"http:\/\/academia.utp.edu.co\/departamentocienciasbasicas\/?page_id=7201"},"modified":"2020-05-23T22:50:29","modified_gmt":"2020-05-24T03:50:29","slug":"funciones-y-normas-de-bioseguridad","status":"publish","type":"page","link":"https:\/\/academia.utp.edu.co\/departamentocienciasbasicas\/laboratorios\/laboratorio-fisiologia\/funciones-y-normas-de-bioseguridad\/","title":{"rendered":"Funciones y Normas de Bioseguridad"},"content":{"rendered":"\n<p><\/p>\n\n\n<p><span style=\"color: #000080\"><strong>Funciones b\u00e1sicas<\/strong> o prop\u00f3sito del Laboratorio de Fisiolog\u00eda Celular y Aplicada &#8211; 14-105 <\/span><\/p>\n<p><span style=\"color: #000080\">El laboratorio 14-105 tiene como objetivo brindar los espacios (equipos, materiales y consumibles) id\u00f3neos para el desarrollo de estudios investigativos enfocados en los diversos mecanismos fisiol\u00f3gicos y fisiopatol\u00f3gicos celulares, los componentes moleculares que \u00e9stos involucran, sus variaciones y v\u00edas regulatorias. <\/span><\/p>\n<p><span style=\"color: #000080\">Su prop\u00f3sito principal est\u00e1 enfocado en la investigaci\u00f3n b\u00e1sica para estudiantes de los semilleros y grupos de investigaci\u00f3n de pregrado, posgrado, maestr\u00edas y doctorados de la Universidad Tecnol\u00f3gica de Pereira.<\/span><\/p>\n<p><span style=\"color: #000080\"><strong>Actividades y pr\u00e1cticas <br \/>Pruebas b\u00e1sicas de biolog\u00eda molecular:<\/strong> <\/span><br \/><span style=\"color: #000080\">\u2022 Extracci\u00f3n de material gen\u00e9tico (ADN RNA) <\/span><br \/><span style=\"color: #000080\">\u2022 PCR en tiempo real y convencional. <\/span><br \/><span style=\"color: #000080\">\u2022 Evaluaci\u00f3n de productos amplificados en geles de agarosa y visualizaci\u00f3n por foto documentador. <\/span><br \/><span style=\"color: #000080\"><strong>Evaluaci\u00f3n de prote\u00ednas:<\/strong> <\/span><br \/><span style=\"color: #000080\">\u2022 Extracci\u00f3n de prote\u00ednas. <\/span><br \/><span style=\"color: #000080\">\u2022 Cuantificaci\u00f3n de prote\u00ednas. <\/span><br \/><span style=\"color: #000080\">\u2022 Electroforesis en geles de poliacrilamida. <\/span><br \/><span style=\"color: #000080\">\u2022 Western blot <\/span><br \/><span style=\"color: #000080\">\u2022 Inmunohistoqu\u00edmica <\/span><br \/><span style=\"color: #000080\">\u2022 Inmunocitoqu\u00edmica <\/span><br \/><span style=\"color: #000080\">\u2022 ELISA <\/span><br \/><span style=\"color: #000080\"><strong>Metabol\u00f3mica<\/strong>: <\/span><br \/><span style=\"color: #000080\">\u2022 Evaluaci\u00f3n de diferentes marcadores bioqu\u00edmicos (citoquinas, iones, qu\u00edmica sangu\u00ednea). <\/span><br \/><span style=\"color: #000080\">\u2022 Evaluaci\u00f3n de la viabilidad celular por medio de pruebas colorim\u00e9tricas con mediciones de absorbancia y fluorescencia como MTT, Alamar blue. <\/span><br \/><span style=\"color: #000080\"><strong>Bioingenier\u00eda de tejidos:<\/strong> <\/span><br \/><span style=\"color: #000080\">\u2022 Descelularizaci\u00f3n y recelularizaci\u00f3n de tejidos animales. <\/span><br \/><span style=\"color: #000080\"><strong>Cultivos celulares:<\/strong> <\/span><br \/><span style=\"color: #000080\">\u2022 Cultivos celulares (primarios y secundarios). <\/span><br \/><span style=\"color: #000080\"><strong>Electrofisiolog\u00eda celular:<\/strong> <\/span><br \/><span style=\"color: #000080\">\u2022 Evaluaciones electrofisiol\u00f3gicas por medio de la t\u00e9cnica Patch clamp<\/span><\/p>\n<p><span style=\"color: #000080\"><strong>NORMAS<\/strong> DEL LABORATORIO DE FISIOLOG\u00cdA CELULAR Y APLICADA <\/span><br \/><span style=\"color: #000080\">1. Solo ingresar personal autorizado. <br \/>2. No fumar, comer, ni beber en ning\u00fan espacio del laboratorio. <br \/>3. Utilizar bata larga con pu\u00f1o cerrado, material anti fluidos, debidamente cerrada con cremallera, o de cerrado en la espalda. <\/span><br \/><span style=\"color: #000080\">4. Utilizar calzado cerrado, con poca porosidad y c\u00f3modo que permita la movilidad y proteja los pies en caso de derrame de sustancias y\/o muestras. <br \/>5. Utilizar guantes de nitrilo o en su defecto l\u00e1tex, gorro y tapabocas. <br \/>6. Tener un adecuado y exhaustivo lavado de manos al manipular cultivos celulares. <br \/>7. En caso de tener el cabello largo, recogerlo <br \/>8. Utilizar el equipo de bioprotecci\u00f3n necesario para el manejo de sustancias peligrosas. <br \/>9. Mantener el \u00e1rea de trabajo limpia y ordenada. <br \/>10. Reconocer en las diferentes \u00e1reas de trabajo los pictogramas de seguridad (f\u00edsicos, qu\u00edmicos, biol\u00f3gicos y de emergencia) y rutas de evacuaci\u00f3n. <br \/>11. Estudiantes de pregrado no deben trabajar solos en el laboratorio; en cuanto a los estudiantes de posgrado y contratistas en caso de trabajar solos, debe informar a la persona encargada del laboratorio o al personal de seguridad de turno. <br \/>12. Utilizar lockers para guardar objetos personales. <br \/>13. Verificar al iniciar y terminar la pr\u00e1ctica que los insumos y equipos de laboratorio se encuentren en buen estado. <br \/>14. No correr en el laboratorio <br \/>15. Antes de emplear cualquier reactivo, conocer la ficha t\u00e9cnica respectiva. <br \/>16. No olfatear ni ingerir los reactivos o soluciones. <br \/>17. En caso de derrame de un reactivo delimitar el \u00e1rea e identificar la peligrosidad del mismo, seguir el protocolo adecuado de limpieza con el material de seguridad. <br \/>18. Realizar la disposici\u00f3n de residuos en los contenedores correspondientes. <br \/>19. Apagar mecheros y planchas calientes cuando estos no se utilicen. Emplear gradillas para sostener o transportar material caliente. <br \/>20. Mantener las sustancias qu\u00edmicas inflamables alejadas del fuego o fuentes de calor. <br \/>21. Reportar inmediatamente los accidentes a la persona encargada o comunicarse a la extensi\u00f3n 411 o a la oficina de Monitoreo: 3137200. <br \/>22. La primera y \u00faltima persona en entrar y salir (respectivamente) del laboratorio debe verificar el estado en el que quedan las neveras, l\u00e1mparas y equipos en general.<\/span><\/p>","protected":false},"excerpt":{"rendered":"<p>Funciones b\u00e1sicas o prop\u00f3sito del Laboratorio de Fisiolog\u00eda Celular y Aplicada &#8211; 14-105 El laboratorio&#8230;<\/p>\n","protected":false},"author":1281,"featured_media":0,"parent":6741,"menu_order":1,"comment_status":"closed","ping_status":"closed","template":"","meta":{"footnotes":""},"class_list":["post-7201","page","type-page","status-publish","hentry"],"_links":{"self":[{"href":"https:\/\/academia.utp.edu.co\/departamentocienciasbasicas\/wp-json\/wp\/v2\/pages\/7201","targetHints":{"allow":["GET"]}}],"collection":[{"href":"https:\/\/academia.utp.edu.co\/departamentocienciasbasicas\/wp-json\/wp\/v2\/pages"}],"about":[{"href":"https:\/\/academia.utp.edu.co\/departamentocienciasbasicas\/wp-json\/wp\/v2\/types\/page"}],"author":[{"embeddable":true,"href":"https:\/\/academia.utp.edu.co\/departamentocienciasbasicas\/wp-json\/wp\/v2\/users\/1281"}],"replies":[{"embeddable":true,"href":"https:\/\/academia.utp.edu.co\/departamentocienciasbasicas\/wp-json\/wp\/v2\/comments?post=7201"}],"version-history":[{"count":5,"href":"https:\/\/academia.utp.edu.co\/departamentocienciasbasicas\/wp-json\/wp\/v2\/pages\/7201\/revisions"}],"predecessor-version":[{"id":7221,"href":"https:\/\/academia.utp.edu.co\/departamentocienciasbasicas\/wp-json\/wp\/v2\/pages\/7201\/revisions\/7221"}],"up":[{"embeddable":true,"href":"https:\/\/academia.utp.edu.co\/departamentocienciasbasicas\/wp-json\/wp\/v2\/pages\/6741"}],"wp:attachment":[{"href":"https:\/\/academia.utp.edu.co\/departamentocienciasbasicas\/wp-json\/wp\/v2\/media?parent=7201"}],"curies":[{"name":"wp","href":"https:\/\/api.w.org\/{rel}","templated":true}]}}