{"id":8961,"date":"2020-05-27T20:48:20","date_gmt":"2020-05-28T01:48:20","guid":{"rendered":"http:\/\/academia.utp.edu.co\/departamentocienciasbasicas\/?page_id=8961"},"modified":"2024-08-14T11:24:36","modified_gmt":"2024-08-14T16:24:36","slug":"investigacion","status":"publish","type":"page","link":"https:\/\/academia.utp.edu.co\/departamentocienciasbasicas\/investigacion\/","title":{"rendered":"Grupos de Investigaci\u00f3n y Semilleros"},"content":{"rendered":"\n<p><\/p>\n\n\n<p><span style=\"color: #000080\">Ac\u00e1 podr\u00e1 encontrar los grupos de investigaci\u00f3n del Departamento de Ciencias B\u00e1sicas Medicina y los semilleros activos, adem\u00e1s encontrar\u00e1 un link donde est\u00e1n todos los grupos de investigaci\u00f3n y los semilleros de investigaci\u00f3n que la Facultad Ciencias de la Salud tiene activos y su clasificaci\u00f3n en Colciencias,\u00a0<\/span><\/p>\n<table width=\"742\">\n<tbody>\n<tr>\n<td style=\"text-align: center\" width=\"401\" data-sheets-value=\"{&quot;1&quot;:2,&quot;2&quot;:&quot;Nombre Grupo&quot;}\"><strong><span style=\"color: #000080\">Nombre Grupo<\/span><\/strong><\/td>\n<td style=\"text-align: center\" width=\"341\" data-sheets-value=\"{&quot;1&quot;:2,&quot;2&quot;:&quot;Director&quot;}\"><strong><span style=\"color: #000080\">Director<\/span><\/strong><\/td>\n<\/tr>\n<tr>\n<td width=\"401\" data-sheets-value=\"{&quot;1&quot;:2,&quot;2&quot;:&quot;Grupo de Investigaci\u00f3n en Farmacoepidemiolog\u00eda y Farmacovigilancia&quot;}\"><span style=\"color: #000080\">Grupo de Investigaci\u00f3n en Farmacoepidemiolog\u00eda y Farmacovigilancia<\/span><\/td>\n<td width=\"341\" data-sheets-value=\"{&quot;1&quot;:2,&quot;2&quot;:&quot;Dr Jorge E Machado Alba&quot;}\"><span style=\"color: #000080\">Jorge Enrique Machado Alba<\/span><\/td>\n<\/tr>\n<tr>\n<td width=\"401\" data-sheets-value=\"{&quot;1&quot;:2,&quot;2&quot;:&quot;Grupo de Investigacion Salud, Epidemiologia y Violencia, &quot;}\"><span style=\"color: #000080\">Grupo de Investigaci\u00f3n Salud, Epidemiolog\u00eda y Violencia,<\/span><\/td>\n<td width=\"341\" data-sheets-value=\"{&quot;1&quot;:2,&quot;2&quot;:&quot;Jose William Martinez&quot;}\"><span style=\"color: #000080\">Jos\u00e9 William Mart\u00ednez<\/span><\/td>\n<\/tr>\n<tr>\n<td width=\"401\" data-sheets-value=\"{&quot;1&quot;:2,&quot;2&quot;:&quot;Grupo de Fisiolog\u00eda Celular y Aplicada&quot;}\"><span style=\"color: #000080\">Grupo de Fisiolog\u00eda Celular y Aplicada<\/span><\/td>\n<td width=\"341\" data-sheets-value=\"{&quot;1&quot;:2,&quot;2&quot;:&quot;Julio C\u00e9sar S\u00e1nchez Naranjo&quot;}\"><span style=\"color: #000080\">Julio C\u00e9sar S\u00e1nchez Naranjo<\/span><\/td>\n<\/tr>\n<tr>\n<td width=\"401\" data-sheets-value=\"{&quot;1&quot;:2,&quot;2&quot;:&quot;Grupo de  farmacogenetica&quot;}\"><span style=\"color: #000080\">Grupo de farmacogen\u00e9tica<\/span><\/td>\n<td width=\"341\" data-sheets-value=\"{&quot;1&quot;:2,&quot;2&quot;:&quot;Gloria Hincapie Lopez&quot;}\"><span style=\"color: #000080\">Gloria In\u00e9s Hincapi\u00e9 L\u00f3pez<\/span><\/td>\n<\/tr>\n<tr>\n<td width=\"401\" data-sheets-value=\"{&quot;1&quot;:2,&quot;2&quot;:&quot;Grupo Infecci\u00f3n e Inmunidad.&quot;}\"><span style=\"color: #000080\">Grupo Infecci\u00f3n e Inmunidad.<\/span><\/td>\n<td width=\"341\" data-sheets-value=\"{&quot;1&quot;:2,&quot;2&quot;:&quot;Juan Carlos Sep\u00falveda Arias&quot;}\"><span style=\"color: #000080\">Juan Carlos Sep\u00falveda Arias<\/span><\/td>\n<\/tr>\n<tr>\n<td width=\"401\">\u00a0<\/td>\n<td width=\"341\">\u00a0<\/td>\n<\/tr>\n<tr>\n<td style=\"text-align: center\" width=\"401\" data-sheets-value=\"{&quot;1&quot;:2,&quot;2&quot;:&quot;Nombre Semillero &quot;}\"><strong><span style=\"color: #000080\">Nombre Semillero<\/span><\/strong><\/td>\n<td style=\"text-align: center\" width=\"341\" data-sheets-value=\"{&quot;1&quot;:2,&quot;2&quot;:&quot;Nombre Director&quot;}\"><strong><span style=\"color: #000080\">Nombre Director<\/span><\/strong><\/td>\n<\/tr>\n<tr>\n<td width=\"401\" data-sheets-value=\"{&quot;1&quot;:2,&quot;2&quot;:&quot;Semillero de Investigaci\u00f3n en Farmacoepidemiolog\u00eda y Farmacovigilancia&quot;}\"><span style=\"color: #000080\">Semillero de Investigaci\u00f3n en Farmacoepidemiolog\u00eda y Farmacovigilancia<\/span><\/td>\n<td width=\"341\" data-sheets-value=\"{&quot;1&quot;:2,&quot;2&quot;:&quot;Jorge Enrique Machado Alba&quot;}\"><span style=\"color: #000080\">Jorge Enrique Machado Alba<\/span><\/td>\n<\/tr>\n<tr>\n<td width=\"401\" data-sheets-value=\"{&quot;1&quot;:2,&quot;2&quot;:&quot;Semillero ACEMRIS&quot;}\"><span style=\"color: #000080\">Semillero ACEMRIS<\/span><\/td>\n<td width=\"341\" data-sheets-value=\"{&quot;1&quot;:2,&quot;2&quot;:&quot;Jorge Enrique Machado Alba&quot;}\"><span style=\"color: #000080\">Jorge Enrique Machado Alba<\/span><\/td>\n<\/tr>\n<tr>\n<td width=\"401\" data-sheets-value=\"{&quot;1&quot;:2,&quot;2&quot;:&quot;Semillero Farmacogen\u00e9tica&quot;}\"><span style=\"color: #000080\">Semillero Farmacogen\u00e9tica<\/span><\/td>\n<td width=\"341\" data-sheets-value=\"{&quot;1&quot;:2,&quot;2&quot;:&quot;Gloria Hincapi\u00e9 L\u00f3pez&quot;}\"><span style=\"color: #000080\">Gloria In\u00e9s Hincapi\u00e9 L\u00f3pez<\/span><\/td>\n<\/tr>\n<tr>\n<td width=\"401\" data-sheets-value=\"{&quot;1&quot;:2,&quot;2&quot;:&quot;Semillero Infectolog\u00eda e inmunolog\u00eda&quot;}\"><span style=\"color: #000080\">Semillero Infectolog\u00eda e inmunolog\u00eda<\/span><\/td>\n<td width=\"341\" data-sheets-value=\"{&quot;1&quot;:2,&quot;2&quot;:&quot;Juan Carlos Sep\u00falveda&quot;}\"><span style=\"color: #000080\">Juan Carlos Sep\u00falveda Arias<\/span><\/td>\n<\/tr>\n<tr>\n<td width=\"401\" data-sheets-value=\"{&quot;1&quot;:2,&quot;2&quot;:&quot;Semillero Fisiolog\u00eda Aplicada y Neurociencias SEFAN&quot;}\"><span style=\"color: #000080\">Semillero Fisiolog\u00eda Aplicada y Neurociencias SEFAN<\/span><\/td>\n<td width=\"341\" data-sheets-value=\"{&quot;1&quot;:2,&quot;2&quot;:&quot;Julio C\u00e9sar S\u00e1nchez Naranjo&quot;}\"><span style=\"color: #000080\">Julio C\u00e9sar S\u00e1nchez Naranjo<\/span><\/td>\n<\/tr>\n<\/tbody>\n<\/table>\n<p><strong><span style=\"color: #000080\"><br \/><a style=\"color: #000080\" href=\"https:\/\/vicerrectorias.utp.edu.co\/viie\/listar_grupo\/28\/Facultad%20de%20Ciencias%20de%20la%20Salud\/1\">Grupos de Investigaci\u00f3n Facultad Ciencias de la Salud\u00a0<\/a><\/span><\/strong><\/p>\n<p><a href=\"https:\/\/vicerrectorias.utp.edu.co\/viie\/listar_grupo\/28\/Facultad%20de%20Ciencias%20de%20la%20Salud\/2\"><strong><span style=\"color: #000080\">Semilleros de Investigaci\u00f3n Facultad Ciencias de la Salud<\/span>\u00a0<\/strong><\/a><\/p>\n\n\n<p><\/p>\n","protected":false},"excerpt":{"rendered":"<p>Ac\u00e1 podr\u00e1 encontrar los grupos de investigaci\u00f3n del Departamento de Ciencias B\u00e1sicas Medicina y los&#8230;<\/p>\n","protected":false},"author":1281,"featured_media":0,"parent":0,"menu_order":12,"comment_status":"closed","ping_status":"closed","template":"","meta":{"footnotes":""},"class_list":["post-8961","page","type-page","status-publish","hentry"],"_links":{"self":[{"href":"https:\/\/academia.utp.edu.co\/departamentocienciasbasicas\/wp-json\/wp\/v2\/pages\/8961","targetHints":{"allow":["GET"]}}],"collection":[{"href":"https:\/\/academia.utp.edu.co\/departamentocienciasbasicas\/wp-json\/wp\/v2\/pages"}],"about":[{"href":"https:\/\/academia.utp.edu.co\/departamentocienciasbasicas\/wp-json\/wp\/v2\/types\/page"}],"author":[{"embeddable":true,"href":"https:\/\/academia.utp.edu.co\/departamentocienciasbasicas\/wp-json\/wp\/v2\/users\/1281"}],"replies":[{"embeddable":true,"href":"https:\/\/academia.utp.edu.co\/departamentocienciasbasicas\/wp-json\/wp\/v2\/comments?post=8961"}],"version-history":[{"count":15,"href":"https:\/\/academia.utp.edu.co\/departamentocienciasbasicas\/wp-json\/wp\/v2\/pages\/8961\/revisions"}],"predecessor-version":[{"id":23333,"href":"https:\/\/academia.utp.edu.co\/departamentocienciasbasicas\/wp-json\/wp\/v2\/pages\/8961\/revisions\/23333"}],"wp:attachment":[{"href":"https:\/\/academia.utp.edu.co\/departamentocienciasbasicas\/wp-json\/wp\/v2\/media?parent=8961"}],"curies":[{"name":"wp","href":"https:\/\/api.w.org\/{rel}","templated":true}]}}