{"id":9081,"date":"2020-05-27T21:52:14","date_gmt":"2020-05-28T02:52:14","guid":{"rendered":"http:\/\/academia.utp.edu.co\/departamentocienciasbasicas\/?page_id=9081"},"modified":"2023-04-17T10:40:16","modified_gmt":"2023-04-17T15:40:16","slug":"departamento-ciencias-basicas-medicina","status":"publish","type":"page","link":"https:\/\/academia.utp.edu.co\/departamentocienciasbasicas\/","title":{"rendered":"Inicio"},"content":{"rendered":"<h3>\u00a0<\/h3>\n<h3 style=\"text-align: center\"><span style=\"color: #000080\"><a style=\"color: #000080\" href=\"https:\/\/youtu.be\/VzGqDlL5G5o\">Historia de la Facultad de Ciencias de la Salud<\/a><\/span><\/h3>\n<p>\u00a0<\/p>\n<h3 style=\"text-align: center\"><strong><span style=\"color: #000080\"><img loading=\"lazy\" decoding=\"async\" class=\"wp-image-14361 aligncenter\" src=\"https:\/\/academia.utp.edu.co\/departamentocienciasbasicas\/files\/2020\/07\/edificio-14-300x181.jpg\" alt=\"\" width=\"589\" height=\"356\" srcset=\"https:\/\/academia.utp.edu.co\/departamentocienciasbasicas\/files\/2020\/07\/edificio-14-300x181.jpg 300w, https:\/\/academia.utp.edu.co\/departamentocienciasbasicas\/files\/2020\/07\/edificio-14-768x464.jpg 768w, https:\/\/academia.utp.edu.co\/departamentocienciasbasicas\/files\/2020\/07\/edificio-14.jpg 1024w\" sizes=\"auto, (max-width: 589px) 100vw, 589px\" \/><\/span><\/strong><\/h3>\n<h3>\u00a0<\/h3>\n<h3 style=\"text-align: center\"><strong><span style=\"color: #000080\">PERFIL PROFESIONAL<\/span><\/strong><\/h3>\n<p>\u00a0<\/p>\n<p style=\"text-align: left\"><span style=\"color: #000080\">El perfil profesional establece que el egresado, entre sus caracter\u00edsticas es un profesional con formaci\u00f3n integral, cient\u00edfica, investigativa, \u00c9tica, human\u00edstica y social, para la comprensi\u00f3n e intervenci\u00f3n de la Salud y la enfermedad individual y colectiva, con enfoque biopsicosocial. Con pensamiento cr\u00edtico, que le permite entender la situaci\u00f3n de Salud nacional y global, cuestionar y participar en los procesos socio-econ\u00f3micos, legislativos, administrativos, ecol\u00f3gicos y pol\u00edticos que inciden en la Salud y la vida, capaz de convertirse en un agente de cambio para la transformaci\u00f3n social y de comunicarse efectivamente y trabajar en equipo, con el personal de Salud, el paciente, la familia, y la comunidad. Posee suficiencia en una segunda lengua y gestiona su aprendizaje a lo largo de la vida, caracter\u00edsticas relacionadas directamente con la denominaci\u00f3n. <\/span><\/p>\n<p style=\"text-align: left\"><span style=\"color: #000080\">El perfil ocupacional determina que el egresado puede desempe\u00f1arse en la asistencia biosicosocial a personas, familias y comunidades, investigaci\u00f3n, administraci\u00f3n y docencia, lo que evidencia claramente los alcances de la formaci\u00f3n del programa, en coherencia con su denominaci\u00f3n. Existe una matr\u00edcula profesional relacionada con la titulaci\u00f3n y af\u00edn con la denominaci\u00f3n del programa, que es otorgada a nivel nacional por el Ministerio de Salud<\/span><\/p>\n<p>\u00a0<\/p>\n<p><img decoding=\"async\" class=\"aligncenter\" src=\"https:\/\/academia.utp.edu.co\/departamentocienciasbasicas\/files\/2020\/04\/linea-1.gif\" alt=\"La imagen tiene un atributo ALT vac\u00edo; su nombre de archivo es linea-1.gif\" \/><\/p>\n<p>\u00a0<\/p>\n<p><a href=\"https:\/\/academia.utp.edu.co\/departamentocienciasbasicas\/files\/2020\/05\/Formato-de-Solicitud-de-Permisos-Acad\u00e9micos-para-Estudiantes.docx\"><strong><span style=\"color: #000080\">Formato de Solicitud de Permisos Acad\u00e9micos para Estudiantes<\/span><\/strong><\/a><\/p>\n\n\n<p><\/p><p><\/p><p><\/p><p><\/p><p><\/p><p><\/p><p><\/p><p><\/p><p><\/p><p><\/p><p><\/p><p><\/p><p><\/p><p><\/p><p><\/p><p><\/p><p><\/p><p><\/p><p><\/p><p><\/p><p><\/p><p><\/p><p class=\" \"><\/p>\n","protected":false},"excerpt":{"rendered":"<p>\u00a0 Historia de la Facultad de Ciencias de la Salud \u00a0 \u00a0 PERFIL PROFESIONAL \u00a0&#8230;<\/p>\n","protected":false},"author":1281,"featured_media":0,"parent":0,"menu_order":0,"comment_status":"closed","ping_status":"closed","template":"","meta":{"footnotes":""},"class_list":["post-9081","page","type-page","status-publish","hentry"],"_links":{"self":[{"href":"https:\/\/academia.utp.edu.co\/departamentocienciasbasicas\/wp-json\/wp\/v2\/pages\/9081","targetHints":{"allow":["GET"]}}],"collection":[{"href":"https:\/\/academia.utp.edu.co\/departamentocienciasbasicas\/wp-json\/wp\/v2\/pages"}],"about":[{"href":"https:\/\/academia.utp.edu.co\/departamentocienciasbasicas\/wp-json\/wp\/v2\/types\/page"}],"author":[{"embeddable":true,"href":"https:\/\/academia.utp.edu.co\/departamentocienciasbasicas\/wp-json\/wp\/v2\/users\/1281"}],"replies":[{"embeddable":true,"href":"https:\/\/academia.utp.edu.co\/departamentocienciasbasicas\/wp-json\/wp\/v2\/comments?post=9081"}],"version-history":[{"count":69,"href":"https:\/\/academia.utp.edu.co\/departamentocienciasbasicas\/wp-json\/wp\/v2\/pages\/9081\/revisions"}],"predecessor-version":[{"id":23304,"href":"https:\/\/academia.utp.edu.co\/departamentocienciasbasicas\/wp-json\/wp\/v2\/pages\/9081\/revisions\/23304"}],"wp:attachment":[{"href":"https:\/\/academia.utp.edu.co\/departamentocienciasbasicas\/wp-json\/wp\/v2\/media?parent=9081"}],"curies":[{"name":"wp","href":"https:\/\/api.w.org\/{rel}","templated":true}]}}