{"id":2,"date":"2024-10-25T21:02:51","date_gmt":"2024-10-25T19:02:51","guid":{"rendered":"https:\/\/academia.utp.edu.co\/desofmat\/?page_id=2"},"modified":"2025-01-22T12:41:05","modified_gmt":"2025-01-22T17:41:05","slug":"inicio","status":"publish","type":"page","link":"https:\/\/academia.utp.edu.co\/desofmat\/","title":{"rendered":"Bienvenido a Desofmat!"},"content":{"rendered":"\n<div class=\"wp-block-columns has-ast-global-color-1-background-color has-background is-layout-flex wp-container-core-columns-is-layout-0806ab5c wp-block-columns-is-layout-flex\" style=\"margin-top:var(--wp--preset--spacing--30);margin-bottom:var(--wp--preset--spacing--30)\">\n<div class=\"wp-block-column is-layout-flow wp-block-column-is-layout-flow\">\n<p class=\"text-justify has-ast-global-color-5-color has-text-color has-link-color wp-elements-bca875e5dc3f1000d727202be7d502c4\">En Desofmat nos dedicamos a la exploraci\u00f3n y el avance en el campo de las matem\u00e1ticas, combinando teor\u00eda y aplicaci\u00f3n en el desarrollo de software matem\u00e1tico de vanguardia. Nuestro equipo est\u00e1 comprometido en investigar, innovar y ofrecer soluciones que integren principios matem\u00e1ticos s\u00f3lidos con tecnolog\u00eda avanzada, para contribuir tanto al conocimiento acad\u00e9mico como a aplicaciones pr\u00e1cticas en diversas \u00e1reas. Te invitamos a descubrir nuestras investigaciones, proyectos y a unirte a nosotros en este viaje por el fascinante mundo de las matem\u00e1ticas aplicadas.<\/p>\n<\/div>\n\n\n\n<div class=\"wp-block-column is-layout-flow wp-block-column-is-layout-flow\">\n<figure class=\"wp-block-image size-full is-resized is-style-default\"><img loading=\"lazy\" decoding=\"async\" width=\"486\" height=\"460\" src=\"https:\/\/academia.utp.edu.co\/desofmat\/files\/2024\/11\/animation-connorbell.gif\" alt=\"\" class=\"wp-image-244\" style=\"width:297px;height:auto\" \/><\/figure>\n<\/div>\n<\/div>\n\n\n\n<p><\/p>\n","protected":false},"excerpt":{"rendered":"<p>En Desofmat nos dedicamos a la exploraci\u00f3n y el avance en el campo de las matem\u00e1ticas, combinando teor\u00eda y aplicaci\u00f3n en el desarrollo de software matem\u00e1tico de vanguardia. Nuestro equipo [&hellip;]<\/p>\n","protected":false},"author":1929,"featured_media":0,"parent":0,"menu_order":0,"comment_status":"closed","ping_status":"closed","template":"","meta":{"site-sidebar-layout":"default","site-content-layout":"","ast-site-content-layout":"default","site-content-style":"boxed","site-sidebar-style":"default","ast-global-header-display":"","ast-banner-title-visibility":"","ast-main-header-display":"","ast-hfb-above-header-display":"","ast-hfb-below-header-display":"","ast-hfb-mobile-header-display":"","site-post-title":"","ast-breadcrumbs-content":"","ast-featured-img":"","footer-sml-layout":"","ast-disable-related-posts":"","theme-transparent-header-meta":"","adv-header-id-meta":"","stick-header-meta":"","header-above-stick-meta":"","header-main-stick-meta":"","header-below-stick-meta":"","astra-migrate-meta-layouts":"default","ast-page-background-enabled":"default","ast-page-background-meta":{"desktop":{"background-color":"var(--ast-global-color-4)","background-image":"","background-repeat":"repeat","background-position":"center center","background-size":"auto","background-attachment":"scroll","background-type":"","background-media":"","overlay-type":"","overlay-color":"","overlay-opacity":"","overlay-gradient":""},"tablet":{"background-color":"","background-image":"","background-repeat":"repeat","background-position":"center center","background-size":"auto","background-attachment":"scroll","background-type":"","background-media":"","overlay-type":"","overlay-color":"","overlay-opacity":"","overlay-gradient":""},"mobile":{"background-color":"","background-image":"","background-repeat":"repeat","background-position":"center center","background-size":"auto","background-attachment":"scroll","background-type":"","background-media":"","overlay-type":"","overlay-color":"","overlay-opacity":"","overlay-gradient":""}},"ast-content-background-meta":{"desktop":{"background-color":"var(--ast-global-color-5)","background-image":"","background-repeat":"repeat","background-position":"center center","background-size":"auto","background-attachment":"scroll","background-type":"","background-media":"","overlay-type":"","overlay-color":"","overlay-opacity":"","overlay-gradient":""},"tablet":{"background-color":"var(--ast-global-color-5)","background-image":"","background-repeat":"repeat","background-position":"center center","background-size":"auto","background-attachment":"scroll","background-type":"","background-media":"","overlay-type":"","overlay-color":"","overlay-opacity":"","overlay-gradient":""},"mobile":{"background-color":"var(--ast-global-color-5)","background-image":"","background-repeat":"repeat","background-position":"center center","background-size":"auto","background-attachment":"scroll","background-type":"","background-media":"","overlay-type":"","overlay-color":"","overlay-opacity":"","overlay-gradient":""}},"footnotes":""},"class_list":["post-2","page","type-page","status-publish","hentry"],"_links":{"self":[{"href":"https:\/\/academia.utp.edu.co\/desofmat\/wp-json\/wp\/v2\/pages\/2","targetHints":{"allow":["GET"]}}],"collection":[{"href":"https:\/\/academia.utp.edu.co\/desofmat\/wp-json\/wp\/v2\/pages"}],"about":[{"href":"https:\/\/academia.utp.edu.co\/desofmat\/wp-json\/wp\/v2\/types\/page"}],"author":[{"embeddable":true,"href":"https:\/\/academia.utp.edu.co\/desofmat\/wp-json\/wp\/v2\/users\/1929"}],"replies":[{"embeddable":true,"href":"https:\/\/academia.utp.edu.co\/desofmat\/wp-json\/wp\/v2\/comments?post=2"}],"version-history":[{"count":8,"href":"https:\/\/academia.utp.edu.co\/desofmat\/wp-json\/wp\/v2\/pages\/2\/revisions"}],"predecessor-version":[{"id":588,"href":"https:\/\/academia.utp.edu.co\/desofmat\/wp-json\/wp\/v2\/pages\/2\/revisions\/588"}],"wp:attachment":[{"href":"https:\/\/academia.utp.edu.co\/desofmat\/wp-json\/wp\/v2\/media?parent=2"}],"curies":[{"name":"wp","href":"https:\/\/api.w.org\/{rel}","templated":true}]}}