{"id":21,"date":"2026-04-27T22:42:19","date_gmt":"2026-04-28T03:42:19","guid":{"rendered":"https:\/\/academia.utp.edu.co\/ecosistema-del-conocimiento\/?page_id=21"},"modified":"2026-04-27T23:35:51","modified_gmt":"2026-04-28T04:35:51","slug":"inicio","status":"publish","type":"page","link":"https:\/\/academia.utp.edu.co\/ecosistema-del-conocimiento\/inicio\/","title":{"rendered":"Inicio"},"content":{"rendered":"\n<div class=\"wp-block-columns is-layout-flex wp-container-core-columns-is-layout-28f84493 wp-block-columns-is-layout-flex\">\n<div class=\"wp-block-column is-layout-flow wp-block-column-is-layout-flow\" style=\"flex-basis:50%\">\n\n\n<h2 class=\"wp-block-heading\"><em>Personas, experiencia y aprendizaje en conexi\u00f3n.<\/em><\/h2>\n\n\n\n<p><em>Personas, experiencia y aprendizaje en conexi\u00f3n.<\/em><\/p>\n\n\n\n<p><em>Este espacio promueve la gesti\u00f3n del conocimiento institucional<\/em><\/p>\n\n\n\n<ul class=\"wp-block-list\">\n<li>Las personas comparten su experiencia<\/li>\n\n\n\n<li>El conocimiento circula y se preserva<\/li>\n\n\n\n<li>Se facilita el relevo generacional<\/li>\n\n\n\n<li>Se fortalece el aprendizaje institucional<\/li>\n<\/ul>\n\n\n\n<div class=\"wp-block-buttons is-layout-flex wp-block-buttons-is-layout-flex\">\n<div class=\"wp-block-button\"><a class=\"wp-block-button__link wp-element-button\"><em>Conocer m\u00e1s<\/em>\u00a0<\/a><\/div>\n<\/div>\n<\/div>\n\n\n\n<div class=\"wp-block-column is-layout-flow wp-block-column-is-layout-flow\" style=\"flex-basis:50%\">\n<figure class=\"wp-block-image size-large\"><img loading=\"lazy\" decoding=\"async\" width=\"1024\" height=\"566\" src=\"https:\/\/academia.utp.edu.co\/ecosistema-del-conocimiento\/files\/2026\/04\/Captura-de-pantalla-2026-02-24-a-las-8.34.22-a.m-1-1024x566.png\" alt=\"\" class=\"wp-image-42\" srcset=\"https:\/\/academia.utp.edu.co\/ecosistema-del-conocimiento\/files\/2026\/04\/Captura-de-pantalla-2026-02-24-a-las-8.34.22-a.m-1-1024x566.png 1024w, https:\/\/academia.utp.edu.co\/ecosistema-del-conocimiento\/files\/2026\/04\/Captura-de-pantalla-2026-02-24-a-las-8.34.22-a.m-1-300x166.png 300w, https:\/\/academia.utp.edu.co\/ecosistema-del-conocimiento\/files\/2026\/04\/Captura-de-pantalla-2026-02-24-a-las-8.34.22-a.m-1-768x424.png 768w, https:\/\/academia.utp.edu.co\/ecosistema-del-conocimiento\/files\/2026\/04\/Captura-de-pantalla-2026-02-24-a-las-8.34.22-a.m-1-1536x849.png 1536w, https:\/\/academia.utp.edu.co\/ecosistema-del-conocimiento\/files\/2026\/04\/Captura-de-pantalla-2026-02-24-a-las-8.34.22-a.m-1.png 1596w\" sizes=\"auto, (max-width: 1024px) 100vw, 1024px\" \/><\/figure>\n<\/div>\n<\/div>\n\n\n\n<p><\/p>\n","protected":false},"excerpt":{"rendered":"<p>Personas, experiencia y aprendizaje en conexi\u00f3n. Personas, experiencia y aprendizaje en conexi\u00f3n. Este espacio promueve la gesti\u00f3n del conocimiento institucional<\/p>\n","protected":false},"author":1968,"featured_media":0,"parent":0,"menu_order":0,"comment_status":"closed","ping_status":"closed","template":"","meta":{"site-sidebar-layout":"no-sidebar","site-content-layout":"","ast-site-content-layout":"full-width-container","site-content-style":"default","site-sidebar-style":"default","ast-global-header-display":"","ast-banner-title-visibility":"disabled","ast-main-header-display":"","ast-hfb-above-header-display":"","ast-hfb-below-header-display":"","ast-hfb-mobile-header-display":"","site-post-title":"","ast-breadcrumbs-content":"","ast-featured-img":"","footer-sml-layout":"","ast-disable-related-posts":"","theme-transparent-header-meta":"","adv-header-id-meta":"","stick-header-meta":"","header-above-stick-meta":"","header-main-stick-meta":"","header-below-stick-meta":"","astra-migrate-meta-layouts":"default","ast-page-background-enabled":"default","ast-page-background-meta":{"desktop":{"background-color":"var(--ast-global-color-5)","background-image":"","background-repeat":"repeat","background-position":"center center","background-size":"auto","background-attachment":"scroll","background-type":"","background-media":"","overlay-type":"","overlay-color":"","overlay-opacity":"","overlay-gradient":""},"tablet":{"background-color":"","background-image":"","background-repeat":"repeat","background-position":"center center","background-size":"auto","background-attachment":"scroll","background-type":"","background-media":"","overlay-type":"","overlay-color":"","overlay-opacity":"","overlay-gradient":""},"mobile":{"background-color":"","background-image":"","background-repeat":"repeat","background-position":"center center","background-size":"auto","background-attachment":"scroll","background-type":"","background-media":"","overlay-type":"","overlay-color":"","overlay-opacity":"","overlay-gradient":""}},"ast-content-background-meta":{"desktop":{"background-color":"var(--ast-global-color-4)","background-image":"","background-repeat":"repeat","background-position":"center center","background-size":"auto","background-attachment":"scroll","background-type":"","background-media":"","overlay-type":"","overlay-color":"","overlay-opacity":"","overlay-gradient":""},"tablet":{"background-color":"var(--ast-global-color-4)","background-image":"","background-repeat":"repeat","background-position":"center center","background-size":"auto","background-attachment":"scroll","background-type":"","background-media":"","overlay-type":"","overlay-color":"","overlay-opacity":"","overlay-gradient":""},"mobile":{"background-color":"var(--ast-global-color-4)","background-image":"","background-repeat":"repeat","background-position":"center center","background-size":"auto","background-attachment":"scroll","background-type":"","background-media":"","overlay-type":"","overlay-color":"","overlay-opacity":"","overlay-gradient":""}},"footnotes":""},"class_list":["post-21","page","type-page","status-publish","hentry"],"_links":{"self":[{"href":"https:\/\/academia.utp.edu.co\/ecosistema-del-conocimiento\/wp-json\/wp\/v2\/pages\/21","targetHints":{"allow":["GET"]}}],"collection":[{"href":"https:\/\/academia.utp.edu.co\/ecosistema-del-conocimiento\/wp-json\/wp\/v2\/pages"}],"about":[{"href":"https:\/\/academia.utp.edu.co\/ecosistema-del-conocimiento\/wp-json\/wp\/v2\/types\/page"}],"author":[{"embeddable":true,"href":"https:\/\/academia.utp.edu.co\/ecosistema-del-conocimiento\/wp-json\/wp\/v2\/users\/1968"}],"replies":[{"embeddable":true,"href":"https:\/\/academia.utp.edu.co\/ecosistema-del-conocimiento\/wp-json\/wp\/v2\/comments?post=21"}],"version-history":[{"count":16,"href":"https:\/\/academia.utp.edu.co\/ecosistema-del-conocimiento\/wp-json\/wp\/v2\/pages\/21\/revisions"}],"predecessor-version":[{"id":45,"href":"https:\/\/academia.utp.edu.co\/ecosistema-del-conocimiento\/wp-json\/wp\/v2\/pages\/21\/revisions\/45"}],"wp:attachment":[{"href":"https:\/\/academia.utp.edu.co\/ecosistema-del-conocimiento\/wp-json\/wp\/v2\/media?parent=21"}],"curies":[{"name":"wp","href":"https:\/\/api.w.org\/{rel}","templated":true}]}}