{"id":46,"date":"2026-04-27T23:38:11","date_gmt":"2026-04-28T04:38:11","guid":{"rendered":"https:\/\/academia.utp.edu.co\/ecosistema-del-conocimiento\/?page_id=46"},"modified":"2026-04-27T23:38:13","modified_gmt":"2026-04-28T04:38:13","slug":"otro","status":"publish","type":"page","link":"https:\/\/academia.utp.edu.co\/ecosistema-del-conocimiento\/otro\/","title":{"rendered":"Otro"},"content":{"rendered":"\n<p>Bienvenidos<\/p>\n\n\n\n<h2 class=\"wp-block-heading\">Personas, experiencia y aprendizaje en conexi\u00f3n<\/h2>\n\n\n\n<p>Este espacio promueve la gesti\u00f3n del conocimiento institucional a partir de la conexi\u00f3n entre las personas, su experiencia y los procesos que fortalecen el aprendizaje organizacional.<\/p>\n\n\n\n<ul class=\"wp-block-list\">\n<li><strong>\u2713<\/strong>Las personas comparten su experiencia<\/li>\n\n\n\n<li><strong>\u2713<\/strong>El conocimiento circula y se preserva<\/li>\n\n\n\n<li><strong>\u2713<\/strong>Se facilita el relevo generacional<\/li>\n\n\n\n<li><strong>\u2713<\/strong>Se fortalece el aprendizaje institucional<\/li>\n<\/ul>\n\n\n\n<p><a href=\"\/ecosistema-del-conocimiento\/relevo-generacional\/\">Conocer m\u00e1s \u2192<\/a><\/p>\n\n\n\n<h2 class=\"wp-block-heading\">Cultura \u2014 Gesti\u00f3n \u2014 Aprendizaje<\/h2>\n\n\n\n<p>Un espacio para conectar personas, experiencia y conocimiento. A trav\u00e9s de la articulaci\u00f3n entre cultura organizacional, gesti\u00f3n del conocimiento y aprendizaje colectivo.<\/p>\n\n\n\n<p>\u2699\ufe0f<\/p>\n\n\n\n<h3 class=\"wp-block-heading\">M-TOCA<\/h3>\n\n\n\n<p>Marco estrat\u00e9gico que integra la gesti\u00f3n del talento humano, la cultura organizacional y el aprendizaje institucional.<a href=\"\/ecosistema-del-conocimiento\/m-toca\/\">Ver m\u00e1s \u2192<\/a><\/p>\n\n\n\n<p>\ud83c\udf31<\/p>\n\n\n\n<h3 class=\"wp-block-heading\">Transformaci\u00f3n Cultural<\/h3>\n\n\n\n<p>Fortalecemos la cultura organizacional a trav\u00e9s de la apropiaci\u00f3n de valores de integridad y buen servicio.<a href=\"\/ecosistema-del-conocimiento\/transformacion-cultural\/\">Ver m\u00e1s \u2192<\/a><\/p>\n\n\n\n<p>\ud83e\udd1d<\/p>\n\n\n\n<h3 class=\"wp-block-heading\">Relevo Generacional<\/h3>\n\n\n\n<p>Acompa\u00f1amos a los servidores en su transici\u00f3n hacia el retiro, promoviendo la transferencia del conocimiento.<a href=\"\/ecosistema-del-conocimiento\/relevo-generacional\/\">Ver m\u00e1s \u2192<\/a><\/p>\n\n\n\n<p>\ud83d\udee4\ufe0f<\/p>\n\n\n\n<h3 class=\"wp-block-heading\">Ruta para la Gesti\u00f3n del Conocimiento<\/h3>\n\n\n\n<p>Articulamos formaci\u00f3n y desarrollo de competencias con la gesti\u00f3n del conocimiento institucional.<a href=\"\/ecosistema-del-conocimiento\/ruta-gestion-conocimiento\/\">Ver m\u00e1s \u2192<\/a><\/p>\n\n\n\n<h2 class=\"wp-block-heading\">Cifras, resultados y aprendizajes<\/h2>\n\n\n\n<p>Indicadores alcanzados en a\u00f1os de trabajo dedicado al bienestar y la gesti\u00f3n del conocimiento.<\/p>\n\n\n\n<p>4<\/p>\n\n\n\n<p>Conversatorios de pensiones<\/p>\n\n\n\n<p>46<\/p>\n\n\n\n<p>Pensiones gestionadas<\/p>\n\n\n\n<p>76<\/p>\n\n\n\n<p>Asesor\u00edas pensionales<\/p>\n\n\n\n<p>10<\/p>\n\n\n\n<p>Storytelling producidos<\/p>\n\n\n\n<h2 class=\"wp-block-heading\">Preguntas Frecuentes<\/h2>\n\n\n\n<p>Resolvemos las dudas m\u00e1s comunes sobre nuestros programas.\u00bfQu\u00e9 es el Ecosistema del Conocimiento?<\/p>\n\n\n\n<p>El Ecosistema del Conocimiento es un micrositio que reconoce las trayectorias de los servidores, promueve la transferencia de conocimiento y conecta el pasado, el presente y la visi\u00f3n de futuro de la Universidad.\u00bfCu\u00e1les son los pilares del Ecosistema?<\/p>\n\n\n\n<p>Articula cuatro pilares: M-TOCA, Transformaci\u00f3n Cultural, Relevo Generacional y Ruta para la Gesti\u00f3n del Conocimiento.\u00bfC\u00f3mo puedo acceder a una asesor\u00eda pensional?<\/p>\n\n\n\n<p>A trav\u00e9s de Gesti\u00f3n del Talento Humano. El equipo te contactar\u00e1 telef\u00f3nicamente, por correo o WhatsApp para invitarte a un espacio de orientaci\u00f3n pensional.\u00bfQu\u00e9 es la transferencia del conocimiento?<\/p>\n\n\n\n<p>Es el proceso mediante el cual los servidores que se retiran comparten su experiencia, buenas pr\u00e1cticas y aprendizajes con quienes contin\u00faan en la Universidad.\u00bfA qui\u00e9n va dirigido el programa de Relevo Generacional?<\/p>\n\n\n\n<p>A todos los servidores, clasificados en tres grupos: Sembradores de Futuro, Sembradores en Madurez y Proyecci\u00f3n Vital, y Sembradores en Tiempo de Cosecha.<\/p>\n","protected":false},"excerpt":{"rendered":"<p>Bienvenidos Personas, experiencia y aprendizaje en conexi\u00f3n Este espacio promueve la gesti\u00f3n del conocimiento institucional a partir de la conexi\u00f3n entre las personas, su experiencia y los procesos que fortalecen [&hellip;]<\/p>\n","protected":false},"author":1968,"featured_media":0,"parent":0,"menu_order":0,"comment_status":"closed","ping_status":"closed","template":"","meta":{"site-sidebar-layout":"default","site-content-layout":"","ast-site-content-layout":"default","site-content-style":"default","site-sidebar-style":"default","ast-global-header-display":"","ast-banner-title-visibility":"","ast-main-header-display":"","ast-hfb-above-header-display":"","ast-hfb-below-header-display":"","ast-hfb-mobile-header-display":"","site-post-title":"","ast-breadcrumbs-content":"","ast-featured-img":"","footer-sml-layout":"","ast-disable-related-posts":"","theme-transparent-header-meta":"","adv-header-id-meta":"","stick-header-meta":"","header-above-stick-meta":"","header-main-stick-meta":"","header-below-stick-meta":"","astra-migrate-meta-layouts":"default","ast-page-background-enabled":"default","ast-page-background-meta":{"desktop":{"background-color":"var(--ast-global-color-5)","background-image":"","background-repeat":"repeat","background-position":"center center","background-size":"auto","background-attachment":"scroll","background-type":"","background-media":"","overlay-type":"","overlay-color":"","overlay-opacity":"","overlay-gradient":""},"tablet":{"background-color":"","background-image":"","background-repeat":"repeat","background-position":"center center","background-size":"auto","background-attachment":"scroll","background-type":"","background-media":"","overlay-type":"","overlay-color":"","overlay-opacity":"","overlay-gradient":""},"mobile":{"background-color":"","background-image":"","background-repeat":"repeat","background-position":"center center","background-size":"auto","background-attachment":"scroll","background-type":"","background-media":"","overlay-type":"","overlay-color":"","overlay-opacity":"","overlay-gradient":""}},"ast-content-background-meta":{"desktop":{"background-color":"var(--ast-global-color-4)","background-image":"","background-repeat":"repeat","background-position":"center center","background-size":"auto","background-attachment":"scroll","background-type":"","background-media":"","overlay-type":"","overlay-color":"","overlay-opacity":"","overlay-gradient":""},"tablet":{"background-color":"var(--ast-global-color-4)","background-image":"","background-repeat":"repeat","background-position":"center center","background-size":"auto","background-attachment":"scroll","background-type":"","background-media":"","overlay-type":"","overlay-color":"","overlay-opacity":"","overlay-gradient":""},"mobile":{"background-color":"var(--ast-global-color-4)","background-image":"","background-repeat":"repeat","background-position":"center center","background-size":"auto","background-attachment":"scroll","background-type":"","background-media":"","overlay-type":"","overlay-color":"","overlay-opacity":"","overlay-gradient":""}},"footnotes":""},"class_list":["post-46","page","type-page","status-publish","hentry"],"_links":{"self":[{"href":"https:\/\/academia.utp.edu.co\/ecosistema-del-conocimiento\/wp-json\/wp\/v2\/pages\/46","targetHints":{"allow":["GET"]}}],"collection":[{"href":"https:\/\/academia.utp.edu.co\/ecosistema-del-conocimiento\/wp-json\/wp\/v2\/pages"}],"about":[{"href":"https:\/\/academia.utp.edu.co\/ecosistema-del-conocimiento\/wp-json\/wp\/v2\/types\/page"}],"author":[{"embeddable":true,"href":"https:\/\/academia.utp.edu.co\/ecosistema-del-conocimiento\/wp-json\/wp\/v2\/users\/1968"}],"replies":[{"embeddable":true,"href":"https:\/\/academia.utp.edu.co\/ecosistema-del-conocimiento\/wp-json\/wp\/v2\/comments?post=46"}],"version-history":[{"count":2,"href":"https:\/\/academia.utp.edu.co\/ecosistema-del-conocimiento\/wp-json\/wp\/v2\/pages\/46\/revisions"}],"predecessor-version":[{"id":48,"href":"https:\/\/academia.utp.edu.co\/ecosistema-del-conocimiento\/wp-json\/wp\/v2\/pages\/46\/revisions\/48"}],"wp:attachment":[{"href":"https:\/\/academia.utp.edu.co\/ecosistema-del-conocimiento\/wp-json\/wp\/v2\/media?parent=46"}],"curies":[{"name":"wp","href":"https:\/\/api.w.org\/{rel}","templated":true}]}}