{"id":131,"date":"2020-11-03T19:29:29","date_gmt":"2020-11-03T19:29:29","guid":{"rendered":"http:\/\/academia.utp.edu.co\/ednografia-educacion-y-diversidad\/?page_id=131"},"modified":"2021-02-22T23:49:46","modified_gmt":"2021-02-23T04:49:46","slug":"inicio","status":"publish","type":"page","link":"https:\/\/academia.utp.edu.co\/ednografia-educacion-y-diversidad\/inicio\/","title":{"rendered":"Inicio"},"content":{"rendered":"\n<div class=\"alignnormal\"><div id=\"metaslider-id-2261\" style=\"width: 100%;\" class=\"ml-slider-3-108-0 metaslider metaslider-flex metaslider-2261 ml-slider has-dots-nav ms-theme-default\" role=\"region\" aria-label=\"Nueva presentaci\u00f3n de diapositivas\" data-height=\"302\" data-width=\"710\">\n    <div id=\"metaslider_container_2261\">\n        <div id=\"metaslider_2261\">\n            <ul class='slides'>\n                <li style=\"display: block; width: 100%;\" class=\"slide-2271 ms-image \" aria-roledescription=\"slide\" data-date=\"2021-02-22 23:28:56\" data-filename=\"WhatsApp-Image-2021-02-20-at-1.36.07-PM-710x302.jpeg\" data-slide-type=\"image\"><img loading=\"lazy\" decoding=\"async\" src=\"https:\/\/academia.utp.edu.co\/ednografia-educacion-y-diversidad\/files\/2021\/02\/WhatsApp-Image-2021-02-20-at-1.36.07-PM-710x302.jpeg\" height=\"302\" width=\"710\" alt=\"\" class=\"slider-2261 slide-2271 msDefaultImage\" title=\"WhatsApp-Image-2021-02-20-at-1.36.07-PM\" \/><div class=\"caption-wrap\"><div class=\"caption\">\u00bfQU\u00c9 ES LA ETNOGRAF\u00cdA?<\/div><\/div><\/li>\n                <li style=\"display: none; width: 100%;\" class=\"slide-2281 ms-image \" aria-roledescription=\"slide\" data-date=\"2021-02-22 23:34:14\" data-filename=\"WhatsApp-Image-2021-02-20-at-10.55.07-AM-710x302.jpeg\" data-slide-type=\"image\"><a href=\"Red de Revistas Cient\u00edficas de Am\u00e9rica Latina, el Caribe, Espa\u00f1a y Portugal  Sistema de Informaci\u00f3n Cient\u00edfica \" target=\"_self\" aria-label=\"Ver detalles de la diapositiva\" class=\"metaslider_image_link\"><img loading=\"lazy\" decoding=\"async\" src=\"https:\/\/academia.utp.edu.co\/ednografia-educacion-y-diversidad\/files\/2021\/02\/WhatsApp-Image-2021-02-20-at-10.55.07-AM-710x302.jpeg\" height=\"302\" width=\"710\" alt=\"\" class=\"slider-2261 slide-2281 msDefaultImage\" title=\"WhatsApp-Image-2021-02-20-at-10.55.07-AM\" \/><\/a><div class=\"caption-wrap\"><div class=\"caption\">Es una metodolog\u00eda interpretativa-descriptiva, fundamentada en la observaci\u00f3n, la entrevista, la estancia prolongada del investigador y la recolecci\u00f3n de documentos, cuya misi\u00f3n primordial es dar cuenta del conocimiento local a trav\u00e9s de la reconstrucci\u00f3n interpretativa de las relaciones sociales, los saberes, y la \u201ccultura\u201d de determinado agrupamiento humano, instituci\u00f3n o proceso social.<\/div><\/div><\/li>\n                <li style=\"display: none; width: 100%;\" class=\"slide-2291 ms-image \" aria-roledescription=\"slide\" data-date=\"2021-02-22 23:36:55\" data-filename=\"WhatsApp-Image-2021-02-20-at-11.35.48-AM-1-710x302.jpeg\" data-slide-type=\"image\"><a href=\"Araceli de Tezanos de Ma\u00f1ana\" target=\"_self\" aria-label=\"Ver detalles de la diapositiva\" class=\"metaslider_image_link\"><img loading=\"lazy\" decoding=\"async\" src=\"https:\/\/academia.utp.edu.co\/ednografia-educacion-y-diversidad\/files\/2021\/02\/WhatsApp-Image-2021-02-20-at-11.35.48-AM-1-710x302.jpeg\" height=\"302\" width=\"710\" alt=\"\" class=\"slider-2261 slide-2291 msDefaultImage\" title=\"WhatsApp-Image-2021-02-20-at-11.35.48-AM-1\" \/><\/a><div class=\"caption-wrap\"><div class=\"caption\"> La etnograf\u00eda llega a la escuela: \nAl llegar a estudiar los procesos sociales complejos, los etn\u00f3grafos encuentran por un  camino natural la instituci\u00f3n educativa, como uno de los elementos relevantes de la  estructura social.  \n<\/div><\/div><\/li>\n            <\/ul>\n        <\/div>\n        \n    <\/div>\n<\/div><\/div>\n","protected":false},"excerpt":{"rendered":"","protected":false},"author":531,"featured_media":0,"parent":0,"menu_order":0,"comment_status":"closed","ping_status":"closed","template":"","meta":{"_EventAllDay":false,"_EventTimezone":"","_EventStartDate":"","_EventEndDate":"","_EventStartDateUTC":"","_EventEndDateUTC":"","_EventShowMap":false,"_EventShowMapLink":false,"_EventURL":"","_EventCost":"","_EventCostDescription":"","_EventCurrencySymbol":"","_EventCurrencyCode":"","_EventCurrencyPosition":"","_EventDateTimeSeparator":"","_EventTimeRangeSeparator":"","_EventOrganizerID":[],"_EventVenueID":[],"_OrganizerEmail":"","_OrganizerPhone":"","_OrganizerWebsite":"","_VenueAddress":"","_VenueCity":"","_VenueCountry":"","_VenueProvince":"","_VenueState":"","_VenueZip":"","_VenuePhone":"","_VenueURL":"","_VenueStateProvince":"","_VenueLat":"","_VenueLng":"","_VenueShowMap":false,"_VenueShowMapLink":false,"footnotes":""},"class_list":["post-131","page","type-page","status-publish","hentry"],"_links":{"self":[{"href":"https:\/\/academia.utp.edu.co\/ednografia-educacion-y-diversidad\/wp-json\/wp\/v2\/pages\/131","targetHints":{"allow":["GET"]}}],"collection":[{"href":"https:\/\/academia.utp.edu.co\/ednografia-educacion-y-diversidad\/wp-json\/wp\/v2\/pages"}],"about":[{"href":"https:\/\/academia.utp.edu.co\/ednografia-educacion-y-diversidad\/wp-json\/wp\/v2\/types\/page"}],"author":[{"embeddable":true,"href":"https:\/\/academia.utp.edu.co\/ednografia-educacion-y-diversidad\/wp-json\/wp\/v2\/users\/531"}],"replies":[{"embeddable":true,"href":"https:\/\/academia.utp.edu.co\/ednografia-educacion-y-diversidad\/wp-json\/wp\/v2\/comments?post=131"}],"version-history":[{"count":6,"href":"https:\/\/academia.utp.edu.co\/ednografia-educacion-y-diversidad\/wp-json\/wp\/v2\/pages\/131\/revisions"}],"predecessor-version":[{"id":2621,"href":"https:\/\/academia.utp.edu.co\/ednografia-educacion-y-diversidad\/wp-json\/wp\/v2\/pages\/131\/revisions\/2621"}],"wp:attachment":[{"href":"https:\/\/academia.utp.edu.co\/ednografia-educacion-y-diversidad\/wp-json\/wp\/v2\/media?parent=131"}],"curies":[{"name":"wp","href":"https:\/\/api.w.org\/{rel}","templated":true}]}}