{"id":161,"date":"2026-03-25T19:39:33","date_gmt":"2026-03-25T18:39:33","guid":{"rendered":"https:\/\/academia.utp.edu.co\/eplab\/?page_id=161"},"modified":"2026-03-27T00:54:08","modified_gmt":"2026-03-26T23:54:08","slug":"semillero-de-investigacion","status":"publish","type":"page","link":"https:\/\/academia.utp.edu.co\/eplab\/semillero-de-investigacion\/","title":{"rendered":"Semillero de Investigaci\u00f3n"},"content":{"rendered":"\n<section style=\"padding: 40px 0;font-family: 'Segoe UI', Roboto, Arial, sans-serif;background-color: #ffffff\">\n\n  <div style=\"text-align: center;margin-bottom: 40px\">\n    <span style=\"padding: 6px 18px;border-radius: 50px;background: #eaf2fb;color: #1565c0;font-size: 12px;font-weight: bold;letter-spacing: 2px;text-transform: uppercase\">\n      Semillero de Investigaci\u00f3n\n    <\/span>\n    <h2 style=\"font-size: clamp(2rem, 5vw, 3rem);font-weight: 800;color: #000000;margin: 20px 0 10px;line-height: 1.2\">\n      Semillero de <span style=\"color: #1565c0\">Electr\u00f3nica de Potencia<\/span>\n    <\/h2>\n    <p style=\"max-width: 760px;margin: 0 auto;font-size: 18px;line-height: 1.6;color: #4b5563\">\n      Espacio acad\u00e9mico y de investigaci\u00f3n de la Universidad Tecnol\u00f3gica de Pereira orientado a estudiantes interesados en la conversi\u00f3n de energ\u00eda, las microrredes y la transici\u00f3n energ\u00e9tica.\n    <\/p>\n  <\/div>\n\n  <div style=\"grid-template-columns: 1.1fr 1fr;gap: 28px;align-items: center;margin-bottom: 40px;background: #ffffff;border: 1px solid #d9e2ec;border-radius: 16px;padding: 32px\">\n    <div>\n      <div style=\"font-size: 12px;font-weight: bold;color: #1565c0;text-transform: uppercase;letter-spacing: 1px;margin-bottom: 10px\">\n        L\u00edneas de investigaci\u00f3n\n      <\/div>\n      <h3 style=\"font-size: 19px;font-weight: bold;color: #000000;margin: 0 0 12px\">\n        \u00c1reas de trabajo del semillero\n      <\/h3>\n      <p style=\"font-size: 15px;line-height: 1.6;color: #1e3a5f;margin: 0\">\n        El semillero desarrolla actividades de investigaci\u00f3n en electr\u00f3nica de potencia, conversi\u00f3n de energ\u00eda, microrredes, transici\u00f3n energ\u00e9tica y transferencia inal\u00e1mbrica de potencia.\n      <\/p>\n    <\/div>\n\n    <div style=\"width: 100%;min-height: 260px;border: 2px dashed #cfe3f8;border-radius: 14px;background: #f8fafc;padding: 20px;justify-content: center;align-items: center\">\n      <div style=\"width: 100%;max-width: 900px;margin: 0 auto\">\n        <img decoding=\"async\" src=\"http:\/\/academia.utp.edu.co\/eplab\/files\/2026\/03\/tipos.jpg\" alt=\"L\u00edneas de investigaci\u00f3n\" style=\"width: 100%;height: auto;border-radius: 12px;margin: 0 auto\">\n      <\/div>\n    <\/div>\n  <\/div>\n\n  <div style=\"grid-template-columns: 1fr 1.1fr;gap: 28px;align-items: center;margin-bottom: 40px;background: #ffffff;border: 1px solid #d9e2ec;border-radius: 16px;padding: 32px\">\n    \n    <div style=\"width: 100%;min-height: 260px;border: 2px dashed #cfe3f8;border-radius: 14px;background: #f8fafc;padding: 20px;justify-content: center;align-items: center\">\n      <div style=\"width: 100%;max-width: 880px;justify-content: center;align-items: center;gap: 20px;flex-wrap: wrap;margin: 0 auto\">\n        <img decoding=\"async\" src=\"http:\/\/academia.utp.edu.co\/eplab\/files\/2026\/03\/DSC_0030-1-1-scaled.png\" alt=\"Proyecto 1\" style=\"width: calc(50% - 10px);max-width: 420px;height: auto;border-radius: 12px\">\n        <img decoding=\"async\" src=\"http:\/\/academia.utp.edu.co\/eplab\/files\/2026\/03\/DSC_0031-2-scaled.png\" alt=\"Proyecto 2\" style=\"width: calc(50% - 10px);max-width: 420px;height: auto;border-radius: 12px\">\n      <\/div>\n    <\/div>\n\n    <div>\n      <div style=\"font-size: 12px;font-weight: bold;color: #1565c0;text-transform: uppercase;letter-spacing: 1px;margin-bottom: 10px\">\n        Proyectos\n      <\/div>\n      <h3 style=\"font-size: 19px;font-weight: bold;color: #000000;margin: 0 0 12px\">\n        Investigaci\u00f3n aplicada y desarrollo\n      <\/h3>\n      <p style=\"font-size: 15px;line-height: 1.6;color: #1e3a5f;margin: 0\">\n        En el semillero se desarrollan proyectos enfocados en la conversi\u00f3n de energ\u00eda, que abarcan desde el dise\u00f1o hasta la implementaci\u00f3n de prototipos. Entre las principales l\u00edneas de trabajo se destaca la transferencia inal\u00e1mbrica de potencia, tecnolog\u00eda que permite transmitir energ\u00eda el\u00e9ctrica sin contacto f\u00edsico mediante campos electromagn\u00e9ticos. Asimismo, se estudia la integraci\u00f3n de estas soluciones en microrredes y entornos asociados a la transici\u00f3n energ\u00e9tica.\n      <\/p>\n    <\/div>\n  <\/div>\n\n  <div style=\"grid-template-columns: 1.1fr 1fr;gap: 28px;align-items: center;margin-bottom: 10px;background: #ffffff;border: 1px solid #d9e2ec;border-radius: 16px;padding: 32px\">\n    <div>\n      <div style=\"font-size: 12px;font-weight: bold;color: #1565c0;text-transform: uppercase;letter-spacing: 1px;margin-bottom: 10px\">\n        Eventos\n      <\/div>\n      <h3 style=\"font-size: 19px;font-weight: bold;color: #000000;margin: 0 0 12px\">\n        Participaci\u00f3n acad\u00e9mica y visibilidad\n      <\/h3>\n      <p style=\"font-size: 15px;line-height: 1.6;color: #1e3a5f;margin: 0\">\n        El semillero participa activamente en encuentros regionales de semilleros como RREDSI, donde se fortalecen las habilidades investigativas y comunicativas de los estudiantes y se promueve la difusi\u00f3n de los resultados de investigaci\u00f3n.\n      <\/p>\n    <\/div>\n\n    <div style=\"width: 100%;min-height: 260px;border: 2px dashed #cfe3f8;border-radius: 14px;background: #f8fafc;padding: 20px;justify-content: center;align-items: center\">\n      <div style=\"width: 100%;max-width: 880px;flex-direction: column;gap: 20px;align-items: center;margin: 0 auto\">\n        <div style=\"width: 100%;justify-content: center;align-items: center;gap: 20px;flex-wrap: wrap\">\n          <img decoding=\"async\" src=\"http:\/\/academia.utp.edu.co\/eplab\/files\/2026\/03\/IMG_5613-scaled.jpg\" alt=\"Evento 1\" style=\"width: calc(50% - 10px);max-width: 420px;height: auto;border-radius: 12px\">\n          <img decoding=\"async\" src=\"http:\/\/academia.utp.edu.co\/eplab\/files\/2026\/03\/IMG_6163-scaled.jpg\" alt=\"Evento 2\" style=\"width: calc(50% - 10px);max-width: 420px;height: auto;border-radius: 12px\">\n        <\/div>\n        <div style=\"width: 100%;justify-content: center;align-items: center\">\n          <img decoding=\"async\" src=\"http:\/\/academia.utp.edu.co\/eplab\/files\/2026\/03\/IMG_9846-scaled.jpg\" alt=\"Evento 3\" style=\"width: 70%;max-width: 840px;height: auto;border-radius: 12px;margin: 0 auto\">\n        <\/div>\n      <\/div>\n    <\/div>\n  <\/div>\n\n<\/section>\n\n\n\n<div class=\"wp-block-buttons alignwide is-content-justification-center is-layout-flex wp-container-core-buttons-is-layout-b5994976 wp-block-buttons-is-layout-flex\">\n<div class=\"wp-block-button\"><a class=\"wp-block-button__link wp-element-button\" href=\"https:\/\/academia.utp.edu.co\/eplab\/contacto\/\">Unirme al semillero<\/a><\/div>\n<\/div>\n\n\n\n<p><\/p>\n","protected":false},"excerpt":{"rendered":"<p>Semillero de Investigaci\u00f3n Semillero de Electr\u00f3nica de Potencia Espacio acad\u00e9mico y de investigaci\u00f3n de la Universidad Tecnol\u00f3gica de Pereira orientado a estudiantes interesados en la conversi\u00f3n de energ\u00eda, las microrredes [&hellip;]<\/p>\n","protected":false},"author":1902,"featured_media":0,"parent":0,"menu_order":0,"comment_status":"closed","ping_status":"closed","template":"","meta":{"site-sidebar-layout":"default","site-content-layout":"","ast-site-content-layout":"default","site-content-style":"default","site-sidebar-style":"default","ast-global-header-display":"","ast-banner-title-visibility":"","ast-main-header-display":"","ast-hfb-above-header-display":"","ast-hfb-below-header-display":"","ast-hfb-mobile-header-display":"","site-post-title":"disabled","ast-breadcrumbs-content":"","ast-featured-img":"","footer-sml-layout":"","ast-disable-related-posts":"","theme-transparent-header-meta":"","adv-header-id-meta":"","stick-header-meta":"","header-above-stick-meta":"","header-main-stick-meta":"","header-below-stick-meta":"","astra-migrate-meta-layouts":"default","ast-page-background-enabled":"default","ast-page-background-meta":{"desktop":{"background-color":"var(--ast-global-color-5)","background-image":"","background-repeat":"repeat","background-position":"center center","background-size":"auto","background-attachment":"scroll","background-type":"","background-media":"","overlay-type":"","overlay-color":"","overlay-opacity":"","overlay-gradient":""},"tablet":{"background-color":"","background-image":"","background-repeat":"repeat","background-position":"center center","background-size":"auto","background-attachment":"scroll","background-type":"","background-media":"","overlay-type":"","overlay-color":"","overlay-opacity":"","overlay-gradient":""},"mobile":{"background-color":"","background-image":"","background-repeat":"repeat","background-position":"center center","background-size":"auto","background-attachment":"scroll","background-type":"","background-media":"","overlay-type":"","overlay-color":"","overlay-opacity":"","overlay-gradient":""}},"ast-content-background-meta":{"desktop":{"background-color":"var(--ast-global-color-4)","background-image":"","background-repeat":"repeat","background-position":"center center","background-size":"auto","background-attachment":"scroll","background-type":"","background-media":"","overlay-type":"","overlay-color":"","overlay-opacity":"","overlay-gradient":""},"tablet":{"background-color":"var(--ast-global-color-4)","background-image":"","background-repeat":"repeat","background-position":"center center","background-size":"auto","background-attachment":"scroll","background-type":"","background-media":"","overlay-type":"","overlay-color":"","overlay-opacity":"","overlay-gradient":""},"mobile":{"background-color":"var(--ast-global-color-4)","background-image":"","background-repeat":"repeat","background-position":"center center","background-size":"auto","background-attachment":"scroll","background-type":"","background-media":"","overlay-type":"","overlay-color":"","overlay-opacity":"","overlay-gradient":""}},"footnotes":""},"class_list":["post-161","page","type-page","status-publish","hentry"],"_links":{"self":[{"href":"https:\/\/academia.utp.edu.co\/eplab\/wp-json\/wp\/v2\/pages\/161","targetHints":{"allow":["GET"]}}],"collection":[{"href":"https:\/\/academia.utp.edu.co\/eplab\/wp-json\/wp\/v2\/pages"}],"about":[{"href":"https:\/\/academia.utp.edu.co\/eplab\/wp-json\/wp\/v2\/types\/page"}],"author":[{"embeddable":true,"href":"https:\/\/academia.utp.edu.co\/eplab\/wp-json\/wp\/v2\/users\/1902"}],"replies":[{"embeddable":true,"href":"https:\/\/academia.utp.edu.co\/eplab\/wp-json\/wp\/v2\/comments?post=161"}],"version-history":[{"count":57,"href":"https:\/\/academia.utp.edu.co\/eplab\/wp-json\/wp\/v2\/pages\/161\/revisions"}],"predecessor-version":[{"id":466,"href":"https:\/\/academia.utp.edu.co\/eplab\/wp-json\/wp\/v2\/pages\/161\/revisions\/466"}],"wp:attachment":[{"href":"https:\/\/academia.utp.edu.co\/eplab\/wp-json\/wp\/v2\/media?parent=161"}],"curies":[{"name":"wp","href":"https:\/\/api.w.org\/{rel}","templated":true}]}}