{"id":82,"date":"2026-03-12T20:29:08","date_gmt":"2026-03-12T19:29:08","guid":{"rendered":"https:\/\/academia.utp.edu.co\/eplab\/?page_id=82"},"modified":"2026-03-26T21:43:44","modified_gmt":"2026-03-26T20:43:44","slug":"nosotros","status":"publish","type":"page","link":"https:\/\/academia.utp.edu.co\/eplab\/nosotros\/","title":{"rendered":"Nosotros"},"content":{"rendered":"<div style=\"max-width: 1050px;margin: 80px auto;text-align: center;font-family: 'Segoe UI', Roboto, Arial, sans-serif;background-color: #ffffff\">\n<div style=\"background: #e9f1fb;color: #1f5fa8;padding: 6px 18px;border-radius: 20px;font-size: 12px;letter-spacing: 2px;font-weight: bold;text-transform: uppercase;margin-bottom: 20px\">\n    SOBRE NOSOTROS\n  <\/div>\n<h2 style=\"font-size: clamp(2rem, 5vw, 3rem);font-weight: 800;margin-bottom: 10px;color: #000000;line-height: 1.2\">\n  Impulsando la Innovaci\u00f3n en<br \/>\n  <span style=\"color: #1f5fa8\">Electr\u00f3nica de Potencia<\/span><br \/>\n  <\/h2>\n<p style=\"max-width: 650px;margin: 0 auto 40px;color: #4b6280;font-size: 18px;line-height: 1.6\">\n    Somos un grupo de investigaci\u00f3n adscrito a la Facultad de Ingenier\u00edas de la Universidad Tecnol\u00f3gica de Pereira, enfocado en el desarrollo de soluciones tecnol\u00f3gicas en el campo de la electr\u00f3nica de potencia y los sistemas el\u00e9ctricos.\n  <\/p>\n<table border=\"0\" cellspacing=\"0\" cellpadding=\"0\" style=\"width: 100%;border-collapse: separate;border-spacing: 25px;background-color: #ffffff;border: 0\">\n<tbody>\n<tr>\n<td style=\"width: 50%;vertical-align: top;background-color: #ffffff;border: 0\">\n<div style=\"background: #eef4fb;min-height: 280px;border-radius: 16px;color: #1f5fa8;font-size: 19px;font-weight: bold;margin-bottom: 25px;overflow: hidden;border: 1px solid #d6e4f5\">\n<div style=\"padding: 14px 14px 8px 14px\">\n              Laboratorio de Electr\u00f3nica de Potencia &#8211; UTP\n            <\/div>\n<p>            <img decoding=\"async\" src=\"http:\/\/academia.utp.edu.co\/eplab\/files\/2026\/03\/WhatsApp-Image-2026-03-02-at-2.33.46-PM.jpeg\" style=\"width:100%;height:100%;object-fit:cover\">\n          <\/div>\n<div style=\"background: #1565c0;color: white;padding: 15px 10px;border-radius: 12px;width: 120px;margin: 0 auto;text-align: center\">\n<div style=\"font-size: 26px;font-weight: bold;line-height: 1.2\">A1<\/div>\n<div style=\"font-size: 11px;letter-spacing: 0.5px;opacity: 0.95\">MINCIENCIAS<\/div>\n<\/p><\/div>\n<\/td>\n<td style=\"width: 50%;vertical-align: top;text-align: left;background-color: #ffffff;border: 0\">\n<div style=\"background: #f5f9ff;padding: 24px;border-radius: 16px;margin-bottom: 20px;border: 1px solid #d9e7f7\">\n<div style=\"margin-bottom: 12px\">\n<div style=\"background: #e8f0fb;color: #1f5fa8;padding: 8px 12px;border-radius: 10px;font-size: 19px\">\n                <strong>Misi\u00f3n<\/strong>\n              <\/div>\n<\/p><\/div>\n<p style=\"color: #23374d;margin: 0;font-size: 15px;line-height: 1.6\">\n              Desarrollar investigaci\u00f3n de alto impacto en electr\u00f3nica de potencia, contribuyendo al avance tecnol\u00f3gico y a la formaci\u00f3n de profesionales altamente capacitados.\n            <\/p>\n<\/p><\/div>\n<div style=\"background: #f5f9ff;padding: 24px;border-radius: 16px;margin-bottom: 20px;border: 1px solid #d9e7f7\">\n<div style=\"margin-bottom: 12px\">\n<div style=\"background: #e8f0fb;color: #1f5fa8;padding: 8px 12px;border-radius: 10px;font-size: 19px\">\n                <strong>Visi\u00f3n<\/strong>\n              <\/div>\n<\/p><\/div>\n<p style=\"color: #23374d;margin: 0;font-size: 15px;line-height: 1.6\">\n              Ser referentes nacionales e internacionales en investigaci\u00f3n de electr\u00f3nica de potencia, calidad de energ\u00eda y eficiencia energ\u00e9tica.\n            <\/p>\n<\/p><\/div>\n<div style=\"background: #f5f9ff;padding: 24px;border-radius: 16px;border: 1px solid #d9e7f7\">\n<div style=\"margin-bottom: 12px\">\n<div style=\"background: #e8f0fb;color: #1f5fa8;padding: 8px 12px;border-radius: 10px;font-size: 19px\">\n                <strong>Reconocimiento<\/strong>\n              <\/div>\n<\/p><\/div>\n<p style=\"color: #23374d;margin: 0;font-size: 15px;line-height: 1.6\">\n              Grupo reconocido por MinCiencias con amplia trayectoria en proyectos de investigaci\u00f3n, desarrollo tecnol\u00f3gico e innovaci\u00f3n.\n            <\/p>\n<\/p><\/div>\n<\/td>\n<\/tr>\n<\/tbody>\n<\/table>\n<\/div>\n","protected":false},"excerpt":{"rendered":"<p>SOBRE NOSOTROS Impulsando la Innovaci\u00f3n en Electr\u00f3nica de Potencia Somos un grupo de investigaci\u00f3n adscrito a la Facultad de Ingenier\u00edas de la Universidad Tecnol\u00f3gica de Pereira, enfocado en el desarrollo [&hellip;]<\/p>\n","protected":false},"author":1902,"featured_media":0,"parent":0,"menu_order":0,"comment_status":"closed","ping_status":"closed","template":"","meta":{"site-sidebar-layout":"default","site-content-layout":"","ast-site-content-layout":"default","site-content-style":"default","site-sidebar-style":"default","ast-global-header-display":"","ast-banner-title-visibility":"disabled","ast-main-header-display":"","ast-hfb-above-header-display":"","ast-hfb-below-header-display":"","ast-hfb-mobile-header-display":"","site-post-title":"disabled","ast-breadcrumbs-content":"","ast-featured-img":"","footer-sml-layout":"","ast-disable-related-posts":"","theme-transparent-header-meta":"","adv-header-id-meta":"","stick-header-meta":"","header-above-stick-meta":"","header-main-stick-meta":"","header-below-stick-meta":"","astra-migrate-meta-layouts":"default","ast-page-background-enabled":"default","ast-page-background-meta":{"desktop":{"background-color":"var(--ast-global-color-5)","background-image":"","background-repeat":"repeat","background-position":"center center","background-size":"auto","background-attachment":"scroll","background-type":"","background-media":"","overlay-type":"","overlay-color":"","overlay-opacity":"","overlay-gradient":""},"tablet":{"background-color":"","background-image":"","background-repeat":"repeat","background-position":"center center","background-size":"auto","background-attachment":"scroll","background-type":"","background-media":"","overlay-type":"","overlay-color":"","overlay-opacity":"","overlay-gradient":""},"mobile":{"background-color":"","background-image":"","background-repeat":"repeat","background-position":"center center","background-size":"auto","background-attachment":"scroll","background-type":"","background-media":"","overlay-type":"","overlay-color":"","overlay-opacity":"","overlay-gradient":""}},"ast-content-background-meta":{"desktop":{"background-color":"var(--ast-global-color-4)","background-image":"","background-repeat":"repeat","background-position":"center center","background-size":"auto","background-attachment":"scroll","background-type":"","background-media":"","overlay-type":"","overlay-color":"","overlay-opacity":"","overlay-gradient":""},"tablet":{"background-color":"var(--ast-global-color-4)","background-image":"","background-repeat":"repeat","background-position":"center center","background-size":"auto","background-attachment":"scroll","background-type":"","background-media":"","overlay-type":"","overlay-color":"","overlay-opacity":"","overlay-gradient":""},"mobile":{"background-color":"var(--ast-global-color-4)","background-image":"","background-repeat":"repeat","background-position":"center center","background-size":"auto","background-attachment":"scroll","background-type":"","background-media":"","overlay-type":"","overlay-color":"","overlay-opacity":"","overlay-gradient":""}},"footnotes":""},"class_list":["post-82","page","type-page","status-publish","hentry"],"_links":{"self":[{"href":"https:\/\/academia.utp.edu.co\/eplab\/wp-json\/wp\/v2\/pages\/82","targetHints":{"allow":["GET"]}}],"collection":[{"href":"https:\/\/academia.utp.edu.co\/eplab\/wp-json\/wp\/v2\/pages"}],"about":[{"href":"https:\/\/academia.utp.edu.co\/eplab\/wp-json\/wp\/v2\/types\/page"}],"author":[{"embeddable":true,"href":"https:\/\/academia.utp.edu.co\/eplab\/wp-json\/wp\/v2\/users\/1902"}],"replies":[{"embeddable":true,"href":"https:\/\/academia.utp.edu.co\/eplab\/wp-json\/wp\/v2\/comments?post=82"}],"version-history":[{"count":24,"href":"https:\/\/academia.utp.edu.co\/eplab\/wp-json\/wp\/v2\/pages\/82\/revisions"}],"predecessor-version":[{"id":460,"href":"https:\/\/academia.utp.edu.co\/eplab\/wp-json\/wp\/v2\/pages\/82\/revisions\/460"}],"wp:attachment":[{"href":"https:\/\/academia.utp.edu.co\/eplab\/wp-json\/wp\/v2\/media?parent=82"}],"curies":[{"name":"wp","href":"https:\/\/api.w.org\/{rel}","templated":true}]}}