{"id":83,"date":"2026-03-12T20:29:08","date_gmt":"2026-03-12T19:29:08","guid":{"rendered":"https:\/\/academia.utp.edu.co\/eplab\/?page_id=83"},"modified":"2026-03-25T21:50:13","modified_gmt":"2026-03-25T20:50:13","slug":"investigacion","status":"publish","type":"page","link":"https:\/\/academia.utp.edu.co\/eplab\/investigacion\/","title":{"rendered":"Lineas de Investigaci\u00f3n"},"content":{"rendered":"<div class=\"wp-block-group alignfull\">\n<section id=\"investigacion\" style=\"padding: 80px 0;background: #ffffff;width: 100vw;position: relative;left: 50%;right: 50%;margin-left: -50vw;margin-right: -50vw;overflow: hidden;font-family: 'Segoe UI', Roboto, Arial, sans-serif\">\n<div style=\"max-width: 1200px;margin: 0 auto;padding: 0 24px;position: relative;z-index: 1\">\n<div style=\"text-align: center;margin-bottom: 50px\">\n      <span style=\"padding: 6px 18px;border-radius: 50px;color: #1565c0;font-size: 12px;font-weight: bold;letter-spacing: 2px;text-transform: uppercase\"><br \/>\n        L\u00edneas de Investigaci\u00f3n<br \/>\n      <\/span><\/p>\n<h2 style=\"font-size: clamp(2rem, 5vw, 3rem);font-weight: 800;color: #000000;margin: 20px 0 10px\">\n        \u00c1reas de <span style=\"color: #1565c0\">Conocimiento<\/span><br \/>\n      <\/h2>\n<p style=\"max-width: 700px;margin: 0 auto;font-size: 18px;line-height: 1.6;color: #1e3a5f\">\n        Nuestras l\u00edneas de investigaci\u00f3n abarcan los campos m\u00e1s relevantes de la electr\u00f3nica de potencia moderna.\n      <\/p>\n<\/p><\/div>\n<div style=\"grid-template-columns: repeat(auto-fit, minmax(300px, 1fr));gap: 30px;width: 100%\">\n<div style=\"background: #ffffff;border: 1px solid #cfe3f8;border-radius: 16px;padding: 32px;position: relative;overflow: hidden;min-height: 200px\">\n<h3 style=\"font-size: 19px;font-weight: bold;color: #000000;margin: 0 0 12px\">Convertidores Electr\u00f3nicos<\/h3>\n<p style=\"font-size: 15px;line-height: 1.6;color: #1e3a5f;margin: 0\">\n          Dise\u00f1o y desarrollo de convertidores DC-DC, DC-AC y AC-DC para aplicaciones industriales y energ\u00eda renovable.\n        <\/p>\n<div style=\"position: absolute;bottom: 0;left: 0;right: 0;height: 4px;background: linear-gradient(to right, #0a3d8f, #42a5f5)\"><\/div>\n<\/p><\/div>\n<div style=\"background: #ffffff;border: 1px solid #cfe3f8;border-radius: 16px;padding: 32px;position: relative;overflow: hidden;min-height: 200px\">\n<h3 style=\"font-size: 19px;font-weight: bold;color: #000000;margin: 0 0 12px\">Calidad de Energ\u00eda<\/h3>\n<p style=\"font-size: 15px;line-height: 1.6;color: #1e3a5f;margin: 0\">\n          Estudio, medici\u00f3n y mejora de la calidad de energ\u00eda el\u00e9ctrica en sistemas de potencia y distribuci\u00f3n.\n        <\/p>\n<div style=\"position: absolute;bottom: 0;left: 0;right: 0;height: 4px;background: linear-gradient(to right, #1565c0, #42a5f5)\"><\/div>\n<\/p><\/div>\n<div style=\"background: #ffffff;border: 1px solid #cfe3f8;border-radius: 16px;padding: 32px;position: relative;overflow: hidden;min-height: 200px\">\n<h3 style=\"font-size: 19px;font-weight: bold;color: #000000;margin: 0 0 12px\">Energ\u00edas Renovables<\/h3>\n<p style=\"font-size: 15px;line-height: 1.6;color: #1e3a5f;margin: 0\">\n          Integraci\u00f3n de fuentes de generaci\u00f3n renovable mediante convertidores electr\u00f3nicos de potencia.\n        <\/p>\n<div style=\"position: absolute;bottom: 0;left: 0;right: 0;height: 4px;background: linear-gradient(to right, #42a5f5, #90caf9)\"><\/div>\n<\/p><\/div>\n<div style=\"background: #ffffff;border: 1px solid #cfe3f8;border-radius: 16px;padding: 32px;position: relative;overflow: hidden;min-height: 200px\">\n<h3 style=\"font-size: 19px;font-weight: bold;color: #000000;margin: 0 0 12px\">Eficiencia Energ\u00e9tica<\/h3>\n<p style=\"font-size: 15px;line-height: 1.6;color: #1e3a5f;margin: 0\">\n          Evaluaci\u00f3n y optimizaci\u00f3n de la eficiencia en sistemas el\u00e9ctricos, electr\u00f3nicos y de conversi\u00f3n de energ\u00eda.\n        <\/p>\n<div style=\"position: absolute;bottom: 0;left: 0;right: 0;height: 4px;background: linear-gradient(to right, #0d47a1, #64b5f6)\"><\/div>\n<\/p><\/div>\n<div style=\"background: #ffffff;border: 1px solid #cfe3f8;border-radius: 16px;padding: 32px;position: relative;overflow: hidden;min-height: 200px\">\n<h3 style=\"font-size: 19px;font-weight: bold;color: #000000;margin: 0 0 12px\">Sistemas de Control<\/h3>\n<p style=\"font-size: 15px;line-height: 1.6;color: #1e3a5f;margin: 0\">\n          Implementaci\u00f3n de estrategias de control digital para convertidores de potencia y accionamientos el\u00e9ctricos.\n        <\/p>\n<div style=\"position: absolute;bottom: 0;left: 0;right: 0;height: 4px;background: linear-gradient(to right, #0a3d8f, #42a5f5)\"><\/div>\n<\/p><\/div>\n<div style=\"background: #ffffff;border: 1px solid #cfe3f8;border-radius: 16px;padding: 32px;position: relative;overflow: hidden;min-height: 200px\">\n<h3 style=\"font-size: 19px;font-weight: bold;color: #000000;margin: 0 0 12px\">Iluminaci\u00f3n y Electr\u00f3nica<\/h3>\n<p style=\"font-size: 15px;line-height: 1.6;color: #1e3a5f;margin: 0\">\n          Investigaci\u00f3n aplicada en sistemas de iluminaci\u00f3n eficiente y electr\u00f3nica de potencia para nuevas tecnolog\u00edas.\n        <\/p>\n<div style=\"position: absolute;bottom: 0;left: 0;right: 0;height: 4px;background: linear-gradient(to right, #1565c0, #42a5f5)\"><\/div>\n<\/p><\/div>\n<\/p><\/div>\n<\/p><\/div>\n<\/section>\n<\/div>\n","protected":false},"excerpt":{"rendered":"<p>L\u00edneas de Investigaci\u00f3n \u00c1reas de Conocimiento Nuestras l\u00edneas de investigaci\u00f3n abarcan los campos m\u00e1s relevantes de la electr\u00f3nica de potencia moderna. Convertidores Electr\u00f3nicos Dise\u00f1o y desarrollo de convertidores DC-DC, DC-AC [&hellip;]<\/p>\n","protected":false},"author":1902,"featured_media":0,"parent":0,"menu_order":0,"comment_status":"closed","ping_status":"closed","template":"","meta":{"site-sidebar-layout":"default","site-content-layout":"","ast-site-content-layout":"default","site-content-style":"default","site-sidebar-style":"default","ast-global-header-display":"","ast-banner-title-visibility":"","ast-main-header-display":"","ast-hfb-above-header-display":"","ast-hfb-below-header-display":"","ast-hfb-mobile-header-display":"","site-post-title":"disabled","ast-breadcrumbs-content":"","ast-featured-img":"","footer-sml-layout":"","ast-disable-related-posts":"","theme-transparent-header-meta":"","adv-header-id-meta":"","stick-header-meta":"","header-above-stick-meta":"","header-main-stick-meta":"","header-below-stick-meta":"","astra-migrate-meta-layouts":"default","ast-page-background-enabled":"default","ast-page-background-meta":{"desktop":{"background-color":"var(--ast-global-color-5)","background-image":"","background-repeat":"repeat","background-position":"center center","background-size":"auto","background-attachment":"scroll","background-type":"","background-media":"","overlay-type":"","overlay-color":"","overlay-opacity":"","overlay-gradient":""},"tablet":{"background-color":"","background-image":"","background-repeat":"repeat","background-position":"center center","background-size":"auto","background-attachment":"scroll","background-type":"","background-media":"","overlay-type":"","overlay-color":"","overlay-opacity":"","overlay-gradient":""},"mobile":{"background-color":"","background-image":"","background-repeat":"repeat","background-position":"center center","background-size":"auto","background-attachment":"scroll","background-type":"","background-media":"","overlay-type":"","overlay-color":"","overlay-opacity":"","overlay-gradient":""}},"ast-content-background-meta":{"desktop":{"background-color":"var(--ast-global-color-4)","background-image":"","background-repeat":"repeat","background-position":"center center","background-size":"auto","background-attachment":"scroll","background-type":"","background-media":"","overlay-type":"","overlay-color":"","overlay-opacity":"","overlay-gradient":""},"tablet":{"background-color":"var(--ast-global-color-4)","background-image":"","background-repeat":"repeat","background-position":"center center","background-size":"auto","background-attachment":"scroll","background-type":"","background-media":"","overlay-type":"","overlay-color":"","overlay-opacity":"","overlay-gradient":""},"mobile":{"background-color":"var(--ast-global-color-4)","background-image":"","background-repeat":"repeat","background-position":"center center","background-size":"auto","background-attachment":"scroll","background-type":"","background-media":"","overlay-type":"","overlay-color":"","overlay-opacity":"","overlay-gradient":""}},"footnotes":""},"class_list":["post-83","page","type-page","status-publish","hentry"],"_links":{"self":[{"href":"https:\/\/academia.utp.edu.co\/eplab\/wp-json\/wp\/v2\/pages\/83","targetHints":{"allow":["GET"]}}],"collection":[{"href":"https:\/\/academia.utp.edu.co\/eplab\/wp-json\/wp\/v2\/pages"}],"about":[{"href":"https:\/\/academia.utp.edu.co\/eplab\/wp-json\/wp\/v2\/types\/page"}],"author":[{"embeddable":true,"href":"https:\/\/academia.utp.edu.co\/eplab\/wp-json\/wp\/v2\/users\/1902"}],"replies":[{"embeddable":true,"href":"https:\/\/academia.utp.edu.co\/eplab\/wp-json\/wp\/v2\/comments?post=83"}],"version-history":[{"count":7,"href":"https:\/\/academia.utp.edu.co\/eplab\/wp-json\/wp\/v2\/pages\/83\/revisions"}],"predecessor-version":[{"id":278,"href":"https:\/\/academia.utp.edu.co\/eplab\/wp-json\/wp\/v2\/pages\/83\/revisions\/278"}],"wp:attachment":[{"href":"https:\/\/academia.utp.edu.co\/eplab\/wp-json\/wp\/v2\/media?parent=83"}],"curies":[{"name":"wp","href":"https:\/\/api.w.org\/{rel}","templated":true}]}}