{"id":84,"date":"2026-03-12T20:29:08","date_gmt":"2026-03-12T19:29:08","guid":{"rendered":"https:\/\/academia.utp.edu.co\/eplab\/?page_id=84"},"modified":"2026-04-07T23:52:52","modified_gmt":"2026-04-07T21:52:52","slug":"servicios","status":"publish","type":"page","link":"https:\/\/academia.utp.edu.co\/eplab\/servicios\/","title":{"rendered":"Servicios"},"content":{"rendered":"<div class=\"wp-block-group alignfull\">\n<section id=\"servicios\" style=\"padding: 80px 0;background: #ffffff;width: 100vw;position: relative;left: 50%;right: 50%;margin-left: -50vw;margin-right: -50vw;overflow: hidden;font-family: 'Segoe UI', Roboto, Arial, sans-serif\">\n  <div style=\"max-width: 1200px;margin: 0 auto;padding: 0 24px;position: relative;z-index: 1\">\n    \n    <div style=\"text-align: center;margin-bottom: 50px\">\n      <span style=\"padding: 6px 18px;border-radius: 50px;color: #1565c0;font-size: 12px;font-weight: bold;letter-spacing: 2px;text-transform: uppercase\">\n        NUESTROS SERVICIOS\n      <\/span>\n      <h2 style=\"font-size: clamp(2rem, 5vw, 3rem);font-weight: 800;color: #000000;margin: 20px 0 10px\">\n        Impactos para impulsar el<span style=\"color: #1565c0\">desarrollo tecnol\u00f3gico<\/span>\n      <\/h2>\n      <p style=\"max-width: 700px;margin: 0 auto;font-size: 18px;line-height: 1.6;color: #1e3a5f\">\n        El laboratorio articula actividades de investigaci\u00f3n, formaci\u00f3n, transferencia de conocimiento y desarrollo tecnol\u00f3gico orientadas a responder necesidades acad\u00e9micas, cient\u00edficas e industriales en el campo de la electr\u00f3nica de potencia.\n      <\/p>\n    <\/div>\n  \n  <div style=\"grid-template-columns: repeat(auto-fit, minmax(320px, 1fr));gap: 24px;text-align: left\">\n    \n    <details style=\"background: #f4f8fd;border: 1px solid #d9e4f2;border-top: 4px solid #1565c0;border-radius: 16px;padding: 0;overflow: hidden\">\n      <summary style=\"cursor: pointer;padding: 24px 28px;font-size: 19px;font-weight: bold;color: #0a1628\">Investigaci\u00f3n<\/summary>\n      <div style=\"padding: 0 28px 28px\">\n        <p style=\"color: #3a5a8c;font-size: 15px;line-height: 1.6;margin: 0 0 16px\">Desarrollamos proyectos orientados a la generaci\u00f3n de nuevo conocimiento y al desarrollo de soluciones tecnol\u00f3gicas en electr\u00f3nica de potencia, energ\u00edas renovables, calidad de la energ\u00eda y sistemas de conversi\u00f3n.<\/p>\n        <ul style=\"margin: 0;padding-left: 20px;color: #0a1628;font-size: 15px;line-height: 1.6\">\n          <li>Formulaci\u00f3n y ejecuci\u00f3n de proyectos de investigaci\u00f3n.<\/li>\n          <li>Desarrollo de prototipos y validaci\u00f3n experimental.<\/li>\n          <li>Publicaciones cient\u00edficas y productos de nuevo conocimiento.<\/li>\n        <\/ul>\n        <div style=\"width:100%;max-width: 600px;margin: 24px auto 0;background:#ffffff;border:1px solid #d9e4f2;border-radius:16px;padding:12px\">\n          <img decoding=\"async\" src=\"http:\/\/academia.utp.edu.co\/eplab\/files\/2026\/03\/Express-collage.png\" alt=\"Investigaci\u00f3n EPLAB\" style=\"width:100%;height:auto;border-radius:12px\" \/>\n        <\/div>\n      <\/div>\n    <\/details>\n\n    <details style=\"background: #f4f8fd;border: 1px solid #d9e4f2;border-top: 4px solid #1e88e5;border-radius: 16px;padding: 0;overflow: hidden\">\n      <summary style=\"cursor: pointer;padding: 24px 28px;font-size: 19px;font-weight: bold;color: #0a1628\">Docencia<\/summary>\n      <div style=\"padding: 0 28px 28px\">\n        <p style=\"color: #3a5a8c;font-size: 15px;line-height: 1.6;margin: 0 0 16px\">Formamos estudiantes de pregrado y posgrado mediante un enfoque que integra fundamentos te\u00f3ricos, trabajo experimental y aplicaci\u00f3n pr\u00e1ctica en problemas reales de ingenier\u00eda.<\/p>\n        <ul style=\"margin: 0;padding-left: 20px;color: #0a1628;font-size: 15px;line-height: 1.6\">\n          <li>Apoyo a asignaturas de pregrado y posgrado.<\/li>\n          <li>Direcci\u00f3n de trabajos de grado y tesis.<\/li>\n          <li>Fortalecimiento de semilleros de investigaci\u00f3n.<\/li>\n        <\/ul>\n        <div style=\"width: 50%;min-width: 450px;max-width: 360px;background: #ffffff;border: 1px solid #d9e4f2;border-radius: 16px;padding: 18px;text-align: center;margin: 0 auto\">\n          <img decoding=\"async\" style=\"width: 100%;height: 300px;object-fit: contain;border-radius: 12px;background: #f8fbff;margin: 0 auto\" src=\"http:\/\/academia.utp.edu.co\/eplab\/files\/2026\/03\/WhatsApp-Image-2026-03-25-at-3.55.12-PM.jpeg\" alt=\"Convertidores DC-DC\" \/>\n        <\/div>\n      <\/div>\n    <\/details>\n\n    <details style=\"background: #f4f8fd;border: 1px solid #d9e4f2;border-top: 4px solid #42a5f5;border-radius: 16px;padding: 0;overflow: hidden\">\n      <summary style=\"cursor: pointer;padding: 24px 28px;font-size: 19px;font-weight: bold;color: #0a1628\">Extensi\u00f3n<\/summary>\n      <div style=\"padding: 0 28px 28px\">\n        <p style=\"color: #3a5a8c;font-size: 15px;line-height: 1.6;margin: 0 0 16px\">Transferimos conocimiento y capacidades tecnol\u00f3gicas al sector productivo mediante servicios especializados, formaci\u00f3n continua y acompa\u00f1amiento t\u00e9cnico.<\/p>\n        <ul style=\"margin: 0;padding-left: 20px;color: #0a1628;font-size: 15px;line-height: 1.6\">\n          <li>Consultor\u00edas y asistencia t\u00e9cnica.<\/li>\n          <li>Cursos, talleres y educaci\u00f3n continua.<\/li>\n        <\/ul>\n      <\/div>\n    <\/details>\n\n    <details style=\"background: #f4f8fd;border: 1px solid #d9e4f2;border-top: 4px solid #0d47a1;border-radius: 16px;padding: 0;overflow: hidden;grid-column: 1 \/ -1\">\n      <summary style=\"cursor: pointer;padding: 24px 28px;font-size: 19px;font-weight: bold;color: #0a1628\">Servicios tecnol\u00f3gicos para la industria<\/summary>\n      <div style=\"padding: 0 28px 28px\">\n        <p style=\"color: #3a5a8c;font-size: 15px;line-height: 1.6;margin: 0 0 16px\">Ofrecemos soluciones de dise\u00f1o, desarrollo e implementaci\u00f3n de productos tecnol\u00f3gicos para aplicaciones en electr\u00f3nica de potencia. Nuestro servicio cubre todas las etapas del proceso, desde la definici\u00f3n conceptual y la ingenier\u00eda de detalle hasta el dise\u00f1o de tarjetas electr\u00f3nicas, la integraci\u00f3n de sistemas y la validaci\u00f3n funcional, con enfoque en desempe\u00f1o y confiabilidad.<\/p>\n        <ul style=\"margin: 0 0 24px;padding-left: 20px;color: #0a1628;font-size: 15px;line-height: 1.6\">\n          <li>Desarrollo de soluciones basadas en convertidores e inversores de potencia para aplicaciones industriales.<\/li>\n          <li>Dise\u00f1o, fabricaci\u00f3n e integraci\u00f3n de PCBs para equipos electr\u00f3nicos especializados.<\/li>\n          <li>Prototipado, pruebas y validaci\u00f3n de productos tecnol\u00f3gicos orientados a necesidades del sector productivo.<\/li>\n        <\/ul>\n        <table style=\"width: 100%;border-collapse: separate;border-spacing: 28px 0;border: none;background: transparent\">\n  <tr>\n    <td style=\"width: 33.33%;padding: 0;vertical-align: top;border: none;background: transparent\">\n      <div style=\"background: #ffffff;border: 1px solid #d9e4f2;border-radius: 16px;padding: 18px;text-align: center\">\n        <img decoding=\"async\" style=\"width: 100%;height: 260px;object-fit: contain;border-radius: 12px;background: #f8fbff;margin: 0 auto\" src=\"http:\/\/academia.utp.edu.co\/eplab\/files\/2026\/03\/DSC_0026-scaled.png\" alt=\"Inversor trif\u00e1sico\" \/>\n        <p style=\"margin: 14px 0 0;color: #0a1628;font-size: 15px;text-align: center\">Inversores trif\u00e1sicos<\/p>\n      <\/div>\n    <\/td>\n\n    <td style=\"width: 33.33%;padding: 0;vertical-align: top;border: none;background: transparent\">\n      <div style=\"background: #ffffff;border: 1px solid #d9e4f2;border-radius: 16px;padding: 18px;text-align: center\">\n        <img decoding=\"async\" style=\"width: 100%;height: 260px;object-fit: contain;border-radius: 12px;background: #f8fbff;margin: 0 auto\" src=\"http:\/\/academia.utp.edu.co\/eplab\/files\/2026\/03\/ANITA-1-1-scaled.png\" alt=\"Convertidores DC-DC\" \/>\n        <p style=\"margin: 14px 0 0;color: #0a1628;font-size: 15px;text-align: center\">Convertidores DC-DC<\/p>\n      <\/div>\n    <\/td>\n\n    <td style=\"width: 33.33%;padding: 0;vertical-align: top;border: none;background: transparent\">\n      <div style=\"background: #ffffff;border: 1px solid #d9e4f2;border-radius: 16px;padding: 18px;text-align: center\">\n        <img decoding=\"async\" style=\"width: 100%;height: 260px;object-fit: contain;border-radius: 12px;background: #f8fbff;margin: 0 auto\" src=\"http:\/\/academia.utp.edu.co\/eplab\/files\/2026\/03\/DSC_0022-scaled.png\" alt=\"Inversores DC-AC\" \/>\n        <p style=\"margin: 14px 0 0;color: #0a1628;font-size: 15px;text-align: center\">Inversores DC-AC<\/p>\n      <\/div>\n    <\/td>\n  <\/tr>\n<\/table>\n      <\/div>\n    <\/details>\n  <\/div>\n<\/div>\n\n\n\n<div style=\"height:40px\" aria-hidden=\"true\" class=\"wp-block-spacer\"><\/div>\n\n\n\n<div class=\"wp-block-buttons alignfull is-content-justification-center is-layout-flex wp-container-core-buttons-is-layout-a89b3969 wp-block-buttons-is-layout-flex\">\n<div class=\"wp-block-button\"><a class=\"wp-block-button__link wp-element-button\" href=\"https:\/\/academia.utp.edu.co\/eplab\/contacto\/\">Solicitar un servicio<\/a><\/div>\n<\/div>\n\n\n\n<p><\/p>\n","protected":false},"excerpt":{"rendered":"<p>NUESTROS SERVICIOS Impactos para impulsar eldesarrollo tecnol\u00f3gico El laboratorio articula actividades de investigaci\u00f3n, formaci\u00f3n, transferencia de conocimiento y desarrollo tecnol\u00f3gico orientadas a responder necesidades acad\u00e9micas, cient\u00edficas e industriales en el [&hellip;]<\/p>\n","protected":false},"author":1902,"featured_media":0,"parent":0,"menu_order":0,"comment_status":"closed","ping_status":"closed","template":"","meta":{"site-sidebar-layout":"default","site-content-layout":"","ast-site-content-layout":"default","site-content-style":"default","site-sidebar-style":"default","ast-global-header-display":"","ast-banner-title-visibility":"","ast-main-header-display":"","ast-hfb-above-header-display":"","ast-hfb-below-header-display":"","ast-hfb-mobile-header-display":"","site-post-title":"disabled","ast-breadcrumbs-content":"","ast-featured-img":"","footer-sml-layout":"","ast-disable-related-posts":"","theme-transparent-header-meta":"","adv-header-id-meta":"","stick-header-meta":"","header-above-stick-meta":"","header-main-stick-meta":"","header-below-stick-meta":"","astra-migrate-meta-layouts":"default","ast-page-background-enabled":"default","ast-page-background-meta":{"desktop":{"background-color":"var(--ast-global-color-5)","background-image":"","background-repeat":"repeat","background-position":"center center","background-size":"auto","background-attachment":"scroll","background-type":"","background-media":"","overlay-type":"","overlay-color":"","overlay-opacity":"","overlay-gradient":""},"tablet":{"background-color":"","background-image":"","background-repeat":"repeat","background-position":"center center","background-size":"auto","background-attachment":"scroll","background-type":"","background-media":"","overlay-type":"","overlay-color":"","overlay-opacity":"","overlay-gradient":""},"mobile":{"background-color":"","background-image":"","background-repeat":"repeat","background-position":"center center","background-size":"auto","background-attachment":"scroll","background-type":"","background-media":"","overlay-type":"","overlay-color":"","overlay-opacity":"","overlay-gradient":""}},"ast-content-background-meta":{"desktop":{"background-color":"var(--ast-global-color-4)","background-image":"","background-repeat":"repeat","background-position":"center center","background-size":"auto","background-attachment":"scroll","background-type":"","background-media":"","overlay-type":"","overlay-color":"","overlay-opacity":"","overlay-gradient":""},"tablet":{"background-color":"var(--ast-global-color-4)","background-image":"","background-repeat":"repeat","background-position":"center center","background-size":"auto","background-attachment":"scroll","background-type":"","background-media":"","overlay-type":"","overlay-color":"","overlay-opacity":"","overlay-gradient":""},"mobile":{"background-color":"var(--ast-global-color-4)","background-image":"","background-repeat":"repeat","background-position":"center center","background-size":"auto","background-attachment":"scroll","background-type":"","background-media":"","overlay-type":"","overlay-color":"","overlay-opacity":"","overlay-gradient":""}},"footnotes":""},"class_list":["post-84","page","type-page","status-publish","hentry"],"_links":{"self":[{"href":"https:\/\/academia.utp.edu.co\/eplab\/wp-json\/wp\/v2\/pages\/84","targetHints":{"allow":["GET"]}}],"collection":[{"href":"https:\/\/academia.utp.edu.co\/eplab\/wp-json\/wp\/v2\/pages"}],"about":[{"href":"https:\/\/academia.utp.edu.co\/eplab\/wp-json\/wp\/v2\/types\/page"}],"author":[{"embeddable":true,"href":"https:\/\/academia.utp.edu.co\/eplab\/wp-json\/wp\/v2\/users\/1902"}],"replies":[{"embeddable":true,"href":"https:\/\/academia.utp.edu.co\/eplab\/wp-json\/wp\/v2\/comments?post=84"}],"version-history":[{"count":63,"href":"https:\/\/academia.utp.edu.co\/eplab\/wp-json\/wp\/v2\/pages\/84\/revisions"}],"predecessor-version":[{"id":494,"href":"https:\/\/academia.utp.edu.co\/eplab\/wp-json\/wp\/v2\/pages\/84\/revisions\/494"}],"wp:attachment":[{"href":"https:\/\/academia.utp.edu.co\/eplab\/wp-json\/wp\/v2\/media?parent=84"}],"curies":[{"name":"wp","href":"https:\/\/api.w.org\/{rel}","templated":true}]}}