{"id":85,"date":"2026-03-12T20:29:08","date_gmt":"2026-03-12T19:29:08","guid":{"rendered":"https:\/\/academia.utp.edu.co\/eplab\/?page_id=85"},"modified":"2026-04-07T22:37:51","modified_gmt":"2026-04-07T20:37:51","slug":"equipo","status":"publish","type":"page","link":"https:\/\/academia.utp.edu.co\/eplab\/equipo\/","title":{"rendered":"Equipo"},"content":{"rendered":"<div class=\"wp-block-columns\">\n<div class=\"wp-block-column\"> <\/div>\n<\/div>\n<div style=\"text-align: center;margin-bottom: 50px\"><span style=\"padding: 6px 18px;border-radius: 50px;background: #eef2f6;color: #475569;font-size: 11px;font-weight: bold;letter-spacing: 2px;text-transform: uppercase\">Grupo de Investigaci\u00f3n<\/span><\/p>\n<h2 style=\"font-size: clamp(2rem, 4vw, 2.8rem);font-weight: 800;color: #0f172a;margin: 20px 0 10px\">Investigadores y Colaboradores<\/h2>\n<p style=\"max-width: 600px;margin: 0 auto;font-size: 16px;line-height: 1.6;color: #64748b\">Equipo multidisciplinario de investigadores con formaci\u00f3n doctoral y experiencia internacional.<\/p>\n<\/div>\n<div class=\"wp-block-columns\" style=\"margin-bottom: -70px\">\n<div class=\"wp-block-column\">\n<div style=\"margin: 0px 22px;background: #ffffff;border: 1px solid #e2e8f0;border-top: 3px solid #0275d8;border-radius: 12px;padding: 32px 20px;text-align: center\">\n<details style=\"cursor: pointer\">\n<summary style=\"margin: 0;padding: 0;font-size: 0px;line-height: 0;color: transparent\"><img decoding=\"async\" style=\"width: 84px;height: 84px;border-radius: 50%;object-fit: cover;margin: 0 auto 16px\" src=\"http:\/\/academia.utp.edu.co\/eplab\/files\/2026\/03\/WhatsApp-Image-2026-03-19-at-11.13.11.jpeg\" alt=\"PhD Andr\u00e9s Escobar Mej\u00eda\" \/><\/p>\n<h3 style=\"font-size: 15px;font-weight: bold;color: #0f172a;margin: 0 0 6px;line-height: normal\">PhD Andr\u00e9s Escobar Mej\u00eda<\/h3>\n<\/summary>\n<div style=\"font-size: 14px;color: #475569;text-align: left;line-height: 1.5;margin-top: 16px;padding-top: 16px;border-top: 1px solid #e2e8f0\"><strong>Perfil Profesional:<\/strong><br \/>Docente e investigador especializado en Sistemas WPT (Wireless Power Transfer) y Sistemas de Control Avanzado.<\/div>\n<\/details>\n<div style=\"font-size: 13px;font-weight: 600;color: #1d4ed8;margin-bottom: 16px;margin-top: 6px\">Docente Investigador<\/div>\n<p><span style=\"padding: 4px 12px;background: #f1f5f9;border-radius: 50px;font-size: 11px;color: #475569;font-weight: 600\">Sistemas WPT y Control<\/span><\/p>\n<\/div>\n<\/div>\n<div class=\"wp-block-column\">\n<div style=\"margin: 0px 22px;background: #ffffff;border: 1px solid #e2e8f0;border-top: 3px solid #0275d8;border-radius: 12px;padding: 32px 20px;text-align: center\">\n<details style=\"cursor: pointer\">\n<summary style=\"margin: 0;padding: 0;font-size: 0px;line-height: 0;color: transparent\"><img decoding=\"async\" style=\"width: 84px;height: 84px;border-radius: 50%;object-fit: cover;margin: 0 auto 16px\" src=\"http:\/\/academia.utp.edu.co\/eplab\/files\/2026\/03\/anita.png\" alt=\"M.Sc. Ana Julieth Mar\u00edn Hurtado\" \/><\/p>\n<h3 style=\"font-size: 15px;font-weight: bold;color: #0f172a;margin: 0 0 6px;line-height: normal\">M.Sc. Ana Julieth Mar\u00edn Hurtado<\/h3>\n<\/summary>\n<div style=\"font-size: 14px;color: #475569;text-align: left;line-height: 1.5;margin-top: 16px;padding-top: 16px;border-top: 1px solid #e2e8f0\"><strong>Perfil Profesional:<\/strong><br \/>Docente e investigadora con enfoque en el control de M\u00e1quinas S\u00edncronas Virtuales y Sistemas Din\u00e1micos.<\/div>\n<\/details>\n<div style=\"font-size: 13px;font-weight: 600;color: #38bdf8;margin-bottom: 16px;margin-top: 6px\">Docente Investigadora<\/div>\n<p><span style=\"padding: 4px 12px;background: #f1f5f9;border-radius: 50px;font-size: 11px;color: #475569;font-weight: 600\">Sistemas Din\u00e1micos<\/span><\/p>\n<\/div>\n<\/div>\n<\/div>\n<div class=\"wp-block-columns\" style=\"margin-bottom: -70px\">\n<div class=\"wp-block-column\">\n<div style=\"margin: 0px 22px;background: #ffffff;border: 1px solid #e2e8f0;border-top: 3px solid #0275d8;border-radius: 12px;padding: 32px 20px;text-align: center\">\n<details style=\"cursor: pointer\">\n<summary style=\"margin: 0;padding: 0;font-size: 0px;line-height: 0;color: transparent\"><img decoding=\"async\" style=\"width: 84px;height: 84px;border-radius: 50%;object-fit: cover;margin: 0 auto 16px\" src=\"http:\/\/academia.utp.edu.co\/eplab\/files\/2026\/03\/manuela.png\" alt=\"M.Sc. Manuela \u00c1lvarez Duque\" \/><\/p>\n<h3 style=\"font-size: 15px;font-weight: bold;color: #0f172a;margin: 0 0 6px;line-height: normal\">M.Sc. Manuela \u00c1lvarez Duque<\/h3>\n<\/summary>\n<div style=\"font-size: 14px;color: #475569;text-align: left;line-height: 1.5;margin-top: 16px;padding-top: 16px;border-top: 1px solid #e2e8f0\"><strong>Perfil Profesional:<\/strong><br \/>Docente dedicada al estudio de Microrredes, Sistemas de Control y Sistemas WPT (Wireless Power Transfer).<\/div>\n<\/details>\n<div style=\"font-size: 13px;font-weight: 600;color: #dc2626;margin-bottom: 16px;margin-top: 6px\">Docente Investigadora<\/div>\n<p><span style=\"padding: 4px 12px;background: #f1f5f9;border-radius: 50px;font-size: 11px;color: #475569;font-weight: 600\">Microrredes y WPT<\/span><\/p>\n<\/div>\n<\/div>\n<div class=\"wp-block-column\">\n<div style=\"margin: 0px 22px;background: #ffffff;border: 1px solid #e2e8f0;border-top: 3px solid #0275d8;border-radius: 12px;padding: 32px 20px;text-align: center\">\n<details style=\"cursor: pointer\">\n<summary style=\"margin: 0;padding: 0;font-size: 0px;line-height: 0;color: transparent\"><img decoding=\"async\" style=\"width: 84px;height: 84px;border-radius: 50%;object-fit: cover;margin: 0 auto 16px\" src=\"http:\/\/academia.utp.edu.co\/eplab\/files\/2026\/03\/wil.jpg\" alt=\"M.Sc. Jose Wilson Giraldo Silva\" \/><\/p>\n<h3 style=\"font-size: 15px;font-weight: bold;color: #0f172a;margin: 0 0 6px;line-height: normal\">M.Sc. Jose Wilson Giraldo Silva<\/h3>\n<\/summary>\n<div style=\"font-size: 14px;color: #475569;text-align: left;line-height: 1.5;margin-top: 16px;padding-top: 16px;border-top: 1px solid #e2e8f0\"><strong>Perfil Profesional:<\/strong><br \/>Docente experto en el Dise\u00f1o Electr\u00f3nico, Inversores y Sistemas WPT (Wireless Power Transfer).<\/div>\n<\/details>\n<div style=\"font-size: 13px;font-weight: 600;color: #0275d8;margin-bottom: 16px;margin-top: 6px\">Docente Investigador<\/div>\n<p><span style=\"padding: 4px 12px;background: #f1f5f9;border-radius: 50px;font-size: 11px;color: #475569;font-weight: 600\">Dise\u00f1o de Inversores<\/span><\/p>\n<\/div>\n<\/div>\n<\/div>\n<div class=\"wp-block-columns\">\n<div class=\"wp-block-column\">\n<div style=\"margin: 0px 22px;background: #ffffff;border: 1px solid #e2e8f0;border-top: 3px solid #0275d8;border-radius: 12px;padding: 32px 20px;text-align: center\">\n<details style=\"cursor: pointer\">\n<summary style=\"margin: 0;padding: 0;font-size: 0px;line-height: 0;color: transparent\"><img decoding=\"async\" style=\"width: 84px;height: 84px;border-radius: 50%;object-fit: cover;margin: 0 auto 16px\" src=\"http:\/\/academia.utp.edu.co\/eplab\/files\/2026\/03\/manu-scaled.png\" alt=\"Ing. Manuela Cardona Acevedo\" \/><\/p>\n<h3 style=\"font-size: 15px;font-weight: bold;color: #0f172a;margin: 0 0 6px;line-height: normal\">Ing. Manuela Cardona Acevedo<\/h3>\n<\/summary>\n<div style=\"font-size: 14px;color: #475569;text-align: left;line-height: 1.5;margin-top: 16px;padding-top: 16px;border-top: 1px solid #e2e8f0\"><strong>Perfil Profesional:<\/strong><br \/>Investigadora enfocada en el Dise\u00f1o Electr\u00f3nico, Sistemas Embebidos y Sistemas WPT (Wireless Power Transfer).<\/div>\n<\/details>\n<div style=\"font-size: 13px;font-weight: 600;color: #38bdf8;margin-bottom: 16px;margin-top: 6px\">Investigadora<\/div>\n<p><span style=\"padding: 4px 12px;background: #f1f5f9;border-radius: 50px;font-size: 11px;color: #475569;font-weight: 600\">Sistemas Embebidos<\/span><\/p>\n<\/div>\n<\/div>\n<\/div>\n<div style=\"text-align: center;margin-top: 60px;margin-bottom: 50px\"><span style=\"padding: 6px 18px;border-radius: 50px;background: #eef2f6;color: #475569;font-size: 11px;font-weight: bold;letter-spacing: 2px;text-transform: uppercase\">Nuestros Estudiantes<\/span><\/p>\n<h2 style=\"font-size: clamp(2rem, 4vw, 2.8rem);font-weight: 800;color: #0f172a;margin: 20px 0 10px\">Semillero de Investigaci\u00f3n<\/h2>\n<p style=\"max-width: 600px;margin: 0 auto;font-size: 16px;line-height: 1.6;color: #64748b\">J\u00f3venes investigadores apoyando los proyectos del laboratorio y fortaleciendo sus capacidades investigativas.<\/p>\n<\/div>\n<div class=\"wp-block-columns\" style=\"margin-bottom: -70px\">\n<div class=\"wp-block-column\">\n<div style=\"margin: 0px 22px;background: #ffffff;border: 1px solid #e2e8f0;border-top: 3px solid #0275d8;border-radius: 12px;padding: 32px 20px;text-align: center\">\n<details style=\"cursor: pointer\">\n<summary style=\"margin: 0;padding: 0;font-size: 0px;line-height: 0;color: transparent\"><img decoding=\"async\" style=\"width: 84px;height: 84px;border-radius: 50%;object-fit: cover;margin: 0 auto 16px\" src=\"http:\/\/academia.utp.edu.co\/eplab\/files\/2026\/03\/yee.jpg\" alt=\"Juan Jos\u00e9 Yee\" \/><\/p>\n<h3 style=\"font-size: 15px;font-weight: bold;color: #0f172a;margin: 0 0 6px;line-height: normal\">Juan Jos\u00e9 Yee<\/h3>\n<\/summary>\n<div style=\"font-size: 14px;color: #475569;text-align: left;line-height: 1.5;margin-top: 16px;padding-top: 16px;border-top: 1px solid #e2e8f0\"><strong>Perfil del Estudiante:<\/strong><br \/>Estudiante de pregrado interesado en el dise\u00f1o y an\u00e1lisis de Transformadores de Estado S\u00f3lido.<\/div>\n<\/details>\n<div style=\"font-size: 13px;font-weight: 600;color: #1d4ed8;margin-bottom: 16px;margin-top: 6px\">Estudiante de Pregrado<\/div>\n<p><span style=\"padding: 4px 12px;background: #f1f5f9;border-radius: 50px;font-size: 11px;color: #475569;font-weight: 600\">Transformadores SST<\/span><\/p>\n<\/div>\n<\/div>\n<div class=\"wp-block-column\">\n<div style=\"margin: 0px 22px;background: #ffffff;border: 1px solid #e2e8f0;border-top: 3px solid #0275d8;border-radius: 12px;padding: 32px 20px;text-align: center\">\n<details style=\"cursor: pointer\">\n<summary style=\"margin: 0;padding: 0;font-size: 0px;line-height: 0;color: transparent\"><img decoding=\"async\" style=\"width: 84px;height: 84px;border-radius: 50%;object-fit: cover;margin: 0 auto 16px\" src=\"http:\/\/academia.utp.edu.co\/eplab\/files\/2026\/04\/juli.png\" alt=\"Katheryn Montenegro Burbano\" \/><\/p>\n<h3 style=\"font-size: 15px;font-weight: bold;color: #0f172a;margin: 0 0 6px;line-height: normal\">Katheryn Montenegro Burbano<\/h3>\n<\/summary>\n<div style=\"font-size: 14px;color: #475569;text-align: left;line-height: 1.5;margin-top: 16px;padding-top: 16px;border-top: 1px solid #e2e8f0\"><strong>Perfil del Estudiante:<\/strong><br \/>Estudiante de pregrado orientada al estudio de Volantes de Inercia, Electr\u00f3nica Automotriz y Sistemas KERS.<\/div>\n<\/details>\n<div style=\"font-size: 13px;font-weight: 600;color: #dc2626;margin-bottom: 16px;margin-top: 6px\">Estudiante de Pregrado<\/div>\n<p><span style=\"padding: 4px 12px;background: #f1f5f9;border-radius: 50px;font-size: 11px;color: #475569;font-weight: 600\">Electr\u00f3nica Automotriz<\/span><\/p>\n<\/div>\n<\/div>\n<\/div>\n<div class=\"wp-block-columns\" style=\"margin-bottom: -70px\">\n<div class=\"wp-block-column\">\n<div style=\"margin: 0px 22px;background: #ffffff;border: 1px solid #e2e8f0;border-top: 3px solid #0275d8;border-radius: 12px;padding: 32px 20px;text-align: center\">\n<details style=\"cursor: pointer\">\n<summary style=\"margin: 0;padding: 0;font-size: 0px;line-height: 0;color: transparent\"><img decoding=\"async\" style=\"width: 84px;height: 84px;border-radius: 50%;object-fit: cover;margin: 0 auto 16px\" src=\"http:\/\/academia.utp.edu.co\/eplab\/files\/2026\/03\/upegui.jpg\" alt=\"Juan Esteban Upegui Villada\" \/><\/p>\n<h3 style=\"font-size: 15px;font-weight: bold;color: #0f172a;margin: 0 0 6px;line-height: normal\">Juan Esteban Upegui Villada<\/h3>\n<\/summary>\n<div style=\"font-size: 14px;color: #475569;text-align: left;line-height: 1.5;margin-top: 16px;padding-top: 16px;border-top: 1px solid #e2e8f0\"><strong>Perfil del Estudiante:<\/strong><br \/>Estudiante de pregrado enfocado en la gesti\u00f3n y operaci\u00f3n de Microrredes El\u00e9ctricas.<\/div>\n<\/details>\n<div style=\"font-size: 13px;font-weight: 600;color: #38bdf8;margin-bottom: 16px;margin-top: 6px\">Estudiante de Pregrado<\/div>\n<p><span style=\"padding: 4px 12px;background: #f1f5f9;border-radius: 50px;font-size: 11px;color: #475569;font-weight: 600\">Microrredes<\/span><\/p>\n<\/div>\n<\/div>\n<div class=\"wp-block-column\">\n<div style=\"margin: 0px 22px;background: #ffffff;border: 1px solid #e2e8f0;border-top: 3px solid #0275d8;border-radius: 12px;padding: 32px 20px;text-align: center\">\n<details style=\"cursor: pointer\">\n<summary style=\"margin: 0;padding: 0;font-size: 0px;line-height: 0;color: transparent\"><img decoding=\"async\" style=\"width: 84px;height: 84px;border-radius: 50%;object-fit: cover;margin: 0 auto 16px\" src=\"http:\/\/academia.utp.edu.co\/eplab\/files\/2026\/04\/pablo.jpg\" alt=\"Pablo Gabriel Avenda\u00f1o Quintero\" \/><\/p>\n<h3 style=\"font-size: 15px;font-weight: bold;color: #0f172a;margin: 0 0 6px;line-height: normal\">Pablo Gabriel Avenda\u00f1o Quintero<\/h3>\n<\/summary>\n<div style=\"font-size: 14px;color: #475569;text-align: left;line-height: 1.5;margin-top: 16px;padding-top: 16px;border-top: 1px solid #e2e8f0\"><strong>Perfil del Estudiante:<\/strong><br \/>Estudiante de pregrado con inter\u00e9s en Energ\u00edas Renovables, Microrredes y Desarrollo de Sistemas Embebidos.<\/div>\n<\/details>\n<div style=\"font-size: 13px;font-weight: 600;color: #0275d8;margin-bottom: 16px;margin-top: 6px\">Estudiante de Pregrado<\/div>\n<p><span style=\"padding: 4px 12px;background: #f1f5f9;border-radius: 50px;font-size: 11px;color: #475569;font-weight: 600\">Energ\u00edas Renovables<\/span><\/p>\n<\/div>\n<\/div>\n<\/div>\n<div class=\"wp-block-columns\">\n<div class=\"wp-block-column\">\n<div style=\"margin: 0px 22px;background: #ffffff;border: 1px solid #e2e8f0;border-top: 3px solid #0275d8;border-radius: 12px;padding: 32px 20px;text-align: center\">\n<details style=\"cursor: pointer\">\n<summary style=\"margin: 0;padding: 0;font-size: 0px;line-height: 0;color: transparent\"><img decoding=\"async\" style=\"width: 84px;height: 84px;border-radius: 50%;object-fit: cover;margin: 0 auto 16px\" src=\"http:\/\/academia.utp.edu.co\/eplab\/files\/2026\/03\/edwin.jpg\" alt=\"Edwin Dayan Aldana Mu\u00f1oz\" \/><\/p>\n<h3 style=\"font-size: 15px;font-weight: bold;color: #0f172a;margin: 0 0 6px;line-height: normal\">Edwin Dayan Aldana Mu\u00f1oz<\/h3>\n<\/summary>\n<div style=\"font-size: 14px;color: #475569;text-align: left;line-height: 1.5;margin-top: 16px;padding-top: 16px;border-top: 1px solid #e2e8f0\"><strong>Perfil del Estudiante:<\/strong><br \/>Estudiante de pregrado con inter\u00e9s en Energ\u00edas Renovables, Dise\u00f1o Electr\u00f3nico y Microrredes El\u00e9ctricas.<\/div>\n<\/details>\n<div style=\"font-size: 13px;font-weight: 600;color: #38bdf8;margin-bottom: 16px;margin-top: 6px\">Estudiante de Pregrado<\/div>\n<p><span style=\"padding: 4px 12px;background: #f1f5f9;border-radius: 50px;font-size: 11px;color: #475569;font-weight: 600\">Investigaci\u00f3n<\/span><\/p>\n<\/div>\n<\/div>\n<div class=\"wp-block-column\">\n<div style=\"margin: 0px 22px;background: #ffffff;border: 1px solid #e2e8f0;border-top: 3px solid #0275d8;border-radius: 12px;padding: 32px 20px;text-align: center\">\n<details style=\"cursor: pointer\">\n<summary style=\"margin: 0;padding: 0;font-size: 0px;line-height: 0;color: transparent\"><img decoding=\"async\" style=\"width: 84px;height: 84px;border-radius: 50%;object-fit: cover;margin: 0 auto 16px\" src=\"http:\/\/academia.utp.edu.co\/eplab\/files\/2026\/03\/kevin.jpg\" alt=\"Kevin Solarte\" \/><\/p>\n<h3 style=\"font-size: 15px;font-weight: bold;color: #0f172a;margin: 0 0 6px;line-height: normal\">Kevin Solarte<\/h3>\n<\/summary>\n<div style=\"font-size: 14px;color: #475569;text-align: left;line-height: 1.5;margin-top: 16px;padding-top: 16px;border-top: 1px solid #e2e8f0\"><strong>Perfil del Estudiante:<\/strong><br \/>Estudiante de pregrado interesado en el desarrollo de sistemas de control y prototipado electr\u00f3nico.<\/div>\n<\/details>\n<div style=\"font-size: 13px;font-weight: 600;color: #1d4ed8;margin-bottom: 16px;margin-top: 6px\">Estudiante de Pregrado<\/div>\n<p><span style=\"padding: 4px 12px;background: #f1f5f9;border-radius: 50px;font-size: 11px;color: #475569;font-weight: 600\">Sistemas de Control<\/span><\/p>\n<\/div>\n<\/div>\n<\/div>\n\n\n<div class=\"wp-block-buttons is-content-justification-center is-layout-flex wp-container-core-buttons-is-layout-a89b3969 wp-block-buttons-is-layout-flex\">\n<div class=\"wp-block-button\"><a class=\"wp-block-button__link has-text-align-center wp-element-button\" href=\"https:\/\/vicerrectorias.utp.edu.co\/viie\/integrantes\/47\/grupo\">Ver Todos los Integrantes<\/a><\/div>\n<\/div>\n\n\n\n<p><\/p>\n","protected":false},"excerpt":{"rendered":"<p>Grupo de Investigaci\u00f3n Investigadores y Colaboradores Equipo multidisciplinario de investigadores con formaci\u00f3n doctoral y experiencia internacional. PhD Andr\u00e9s Escobar Mej\u00eda Perfil Profesional:Docente e investigador especializado en Sistemas WPT (Wireless Power [&hellip;]<\/p>\n","protected":false},"author":1902,"featured_media":0,"parent":0,"menu_order":0,"comment_status":"closed","ping_status":"closed","template":"","meta":{"site-sidebar-layout":"default","site-content-layout":"","ast-site-content-layout":"default","site-content-style":"default","site-sidebar-style":"default","ast-global-header-display":"","ast-banner-title-visibility":"","ast-main-header-display":"","ast-hfb-above-header-display":"","ast-hfb-below-header-display":"","ast-hfb-mobile-header-display":"","site-post-title":"disabled","ast-breadcrumbs-content":"","ast-featured-img":"","footer-sml-layout":"","ast-disable-related-posts":"","theme-transparent-header-meta":"","adv-header-id-meta":"","stick-header-meta":"","header-above-stick-meta":"","header-main-stick-meta":"","header-below-stick-meta":"","astra-migrate-meta-layouts":"default","ast-page-background-enabled":"default","ast-page-background-meta":{"desktop":{"background-color":"var(--ast-global-color-5)","background-image":"","background-repeat":"repeat","background-position":"center center","background-size":"auto","background-attachment":"scroll","background-type":"","background-media":"","overlay-type":"","overlay-color":"","overlay-opacity":"","overlay-gradient":""},"tablet":{"background-color":"","background-image":"","background-repeat":"repeat","background-position":"center center","background-size":"auto","background-attachment":"scroll","background-type":"","background-media":"","overlay-type":"","overlay-color":"","overlay-opacity":"","overlay-gradient":""},"mobile":{"background-color":"","background-image":"","background-repeat":"repeat","background-position":"center center","background-size":"auto","background-attachment":"scroll","background-type":"","background-media":"","overlay-type":"","overlay-color":"","overlay-opacity":"","overlay-gradient":""}},"ast-content-background-meta":{"desktop":{"background-color":"var(--ast-global-color-4)","background-image":"","background-repeat":"repeat","background-position":"center center","background-size":"auto","background-attachment":"scroll","background-type":"","background-media":"","overlay-type":"","overlay-color":"","overlay-opacity":"","overlay-gradient":""},"tablet":{"background-color":"var(--ast-global-color-4)","background-image":"","background-repeat":"repeat","background-position":"center center","background-size":"auto","background-attachment":"scroll","background-type":"","background-media":"","overlay-type":"","overlay-color":"","overlay-opacity":"","overlay-gradient":""},"mobile":{"background-color":"var(--ast-global-color-4)","background-image":"","background-repeat":"repeat","background-position":"center center","background-size":"auto","background-attachment":"scroll","background-type":"","background-media":"","overlay-type":"","overlay-color":"","overlay-opacity":"","overlay-gradient":""}},"footnotes":""},"class_list":["post-85","page","type-page","status-publish","hentry"],"_links":{"self":[{"href":"https:\/\/academia.utp.edu.co\/eplab\/wp-json\/wp\/v2\/pages\/85","targetHints":{"allow":["GET"]}}],"collection":[{"href":"https:\/\/academia.utp.edu.co\/eplab\/wp-json\/wp\/v2\/pages"}],"about":[{"href":"https:\/\/academia.utp.edu.co\/eplab\/wp-json\/wp\/v2\/types\/page"}],"author":[{"embeddable":true,"href":"https:\/\/academia.utp.edu.co\/eplab\/wp-json\/wp\/v2\/users\/1902"}],"replies":[{"embeddable":true,"href":"https:\/\/academia.utp.edu.co\/eplab\/wp-json\/wp\/v2\/comments?post=85"}],"version-history":[{"count":93,"href":"https:\/\/academia.utp.edu.co\/eplab\/wp-json\/wp\/v2\/pages\/85\/revisions"}],"predecessor-version":[{"id":480,"href":"https:\/\/academia.utp.edu.co\/eplab\/wp-json\/wp\/v2\/pages\/85\/revisions\/480"}],"wp:attachment":[{"href":"https:\/\/academia.utp.edu.co\/eplab\/wp-json\/wp\/v2\/media?parent=85"}],"curies":[{"name":"wp","href":"https:\/\/api.w.org\/{rel}","templated":true}]}}