{"id":86,"date":"2026-03-12T20:29:08","date_gmt":"2026-03-12T19:29:08","guid":{"rendered":"https:\/\/academia.utp.edu.co\/eplab\/?page_id=86"},"modified":"2026-03-27T00:50:32","modified_gmt":"2026-03-26T23:50:32","slug":"contacto","status":"publish","type":"page","link":"https:\/\/academia.utp.edu.co\/eplab\/contacto\/","title":{"rendered":"Contacto"},"content":{"rendered":"<section style=\"max-width: 1200px;margin: 80px auto;text-align: center;font-family: 'Segoe UI', Roboto, Arial, sans-serif;background-color: #ffffff;padding: 0 20px\">\n<div style=\"background: #eaf2fb;color: #1565c0;padding: 6px 18px;border-radius: 20px;font-size: 12px;letter-spacing: 2px;font-weight: bold;text-transform: uppercase;margin: 0 auto 20px\">\n    CONTACTO\n  <\/div>\n<h2 style=\"font-size: clamp(2rem, 5vw, 3rem);font-weight: 800;margin-bottom: 10px;color: #000000;line-height: 1.3\">\n    Grupo de Investigaci\u00f3n en <span style=\"color: #1565c0\">Electr\u00f3nica de Potencia<\/span><br \/>\n  <\/h2>\n<p style=\"max-width: 760px;margin: 0 auto 40px;font-size: 18px;line-height: 1.6;color: #4b5563\">\n    Si deseas comunicarte con el laboratorio para informaci\u00f3n institucional, acad\u00e9mica o t\u00e9cnica, puedes hacerlo a trav\u00e9s del siguiente correo electr\u00f3nico o visitar nuestra ubicaci\u00f3n.\n  <\/p>\n<div style=\"grid-template-columns: repeat(auto-fit, minmax(320px, 1fr));gap: 24px;max-width: 900px;margin: 0 auto\">\n<div style=\"background: #f4f8fd;border: 1px solid #d9e4f2;border-top: 4px solid #1565c0;border-radius: 16px;padding: 32px 28px;text-align: center\">\n<p>      <img decoding=\"async\" src=\"http:\/\/academia.utp.edu.co\/eplab\/files\/2026\/03\/Gmail-Logo-PNG-Images.png\" alt=\"Imagen correo\" style=\"width: 72px;height: 72px;margin: 0 auto 12px;border-radius: 50%;object-fit: cover;background: #eaf2fb\"><\/p>\n<h3 style=\"margin: 0 0 4px;font-size: 19px;font-weight: bold;color: #0a1628\">\n        Correo electr\u00f3nico<br \/>\n      <\/h3>\n<p style=\"margin: 0 0 12px;color: #3a5a8c;font-size: 15px;line-height: 1.4\">\n        Canal de contacto institucional del laboratorio.\n      <\/p>\n<p style=\"margin: 0\">\n        <a href=\"mailto:eplab@utp.edu.co\" style=\"color: #1565c0;font-size: 22px;font-weight: bold;text-decoration: none\"><br \/>\n          eplab@utp.edu.co<br \/>\n        <\/a>\n      <\/p>\n<\/p><\/div>\n<div style=\"background: #f4f8fd;border: 1px solid #d9e4f2;border-top: 4px solid #1565c0;border-radius: 16px;padding: 32px 28px;text-align: center\">\n<p>      <a href=\"https:\/\/maps.app.goo.gl\/X35M82qQCaAPE6TSA\" target=\"_blank\" style=\"text-decoration: none\"><br \/>\n        <img decoding=\"async\" src=\"http:\/\/academia.utp.edu.co\/eplab\/files\/2026\/03\/location-red-icon-simple-design-free-vector.jpg\" alt=\"Imagen ubicaci\u00f3n\" style=\"width: 72px;height: 72px;margin: 0 auto 12px;border-radius: 50%;object-fit: cover;background: #eaf2fb\"><br \/>\n      <\/a><\/p>\n<h3 style=\"margin: 0 0 4px;font-size: 19px;font-weight: bold;color: #0a1628\">\n        Ubicaci\u00f3n<br \/>\n      <\/h3>\n<p style=\"margin: 0 0 8px;color: #3a5a8c;font-size: 15px;line-height: 1.4\">\n        Universidad Tecnol\u00f3gica de Pereira\n      <\/p>\n<p style=\"margin: 0;color: #1565c0;font-size: 20px;font-weight: bold;line-height: 1.3\">\n        Facultad de Ingenier\u00eda<br \/>\n        <a href=\"https:\/\/maps.app.goo.gl\/X35M82qQCaAPE6TSA\" target=\"_blank\" style=\"color: #1565c0;text-decoration: none\">Edificio 1B \u2013 Sala 025<\/a><br \/>\n        Pereira, Risaralda, Colombia\n      <\/p>\n<\/p><\/div>\n<\/p><\/div>\n<\/section>\n","protected":false},"excerpt":{"rendered":"<p>CONTACTO Grupo de Investigaci\u00f3n en Electr\u00f3nica de Potencia Si deseas comunicarte con el laboratorio para informaci\u00f3n institucional, acad\u00e9mica o t\u00e9cnica, puedes hacerlo a trav\u00e9s del siguiente correo electr\u00f3nico o visitar [&hellip;]<\/p>\n","protected":false},"author":1902,"featured_media":0,"parent":0,"menu_order":0,"comment_status":"closed","ping_status":"closed","template":"","meta":{"site-sidebar-layout":"default","site-content-layout":"","ast-site-content-layout":"default","site-content-style":"default","site-sidebar-style":"default","ast-global-header-display":"","ast-banner-title-visibility":"","ast-main-header-display":"","ast-hfb-above-header-display":"","ast-hfb-below-header-display":"","ast-hfb-mobile-header-display":"","site-post-title":"disabled","ast-breadcrumbs-content":"","ast-featured-img":"","footer-sml-layout":"","ast-disable-related-posts":"","theme-transparent-header-meta":"","adv-header-id-meta":"","stick-header-meta":"","header-above-stick-meta":"","header-main-stick-meta":"","header-below-stick-meta":"","astra-migrate-meta-layouts":"default","ast-page-background-enabled":"default","ast-page-background-meta":{"desktop":{"background-color":"var(--ast-global-color-5)","background-image":"","background-repeat":"repeat","background-position":"center center","background-size":"auto","background-attachment":"scroll","background-type":"","background-media":"","overlay-type":"","overlay-color":"","overlay-opacity":"","overlay-gradient":""},"tablet":{"background-color":"","background-image":"","background-repeat":"repeat","background-position":"center center","background-size":"auto","background-attachment":"scroll","background-type":"","background-media":"","overlay-type":"","overlay-color":"","overlay-opacity":"","overlay-gradient":""},"mobile":{"background-color":"","background-image":"","background-repeat":"repeat","background-position":"center center","background-size":"auto","background-attachment":"scroll","background-type":"","background-media":"","overlay-type":"","overlay-color":"","overlay-opacity":"","overlay-gradient":""}},"ast-content-background-meta":{"desktop":{"background-color":"var(--ast-global-color-4)","background-image":"","background-repeat":"repeat","background-position":"center center","background-size":"auto","background-attachment":"scroll","background-type":"","background-media":"","overlay-type":"","overlay-color":"","overlay-opacity":"","overlay-gradient":""},"tablet":{"background-color":"var(--ast-global-color-4)","background-image":"","background-repeat":"repeat","background-position":"center center","background-size":"auto","background-attachment":"scroll","background-type":"","background-media":"","overlay-type":"","overlay-color":"","overlay-opacity":"","overlay-gradient":""},"mobile":{"background-color":"var(--ast-global-color-4)","background-image":"","background-repeat":"repeat","background-position":"center center","background-size":"auto","background-attachment":"scroll","background-type":"","background-media":"","overlay-type":"","overlay-color":"","overlay-opacity":"","overlay-gradient":""}},"footnotes":""},"class_list":["post-86","page","type-page","status-publish","hentry"],"_links":{"self":[{"href":"https:\/\/academia.utp.edu.co\/eplab\/wp-json\/wp\/v2\/pages\/86","targetHints":{"allow":["GET"]}}],"collection":[{"href":"https:\/\/academia.utp.edu.co\/eplab\/wp-json\/wp\/v2\/pages"}],"about":[{"href":"https:\/\/academia.utp.edu.co\/eplab\/wp-json\/wp\/v2\/types\/page"}],"author":[{"embeddable":true,"href":"https:\/\/academia.utp.edu.co\/eplab\/wp-json\/wp\/v2\/users\/1902"}],"replies":[{"embeddable":true,"href":"https:\/\/academia.utp.edu.co\/eplab\/wp-json\/wp\/v2\/comments?post=86"}],"version-history":[{"count":12,"href":"https:\/\/academia.utp.edu.co\/eplab\/wp-json\/wp\/v2\/pages\/86\/revisions"}],"predecessor-version":[{"id":465,"href":"https:\/\/academia.utp.edu.co\/eplab\/wp-json\/wp\/v2\/pages\/86\/revisions\/465"}],"wp:attachment":[{"href":"https:\/\/academia.utp.edu.co\/eplab\/wp-json\/wp\/v2\/media?parent=86"}],"curies":[{"name":"wp","href":"https:\/\/api.w.org\/{rel}","templated":true}]}}