{"id":9,"date":"2026-02-24T17:38:42","date_gmt":"2026-02-24T16:38:42","guid":{"rendered":"https:\/\/academia.utp.edu.co\/eplab\/?page_id=9"},"modified":"2026-03-25T21:20:53","modified_gmt":"2026-03-25T20:20:53","slug":"home","status":"publish","type":"page","link":"https:\/\/academia.utp.edu.co\/eplab\/","title":{"rendered":"Inicio"},"content":{"rendered":"<div class=\"wp-block-cover alignfull\" style=\"padding: 80px 20px;min-height: 100vh;background-color: #ffffff;position: relative;overflow: hidden;align-items: center;justify-content: center\">\n  <div style=\"position: absolute;top: 0;left: 0;right: 0;bottom: 0;background: #ffffff;z-index: 0\"><\/div>\n\n  <div style=\"position: relative;z-index: 1;width: 100%;max-width: 1000px;margin: 0 auto;text-align: center;font-family: 'Montserrat', sans-serif\">\n    \n    <div style=\"margin: 0 auto 30px auto;width: 130px;height: 130px;background-color: #ffffff;border: 4px solid #0056b3;border-radius: 12px;align-items: center;justify-content: center\">\n      <img decoding=\"async\" style=\"width: 95px;height: auto;border-radius: 8px\" src=\"https:\/\/hebbkx1anhila5yf.public.blob.vercel-storage.com\/unnamed-3-GGgg9BFXvrCNkGiYBfJTkZtFony35q.png\" alt=\"Logo PERG\" \/>\n    <\/div>\n\n    <h1 style=\"font-size: clamp(35px, 7vw, 75px);font-weight: 800;line-height: 1;color: #000000;margin: 0\">\n      Power Electronics\n    <\/h1>\n\n    <h2 style=\"font-size: clamp(35px, 7vw, 75px);font-weight: 800;line-height: 1;color: #0056b3;margin: 0 0 30px 0\">\n      Research Group\n    <\/h2>\n\n    <p style=\"font-size: 18px;color: #1a1a1a;max-width: 650px;margin: 0 auto 45px auto;line-height: 1.6\">\n      Grupo de investigaci\u00f3n de la Universidad Tecnol\u00f3gica de Pereira dedicado a la innovaci\u00f3n en electr\u00f3nica de potencia, calidad de energ\u00eda y sistemas el\u00e9ctricos.\n    <\/p>\n\n    <div style=\"justify-content: center;align-items: center;gap: 80px;margin-top: 40px;flex-wrap: wrap\">\n      <a style=\"align-items: center;justify-content: center;padding: 16px 32px;border-radius: 50px;background: #0056b3;color: #ffffff;text-decoration: none;font-weight: 600;border: 2px solid #0056b3\" href=\"https:\/\/academia.utp.edu.co\/eplab\/servicios\/\">\n        Nuestros Servicios\n      <\/a>\n\n      <a style=\"align-items: center;justify-content: center;padding: 16px 32px;border-radius: 50px;background: #0a2540;color: #ffffff;text-decoration: none;font-weight: 600;border: 2px solid #0a2540\" href=\"https:\/\/academia.utp.edu.co\/eplab\/investigacion\/\">\n        L\u00edneas de Investigaci\u00f3n\n      <\/a>\n    <\/div>\n\n    <div style=\"padding-top: 55px;width: 100%;max-width: 850px;margin: 0 auto\">\n      <div style=\"background: #f7fbff;border: 2px solid #0056b3;border-radius: 22px;padding: 28px 20px\">\n        <table style=\"width: 100%;border: none;background: transparent;border-collapse: collapse\">\n          <tbody>\n            <tr>\n              <td style=\"width: 33.33%;text-align: center;border: none;padding: 10px 12px\">\n                <div style=\"font-size: 55px;font-weight: 800;color: #000000;line-height: 1\">20+<\/div>\n                <div style=\"font-size: 12px;color: #0056b3;text-transform: uppercase;letter-spacing: 2px;margin-top: 10px;font-weight: 700\">A\u00f1os<\/div>\n              <\/td>\n\n              <td style=\"width: 33.33%;text-align: center;border-left: 1px solid #c9def5;border-right: 1px solid #c9def5;padding: 10px 12px\">\n                <div style=\"font-size: 55px;font-weight: 800;color: #000000;line-height: 1\">50+<\/div>\n                <div style=\"font-size: 12px;color: #0056b3;text-transform: uppercase;letter-spacing: 2px;margin-top: 10px;font-weight: 700\">Proyectos<\/div>\n              <\/td>\n\n              <td style=\"width: 33.33%;text-align: center;border: none;padding: 10px 12px\">\n                <div style=\"font-size: 55px;font-weight: 800;color: #000000;line-height: 1\">15+<\/div>\n                <div style=\"font-size: 12px;color: #0056b3;text-transform: uppercase;letter-spacing: 2px;margin-top: 10px;font-weight: 700\">Investigadores<\/div>\n              <\/td>\n            <\/tr>\n          <\/tbody>\n        <\/table>\n      <\/div>\n    <\/div>\n\n  <\/div>\n<\/div>\n\n\n<div class=\"wp-block-columns has-background is-layout-flex wp-container-core-columns-is-layout-28f84493 wp-block-columns-is-layout-flex\" style=\"background-color:#ffffff\">\n  \n  <div class=\"wp-block-column is-layout-flow wp-block-column-is-layout-flow\"><\/div>\n  \n\n  \n  <div class=\"wp-block-column is-layout-flow wp-block-column-is-layout-flow\">\n    \n    <figure class=\"wp-block-image aligncenter size-full is-resized is-style-default\">\n      <img loading=\"lazy\" decoding=\"async\" width=\"300\" height=\"200\" src=\"http:\/\/academia.utp.edu.co\/eplab\/files\/2026\/03\/4.Logo_UTP-1.png\" alt=\"\" class=\"wp-image-104\" style=\"width:119px;height:auto\" \/>\n    <\/figure>\n    \n  <\/div>\n  \n\n  \n  <div class=\"wp-block-column is-layout-flow wp-block-column-is-layout-flow\"><\/div>\n  \n<\/div>\n","protected":false},"excerpt":{"rendered":"<p>Power Electronics Research Group Grupo de investigaci\u00f3n de la Universidad Tecnol\u00f3gica de Pereira dedicado a la innovaci\u00f3n en electr\u00f3nica de potencia, calidad de energ\u00eda y sistemas el\u00e9ctricos. Nuestros Servicios L\u00edneas [&hellip;]<\/p>\n","protected":false},"author":1902,"featured_media":0,"parent":0,"menu_order":0,"comment_status":"closed","ping_status":"closed","template":"","meta":{"site-sidebar-layout":"default","site-content-layout":"","ast-site-content-layout":"full-width-container","site-content-style":"unboxed","site-sidebar-style":"default","ast-global-header-display":"disabled","ast-banner-title-visibility":"disabled","ast-main-header-display":"","ast-hfb-above-header-display":"","ast-hfb-below-header-display":"","ast-hfb-mobile-header-display":"","site-post-title":"disabled","ast-breadcrumbs-content":"","ast-featured-img":"","footer-sml-layout":"disabled","ast-disable-related-posts":"","theme-transparent-header-meta":"","adv-header-id-meta":"","stick-header-meta":"","header-above-stick-meta":"","header-main-stick-meta":"","header-below-stick-meta":"","astra-migrate-meta-layouts":"default","ast-page-background-enabled":"default","ast-page-background-meta":{"desktop":{"background-color":"var(--ast-global-color-5)","background-image":"","background-repeat":"repeat","background-position":"center center","background-size":"auto","background-attachment":"scroll","background-type":"","background-media":"","overlay-type":"","overlay-color":"","overlay-opacity":"","overlay-gradient":""},"tablet":{"background-color":"","background-image":"","background-repeat":"repeat","background-position":"center center","background-size":"auto","background-attachment":"scroll","background-type":"","background-media":"","overlay-type":"","overlay-color":"","overlay-opacity":"","overlay-gradient":""},"mobile":{"background-color":"","background-image":"","background-repeat":"repeat","background-position":"center center","background-size":"auto","background-attachment":"scroll","background-type":"","background-media":"","overlay-type":"","overlay-color":"","overlay-opacity":"","overlay-gradient":""}},"ast-content-background-meta":{"desktop":{"background-color":"var(--ast-global-color-4)","background-image":"","background-repeat":"repeat","background-position":"center center","background-size":"auto","background-attachment":"scroll","background-type":"","background-media":"","overlay-type":"","overlay-color":"","overlay-opacity":"","overlay-gradient":""},"tablet":{"background-color":"var(--ast-global-color-4)","background-image":"","background-repeat":"repeat","background-position":"center center","background-size":"auto","background-attachment":"scroll","background-type":"","background-media":"","overlay-type":"","overlay-color":"","overlay-opacity":"","overlay-gradient":""},"mobile":{"background-color":"var(--ast-global-color-4)","background-image":"","background-repeat":"repeat","background-position":"center center","background-size":"auto","background-attachment":"scroll","background-type":"","background-media":"","overlay-type":"","overlay-color":"","overlay-opacity":"","overlay-gradient":""}},"footnotes":""},"class_list":["post-9","page","type-page","status-publish","hentry"],"_links":{"self":[{"href":"https:\/\/academia.utp.edu.co\/eplab\/wp-json\/wp\/v2\/pages\/9","targetHints":{"allow":["GET"]}}],"collection":[{"href":"https:\/\/academia.utp.edu.co\/eplab\/wp-json\/wp\/v2\/pages"}],"about":[{"href":"https:\/\/academia.utp.edu.co\/eplab\/wp-json\/wp\/v2\/types\/page"}],"author":[{"embeddable":true,"href":"https:\/\/academia.utp.edu.co\/eplab\/wp-json\/wp\/v2\/users\/1902"}],"replies":[{"embeddable":true,"href":"https:\/\/academia.utp.edu.co\/eplab\/wp-json\/wp\/v2\/comments?post=9"}],"version-history":[{"count":24,"href":"https:\/\/academia.utp.edu.co\/eplab\/wp-json\/wp\/v2\/pages\/9\/revisions"}],"predecessor-version":[{"id":307,"href":"https:\/\/academia.utp.edu.co\/eplab\/wp-json\/wp\/v2\/pages\/9\/revisions\/307"}],"wp:attachment":[{"href":"https:\/\/academia.utp.edu.co\/eplab\/wp-json\/wp\/v2\/media?parent=9"}],"curies":[{"name":"wp","href":"https:\/\/api.w.org\/{rel}","templated":true}]}}