{"id":7,"date":"2025-10-27T11:38:03","date_gmt":"2025-10-27T16:38:03","guid":{"rendered":"https:\/\/academia.utp.edu.co\/escuela-ciencias-sociales\/hestia-front\/"},"modified":"2025-11-14T16:36:23","modified_gmt":"2025-11-14T21:36:23","slug":"hestia-front","status":"publish","type":"page","link":"https:\/\/academia.utp.edu.co\/escuela-ciencias-sociales\/","title":{"rendered":"Ense\u00f1anza de las Ciencias Sociales"},"content":{"rendered":"\n<p>La&nbsp;Comunidad Virtual de Ense\u00f1anza de las Ciencias Sociales para Docentes Rurales de Risaralda&nbsp;es una iniciativa desarrollada por La Escuela de Ciencias Sociales de la&nbsp;Universidad Tecnol\u00f3gica de Pereira&nbsp;a trav\u00e9s de su Vicerrector\u00eda de Investigaciones, Innovaci\u00f3n y Extensi\u00f3n, como parte del proyecto de extensi\u00f3n destinado a fortalecer las pr\u00e1cticas pedag\u00f3gicas en contextos rurales. Este espacio digital tiene como objetivo general crear un entorno colaborativo permanente donde los docentes del \u00e1rea de Ciencias Sociales puedan compartir recursos, experiencias y construir conocimientos de manera colectiva, superando el aislamiento geogr\u00e1fico y promoviendo la actualizaci\u00f3n did\u00e1ctica continua. <\/p>\n\n\n\n<h3 class=\"wp-block-heading has-text-align-center\">La <strong>Ense\u00f1anza de las Ciencias Sociales en los Territorios Rurales del Centro Occidente Colombiano<\/strong><\/h3>\n\n\n\n<p>Esta categor\u00eda es un espacio de reflexi\u00f3n y encuentro dedicado a la pr\u00e1ctica pedag\u00f3gica de las Ciencias Sociales en contextos rurales. Surge como respuesta a la necesidad de visibilizar y fortalecer los procesos de ense\u00f1anza y aprendizaje que respondan a las realidades, desaf\u00edos y oportunidades de los territorios rurales del centro occidente colombiano, especialmente en el departamento de Risaralda.<\/p>\n\n\n\n<h3 class=\"wp-block-heading has-text-align-center\"><strong>Historia Local y Regional en el Centro Occidente Colombiano<\/strong><\/h3>\n\n\n\n<p>Esta categor\u00eda est\u00e1 dedicada al rescate, la divulgaci\u00f3n y la discusi\u00f3n de los procesos hist\u00f3ricos, culturales y sociales que han configurado la identidad del centro occidente colombiano. Funciona como un repositorio y espacio de an\u00e1lisis de las memorias, tradiciones y transformaciones que caracterizan a esta regi\u00f3n, con \u00e9nfasis en las voces y experiencias de las comunidades. <\/p>\n\n\n\n<div class=\"wp-block-columns are-vertically-aligned-top is-layout-flex wp-container-core-columns-is-layout-28f84493 wp-block-columns-is-layout-flex\">\n<div class=\"wp-block-column is-vertically-aligned-top is-layout-flow wp-block-column-is-layout-flow\">\n<div class=\"wp-block-cover aligncenter\"><img loading=\"lazy\" decoding=\"async\" width=\"640\" height=\"480\" class=\"wp-block-cover__image-background wp-image-32\" alt=\"\" src=\"http:\/\/academia.utp.edu.co\/escuela-ciencias-sociales\/files\/2025\/10\/definicion-de-historia.png\" data-object-fit=\"cover\" srcset=\"https:\/\/academia.utp.edu.co\/escuela-ciencias-sociales\/files\/2025\/10\/definicion-de-historia.png 640w, https:\/\/academia.utp.edu.co\/escuela-ciencias-sociales\/files\/2025\/10\/definicion-de-historia-300x225.png 300w\" sizes=\"auto, (max-width: 640px) 100vw, 640px\" \/><span aria-hidden=\"true\" class=\"wp-block-cover__background has-background-dim\"><\/span><div class=\"wp-block-cover__inner-container is-layout-flow wp-block-cover-is-layout-flow\">\n<h1 class=\"wp-block-heading has-text-align-center has-white-color has-text-color has-link-color has-large-font-size wp-elements-7d4ba6f9ebe093b70724747f0c9c9bbc\"><strong><a href=\"https:\/\/academia.utp.edu.co\/escuela-ciencias-sociales\/category\/historia-local-y-regional-en-el-centro-occidente-colombiano\/\">Historia Local y Regional en el Centro Occidente Colombiano<\/a><\/strong><\/h1>\n<\/div><\/div>\n<\/div>\n\n\n\n<div class=\"wp-block-column is-vertically-aligned-top is-layout-flow wp-block-column-is-layout-flow\">\n<div class=\"wp-block-cover aligncenter\"><img loading=\"lazy\" decoding=\"async\" width=\"640\" height=\"480\" class=\"wp-block-cover__image-background wp-image-31\" alt=\"\" src=\"http:\/\/academia.utp.edu.co\/escuela-ciencias-sociales\/files\/2025\/10\/foto_historia.png\" data-object-fit=\"cover\" srcset=\"https:\/\/academia.utp.edu.co\/escuela-ciencias-sociales\/files\/2025\/10\/foto_historia.png 640w, https:\/\/academia.utp.edu.co\/escuela-ciencias-sociales\/files\/2025\/10\/foto_historia-300x225.png 300w\" sizes=\"auto, (max-width: 640px) 100vw, 640px\" \/><span aria-hidden=\"true\" class=\"wp-block-cover__background has-background-dim\"><\/span><div class=\"wp-block-cover__inner-container is-layout-flow wp-block-cover-is-layout-flow\">\n<h2 class=\"wp-block-heading has-text-align-center has-ast-global-color-4-color has-text-color has-link-color has-large-font-size wp-elements-ee0a69a14d7227ff3274562ae93c5769\"><strong><a href=\"https:\/\/academia.utp.edu.co\/escuela-ciencias-sociales\/category\/ensenanza-de-las-ciencias-sociales-en-los-territorios-rurales-del-centro-occidente-colombiano\/\">Ense\u00f1anza de las Ciencias Sociales en los Territorios Rurales del Centro Occidente Colombiano<\/a><\/strong><\/h2>\n<\/div><\/div>\n<\/div>\n<\/div>\n\n\n\n<p><\/p>\n","protected":false},"excerpt":{"rendered":"<p>La&nbsp;Comunidad Virtual de Ense\u00f1anza de las Ciencias Sociales para Docentes Rurales de Risaralda&nbsp;es una iniciativa desarrollada por La Escuela de Ciencias Sociales de la&nbsp;Universidad Tecnol\u00f3gica de Pereira&nbsp;a trav\u00e9s de su [&hellip;]<\/p>\n","protected":false},"author":1,"featured_media":0,"parent":0,"menu_order":0,"comment_status":"closed","ping_status":"closed","template":"","meta":{"site-sidebar-layout":"default","site-content-layout":"","ast-site-content-layout":"default","site-content-style":"default","site-sidebar-style":"default","ast-global-header-display":"","ast-banner-title-visibility":"","ast-main-header-display":"","ast-hfb-above-header-display":"","ast-hfb-below-header-display":"","ast-hfb-mobile-header-display":"","site-post-title":"disabled","ast-breadcrumbs-content":"","ast-featured-img":"","footer-sml-layout":"","ast-disable-related-posts":"","theme-transparent-header-meta":"","adv-header-id-meta":"","stick-header-meta":"","header-above-stick-meta":"","header-main-stick-meta":"","header-below-stick-meta":"","astra-migrate-meta-layouts":"default","ast-page-background-enabled":"default","ast-page-background-meta":{"desktop":{"background-color":"var(--ast-global-color-5)","background-image":"","background-repeat":"repeat","background-position":"center center","background-size":"auto","background-attachment":"scroll","background-type":"","background-media":"","overlay-type":"","overlay-color":"","overlay-opacity":"","overlay-gradient":""},"tablet":{"background-color":"","background-image":"","background-repeat":"repeat","background-position":"center center","background-size":"auto","background-attachment":"scroll","background-type":"","background-media":"","overlay-type":"","overlay-color":"","overlay-opacity":"","overlay-gradient":""},"mobile":{"background-color":"","background-image":"","background-repeat":"repeat","background-position":"center center","background-size":"auto","background-attachment":"scroll","background-type":"","background-media":"","overlay-type":"","overlay-color":"","overlay-opacity":"","overlay-gradient":""}},"ast-content-background-meta":{"desktop":{"background-color":"var(--ast-global-color-4)","background-image":"","background-repeat":"repeat","background-position":"center center","background-size":"auto","background-attachment":"scroll","background-type":"","background-media":"","overlay-type":"","overlay-color":"","overlay-opacity":"","overlay-gradient":""},"tablet":{"background-color":"var(--ast-global-color-4)","background-image":"","background-repeat":"repeat","background-position":"center center","background-size":"auto","background-attachment":"scroll","background-type":"","background-media":"","overlay-type":"","overlay-color":"","overlay-opacity":"","overlay-gradient":""},"mobile":{"background-color":"var(--ast-global-color-4)","background-image":"","background-repeat":"repeat","background-position":"center center","background-size":"auto","background-attachment":"scroll","background-type":"","background-media":"","overlay-type":"","overlay-color":"","overlay-opacity":"","overlay-gradient":""}},"footnotes":""},"class_list":["post-7","page","type-page","status-publish","hentry"],"_links":{"self":[{"href":"https:\/\/academia.utp.edu.co\/escuela-ciencias-sociales\/wp-json\/wp\/v2\/pages\/7","targetHints":{"allow":["GET"]}}],"collection":[{"href":"https:\/\/academia.utp.edu.co\/escuela-ciencias-sociales\/wp-json\/wp\/v2\/pages"}],"about":[{"href":"https:\/\/academia.utp.edu.co\/escuela-ciencias-sociales\/wp-json\/wp\/v2\/types\/page"}],"author":[{"embeddable":true,"href":"https:\/\/academia.utp.edu.co\/escuela-ciencias-sociales\/wp-json\/wp\/v2\/users\/1"}],"replies":[{"embeddable":true,"href":"https:\/\/academia.utp.edu.co\/escuela-ciencias-sociales\/wp-json\/wp\/v2\/comments?post=7"}],"version-history":[{"count":18,"href":"https:\/\/academia.utp.edu.co\/escuela-ciencias-sociales\/wp-json\/wp\/v2\/pages\/7\/revisions"}],"predecessor-version":[{"id":90,"href":"https:\/\/academia.utp.edu.co\/escuela-ciencias-sociales\/wp-json\/wp\/v2\/pages\/7\/revisions\/90"}],"wp:attachment":[{"href":"https:\/\/academia.utp.edu.co\/escuela-ciencias-sociales\/wp-json\/wp\/v2\/media?parent=7"}],"curies":[{"name":"wp","href":"https:\/\/api.w.org\/{rel}","templated":true}]}}