{"id":11251,"date":"2019-10-31T15:51:00","date_gmt":"2019-10-31T20:51:00","guid":{"rendered":"http:\/\/academia.utp.edu.co\/extensiondeportes\/?page_id=11251"},"modified":"2024-10-27T17:01:20","modified_gmt":"2024-10-27T22:01:20","slug":"que-es-games-for-sport","status":"publish","type":"page","link":"https:\/\/academia.utp.edu.co\/extensiondeportes\/inicio\/que-es-games-for-sport\/","title":{"rendered":"Games For Sports"},"content":{"rendered":"<div class=\"wp-block-image\">\n<figure class=\"aligncenter\"><img loading=\"lazy\" decoding=\"async\" width=\"800\" height=\"200\" src=\"https:\/\/academia.utp.edu.co\/extensiondeportes\/files\/2019\/10\/GXS-FORUM-JPG.jpg\" alt=\"\" class=\"wp-image-11271\" srcset=\"https:\/\/academia.utp.edu.co\/extensiondeportes\/files\/2019\/10\/GXS-FORUM-JPG.jpg 800w, https:\/\/academia.utp.edu.co\/extensiondeportes\/files\/2019\/10\/GXS-FORUM-JPG-300x75.jpg 300w, https:\/\/academia.utp.edu.co\/extensiondeportes\/files\/2019\/10\/GXS-FORUM-JPG-768x192.jpg 768w\" sizes=\"auto, (max-width: 800px) 100vw, 800px\" \/><\/figure>\n<\/div>\n\n\n<p class=\"has-medium-font-size\">Games For Sports es un proyecto del \u00c1rea de Investigaci\u00f3n y Extensi\u00f3n dirigido al fomento y la promoci\u00f3n de los deportes electr\u00f3nicos para la gesti\u00f3n estructural de los Esports, debido al gran impacto en el mundo actual.<\/p>\n\n\n\n<p class=\"has-medium-font-size\">Es una propuesta organizada que tiene como objetivo reunir a una serie de individuos con determinadas capacidades en los E-sports, este proyecto busca fomentar la pr\u00e1ctica de los videojuegos en el tiempo libre, contando con la asistencia de estudiantes, docentes, administrativos y externos de la UTP, incentivando a un espacio de esparcimiento a trav\u00e9s de juegos m\u00f3viles, consolas y PC, con un enfoque a que los participantes demuestren sus habilidades en el medio. Con esto tambi\u00e9n se busca demostrar a las personas que los videojuegos son medio de aprovechamiento del tiempo libre y no un impedimento para la formaci\u00f3n profesional de una persona, por ende, es un medio de dispersi\u00f3n que ayuda a mejorar sus estados de \u00e1nimo en tiempos de sobrecarga acad\u00e9mica.<\/p>\n\n\n\n<p class=\"has-medium-font-size\"><\/p>\n\n\n\n<p class=\"has-medium-font-size\"><strong><em>Canales de comunicaci\u00f3n: <\/em><\/strong><\/p>\n\n\n\n<p>Instagram: <a href=\"https:\/\/www.instagram.com\/gxs.utp\/\">https:\/\/www.instagram.com\/gxs.utp\/<\/a><\/p>\n\n\n\n<p>Facebook: <a rel=\"noreferrer noopener\" href=\"https:\/\/www.facebook.com\/Games-for-sports-106843087425272\" data-type=\"URL\" data-id=\"https:\/\/www.facebook.com\/Games-for-sports-106843087425272\" target=\"_blank\">https:\/\/www.facebook.com\/Games-for-sports-106843087425272<\/a><\/p>\n\n\n\n<p>Tiktok: <a href=\"https:\/\/vm.tiktok.com\/ZMene26pj\/\" data-type=\"URL\" data-id=\"https:\/\/vm.tiktok.com\/ZMene26pj\/\" target=\"_blank\" rel=\"noreferrer noopener\">https:\/\/www.tiktok.com\/@gxs.utp?_t=8pV0lWCZpaQ&amp;_r=1<\/a><\/p>\n\n\n\n<p>Correo: informaciongigede@gmail.com<\/p>\n\n\n<div class=\"wp-block-image\">\n<figure class=\"aligncenter size-large is-resized\"><a href=\"https:\/\/academia.utp.edu.co\/extensiondeportes\/files\/2021\/05\/WhatsApp-Image-2021-05-25-at-4.07.30-PM-1.jpeg\"><img loading=\"lazy\" decoding=\"async\" width=\"410\" height=\"1024\" src=\"https:\/\/academia.utp.edu.co\/extensiondeportes\/files\/2021\/05\/WhatsApp-Image-2021-05-25-at-4.07.30-PM-1-410x1024.jpeg\" alt=\"\" class=\"wp-image-16281\" style=\"width:380px;height:945px\" srcset=\"https:\/\/academia.utp.edu.co\/extensiondeportes\/files\/2021\/05\/WhatsApp-Image-2021-05-25-at-4.07.30-PM-1-410x1024.jpeg 410w, https:\/\/academia.utp.edu.co\/extensiondeportes\/files\/2021\/05\/WhatsApp-Image-2021-05-25-at-4.07.30-PM-1-120x300.jpeg 120w, https:\/\/academia.utp.edu.co\/extensiondeportes\/files\/2021\/05\/WhatsApp-Image-2021-05-25-at-4.07.30-PM-1.jpeg 512w\" sizes=\"auto, (max-width: 410px) 100vw, 410px\" \/><\/a><figcaption class=\"wp-element-caption\">Infograf\u00eda de proyecto por Sergio Villada<\/figcaption><\/figure>\n<\/div>\n\n\n<figure class=\"wp-block-image\"><img loading=\"lazy\" decoding=\"async\" width=\"1024\" height=\"768\" src=\"https:\/\/academia.utp.edu.co\/extensiondeportes\/files\/2019\/10\/IMG_20190909_143729413-1024x768.jpg\" alt=\"\" class=\"wp-image-11321\" srcset=\"https:\/\/academia.utp.edu.co\/extensiondeportes\/files\/2019\/10\/IMG_20190909_143729413-1024x768.jpg 1024w, https:\/\/academia.utp.edu.co\/extensiondeportes\/files\/2019\/10\/IMG_20190909_143729413-300x225.jpg 300w, https:\/\/academia.utp.edu.co\/extensiondeportes\/files\/2019\/10\/IMG_20190909_143729413-768x576.jpg 768w\" sizes=\"auto, (max-width: 1024px) 100vw, 1024px\" \/><figcaption class=\"wp-element-caption\">Games For Sports, Hall de la Facultad de Salud, (Pre-pandemia Covid19)<\/figcaption><\/figure>\n","protected":false},"excerpt":{"rendered":"<p>Games For Sports es un proyecto del \u00c1rea de Investigaci\u00f3n y Extensi\u00f3n dirigido al fomento y la promoci\u00f3n de los deportes electr\u00f3nicos para la gesti\u00f3n estructural de los Esports, debido [&hellip;]<\/p>\n","protected":false},"author":601,"featured_media":11261,"parent":17,"menu_order":0,"comment_status":"closed","ping_status":"closed","template":"","meta":{"_EventAllDay":false,"_EventTimezone":"","_EventStartDate":"","_EventEndDate":"","_EventStartDateUTC":"","_EventEndDateUTC":"","_EventShowMap":false,"_EventShowMapLink":false,"_EventURL":"","_EventCost":"","_EventCostDescription":"","_EventCurrencySymbol":"","_EventCurrencyCode":"","_EventCurrencyPosition":"","_EventDateTimeSeparator":"","_EventTimeRangeSeparator":"","_EventOrganizerID":[],"_EventVenueID":[],"_OrganizerEmail":"","_OrganizerPhone":"","_OrganizerWebsite":"","_VenueAddress":"","_VenueCity":"","_VenueCountry":"","_VenueProvince":"","_VenueState":"","_VenueZip":"","_VenuePhone":"","_VenueURL":"","_VenueStateProvince":"","_VenueLat":"","_VenueLng":"","_VenueShowMap":false,"_VenueShowMapLink":false,"footnotes":""},"class_list":["post-11251","page","type-page","status-publish","has-post-thumbnail","hentry"],"_links":{"self":[{"href":"https:\/\/academia.utp.edu.co\/extensiondeportes\/wp-json\/wp\/v2\/pages\/11251","targetHints":{"allow":["GET"]}}],"collection":[{"href":"https:\/\/academia.utp.edu.co\/extensiondeportes\/wp-json\/wp\/v2\/pages"}],"about":[{"href":"https:\/\/academia.utp.edu.co\/extensiondeportes\/wp-json\/wp\/v2\/types\/page"}],"author":[{"embeddable":true,"href":"https:\/\/academia.utp.edu.co\/extensiondeportes\/wp-json\/wp\/v2\/users\/601"}],"replies":[{"embeddable":true,"href":"https:\/\/academia.utp.edu.co\/extensiondeportes\/wp-json\/wp\/v2\/comments?post=11251"}],"version-history":[{"count":13,"href":"https:\/\/academia.utp.edu.co\/extensiondeportes\/wp-json\/wp\/v2\/pages\/11251\/revisions"}],"predecessor-version":[{"id":22646,"href":"https:\/\/academia.utp.edu.co\/extensiondeportes\/wp-json\/wp\/v2\/pages\/11251\/revisions\/22646"}],"up":[{"embeddable":true,"href":"https:\/\/academia.utp.edu.co\/extensiondeportes\/wp-json\/wp\/v2\/pages\/17"}],"wp:featuredmedia":[{"embeddable":true,"href":"https:\/\/academia.utp.edu.co\/extensiondeportes\/wp-json\/wp\/v2\/media\/11261"}],"wp:attachment":[{"href":"https:\/\/academia.utp.edu.co\/extensiondeportes\/wp-json\/wp\/v2\/media?parent=11251"}],"curies":[{"name":"wp","href":"https:\/\/api.w.org\/{rel}","templated":true}]}}