{"id":12071,"date":"2020-05-20T12:20:44","date_gmt":"2020-05-20T17:20:44","guid":{"rendered":"http:\/\/academia.utp.edu.co\/extensiondeportes\/?page_id=12071"},"modified":"2024-10-06T19:15:30","modified_gmt":"2024-10-07T00:15:30","slug":"memorias-conferencias-ii-congreso-nacional-de-derecho-deportivo","status":"publish","type":"page","link":"https:\/\/academia.utp.edu.co\/extensiondeportes\/eventos-1\/ii-congreso-nacional-de-derecho-deportivo\/memorias-conferencias-ii-congreso-nacional-de-derecho-deportivo\/","title":{"rendered":"Memorias Conferencias | II Congreso Nacional de Derecho Deportivo"},"content":{"rendered":"\n<div class=\"wp-block-image\"><figure class=\"aligncenter size-large is-resized\"><img loading=\"lazy\" decoding=\"async\" src=\"https:\/\/academia.utp.edu.co\/extensiondeportes\/files\/2020\/05\/Memorias-Conferencistas-1024x530.jpeg\" alt=\"\" class=\"wp-image-12871\" width=\"609\" height=\"314\" srcset=\"https:\/\/academia.utp.edu.co\/extensiondeportes\/files\/2020\/05\/Memorias-Conferencistas-1024x530.jpeg 1024w, https:\/\/academia.utp.edu.co\/extensiondeportes\/files\/2020\/05\/Memorias-Conferencistas-300x155.jpeg 300w, https:\/\/academia.utp.edu.co\/extensiondeportes\/files\/2020\/05\/Memorias-Conferencistas.jpeg 1122w\" sizes=\"auto, (max-width: 609px) 100vw, 609px\" \/><\/figure><\/div>\n\n\n\n<p class=\"has-text-align-center\"><strong>D\u00eda 1 &#8211; Jueves 14 De Mayo de 2020<\/strong><\/p>\n\n\n\n<div class=\"wp-block-file\"><a href=\"https:\/\/academia.utp.edu.co\/extensiondeportes\/files\/2020\/05\/Balance-Competitivo-En-El-Deporte-Profesional.-Roberto-Millan.pdf\">Balance-Competitivo-En-El-Deporte-Profesional.-Roberto-Millan<\/a><a href=\"https:\/\/academia.utp.edu.co\/extensiondeportes\/files\/2020\/05\/Balance-Competitivo-En-El-Deporte-Profesional.-Roberto-Millan.pdf\" class=\"wp-block-file__button\" download>Descarga<\/a><\/div>\n\n\n\n<div class=\"wp-block-file\"><a href=\"https:\/\/academia.utp.edu.co\/extensiondeportes\/files\/2020\/05\/El-Modelo-De-Convenio-De-La-OCDE-y-El-Deporte.-Carles-Quindos.pdf\">El-Modelo-De-Convenio-De-La-OCDE-y-El-Deporte.-Carles-Quindos<\/a><a href=\"https:\/\/academia.utp.edu.co\/extensiondeportes\/files\/2020\/05\/El-Modelo-De-Convenio-De-La-OCDE-y-El-Deporte.-Carles-Quindos.pdf\" class=\"wp-block-file__button\" download>Descarga<\/a><\/div>\n\n\n\n<div class=\"wp-block-file\"><a href=\"https:\/\/academia.utp.edu.co\/extensiondeportes\/files\/2020\/05\/Intermediarios-y-Arbitros-2-Protagonistas-En-Revision.-Vicente-Javaloyes.pdf\">Intermediarios-y-Arbitros-2-Protagonistas-En-Revision.-Vicente-Javaloyes<\/a><a href=\"https:\/\/academia.utp.edu.co\/extensiondeportes\/files\/2020\/05\/Intermediarios-y-Arbitros-2-Protagonistas-En-Revision.-Vicente-Javaloyes.pdf\" class=\"wp-block-file__button\" download>Descarga<\/a><\/div>\n\n\n\n<div class=\"wp-block-file\"><a href=\"https:\/\/academia.utp.edu.co\/extensiondeportes\/files\/2020\/05\/La-Competencia-Desleal-En-El-Marco-De-Las-Relaciones-Laborales-Deportivas.-El-Caso-De-La-Negociacion-Con-Deportistas-Con-Contratos-Vigentes-Con-Terceros.-Alexis-Faruth-Perea.pdf\">La-Competencia-Desleal-En-El-Marco-De-Las-Relaciones-Laborales-Deportivas.-El-Caso-De-La-Negociacion-Con-Deportistas-Con-Contratos-Vigentes-Con-Terceros.-Alexis-Faruth-Perea<\/a><a href=\"https:\/\/academia.utp.edu.co\/extensiondeportes\/files\/2020\/05\/La-Competencia-Desleal-En-El-Marco-De-Las-Relaciones-Laborales-Deportivas.-El-Caso-De-La-Negociacion-Con-Deportistas-Con-Contratos-Vigentes-Con-Terceros.-Alexis-Faruth-Perea.pdf\" class=\"wp-block-file__button\" download>Descarga<\/a><\/div>\n\n\n\n<div class=\"wp-block-file\"><a href=\"https:\/\/academia.utp.edu.co\/extensiondeportes\/files\/2020\/05\/Las-Organizaciones-Deportivas.-Sistema-Piramidal-Del-Deporte-Organizado.-Esther-Queralto-Tolsau.pdf\">Las-Organizaciones-Deportivas.-Sistema-Piramidal-Del-Deporte-Organizado.-Esther-Queralto-Tolsau<\/a><a href=\"https:\/\/academia.utp.edu.co\/extensiondeportes\/files\/2020\/05\/Las-Organizaciones-Deportivas.-Sistema-Piramidal-Del-Deporte-Organizado.-Esther-Queralto-Tolsau.pdf\" class=\"wp-block-file__button\" download>Descarga<\/a><\/div>\n\n\n\n<div class=\"wp-block-file\"><a href=\"https:\/\/academia.utp.edu.co\/extensiondeportes\/files\/2020\/05\/Modelos-Privados-De-Organizacion-Del-Deporte-EuroLeague-Basketball.-Marta-Utor.pdf\">Modelos-Privados-De-Organizacion-Del-Deporte-EuroLeague-Basketball.-Marta-Utor<\/a><a href=\"https:\/\/academia.utp.edu.co\/extensiondeportes\/files\/2020\/05\/Modelos-Privados-De-Organizacion-Del-Deporte-EuroLeague-Basketball.-Marta-Utor.pdf\" class=\"wp-block-file__button\" download>Descarga<\/a><\/div>\n\n\n\n<p class=\"has-text-align-center\"><strong>D\u00eda 2 &#8211; Viernes 15 De Mayo De 2020<\/strong><\/p>\n\n\n\n<div class=\"wp-block-file\"><a href=\"https:\/\/academia.utp.edu.co\/extensiondeportes\/files\/2020\/05\/Derecho-De-Arena.-Guilherme-de-Martorelli.pdf\">Derecho-De-Arena.-Guilherme-de-Martorelli<\/a><a href=\"https:\/\/academia.utp.edu.co\/extensiondeportes\/files\/2020\/05\/Derecho-De-Arena.-Guilherme-de-Martorelli.pdf\" class=\"wp-block-file__button\" download>Descarga<\/a><\/div>\n\n\n\n<div class=\"wp-block-file\"><a href=\"https:\/\/academia.utp.edu.co\/extensiondeportes\/files\/2020\/05\/Derechos-Humanos-y-Deporte.pdf\">Derechos-Humanos-y-Deporte<\/a><a href=\"https:\/\/academia.utp.edu.co\/extensiondeportes\/files\/2020\/05\/Derechos-Humanos-y-Deporte.pdf\" class=\"wp-block-file__button\" download>Descarga<\/a><\/div>\n\n\n\n<div class=\"wp-block-file\"><a href=\"https:\/\/academia.utp.edu.co\/extensiondeportes\/files\/2020\/05\/Integridad-En-El-Movimiento-Olimpico.-Lorena-Catalina-Novoa.pdf\">Integridad-En-El-Movimiento-Olimpico.-Lorena-Catalina-Novoa<\/a><a href=\"https:\/\/academia.utp.edu.co\/extensiondeportes\/files\/2020\/05\/Integridad-En-El-Movimiento-Olimpico.-Lorena-Catalina-Novoa.pdf\" class=\"wp-block-file__button\" download>Descarga<\/a><\/div>\n\n\n\n<div class=\"wp-block-file\"><a href=\"https:\/\/academia.utp.edu.co\/extensiondeportes\/files\/2020\/05\/Pautas-Para-El-Desarrollo-De-Una-Normatividad-Deportiva-Municipal.pdf\">Pautas-Para-El-Desarrollo-De-Una-Normatividad-Deportiva-Municipal<\/a><a href=\"https:\/\/academia.utp.edu.co\/extensiondeportes\/files\/2020\/05\/Pautas-Para-El-Desarrollo-De-Una-Normatividad-Deportiva-Municipal.pdf\" class=\"wp-block-file__button\" download>Descarga<\/a><\/div>\n\n\n\n<div class=\"wp-block-file\"><a href=\"https:\/\/academia.utp.edu.co\/extensiondeportes\/files\/2020\/05\/Reformas-De-La-Fifa.Nace-Una-Nueva-Figura-Juridica.Hernan-Rubiola.pdf\">Reformas-De-La-Fifa.Nace-Una-Nueva-Figura-Juridica.Hernan-Rubiola<\/a><a href=\"https:\/\/academia.utp.edu.co\/extensiondeportes\/files\/2020\/05\/Reformas-De-La-Fifa.Nace-Una-Nueva-Figura-Juridica.Hernan-Rubiola.pdf\" class=\"wp-block-file__button\" download>Descarga<\/a><\/div>\n\n\n\n<p class=\"has-text-align-center\"><strong>D\u00eda 3 &#8211; S\u00e1bado 16 De Mayo De 2020<\/strong><\/p>\n\n\n\n<div class=\"wp-block-file\"><a href=\"https:\/\/academia.utp.edu.co\/extensiondeportes\/files\/2020\/05\/Balance-Competitivo-En-El-Deporte-Profesional.Roberto-Millan.pdf\">Balance-Competitivo-En-El-Deporte-Profesional.Roberto-Millan<\/a><a href=\"https:\/\/academia.utp.edu.co\/extensiondeportes\/files\/2020\/05\/Balance-Competitivo-En-El-Deporte-Profesional.Roberto-Millan.pdf\" class=\"wp-block-file__button\" download>Descarga<\/a><\/div>\n\n\n\n<div class=\"wp-block-file\"><a href=\"https:\/\/academia.utp.edu.co\/extensiondeportes\/files\/2020\/05\/Enmiendas-Al-Reglamento-Estatuto-De-Transferencia-De-Jugadores.Cesar-Mauricio-Giraldo.pdf\">Enmiendas-Al-Reglamento-Estatuto-De-Transferencia-De-Jugadores.Cesar-Mauricio-Giraldo<\/a><a href=\"https:\/\/academia.utp.edu.co\/extensiondeportes\/files\/2020\/05\/Enmiendas-Al-Reglamento-Estatuto-De-Transferencia-De-Jugadores.Cesar-Mauricio-Giraldo.pdf\" class=\"wp-block-file__button\" download>Descarga<\/a><\/div>\n\n\n\n<div class=\"wp-block-file\"><a href=\"https:\/\/academia.utp.edu.co\/extensiondeportes\/files\/2020\/05\/La-Importancia-De-Los-Mecanismos-De-Resolucion-De-Conflictos-En-El-Deporte.-Juliana-Maria-Giraldo.pdf\">La-Importancia-De-Los-Mecanismos-De-Resolucion-De-Conflictos-En-El-Deporte.-Juliana-Maria-Giraldo<\/a><a href=\"https:\/\/academia.utp.edu.co\/extensiondeportes\/files\/2020\/05\/La-Importancia-De-Los-Mecanismos-De-Resolucion-De-Conflictos-En-El-Deporte.-Juliana-Maria-Giraldo.pdf\" class=\"wp-block-file__button\" download>Descarga<\/a><\/div>\n\n\n\n<div class=\"wp-block-file\"><a href=\"https:\/\/academia.utp.edu.co\/extensiondeportes\/files\/2020\/05\/Liquidacion-Judicial-Del-Deportivo-Pereira-Caso-Sui-Generis-En-Colombia.Oscar-Jaime-Alzate.pdf\">Liquidacion-Judicial-Del-Deportivo-Pereira-Caso-Sui-Generis-En-Colombia.Oscar-Jaime-Alzate<\/a><a href=\"https:\/\/academia.utp.edu.co\/extensiondeportes\/files\/2020\/05\/Liquidacion-Judicial-Del-Deportivo-Pereira-Caso-Sui-Generis-En-Colombia.Oscar-Jaime-Alzate.pdf\" class=\"wp-block-file__button\" download>Descarga<\/a><\/div>\n\n\n\n<div class=\"wp-block-file\"><a href=\"https:\/\/academia.utp.edu.co\/extensiondeportes\/files\/2020\/05\/Retos-Del-Futbol-Femenino-Latinoamericano.-Maria-Jose-Garcia.pdf\">Retos-Del-Futbol-Femenino-Latinoamericano.-Maria-Jose-Garcia<\/a><a href=\"https:\/\/academia.utp.edu.co\/extensiondeportes\/files\/2020\/05\/Retos-Del-Futbol-Femenino-Latinoamericano.-Maria-Jose-Garcia.pdf\" class=\"wp-block-file__button\" download>Descarga<\/a><\/div>\n\n\n\n<div class=\"wp-block-file\"><a href=\"https:\/\/academia.utp.edu.co\/extensiondeportes\/files\/2020\/05\/Se-Puede-Vivir-Del-Derecho-Deportivo-Colombiano-En-Latinoamerica.pdf\">Se-Puede-Vivir-Del-Derecho-Deportivo-Colombiano-En-Latinoamerica<\/a><a href=\"https:\/\/academia.utp.edu.co\/extensiondeportes\/files\/2020\/05\/Se-Puede-Vivir-Del-Derecho-Deportivo-Colombiano-En-Latinoamerica.pdf\" class=\"wp-block-file__button\" download>Descarga<\/a><\/div>\n\n\n\n<div class=\"wp-block-file\"><a href=\"https:\/\/academia.utp.edu.co\/extensiondeportes\/files\/2020\/05\/PANEL-REFORMA-A-LA-LEY.pptx\">PANEL REFORMA A LA LEY<\/a><a href=\"https:\/\/academia.utp.edu.co\/extensiondeportes\/files\/2020\/05\/PANEL-REFORMA-A-LA-LEY.pptx\" class=\"wp-block-file__button\" download>Descarga<\/a><\/div>\n","protected":false},"excerpt":{"rendered":"<p>D\u00eda 1 &#8211; Jueves 14 De Mayo de 2020 D\u00eda 2 &#8211; Viernes 15 De Mayo De 2020 D\u00eda 3 &#8211; S\u00e1bado 16 De Mayo De 2020<\/p>\n","protected":false},"author":601,"featured_media":0,"parent":11621,"menu_order":0,"comment_status":"closed","ping_status":"closed","template":"","meta":{"_EventAllDay":false,"_EventTimezone":"","_EventStartDate":"","_EventEndDate":"","_EventStartDateUTC":"","_EventEndDateUTC":"","_EventShowMap":false,"_EventShowMapLink":false,"_EventURL":"","_EventCost":"","_EventCostDescription":"","_EventCurrencySymbol":"","_EventCurrencyCode":"","_EventCurrencyPosition":"","_EventDateTimeSeparator":"","_EventTimeRangeSeparator":"","_EventOrganizerID":[],"_EventVenueID":[],"_OrganizerEmail":"","_OrganizerPhone":"","_OrganizerWebsite":"","_VenueAddress":"","_VenueCity":"","_VenueCountry":"","_VenueProvince":"","_VenueState":"","_VenueZip":"","_VenuePhone":"","_VenueURL":"","_VenueStateProvince":"","_VenueLat":"","_VenueLng":"","_VenueShowMap":false,"_VenueShowMapLink":false,"footnotes":""},"class_list":["post-12071","page","type-page","status-publish","hentry"],"_links":{"self":[{"href":"https:\/\/academia.utp.edu.co\/extensiondeportes\/wp-json\/wp\/v2\/pages\/12071","targetHints":{"allow":["GET"]}}],"collection":[{"href":"https:\/\/academia.utp.edu.co\/extensiondeportes\/wp-json\/wp\/v2\/pages"}],"about":[{"href":"https:\/\/academia.utp.edu.co\/extensiondeportes\/wp-json\/wp\/v2\/types\/page"}],"author":[{"embeddable":true,"href":"https:\/\/academia.utp.edu.co\/extensiondeportes\/wp-json\/wp\/v2\/users\/601"}],"replies":[{"embeddable":true,"href":"https:\/\/academia.utp.edu.co\/extensiondeportes\/wp-json\/wp\/v2\/comments?post=12071"}],"version-history":[{"count":15,"href":"https:\/\/academia.utp.edu.co\/extensiondeportes\/wp-json\/wp\/v2\/pages\/12071\/revisions"}],"predecessor-version":[{"id":22495,"href":"https:\/\/academia.utp.edu.co\/extensiondeportes\/wp-json\/wp\/v2\/pages\/12071\/revisions\/22495"}],"up":[{"embeddable":true,"href":"https:\/\/academia.utp.edu.co\/extensiondeportes\/wp-json\/wp\/v2\/pages\/11621"}],"wp:attachment":[{"href":"https:\/\/academia.utp.edu.co\/extensiondeportes\/wp-json\/wp\/v2\/media?parent=12071"}],"curies":[{"name":"wp","href":"https:\/\/api.w.org\/{rel}","templated":true}]}}