{"id":1251,"date":"2017-04-07T10:27:24","date_gmt":"2017-04-07T15:27:24","guid":{"rendered":"http:\/\/academia.utp.edu.co\/extensiondeportes\/?page_id=1251"},"modified":"2024-10-06T19:01:06","modified_gmt":"2024-10-07T00:01:06","slug":"v-congreso-nacional-en-gerencia-y-derecho-deportivo","status":"publish","type":"page","link":"https:\/\/academia.utp.edu.co\/extensiondeportes\/eventos-1\/v-congreso-nacional-en-gerencia-y-derecho-deportivo\/","title":{"rendered":"V Congreso Nacional en Gerencia y Derecho Deportivo Colombiano"},"content":{"rendered":"<p><a href=\"https:\/\/academia.utp.edu.co\/extensiondeportes\/files\/2017\/04\/16832360_1630182260623585_5540448871741736484_n-e1491579149153.jpg\"><img loading=\"lazy\" decoding=\"async\" class=\"size-medium wp-image-1311 alignright\" src=\"https:\/\/academia.utp.edu.co\/extensiondeportes\/files\/2017\/04\/16832360_1630182260623585_5540448871741736484_n-e1491579149153-257x300.jpg\" alt=\"\" width=\"257\" height=\"300\" srcset=\"https:\/\/academia.utp.edu.co\/extensiondeportes\/files\/2017\/04\/16832360_1630182260623585_5540448871741736484_n-e1491579149153-257x300.jpg 257w, https:\/\/academia.utp.edu.co\/extensiondeportes\/files\/2017\/04\/16832360_1630182260623585_5540448871741736484_n-e1491579149153-250x291.jpg 250w, https:\/\/academia.utp.edu.co\/extensiondeportes\/files\/2017\/04\/16832360_1630182260623585_5540448871741736484_n-e1491579149153.jpg 696w\" sizes=\"auto, (max-width: 257px) 100vw, 257px\" \/><\/a><\/p>\n<div class=\"WordSection1\" style=\"text-align: left\">&nbsp;En el marco de los 40 a\u00f1os de la Facultad de Ciencias de la Salud, La Universidad Tecnol\u00f3gica de Pereira, La Especializaci\u00f3n de Gerencia en Deporte, el Programa Ciencias del Deporte y la Recreaci\u00f3n y el Grupo de Investigaci\u00f3n en Gerencia del Deporte \u201cGIGEDE\u201d, los invita a participar en el&nbsp;<strong>V CONGRESO NACIONAL EN GERENCIA Y DERECHO DEPORTIVO COLOMBIANO<\/strong>, que se llevar\u00e1 a cabo los d\u00edas 25, 26 y 27 de mayo del 2017 en la Universidad Tecnol\u00f3gica de Pereira.&nbsp;Es un evento dirigido a estudiantes, docentes, profesionales, licenciados y dem\u00e1s personas vinculadas al sector deportivo del pa\u00eds, enfoc\u00e1ndose en las l\u00edneas de gerencia y legislaci\u00f3n. Dentro de sus objetivos de desarrollo, se encuentran:<\/div>\n<div class=\"WordSection1\">\n<ol>\n<li>Reunir a los profesionales y l\u00edderes de la Gerencia deportiva y Derecho deportivo a nivel nacional con el objetivo de establecer y fortalecer redes acad\u00e9micas .<\/li>\n<li>Intercambiar criterios sobre el marco conceptual, filos\u00f3fico, y educativo de la gerencia &nbsp;y derecho deportivo &nbsp;de los procesos en el campo del deporte, la recreaci\u00f3n y la actividad f\u00edsica.<\/li>\n<li>Reflexionar en el accionar de la gerencia deportiva y el derecho deportivo, su importancia para el desarrollo efectivo del deporte.&nbsp;<\/li>\n<li>Concientizar acerca de la importancia de la formaci\u00f3n en el \u00e1rea de la gerencia deportiva y derecho deportivo &nbsp;para los dirigentes. &nbsp;<\/li>\n<\/ol>\n<p>Las l\u00edneas tem\u00e1ticas son:&nbsp;<\/p>\n<ul>\n<li>Gerencia del Talento Humano en todas las organizaciones del sector<\/li>\n<li>Responsabilidad social. Gesti\u00f3n del conocimiento.<\/li>\n<li>Gerencia de escenarios deportivos<\/li>\n<li>Gesti\u00f3n y marketing.<\/li>\n<li>Gesti\u00f3n del riesgo.<\/li>\n<li>&nbsp;Buenas pr\u00e1cticas para la gesti\u00f3n de las organizaciones deportivas<\/li>\n<li>Gobernabilidad y regulaci\u00f3n<\/li>\n<li>Derecho comparado<\/li>\n<li>Derechos de asociaci\u00f3n<\/li>\n<li>Deporte profesional<\/li>\n<li>Normas para la regulaci\u00f3n del dopaje<\/li>\n<li>Violencia y seguridad en los escenarios deportivos<\/li>\n<li>La regulaci\u00f3n para personas en situaci\u00f3n de discapacidad<\/li>\n<li>El asociacionismo y la responsabilidad de los organismos deportivos<\/li>\n<li>Organizaci\u00f3n de instalaciones y &nbsp;eventos deportivos<\/li>\n<\/ul>\n<\/div>\n<p>&nbsp;<\/p>\n<p><a href=\"https:\/\/academia.utp.edu.co\/extensiondeportes\/files\/2017\/04\/WhatsApp-Image-2017-02-23-at-5.08.37-PM-1.jpeg\"><img loading=\"lazy\" decoding=\"async\" class=\"alignnone size-full wp-image-2011\" src=\"https:\/\/academia.utp.edu.co\/extensiondeportes\/files\/2017\/04\/WhatsApp-Image-2017-02-23-at-5.08.37-PM-1.jpeg\" alt=\"\" width=\"697\" height=\"1024\" srcset=\"https:\/\/academia.utp.edu.co\/extensiondeportes\/files\/2017\/04\/WhatsApp-Image-2017-02-23-at-5.08.37-PM-1.jpeg 697w, https:\/\/academia.utp.edu.co\/extensiondeportes\/files\/2017\/04\/WhatsApp-Image-2017-02-23-at-5.08.37-PM-1-204x300.jpeg 204w, https:\/\/academia.utp.edu.co\/extensiondeportes\/files\/2017\/04\/WhatsApp-Image-2017-02-23-at-5.08.37-PM-1-250x367.jpeg 250w\" sizes=\"auto, (max-width: 697px) 100vw, 697px\" \/><\/a><\/p>\n<p>&nbsp;<\/p>\n","protected":false},"excerpt":{"rendered":"<p>&nbsp;En el marco de los 40 a\u00f1os de la Facultad de Ciencias de la Salud, La Universidad Tecnol\u00f3gica de Pereira, La Especializaci\u00f3n de Gerencia en Deporte, el Programa Ciencias del [&hellip;]<\/p>\n","protected":false},"author":601,"featured_media":1311,"parent":761,"menu_order":0,"comment_status":"closed","ping_status":"closed","template":"","meta":{"_EventAllDay":false,"_EventTimezone":"","_EventStartDate":"","_EventEndDate":"","_EventStartDateUTC":"","_EventEndDateUTC":"","_EventShowMap":false,"_EventShowMapLink":false,"_EventURL":"","_EventCost":"","_EventCostDescription":"","_EventCurrencySymbol":"","_EventCurrencyCode":"","_EventCurrencyPosition":"","_EventDateTimeSeparator":"","_EventTimeRangeSeparator":"","_EventOrganizerID":[],"_EventVenueID":[],"_OrganizerEmail":"","_OrganizerPhone":"","_OrganizerWebsite":"","_VenueAddress":"","_VenueCity":"","_VenueCountry":"","_VenueProvince":"","_VenueState":"","_VenueZip":"","_VenuePhone":"","_VenueURL":"","_VenueStateProvince":"","_VenueLat":"","_VenueLng":"","_VenueShowMap":false,"_VenueShowMapLink":false,"footnotes":""},"class_list":["post-1251","page","type-page","status-publish","has-post-thumbnail","hentry"],"_links":{"self":[{"href":"https:\/\/academia.utp.edu.co\/extensiondeportes\/wp-json\/wp\/v2\/pages\/1251","targetHints":{"allow":["GET"]}}],"collection":[{"href":"https:\/\/academia.utp.edu.co\/extensiondeportes\/wp-json\/wp\/v2\/pages"}],"about":[{"href":"https:\/\/academia.utp.edu.co\/extensiondeportes\/wp-json\/wp\/v2\/types\/page"}],"author":[{"embeddable":true,"href":"https:\/\/academia.utp.edu.co\/extensiondeportes\/wp-json\/wp\/v2\/users\/601"}],"replies":[{"embeddable":true,"href":"https:\/\/academia.utp.edu.co\/extensiondeportes\/wp-json\/wp\/v2\/comments?post=1251"}],"version-history":[{"count":11,"href":"https:\/\/academia.utp.edu.co\/extensiondeportes\/wp-json\/wp\/v2\/pages\/1251\/revisions"}],"predecessor-version":[{"id":2871,"href":"https:\/\/academia.utp.edu.co\/extensiondeportes\/wp-json\/wp\/v2\/pages\/1251\/revisions\/2871"}],"up":[{"embeddable":true,"href":"https:\/\/academia.utp.edu.co\/extensiondeportes\/wp-json\/wp\/v2\/pages\/761"}],"wp:featuredmedia":[{"embeddable":true,"href":"https:\/\/academia.utp.edu.co\/extensiondeportes\/wp-json\/wp\/v2\/media\/1311"}],"wp:attachment":[{"href":"https:\/\/academia.utp.edu.co\/extensiondeportes\/wp-json\/wp\/v2\/media?parent=1251"}],"curies":[{"name":"wp","href":"https:\/\/api.w.org\/{rel}","templated":true}]}}