{"id":13321,"date":"2020-06-06T16:34:39","date_gmt":"2020-06-06T21:34:39","guid":{"rendered":"http:\/\/academia.utp.edu.co\/extensiondeportes\/?page_id=13321"},"modified":"2024-10-06T19:00:07","modified_gmt":"2024-10-07T00:00:07","slug":"algede","status":"publish","type":"page","link":"https:\/\/academia.utp.edu.co\/extensiondeportes\/inicio\/algede\/","title":{"rendered":"ALGEDE"},"content":{"rendered":"\n<div class=\"wp-block-image\"><figure class=\"aligncenter size-large\"><img loading=\"lazy\" decoding=\"async\" width=\"350\" height=\"140\" src=\"https:\/\/academia.utp.edu.co\/extensiondeportes\/files\/2020\/06\/descarga-1.jpg\" alt=\"ALGEDE\" class=\"wp-image-13811\" srcset=\"https:\/\/academia.utp.edu.co\/extensiondeportes\/files\/2020\/06\/descarga-1.jpg 350w, https:\/\/academia.utp.edu.co\/extensiondeportes\/files\/2020\/06\/descarga-1-300x120.jpg 300w\" sizes=\"auto, (max-width: 350px) 100vw, 350px\" \/><\/figure><\/div>\n\n\n\n<p> <\/p>\n\n\n\n<p class=\"has-medium-font-size\">La Asociaci\u00f3n Latinoamericana de Gerencia Deportiva (ALGEDE), es una organizaci\u00f3n cient\u00edfica independiente, de duraci\u00f3n indeterminada de profesionales, estudiantes e instituciones de diferentes \u00e1reas del conocimiento, que posean un inter\u00e9s en com\u00fan en el desarrollo de los estudios e investigaciones de Am\u00e9rica Latina, circunscritos al \u00e1rea acad\u00e9mica de la gerencia deportiva, desde el \u00c1re de Investigaci\u00f3n y Extensi\u00f3n del Programa Ciencias del Deporte y la Recreaci\u00f3n se avanzan proyectos que apoyan esta organizaci\u00f3n para el impacto rec\u00edproco a los estudiantes, docentes y dem\u00e1s agentes que se vean beneficiados de ambas partes.<\/p>\n\n\n\n<p class=\"has-medium-font-size\">ALGEDE fue creado como una respuesta a la falta de sentido de los estudios y publicaciones cient\u00edficas en Gesti\u00f3n Deportiva en Am\u00e9rica Latina. En este sentido, Algede tiene como objetivo mejorar la investigaci\u00f3n y el conocimiento mediante la promoci\u00f3n de estudios, encuestas y debates en este \u00e1mbito.<\/p>\n\n\n\n<p><\/p>\n\n\n\n<p class=\"has-medium-font-size\"><strong><em>Canales de Comunicaci\u00f3n:<\/em><\/strong><\/p>\n\n\n\n<p>Website: <a rel=\"noreferrer noopener\" href=\"https:\/\/www.algede.org\/homees.html\" data-type=\"URL\" data-id=\"https:\/\/www.algede.org\/homees.html\" target=\"_blank\">https:\/\/www.algede.org\/homees.html<\/a><\/p>\n\n\n\n<p>Instagram: <a rel=\"noreferrer noopener\" href=\"https:\/\/www.instagram.com\/algede.la\/?hl=es-la\" data-type=\"URL\" data-id=\"https:\/\/www.instagram.com\/algede.la\/?hl=es-la\" target=\"_blank\">https:\/\/www.instagram.com\/algede.la\/?hl=es-la<\/a><\/p>\n\n\n\n<p>Facebook: <a rel=\"noreferrer noopener\" href=\"https:\/\/www.facebook.com\/algede.latinoamerica.5\" data-type=\"URL\" data-id=\"https:\/\/www.facebook.com\/algede.latinoamerica.5\" target=\"_blank\">https:\/\/www.facebook.com\/algede.latinoamerica.5<\/a><\/p>\n\n\n\n<p>Twitter: <a rel=\"noreferrer noopener\" href=\"https:\/\/twitter.com\/AlgedeLa?s=09\" data-type=\"URL\" data-id=\"https:\/\/twitter.com\/AlgedeLa?s=09\" target=\"_blank\">https:\/\/twitter.com\/AlgedeLa?s=09<\/a><\/p>\n\n\n\n<p>Linkedin: <a href=\"https:\/\/www.linkedin.com\/in\/algede-latinoamerica-2037311b4\" data-type=\"URL\" data-id=\"https:\/\/www.linkedin.com\/in\/algede-latinoamerica-2037311b4\" target=\"_blank\" rel=\"noreferrer noopener\">https:\/\/www.linkedin.com\/in\/algede-latinoamerica-2037311b4<\/a><\/p>\n\n\n\n<p><\/p>\n","protected":false},"excerpt":{"rendered":"<p>La Asociaci\u00f3n Latinoamericana de Gerencia Deportiva (ALGEDE), es una organizaci\u00f3n cient\u00edfica independiente, de duraci\u00f3n indeterminada de profesionales, estudiantes e instituciones de diferentes \u00e1reas del conocimiento, que posean un inter\u00e9s en [&hellip;]<\/p>\n","protected":false},"author":601,"featured_media":13331,"parent":17,"menu_order":0,"comment_status":"open","ping_status":"closed","template":"","meta":{"_EventAllDay":false,"_EventTimezone":"","_EventStartDate":"","_EventEndDate":"","_EventStartDateUTC":"","_EventEndDateUTC":"","_EventShowMap":false,"_EventShowMapLink":false,"_EventURL":"","_EventCost":"","_EventCostDescription":"","_EventCurrencySymbol":"","_EventCurrencyCode":"","_EventCurrencyPosition":"","_EventDateTimeSeparator":"","_EventTimeRangeSeparator":"","_EventOrganizerID":[],"_EventVenueID":[],"_OrganizerEmail":"","_OrganizerPhone":"","_OrganizerWebsite":"","_VenueAddress":"","_VenueCity":"","_VenueCountry":"","_VenueProvince":"","_VenueState":"","_VenueZip":"","_VenuePhone":"","_VenueURL":"","_VenueStateProvince":"","_VenueLat":"","_VenueLng":"","_VenueShowMap":false,"_VenueShowMapLink":false,"footnotes":""},"class_list":["post-13321","page","type-page","status-publish","has-post-thumbnail","hentry"],"_links":{"self":[{"href":"https:\/\/academia.utp.edu.co\/extensiondeportes\/wp-json\/wp\/v2\/pages\/13321","targetHints":{"allow":["GET"]}}],"collection":[{"href":"https:\/\/academia.utp.edu.co\/extensiondeportes\/wp-json\/wp\/v2\/pages"}],"about":[{"href":"https:\/\/academia.utp.edu.co\/extensiondeportes\/wp-json\/wp\/v2\/types\/page"}],"author":[{"embeddable":true,"href":"https:\/\/academia.utp.edu.co\/extensiondeportes\/wp-json\/wp\/v2\/users\/601"}],"replies":[{"embeddable":true,"href":"https:\/\/academia.utp.edu.co\/extensiondeportes\/wp-json\/wp\/v2\/comments?post=13321"}],"version-history":[{"count":8,"href":"https:\/\/academia.utp.edu.co\/extensiondeportes\/wp-json\/wp\/v2\/pages\/13321\/revisions"}],"predecessor-version":[{"id":22319,"href":"https:\/\/academia.utp.edu.co\/extensiondeportes\/wp-json\/wp\/v2\/pages\/13321\/revisions\/22319"}],"up":[{"embeddable":true,"href":"https:\/\/academia.utp.edu.co\/extensiondeportes\/wp-json\/wp\/v2\/pages\/17"}],"wp:featuredmedia":[{"embeddable":true,"href":"https:\/\/academia.utp.edu.co\/extensiondeportes\/wp-json\/wp\/v2\/media\/13331"}],"wp:attachment":[{"href":"https:\/\/academia.utp.edu.co\/extensiondeportes\/wp-json\/wp\/v2\/media?parent=13321"}],"curies":[{"name":"wp","href":"https:\/\/api.w.org\/{rel}","templated":true}]}}