{"id":13361,"date":"2020-06-06T17:08:55","date_gmt":"2020-06-06T22:08:55","guid":{"rendered":"http:\/\/academia.utp.edu.co\/extensiondeportes\/?page_id=13361"},"modified":"2024-10-06T19:07:10","modified_gmt":"2024-10-07T00:07:10","slug":"derecho-de-los-ninos-y-ninas-en-el-proceso-de-formacion-deportiva","status":"publish","type":"page","link":"https:\/\/academia.utp.edu.co\/extensiondeportes\/eventos-1\/derecho-de-los-ninos-y-ninas-en-el-proceso-de-formacion-deportiva\/","title":{"rendered":"Derecho de los ni\u00f1os y ni\u00f1as en el proceso de formaci\u00f3n deportiva"},"content":{"rendered":"\n<div class=\"wp-block-image\"><figure class=\"aligncenter size-large\"><img loading=\"lazy\" decoding=\"async\" width=\"641\" height=\"179\" src=\"https:\/\/academia.utp.edu.co\/extensiondeportes\/files\/2020\/06\/2.png\" alt=\"Derecho de los ni\u00f1os en el proceso de formaci\u00f3n deportiva\" class=\"wp-image-13381\" srcset=\"https:\/\/academia.utp.edu.co\/extensiondeportes\/files\/2020\/06\/2.png 641w, https:\/\/academia.utp.edu.co\/extensiondeportes\/files\/2020\/06\/2-300x84.png 300w\" sizes=\"auto, (max-width: 641px) 100vw, 641px\" \/><\/figure><\/div>\n\n\n\n<p class=\"has-medium-font-size\">El proyecto \u00abDerecho de los Ni\u00f1os y Ni\u00f1as en el Proceso de Formaci\u00f3n Deportiva\u00bb nace a partir de una problem\u00e1tica global sobre la vulneraci\u00f3n de derechos de los ni\u00f1os, est\u00e1 enfocado en la concientizaci\u00f3n de poblaciones espec\u00edficas, padres de familia, entrenadores e instructores quienes intervienen en la formaci\u00f3n deportiva del ni\u00f1o o ni\u00f1a, haciendo enfoque en la importancia de los derechos de infantiles en el proceso de formaci\u00f3n deportiva. Para dicha concientizaci\u00f3n se utilizar\u00e1n herramientas pedag\u00f3gicas y tecnol\u00f3gicas distribuidas en diferentes campos donde se permita el acceso a esta informaci\u00f3n<\/p>\n\n\n\n<p class=\"has-medium-font-size\">\u00abDerecho de los Ni\u00f1os y Ni\u00f1as en el Proceso de Formaci\u00f3n Deportiva\u00bb parte luego de detectar el problema en la vulnerabilidad en los derechos infantiles en la pr\u00e1ctica deportiva. Se detecta el abuso infantil tanto de padres de familia, t\u00e9cnicos, entrenadores o dirigentes de los clubes de formaci\u00f3n deportiva, quienes desconocen y se desinforman en los temas sobre los derechos que tiene un ni\u00f1o en el \u00e1mbito deportivo. Un buen direccionamiento, respeto de los derechos y centralizar la \u00e9tica deportiva en un club o grupo deportivo, fortalece el proceso de formaci\u00f3n deportiva infantil, fomenta el deporte, crea un buen habito deportivo, integra el fair play y sobre todo hace del deporte un espacio amigable. Por otro lado, el juego es factor importante en el desarrollo de habilidades motrices y fomenta el deporte como actividad f\u00edsica, la l\u00fadica se integra como actividad de formaci\u00f3n deportiva, por ende, el proyecto brinda espacios de capacitaci\u00f3n y sensibilizaci\u00f3n en los derechos infantiles en el deporte, con ayuda de profesionales que est\u00e1n capacitados en el tema. <\/p>\n\n\n\n<p><\/p>\n\n\n\n<p class=\"has-medium-font-size\"><strong>Objetivo: <\/strong>Generar espacios de concientizaci\u00f3n social sobre la importancia de los derechos de los ni\u00f1os y ni\u00f1as en el proceso de formaci\u00f3n deportiva, por canales de comunicaci\u00f3n virtual que faciliten el acceso a los responsables del proceso de formaci\u00f3n y la poblaci\u00f3n en general.<\/p>\n\n\n\n<ul class=\"has-medium-font-size wp-block-list\"><li><em>Difundir la importancia de los derechos de los ni\u00f1os y ni\u00f1as deportistas en medios de comunicaci\u00f3n y redes sociales.<\/em><\/li><li><em>Implementar estrategias en la organizaci\u00f3n del \u201cVI Seminario de los Derechos de los ni\u00f1os y ni\u00f1as deportistas \u2013 1er versi\u00f3n virtual\u201d<\/em><\/li><li><em>Apoyar actividades de difusi\u00f3n virtual de los enlaces compartidos que aporten y fortalezcan el proceso de educaci\u00f3n continua desde en la oficina de extensi\u00f3n<\/em><\/li><\/ul>\n\n\n\n<div class=\"wp-block-image\"><figure class=\"aligncenter size-large\"><img loading=\"lazy\" decoding=\"async\" width=\"862\" height=\"376\" src=\"https:\/\/academia.utp.edu.co\/extensiondeportes\/files\/2020\/06\/3.png\" alt=\"Logo\" class=\"wp-image-13391\" srcset=\"https:\/\/academia.utp.edu.co\/extensiondeportes\/files\/2020\/06\/3.png 862w, https:\/\/academia.utp.edu.co\/extensiondeportes\/files\/2020\/06\/3-300x131.png 300w, https:\/\/academia.utp.edu.co\/extensiondeportes\/files\/2020\/06\/3-768x335.png 768w\" sizes=\"auto, (max-width: 862px) 100vw, 862px\" \/><\/figure><\/div>\n\n\n\n<p class=\"has-text-align-center\" style=\"font-size:26px\"><strong>SEMINARIO<\/strong><\/p>\n\n\n\n<p class=\"has-medium-font-size\">El <strong>\u201cVI SEMINARIO DE DERECHO DE LOS NI\u00d1OS Y NI\u00d1AS EN EL PROCESO DE FORMACI\u00d3N DEPORTIVA \u2013 Edici\u00f3n virtual\u201d <\/strong>tiene como prop\u00f3sito brindarle las herramientas adecuadas al sector deportivo infantil, con el cual se pretende orientar a padres de familia, entrenadores, estudiantes, profesores, periodistas, abogados para as\u00ed disminuir los \u00edndices de agresi\u00f3n y violencia en los procesos de formaci\u00f3n deportiva. Esta propuesta adem\u00e1s pretende mejorar la estructura social dentro de la coordinaci\u00f3n de procesos formativos escolares, con el fin de brindar una mejor calidad a la formaci\u00f3n deportiva. <\/p>\n\n\n\n<p class=\"has-medium-font-size\"><strong>L\u00cdNEAS TEM\u00c1TICAS:<\/strong><\/p>\n\n\n\n<ul class=\"has-medium-font-size wp-block-list\"><li>Derechos deportivos de los ni\u00f1os.&nbsp;<\/li><li>Nutrici\u00f3n deportiva en los ni\u00f1os.&nbsp;<\/li><li>Comportamiento fisiol\u00f3gico de los ni\u00f1os en la pr\u00e1ctica deportiva.&nbsp;<\/li><li>Psicolog\u00eda deportiva de los ni\u00f1os.\u2022 Entrenamiento en ni\u00f1os.\u2022 Las relaciones gerenciales&nbsp;<\/li><li>Violencia en el ni\u00f1o deportista&nbsp;<\/li><li>Otros relacionados con pr\u00e1cticas en ni\u00f1os y ni\u00f1as deportistas. <\/li><\/ul>\n","protected":false},"excerpt":{"rendered":"<p>El proyecto \u00abDerecho de los Ni\u00f1os y Ni\u00f1as en el Proceso de Formaci\u00f3n Deportiva\u00bb nace a partir de una problem\u00e1tica global sobre la vulneraci\u00f3n de derechos de los ni\u00f1os, est\u00e1 [&hellip;]<\/p>\n","protected":false},"author":601,"featured_media":0,"parent":761,"menu_order":0,"comment_status":"closed","ping_status":"closed","template":"","meta":{"_EventAllDay":false,"_EventTimezone":"","_EventStartDate":"","_EventEndDate":"","_EventStartDateUTC":"","_EventEndDateUTC":"","_EventShowMap":false,"_EventShowMapLink":false,"_EventURL":"","_EventCost":"","_EventCostDescription":"","_EventCurrencySymbol":"","_EventCurrencyCode":"","_EventCurrencyPosition":"","_EventDateTimeSeparator":"","_EventTimeRangeSeparator":"","_EventOrganizerID":[],"_EventVenueID":[],"_OrganizerEmail":"","_OrganizerPhone":"","_OrganizerWebsite":"","_VenueAddress":"","_VenueCity":"","_VenueCountry":"","_VenueProvince":"","_VenueState":"","_VenueZip":"","_VenuePhone":"","_VenueURL":"","_VenueStateProvince":"","_VenueLat":"","_VenueLng":"","_VenueShowMap":false,"_VenueShowMapLink":false,"footnotes":""},"class_list":["post-13361","page","type-page","status-publish","hentry"],"_links":{"self":[{"href":"https:\/\/academia.utp.edu.co\/extensiondeportes\/wp-json\/wp\/v2\/pages\/13361","targetHints":{"allow":["GET"]}}],"collection":[{"href":"https:\/\/academia.utp.edu.co\/extensiondeportes\/wp-json\/wp\/v2\/pages"}],"about":[{"href":"https:\/\/academia.utp.edu.co\/extensiondeportes\/wp-json\/wp\/v2\/types\/page"}],"author":[{"embeddable":true,"href":"https:\/\/academia.utp.edu.co\/extensiondeportes\/wp-json\/wp\/v2\/users\/601"}],"replies":[{"embeddable":true,"href":"https:\/\/academia.utp.edu.co\/extensiondeportes\/wp-json\/wp\/v2\/comments?post=13361"}],"version-history":[{"count":5,"href":"https:\/\/academia.utp.edu.co\/extensiondeportes\/wp-json\/wp\/v2\/pages\/13361\/revisions"}],"predecessor-version":[{"id":15611,"href":"https:\/\/academia.utp.edu.co\/extensiondeportes\/wp-json\/wp\/v2\/pages\/13361\/revisions\/15611"}],"up":[{"embeddable":true,"href":"https:\/\/academia.utp.edu.co\/extensiondeportes\/wp-json\/wp\/v2\/pages\/761"}],"wp:attachment":[{"href":"https:\/\/academia.utp.edu.co\/extensiondeportes\/wp-json\/wp\/v2\/media?parent=13361"}],"curies":[{"name":"wp","href":"https:\/\/api.w.org\/{rel}","templated":true}]}}