{"id":13591,"date":"2020-06-06T23:30:55","date_gmt":"2020-06-07T04:30:55","guid":{"rendered":"http:\/\/academia.utp.edu.co\/extensiondeportes\/?page_id=13591"},"modified":"2024-10-06T19:10:38","modified_gmt":"2024-10-07T00:10:38","slug":"encuentro-de-semilleros","status":"publish","type":"page","link":"https:\/\/academia.utp.edu.co\/extensiondeportes\/inicio\/encuentro-de-semilleros\/","title":{"rendered":"Encuentro de Semilleros"},"content":{"rendered":"\n<div class=\"wp-block-image\"><figure class=\"aligncenter size-large\"><img loading=\"lazy\" decoding=\"async\" width=\"498\" height=\"419\" src=\"https:\/\/academia.utp.edu.co\/extensiondeportes\/files\/2020\/06\/Imagen2.jpg\" alt=\"\" class=\"wp-image-13601\" srcset=\"https:\/\/academia.utp.edu.co\/extensiondeportes\/files\/2020\/06\/Imagen2.jpg 498w, https:\/\/academia.utp.edu.co\/extensiondeportes\/files\/2020\/06\/Imagen2-300x252.jpg 300w\" sizes=\"auto, (max-width: 498px) 100vw, 498px\" \/><\/figure><\/div>\n\n\n\n<p class=\"has-medium-font-size\">El encuentro de semilleros y grupos de investigaci\u00f3n en derecho deportivo, es un proyecto que nace por la necesidad de una red de conocimiento, participaci\u00f3n y de producci\u00f3n investigativa en un \u00e1rea tan importante como lo es el derecho deportivo, as\u00ed mismo este encuentro de semilleros da bases fundamentales para que los derechos escritos en la ley 181 de 1995 y as\u00ed mismo en la ley 30 de 1992 se puedan cumplir velando no solo por los derechos de los deportistas de alto rendimiento sino tambi\u00e9n de toda la poblaci\u00f3n en general. Por otra parte ser estudiante de una universidad p\u00fablica tiene unas responsabilidades para con la sociedad ya que es en ella en la cual se va a laborar m\u00e1s tarde, para con la instituci\u00f3n en la producci\u00f3n de nuevo conocimiento y de promoci\u00f3n en la investigaci\u00f3n retorn\u00e1ndole a la misma contenido de utilidad, as\u00ed mismo la necesidad de internalizaci\u00f3n, es decir que el conocimiento en estas \u00e1reas siga creciendo y beneficiando de forma positiva a la sociedad en com\u00fan como tanto a la sociedad cient\u00edfica, de esta manera se estar\u00eda respondiendo a las \u00e1reas en las cuales se relaciona un profesional. As\u00ed mismo se cumple con la necesidad y el fomento de la educaci\u00f3n continua en los profesionales tanto en formaci\u00f3n como en egresados, permitiendo la constante actualizaci\u00f3n en temas de suma importancia para el profesional en Ciencias del Deporte y la Recreaci\u00f3n y para aquellos profesionales que se desenvuelven en torno al deporte, uno de estos temas importantes es el derecho deportivo.&nbsp;&nbsp;<\/p>\n\n\n\n<p class=\"has-medium-font-size\">Es necesario que estas actividades se adapten a las necesidades que en la sociedad se presentan como lo es en este caso, la situaci\u00f3n de salud a nivel mundial, es por esta raz\u00f3n que el encuentro se realizar\u00e1 de forma virtual, haciendo uso de herramientas tecnol\u00f3gicas y de comunicaci\u00f3n abriendo un amplio camino para los profesionales que en esta situaci\u00f3n podr\u00e1n seguir fortaleciendo el conocimiento, por \u00faltimo entonces se ha de entender que el profesional en Ciencias del Deporte y la Recreaci\u00f3n est\u00e1 llamado a la creaci\u00f3n de planes programas y proyectos que contribuyan, fortalezcan o desarrollen el deporte, la recreaci\u00f3n y la actividad f\u00edsica en el contexto en el que se encuentra y es por eso que es de suma importancia que este mismo se apodere de uno de los campos importantes para su qu\u00e9 hacer.<br><\/p>\n","protected":false},"excerpt":{"rendered":"<p>El encuentro de semilleros y grupos de investigaci\u00f3n en derecho deportivo, es un proyecto que nace por la necesidad de una red de conocimiento, participaci\u00f3n y de producci\u00f3n investigativa en [&hellip;]<\/p>\n","protected":false},"author":601,"featured_media":0,"parent":17,"menu_order":0,"comment_status":"open","ping_status":"closed","template":"","meta":{"_EventAllDay":false,"_EventTimezone":"","_EventStartDate":"","_EventEndDate":"","_EventStartDateUTC":"","_EventEndDateUTC":"","_EventShowMap":false,"_EventShowMapLink":false,"_EventURL":"","_EventCost":"","_EventCostDescription":"","_EventCurrencySymbol":"","_EventCurrencyCode":"","_EventCurrencyPosition":"","_EventDateTimeSeparator":"","_EventTimeRangeSeparator":"","_EventOrganizerID":[],"_EventVenueID":[],"_OrganizerEmail":"","_OrganizerPhone":"","_OrganizerWebsite":"","_VenueAddress":"","_VenueCity":"","_VenueCountry":"","_VenueProvince":"","_VenueState":"","_VenueZip":"","_VenuePhone":"","_VenueURL":"","_VenueStateProvince":"","_VenueLat":"","_VenueLng":"","_VenueShowMap":false,"_VenueShowMapLink":false,"footnotes":""},"class_list":["post-13591","page","type-page","status-publish","hentry"],"_links":{"self":[{"href":"https:\/\/academia.utp.edu.co\/extensiondeportes\/wp-json\/wp\/v2\/pages\/13591","targetHints":{"allow":["GET"]}}],"collection":[{"href":"https:\/\/academia.utp.edu.co\/extensiondeportes\/wp-json\/wp\/v2\/pages"}],"about":[{"href":"https:\/\/academia.utp.edu.co\/extensiondeportes\/wp-json\/wp\/v2\/types\/page"}],"author":[{"embeddable":true,"href":"https:\/\/academia.utp.edu.co\/extensiondeportes\/wp-json\/wp\/v2\/users\/601"}],"replies":[{"embeddable":true,"href":"https:\/\/academia.utp.edu.co\/extensiondeportes\/wp-json\/wp\/v2\/comments?post=13591"}],"version-history":[{"count":3,"href":"https:\/\/academia.utp.edu.co\/extensiondeportes\/wp-json\/wp\/v2\/pages\/13591\/revisions"}],"predecessor-version":[{"id":15621,"href":"https:\/\/academia.utp.edu.co\/extensiondeportes\/wp-json\/wp\/v2\/pages\/13591\/revisions\/15621"}],"up":[{"embeddable":true,"href":"https:\/\/academia.utp.edu.co\/extensiondeportes\/wp-json\/wp\/v2\/pages\/17"}],"wp:attachment":[{"href":"https:\/\/academia.utp.edu.co\/extensiondeportes\/wp-json\/wp\/v2\/media?parent=13591"}],"curies":[{"name":"wp","href":"https:\/\/api.w.org\/{rel}","templated":true}]}}