{"id":13621,"date":"2020-06-06T23:39:18","date_gmt":"2020-06-07T04:39:18","guid":{"rendered":"http:\/\/academia.utp.edu.co\/extensiondeportes\/?page_id=13621"},"modified":"2024-10-06T19:16:11","modified_gmt":"2024-10-07T00:16:11","slug":"mujer-y-deporte","status":"publish","type":"page","link":"https:\/\/academia.utp.edu.co\/extensiondeportes\/inicio\/mujer-y-deporte\/","title":{"rendered":"Mujer y Deporte"},"content":{"rendered":"\n<div class=\"wp-block-image\"><figure class=\"aligncenter size-large\"><img loading=\"lazy\" decoding=\"async\" width=\"793\" height=\"450\" src=\"https:\/\/academia.utp.edu.co\/extensiondeportes\/files\/2020\/06\/Imagen3.png\" alt=\"Mujer y deporte\" class=\"wp-image-13641\" srcset=\"https:\/\/academia.utp.edu.co\/extensiondeportes\/files\/2020\/06\/Imagen3.png 793w, https:\/\/academia.utp.edu.co\/extensiondeportes\/files\/2020\/06\/Imagen3-300x170.png 300w, https:\/\/academia.utp.edu.co\/extensiondeportes\/files\/2020\/06\/Imagen3-768x436.png 768w\" sizes=\"auto, (max-width: 793px) 100vw, 793px\" \/><\/figure><\/div>\n\n\n\n<p class=\"has-medium-font-size\"><strong>Mujer y Deporte<\/strong> es un proyecto de extensi\u00f3n del programa Ciencias del Deporte y la Recreaci\u00f3n; que busca visibilizar y empoderar a la mujer en el campo del deporte. Este proyecto hace parte de la modalidad de extensi\u00f3n social, el cual procura darle tratamiento sistem\u00e1tico a problemas o necesidades sociales.<\/p>\n\n\n\n<p class=\"has-medium-font-size\"><br>Este proyecto est\u00e1 pensado para empoderar y concientizar a todas las mujeres del programa Ciencias del Deporte y la Recreaci\u00f3n, a que se motiven a destacar en todos las posibilidades que nos ofrece el sector Deporte, Recreaci\u00f3n y Actividad F\u00edsica. <\/p>\n","protected":false},"excerpt":{"rendered":"<p>Mujer y Deporte es un proyecto de extensi\u00f3n del programa Ciencias del Deporte y la Recreaci\u00f3n; que busca visibilizar y empoderar a la mujer en el campo del deporte. Este [&hellip;]<\/p>\n","protected":false},"author":601,"featured_media":0,"parent":17,"menu_order":0,"comment_status":"open","ping_status":"closed","template":"","meta":{"_EventAllDay":false,"_EventTimezone":"","_EventStartDate":"","_EventEndDate":"","_EventStartDateUTC":"","_EventEndDateUTC":"","_EventShowMap":false,"_EventShowMapLink":false,"_EventURL":"","_EventCost":"","_EventCostDescription":"","_EventCurrencySymbol":"","_EventCurrencyCode":"","_EventCurrencyPosition":"","_EventDateTimeSeparator":"","_EventTimeRangeSeparator":"","_EventOrganizerID":[],"_EventVenueID":[],"_OrganizerEmail":"","_OrganizerPhone":"","_OrganizerWebsite":"","_VenueAddress":"","_VenueCity":"","_VenueCountry":"","_VenueProvince":"","_VenueState":"","_VenueZip":"","_VenuePhone":"","_VenueURL":"","_VenueStateProvince":"","_VenueLat":"","_VenueLng":"","_VenueShowMap":false,"_VenueShowMapLink":false,"footnotes":""},"class_list":["post-13621","page","type-page","status-publish","hentry"],"_links":{"self":[{"href":"https:\/\/academia.utp.edu.co\/extensiondeportes\/wp-json\/wp\/v2\/pages\/13621","targetHints":{"allow":["GET"]}}],"collection":[{"href":"https:\/\/academia.utp.edu.co\/extensiondeportes\/wp-json\/wp\/v2\/pages"}],"about":[{"href":"https:\/\/academia.utp.edu.co\/extensiondeportes\/wp-json\/wp\/v2\/types\/page"}],"author":[{"embeddable":true,"href":"https:\/\/academia.utp.edu.co\/extensiondeportes\/wp-json\/wp\/v2\/users\/601"}],"replies":[{"embeddable":true,"href":"https:\/\/academia.utp.edu.co\/extensiondeportes\/wp-json\/wp\/v2\/comments?post=13621"}],"version-history":[{"count":4,"href":"https:\/\/academia.utp.edu.co\/extensiondeportes\/wp-json\/wp\/v2\/pages\/13621\/revisions"}],"predecessor-version":[{"id":15721,"href":"https:\/\/academia.utp.edu.co\/extensiondeportes\/wp-json\/wp\/v2\/pages\/13621\/revisions\/15721"}],"up":[{"embeddable":true,"href":"https:\/\/academia.utp.edu.co\/extensiondeportes\/wp-json\/wp\/v2\/pages\/17"}],"wp:attachment":[{"href":"https:\/\/academia.utp.edu.co\/extensiondeportes\/wp-json\/wp\/v2\/media?parent=13621"}],"curies":[{"name":"wp","href":"https:\/\/api.w.org\/{rel}","templated":true}]}}