{"id":13701,"date":"2020-06-06T23:45:40","date_gmt":"2020-06-07T04:45:40","guid":{"rendered":"http:\/\/academia.utp.edu.co\/extensiondeportes\/?page_id=13701"},"modified":"2024-11-06T17:48:27","modified_gmt":"2024-11-06T22:48:27","slug":"voluntariado-luden","status":"publish","type":"page","link":"https:\/\/academia.utp.edu.co\/extensiondeportes\/inicio\/voluntariado-luden\/","title":{"rendered":"Voluntariado LUDEN"},"content":{"rendered":"<div class=\"wp-block-image\">\n<figure class=\"aligncenter size-large is-resized\"><img loading=\"lazy\" decoding=\"async\" width=\"613\" height=\"425\" src=\"https:\/\/academia.utp.edu.co\/extensiondeportes\/files\/2020\/06\/Imagen5.jpg\" alt=\"\" class=\"wp-image-13721\" style=\"width:339px;height:234px\" srcset=\"https:\/\/academia.utp.edu.co\/extensiondeportes\/files\/2020\/06\/Imagen5.jpg 613w, https:\/\/academia.utp.edu.co\/extensiondeportes\/files\/2020\/06\/Imagen5-300x208.jpg 300w\" sizes=\"auto, (max-width: 613px) 100vw, 613px\" \/><\/figure>\n<\/div>\n\n\n<p class=\"has-medium-font-size\"><strong>\u00bfQui\u00e9nes somos?<\/strong><\/p>\n\n\n\n<p class=\"has-medium-font-size\">Voluntariado Luden 4.0 es un grupo de voluntarios de la Facultad de Ciencias de la Salud de la Universidad Tecnol\u00f3gica de Pereira, integrado por estudiantes y profesionales que colaboran activamente en la organizaci\u00f3n de eventos sociales y deportivos. Nos caracterizamos por nuestro compromiso en apoyar los eventos del \u00e1rea de investigaci\u00f3n y extensi\u00f3n del programa de Ciencias del Deporte y la Recreaci\u00f3n, as\u00ed como otros eventos deportivos de la ciudad. <\/p>\n\n\n\n<p class=\"has-medium-font-size\">A trav\u00e9s de nuestra participaci\u00f3n, desarrollamos y fortalecemos habilidades blandas como el trabajo en equipo, la comunicaci\u00f3n y el liderazgo, contribuyendo al \u00e9xito de cada evento y al impacto positivo en nuestra comunidad.<\/p>\n\n\n\n<p class=\"has-medium-font-size\"><strong>NUESTRA MISI\u00d3N<\/strong><\/p>\n\n\n<div class=\"wp-block-image\">\n<figure class=\"aligncenter size-full\"><a href=\"https:\/\/academia.utp.edu.co\/extensiondeportes\/files\/2024\/11\/PORTAFOLIO-VOLUNTARIADO-LUDEN-4.0.png\"><img loading=\"lazy\" decoding=\"async\" width=\"494\" height=\"494\" src=\"https:\/\/academia.utp.edu.co\/extensiondeportes\/files\/2024\/11\/PORTAFOLIO-VOLUNTARIADO-LUDEN-4.0.png\" alt=\"\" class=\"wp-image-22670\" srcset=\"https:\/\/academia.utp.edu.co\/extensiondeportes\/files\/2024\/11\/PORTAFOLIO-VOLUNTARIADO-LUDEN-4.0.png 494w, https:\/\/academia.utp.edu.co\/extensiondeportes\/files\/2024\/11\/PORTAFOLIO-VOLUNTARIADO-LUDEN-4.0-300x300.png 300w, https:\/\/academia.utp.edu.co\/extensiondeportes\/files\/2024\/11\/PORTAFOLIO-VOLUNTARIADO-LUDEN-4.0-150x150.png 150w\" sizes=\"auto, (max-width: 494px) 100vw, 494px\" \/><\/a><\/figure>\n<\/div>\n\n\n<p>Nuestro prop\u00f3sito es fortalecer y desarrollar habilidades blandas para el desarrollo de eventos de car\u00e1cter social a trav\u00e9s de la constituci\u00f3n de un grupo de voluntarios de la Facultad de Ciencias de la Salud para fortalecer los procesos de Area de Investigaci\u00f3n y Extensi\u00f3n .<\/p>\n\n\n\n<p><\/p>\n\n\n<div class=\"wp-block-image\">\n<figure class=\"aligncenter size-large\"><a href=\"https:\/\/academia.utp.edu.co\/extensiondeportes\/files\/2024\/11\/PORTAFOLIO-VOLUNTARIADO-LUDEN-4.0-1.png\"><img loading=\"lazy\" decoding=\"async\" width=\"724\" height=\"1024\" src=\"https:\/\/academia.utp.edu.co\/extensiondeportes\/files\/2024\/11\/PORTAFOLIO-VOLUNTARIADO-LUDEN-4.0-1-724x1024.png\" alt=\"\" class=\"wp-image-22671\" srcset=\"https:\/\/academia.utp.edu.co\/extensiondeportes\/files\/2024\/11\/PORTAFOLIO-VOLUNTARIADO-LUDEN-4.0-1-724x1024.png 724w, https:\/\/academia.utp.edu.co\/extensiondeportes\/files\/2024\/11\/PORTAFOLIO-VOLUNTARIADO-LUDEN-4.0-1-212x300.png 212w, https:\/\/academia.utp.edu.co\/extensiondeportes\/files\/2024\/11\/PORTAFOLIO-VOLUNTARIADO-LUDEN-4.0-1-768x1086.png 768w, https:\/\/academia.utp.edu.co\/extensiondeportes\/files\/2024\/11\/PORTAFOLIO-VOLUNTARIADO-LUDEN-4.0-1-1086x1536.png 1086w, https:\/\/academia.utp.edu.co\/extensiondeportes\/files\/2024\/11\/PORTAFOLIO-VOLUNTARIADO-LUDEN-4.0-1.png 1414w\" sizes=\"auto, (max-width: 724px) 100vw, 724px\" \/><\/a><\/figure>\n<\/div>\n\n\n<p><\/p>\n\n\n<div class=\"wp-block-image\">\n<figure class=\"aligncenter size-large\"><a href=\"https:\/\/academia.utp.edu.co\/extensiondeportes\/files\/2024\/11\/PORTAFOLIO-VOLUNTARIADO-LUDEN-4.0-2.png\"><img loading=\"lazy\" decoding=\"async\" width=\"724\" height=\"1024\" src=\"https:\/\/academia.utp.edu.co\/extensiondeportes\/files\/2024\/11\/PORTAFOLIO-VOLUNTARIADO-LUDEN-4.0-2-724x1024.png\" alt=\"\" class=\"wp-image-22672\" srcset=\"https:\/\/academia.utp.edu.co\/extensiondeportes\/files\/2024\/11\/PORTAFOLIO-VOLUNTARIADO-LUDEN-4.0-2-724x1024.png 724w, https:\/\/academia.utp.edu.co\/extensiondeportes\/files\/2024\/11\/PORTAFOLIO-VOLUNTARIADO-LUDEN-4.0-2-212x300.png 212w, https:\/\/academia.utp.edu.co\/extensiondeportes\/files\/2024\/11\/PORTAFOLIO-VOLUNTARIADO-LUDEN-4.0-2-768x1086.png 768w, https:\/\/academia.utp.edu.co\/extensiondeportes\/files\/2024\/11\/PORTAFOLIO-VOLUNTARIADO-LUDEN-4.0-2-1086x1536.png 1086w, https:\/\/academia.utp.edu.co\/extensiondeportes\/files\/2024\/11\/PORTAFOLIO-VOLUNTARIADO-LUDEN-4.0-2.png 1414w\" sizes=\"auto, (max-width: 724px) 100vw, 724px\" \/><\/a><\/figure>\n<\/div>\n\n\n<p><\/p>\n\n\n\n<p class=\"has-medium-font-size\"><strong>METODOLOG\u00cdA<\/strong><\/p>\n\n\n\n<p>La metodolog\u00eda implementada en el proyecto comienza con la identificaci\u00f3n de los eventos que requieren voluntarios, tanto en el \u00e1mbito deportivo como en el \u00e1rea de investigaci\u00f3n y extensi\u00f3n. Este paso es crucial para asegurar que cada evento cuente con el n\u00famero adecuado de voluntarios, alineando sus caracter\u00edsticas y demandas espec\u00edficas con los perfiles necesarios. De esta manera, se garantiza un soporte humano \u00f3ptimo que contribuye al \u00e9xito de las actividades organizadas.<\/p>\n\n\n\n<p>A continuaci\u00f3n, se lleva a cabo la <strong>convocatoria y reclutamiento del talento humano<\/strong>, utilizando diversas estrategias de comunicaci\u00f3n y promoci\u00f3n. Estas incluyen el uso de medios digitales, redes sociales y canales institucionales para atraer a voluntarios comprometidos y con el perfil adecuado. Durante este proceso, se pone especial \u00e9nfasis en seleccionar personas que muestren inter\u00e9s en colaborar de manera efectiva en los eventos, asegurando una alta calidad en la participaci\u00f3n.<\/p>\n\n\n\n<p>Una vez reclutados, se procede con la <strong>preparaci\u00f3n de los voluntarios<\/strong>, una fase esencial en la que se implementan tres estrategias fundamentales: gesti\u00f3n, control y seguimiento. En la gesti\u00f3n, se planifican sesiones de formaci\u00f3n dise\u00f1adas espec\u00edficamente para proporcionar a los voluntarios los conocimientos y habilidades necesarias para sus funciones. El control implica monitorear su progreso y asegurar que se cumplan los est\u00e1ndares requeridos. El seguimiento, por su parte, se enfoca en brindar acompa\u00f1amiento continuo, proporcionando retroalimentaci\u00f3n y ajustando el proceso de formaci\u00f3n seg\u00fan sea necesario para mejorar el desempe\u00f1o de los voluntarios.<\/p>\n\n\n\n<p>Finalmente, durante la realizaci\u00f3n del evento, se ofrece <strong>apoyo a la coordinaci\u00f3n del voluntariado.<\/strong> En esta etapa, los voluntarios se integran en el equipo de trabajo y se supervisa su desempe\u00f1o, garantizando que desempe\u00f1en sus roles de manera eficiente. Se brindan directrices claras y asistencia constante para asegurar que cualquier problema que surja sea resuelto r\u00e1pidamente, contribuyendo as\u00ed al \u00e9xito general del evento y al cumplimiento de los objetivos del proyecto.<\/p>\n\n\n\n<p><\/p>\n\n\n\n<p class=\"has-medium-font-size\"><strong>AVANCES Y EVENTOS DEL PROYECTO<\/strong><\/p>\n\n\n<div class=\"wp-block-image\">\n<figure class=\"aligncenter size-large\"><a href=\"https:\/\/academia.utp.edu.co\/extensiondeportes\/files\/2024\/11\/10.png\"><img loading=\"lazy\" decoding=\"async\" width=\"724\" height=\"1024\" src=\"https:\/\/academia.utp.edu.co\/extensiondeportes\/files\/2024\/11\/10-724x1024.png\" alt=\"\" class=\"wp-image-22673\" srcset=\"https:\/\/academia.utp.edu.co\/extensiondeportes\/files\/2024\/11\/10-724x1024.png 724w, https:\/\/academia.utp.edu.co\/extensiondeportes\/files\/2024\/11\/10-212x300.png 212w, https:\/\/academia.utp.edu.co\/extensiondeportes\/files\/2024\/11\/10-768x1086.png 768w, https:\/\/academia.utp.edu.co\/extensiondeportes\/files\/2024\/11\/10-1086x1536.png 1086w, https:\/\/academia.utp.edu.co\/extensiondeportes\/files\/2024\/11\/10.png 1414w\" sizes=\"auto, (max-width: 724px) 100vw, 724px\" \/><\/a><\/figure>\n<\/div>\n\n<div class=\"wp-block-image\">\n<figure class=\"aligncenter size-large\"><a href=\"https:\/\/academia.utp.edu.co\/extensiondeportes\/files\/2024\/11\/11.png\"><img loading=\"lazy\" decoding=\"async\" width=\"724\" height=\"1024\" src=\"https:\/\/academia.utp.edu.co\/extensiondeportes\/files\/2024\/11\/11-724x1024.png\" alt=\"\" class=\"wp-image-22674\" srcset=\"https:\/\/academia.utp.edu.co\/extensiondeportes\/files\/2024\/11\/11-724x1024.png 724w, https:\/\/academia.utp.edu.co\/extensiondeportes\/files\/2024\/11\/11-212x300.png 212w, https:\/\/academia.utp.edu.co\/extensiondeportes\/files\/2024\/11\/11-768x1086.png 768w, https:\/\/academia.utp.edu.co\/extensiondeportes\/files\/2024\/11\/11-1086x1536.png 1086w, https:\/\/academia.utp.edu.co\/extensiondeportes\/files\/2024\/11\/11.png 1414w\" sizes=\"auto, (max-width: 724px) 100vw, 724px\" \/><\/a><\/figure>\n<\/div>","protected":false},"excerpt":{"rendered":"<p>\u00bfQui\u00e9nes somos? Voluntariado Luden 4.0 es un grupo de voluntarios de la Facultad de Ciencias de la Salud de la Universidad Tecnol\u00f3gica de Pereira, integrado por estudiantes y profesionales que [&hellip;]<\/p>\n","protected":false},"author":601,"featured_media":0,"parent":17,"menu_order":0,"comment_status":"open","ping_status":"closed","template":"","meta":{"_EventAllDay":false,"_EventTimezone":"","_EventStartDate":"","_EventEndDate":"","_EventStartDateUTC":"","_EventEndDateUTC":"","_EventShowMap":false,"_EventShowMapLink":false,"_EventURL":"","_EventCost":"","_EventCostDescription":"","_EventCurrencySymbol":"","_EventCurrencyCode":"","_EventCurrencyPosition":"","_EventDateTimeSeparator":"","_EventTimeRangeSeparator":"","_EventOrganizerID":[],"_EventVenueID":[],"_OrganizerEmail":"","_OrganizerPhone":"","_OrganizerWebsite":"","_VenueAddress":"","_VenueCity":"","_VenueCountry":"","_VenueProvince":"","_VenueState":"","_VenueZip":"","_VenuePhone":"","_VenueURL":"","_VenueStateProvince":"","_VenueLat":"","_VenueLng":"","_VenueShowMap":false,"_VenueShowMapLink":false,"footnotes":""},"class_list":["post-13701","page","type-page","status-publish","hentry"],"_links":{"self":[{"href":"https:\/\/academia.utp.edu.co\/extensiondeportes\/wp-json\/wp\/v2\/pages\/13701","targetHints":{"allow":["GET"]}}],"collection":[{"href":"https:\/\/academia.utp.edu.co\/extensiondeportes\/wp-json\/wp\/v2\/pages"}],"about":[{"href":"https:\/\/academia.utp.edu.co\/extensiondeportes\/wp-json\/wp\/v2\/types\/page"}],"author":[{"embeddable":true,"href":"https:\/\/academia.utp.edu.co\/extensiondeportes\/wp-json\/wp\/v2\/users\/601"}],"replies":[{"embeddable":true,"href":"https:\/\/academia.utp.edu.co\/extensiondeportes\/wp-json\/wp\/v2\/comments?post=13701"}],"version-history":[{"count":4,"href":"https:\/\/academia.utp.edu.co\/extensiondeportes\/wp-json\/wp\/v2\/pages\/13701\/revisions"}],"predecessor-version":[{"id":22675,"href":"https:\/\/academia.utp.edu.co\/extensiondeportes\/wp-json\/wp\/v2\/pages\/13701\/revisions\/22675"}],"up":[{"embeddable":true,"href":"https:\/\/academia.utp.edu.co\/extensiondeportes\/wp-json\/wp\/v2\/pages\/17"}],"wp:attachment":[{"href":"https:\/\/academia.utp.edu.co\/extensiondeportes\/wp-json\/wp\/v2\/media?parent=13701"}],"curies":[{"name":"wp","href":"https:\/\/api.w.org\/{rel}","templated":true}]}}