{"id":14501,"date":"2021-03-09T16:20:13","date_gmt":"2021-03-09T21:20:13","guid":{"rendered":"http:\/\/academia.utp.edu.co\/extensiondeportes\/?page_id=14501"},"modified":"2024-10-06T19:18:13","modified_gmt":"2024-10-07T00:18:13","slug":"practicantes-profesionales","status":"publish","type":"page","link":"https:\/\/academia.utp.edu.co\/extensiondeportes\/area-de-extension-2\/practicantes-profesionales\/","title":{"rendered":"Practicantes Profesionales"},"content":{"rendered":"\n<p>El \u00c1rea de Extensi\u00f3n&nbsp; cuenta con&nbsp; el personal id\u00f3neo para&nbsp; desarrollar actividades y proyectos&nbsp; de alta calidad&nbsp; que&nbsp; son encaminados al cumplimiento&nbsp; de la&nbsp; responsabilidad social que se tiene&nbsp; desde el programa de Ciencias del Deporte y la&nbsp; Recreaci\u00f3n.<\/p>\n\n\n\n<p>Estudiantes que trabajan en equipo para realizar un trabajo eficiente, aprovechando las habilidades, conocimientos y experiencias que cada uno puede ofrecer desde su\u00a0 perfil profesional.<\/p>\n\n\n\n<div class=\"wp-block-group\"><div class=\"wp-block-group__inner-container is-layout-flow wp-block-group-is-layout-flow\">\n<div class=\"wp-block-columns is-layout-flex wp-container-core-columns-is-layout-9d6595d7 wp-block-columns-is-layout-flex\">\n<div class=\"wp-block-column is-layout-flow wp-block-column-is-layout-flow\" style=\"flex-basis:100%\">\n<div class=\"wp-block-columns is-layout-flex wp-container-core-columns-is-layout-9d6595d7 wp-block-columns-is-layout-flex\">\n<div class=\"wp-block-column is-layout-flow wp-block-column-is-layout-flow\">\n<div class=\"wp-block-image\"><figure class=\"aligncenter size-large is-resized\"><a href=\"https:\/\/academia.utp.edu.co\/extensiondeportes\/files\/2021\/03\/WhatsApp-Image-2021-03-09-at-2.29.39-PM-5.jpeg\"><img loading=\"lazy\" decoding=\"async\" src=\"https:\/\/academia.utp.edu.co\/extensiondeportes\/files\/2021\/03\/WhatsApp-Image-2021-03-09-at-2.29.39-PM-5-768x1024.jpeg\" alt=\"\" class=\"wp-image-14741\" width=\"256\" height=\"256\" srcset=\"https:\/\/academia.utp.edu.co\/extensiondeportes\/files\/2021\/03\/WhatsApp-Image-2021-03-09-at-2.29.39-PM-5-150x150.jpeg 150w, https:\/\/academia.utp.edu.co\/extensiondeportes\/files\/2021\/03\/WhatsApp-Image-2021-03-09-at-2.29.39-PM-5-80x80.jpeg 80w, https:\/\/academia.utp.edu.co\/extensiondeportes\/files\/2021\/03\/WhatsApp-Image-2021-03-09-at-2.29.39-PM-5-320x320.jpeg 320w\" sizes=\"auto, (max-width: 256px) 100vw, 256px\" \/><\/a><\/figure><\/div>\n<\/div>\n\n\n\n<div class=\"wp-block-column is-layout-flow wp-block-column-is-layout-flow\">\n<div class=\"wp-block-image\"><figure class=\"aligncenter size-large is-resized\"><a href=\"https:\/\/academia.utp.edu.co\/extensiondeportes\/files\/2021\/03\/WhatsApp-Image-2021-03-09-at-2.28.40-PM-1-1.jpeg\"><img loading=\"lazy\" decoding=\"async\" src=\"https:\/\/academia.utp.edu.co\/extensiondeportes\/files\/2021\/03\/WhatsApp-Image-2021-03-09-at-2.28.40-PM-1-1-981x1024.jpeg\" alt=\"\" class=\"wp-image-14751\" width=\"256\" height=\"256\" srcset=\"https:\/\/academia.utp.edu.co\/extensiondeportes\/files\/2021\/03\/WhatsApp-Image-2021-03-09-at-2.28.40-PM-1-1-150x150.jpeg 150w, https:\/\/academia.utp.edu.co\/extensiondeportes\/files\/2021\/03\/WhatsApp-Image-2021-03-09-at-2.28.40-PM-1-1-80x80.jpeg 80w, https:\/\/academia.utp.edu.co\/extensiondeportes\/files\/2021\/03\/WhatsApp-Image-2021-03-09-at-2.28.40-PM-1-1-320x320.jpeg 320w\" sizes=\"auto, (max-width: 256px) 100vw, 256px\" \/><\/a><\/figure><\/div>\n<\/div>\n\n\n\n<div class=\"wp-block-column is-layout-flow wp-block-column-is-layout-flow\">\n<div class=\"wp-block-image\"><figure class=\"aligncenter size-large is-resized\"><a href=\"https:\/\/academia.utp.edu.co\/extensiondeportes\/files\/2021\/03\/WhatsApp-Image-2021-03-09-at-2.28.39-PM-5.jpeg\"><img loading=\"lazy\" decoding=\"async\" src=\"https:\/\/academia.utp.edu.co\/extensiondeportes\/files\/2021\/03\/WhatsApp-Image-2021-03-09-at-2.28.39-PM-5-1024x1024.jpeg\" alt=\"\" class=\"wp-image-14771\" width=\"256\" height=\"256\" srcset=\"https:\/\/academia.utp.edu.co\/extensiondeportes\/files\/2021\/03\/WhatsApp-Image-2021-03-09-at-2.28.39-PM-5-1024x1024.jpeg 1024w, https:\/\/academia.utp.edu.co\/extensiondeportes\/files\/2021\/03\/WhatsApp-Image-2021-03-09-at-2.28.39-PM-5-300x300.jpeg 300w, https:\/\/academia.utp.edu.co\/extensiondeportes\/files\/2021\/03\/WhatsApp-Image-2021-03-09-at-2.28.39-PM-5-150x150.jpeg 150w, https:\/\/academia.utp.edu.co\/extensiondeportes\/files\/2021\/03\/WhatsApp-Image-2021-03-09-at-2.28.39-PM-5-768x768.jpeg 768w, https:\/\/academia.utp.edu.co\/extensiondeportes\/files\/2021\/03\/WhatsApp-Image-2021-03-09-at-2.28.39-PM-5-80x80.jpeg 80w, https:\/\/academia.utp.edu.co\/extensiondeportes\/files\/2021\/03\/WhatsApp-Image-2021-03-09-at-2.28.39-PM-5-320x320.jpeg 320w, https:\/\/academia.utp.edu.co\/extensiondeportes\/files\/2021\/03\/WhatsApp-Image-2021-03-09-at-2.28.39-PM-5.jpeg 1280w\" sizes=\"auto, (max-width: 256px) 100vw, 256px\" \/><\/a><\/figure><\/div>\n<\/div>\n<\/div>\n<\/div>\n<\/div>\n\n\n\n<div class=\"wp-block-columns is-layout-flex wp-container-core-columns-is-layout-9d6595d7 wp-block-columns-is-layout-flex\">\n<div class=\"wp-block-column is-layout-flow wp-block-column-is-layout-flow\">\n<p class=\"has-text-align-center has-normal-font-size\"><strong>Duver Faver Mej\u00eda<\/strong><br>Pr\u00e1ctica Profesional ll<br>duver.mejia@utp.edu.co<br>312 2025881<\/p>\n<\/div>\n\n\n\n<div class=\"wp-block-column is-layout-flow wp-block-column-is-layout-flow\">\n<p class=\"has-text-align-center\"><strong>Maria Paola Meza Valencia<\/strong><br>Pr\u00e1ctica Profesional ll<br>mariapaola.meza@utp.edu.co<br>312 7221462<\/p>\n<\/div>\n\n\n\n<div class=\"wp-block-column is-layout-flow wp-block-column-is-layout-flow\">\n<p class=\"has-text-align-center\"><strong>Richard Yamid Higuita Pineda<\/strong><br>Pr\u00e1ctica Profesional ll<br>yamid.higuita@utp.edu.co<br>3163086633<\/p>\n<\/div>\n<\/div>\n<\/div><\/div>\n\n\n\n<div class=\"wp-block-columns is-layout-flex wp-container-core-columns-is-layout-9d6595d7 wp-block-columns-is-layout-flex\">\n<div class=\"wp-block-column is-layout-flow wp-block-column-is-layout-flow\">\n<figure class=\"wp-block-image size-large is-resized\"><a href=\"https:\/\/academia.utp.edu.co\/extensiondeportes\/files\/2021\/03\/WhatsApp-Image-2021-03-09-at-2.28.40-PM-4-1.jpeg\"><img loading=\"lazy\" decoding=\"async\" src=\"https:\/\/academia.utp.edu.co\/extensiondeportes\/files\/2021\/03\/WhatsApp-Image-2021-03-09-at-2.28.40-PM-4-1-1024x1024.jpeg\" alt=\"\" class=\"wp-image-14791\" width=\"256\" height=\"256\" srcset=\"https:\/\/academia.utp.edu.co\/extensiondeportes\/files\/2021\/03\/WhatsApp-Image-2021-03-09-at-2.28.40-PM-4-1-1024x1024.jpeg 1024w, https:\/\/academia.utp.edu.co\/extensiondeportes\/files\/2021\/03\/WhatsApp-Image-2021-03-09-at-2.28.40-PM-4-1-300x300.jpeg 300w, https:\/\/academia.utp.edu.co\/extensiondeportes\/files\/2021\/03\/WhatsApp-Image-2021-03-09-at-2.28.40-PM-4-1-150x150.jpeg 150w, https:\/\/academia.utp.edu.co\/extensiondeportes\/files\/2021\/03\/WhatsApp-Image-2021-03-09-at-2.28.40-PM-4-1-768x768.jpeg 768w, https:\/\/academia.utp.edu.co\/extensiondeportes\/files\/2021\/03\/WhatsApp-Image-2021-03-09-at-2.28.40-PM-4-1-1536x1536.jpeg 1536w, https:\/\/academia.utp.edu.co\/extensiondeportes\/files\/2021\/03\/WhatsApp-Image-2021-03-09-at-2.28.40-PM-4-1-80x80.jpeg 80w, https:\/\/academia.utp.edu.co\/extensiondeportes\/files\/2021\/03\/WhatsApp-Image-2021-03-09-at-2.28.40-PM-4-1-320x320.jpeg 320w, https:\/\/academia.utp.edu.co\/extensiondeportes\/files\/2021\/03\/WhatsApp-Image-2021-03-09-at-2.28.40-PM-4-1.jpeg 1600w\" sizes=\"auto, (max-width: 256px) 100vw, 256px\" \/><\/a><\/figure>\n<\/div>\n\n\n\n<div class=\"wp-block-column is-layout-flow wp-block-column-is-layout-flow\">\n<figure class=\"wp-block-image size-large is-resized\"><a href=\"https:\/\/academia.utp.edu.co\/extensiondeportes\/files\/2021\/03\/WhatsApp-Image-2021-03-09-at-2.28.40-PM-5.jpeg\"><img loading=\"lazy\" decoding=\"async\" src=\"https:\/\/academia.utp.edu.co\/extensiondeportes\/files\/2021\/03\/WhatsApp-Image-2021-03-09-at-2.28.40-PM-5-760x1024.jpeg\" alt=\"\" class=\"wp-image-14801\" width=\"256\" height=\"256\" srcset=\"https:\/\/academia.utp.edu.co\/extensiondeportes\/files\/2021\/03\/WhatsApp-Image-2021-03-09-at-2.28.40-PM-5-150x150.jpeg 150w, https:\/\/academia.utp.edu.co\/extensiondeportes\/files\/2021\/03\/WhatsApp-Image-2021-03-09-at-2.28.40-PM-5-80x80.jpeg 80w, https:\/\/academia.utp.edu.co\/extensiondeportes\/files\/2021\/03\/WhatsApp-Image-2021-03-09-at-2.28.40-PM-5-320x320.jpeg 320w\" sizes=\"auto, (max-width: 256px) 100vw, 256px\" \/><\/a><\/figure>\n<\/div>\n\n\n\n<div class=\"wp-block-column is-layout-flow wp-block-column-is-layout-flow\">\n<figure class=\"wp-block-image size-large is-resized\"><a href=\"https:\/\/academia.utp.edu.co\/extensiondeportes\/files\/2021\/03\/WhatsApp-Image-2021-03-09-at-2.28.40-PM-3-1.jpeg\"><img loading=\"lazy\" decoding=\"async\" src=\"https:\/\/academia.utp.edu.co\/extensiondeportes\/files\/2021\/03\/WhatsApp-Image-2021-03-09-at-2.28.40-PM-3-1-576x1024.jpeg\" alt=\"\" class=\"wp-image-14811\" width=\"256\" height=\"256\" srcset=\"https:\/\/academia.utp.edu.co\/extensiondeportes\/files\/2021\/03\/WhatsApp-Image-2021-03-09-at-2.28.40-PM-3-1-150x150.jpeg 150w, https:\/\/academia.utp.edu.co\/extensiondeportes\/files\/2021\/03\/WhatsApp-Image-2021-03-09-at-2.28.40-PM-3-1-80x80.jpeg 80w, https:\/\/academia.utp.edu.co\/extensiondeportes\/files\/2021\/03\/WhatsApp-Image-2021-03-09-at-2.28.40-PM-3-1-320x320.jpeg 320w\" sizes=\"auto, (max-width: 256px) 100vw, 256px\" \/><\/a><\/figure>\n<\/div>\n<\/div>\n\n\n\n<div class=\"wp-block-columns is-layout-flex wp-container-core-columns-is-layout-9d6595d7 wp-block-columns-is-layout-flex\">\n<div class=\"wp-block-column is-layout-flow wp-block-column-is-layout-flow\">\n<p class=\"has-text-align-center has-normal-font-size\">Mar\u00eda Camila Pulgar\u00edn Osorio<br>Pr\u00e1ctica Profesional l<br>camila.pulgarin@utp.edu.co<br>321 7591422<\/p>\n<\/div>\n\n\n\n<div class=\"wp-block-column is-layout-flow wp-block-column-is-layout-flow\">\n<p class=\"has-text-align-center\">Franklin S\u00e1enz Ram\u00edrez<br>Pr\u00e1ctica Profesional l<br>franklin.saenz@utp.edu.co<br>322 7683190<\/p>\n<\/div>\n\n\n\n<div class=\"wp-block-column is-layout-flow wp-block-column-is-layout-flow\">\n<p class=\"has-text-align-center\">Marian Nataly Osorio Garc\u00eda<br>Pr\u00e1ctica Profesional l<br>marian.osorio@utp.edu.co<br>321 3144935<\/p>\n<\/div>\n<\/div>\n\n\n\n<div class=\"wp-block-columns is-layout-flex wp-container-core-columns-is-layout-9d6595d7 wp-block-columns-is-layout-flex\">\n<div class=\"wp-block-column is-layout-flow wp-block-column-is-layout-flow\">\n<div class=\"wp-block-image\"><figure class=\"aligncenter size-large is-resized\"><a href=\"https:\/\/academia.utp.edu.co\/extensiondeportes\/files\/2021\/03\/WhatsApp-Image-2021-03-09-at-2.28.39-PM-1-1.jpeg\"><img loading=\"lazy\" decoding=\"async\" src=\"https:\/\/academia.utp.edu.co\/extensiondeportes\/files\/2021\/03\/WhatsApp-Image-2021-03-09-at-2.28.39-PM-1-1-1024x1008.jpeg\" alt=\"\" class=\"wp-image-14831\" width=\"256\" height=\"256\" srcset=\"https:\/\/academia.utp.edu.co\/extensiondeportes\/files\/2021\/03\/WhatsApp-Image-2021-03-09-at-2.28.39-PM-1-1-150x150.jpeg 150w, https:\/\/academia.utp.edu.co\/extensiondeportes\/files\/2021\/03\/WhatsApp-Image-2021-03-09-at-2.28.39-PM-1-1-80x80.jpeg 80w, https:\/\/academia.utp.edu.co\/extensiondeportes\/files\/2021\/03\/WhatsApp-Image-2021-03-09-at-2.28.39-PM-1-1-320x320.jpeg 320w\" sizes=\"auto, (max-width: 256px) 100vw, 256px\" \/><\/a><\/figure><\/div>\n<\/div>\n\n\n\n<div class=\"wp-block-column is-layout-flow wp-block-column-is-layout-flow\">\n<div class=\"wp-block-image\"><figure class=\"aligncenter size-large is-resized\"><a href=\"https:\/\/academia.utp.edu.co\/extensiondeportes\/files\/2021\/03\/WhatsApp-Image-2021-03-09-at-2.28.32-PM-1.jpeg\"><img loading=\"lazy\" decoding=\"async\" src=\"https:\/\/academia.utp.edu.co\/extensiondeportes\/files\/2021\/03\/WhatsApp-Image-2021-03-09-at-2.28.32-PM-1-1024x1024.jpeg\" alt=\"\" class=\"wp-image-14841\" width=\"256\" height=\"256\" srcset=\"https:\/\/academia.utp.edu.co\/extensiondeportes\/files\/2021\/03\/WhatsApp-Image-2021-03-09-at-2.28.32-PM-1-1024x1024.jpeg 1024w, https:\/\/academia.utp.edu.co\/extensiondeportes\/files\/2021\/03\/WhatsApp-Image-2021-03-09-at-2.28.32-PM-1-300x300.jpeg 300w, https:\/\/academia.utp.edu.co\/extensiondeportes\/files\/2021\/03\/WhatsApp-Image-2021-03-09-at-2.28.32-PM-1-150x150.jpeg 150w, https:\/\/academia.utp.edu.co\/extensiondeportes\/files\/2021\/03\/WhatsApp-Image-2021-03-09-at-2.28.32-PM-1-768x768.jpeg 768w, https:\/\/academia.utp.edu.co\/extensiondeportes\/files\/2021\/03\/WhatsApp-Image-2021-03-09-at-2.28.32-PM-1-80x80.jpeg 80w, https:\/\/academia.utp.edu.co\/extensiondeportes\/files\/2021\/03\/WhatsApp-Image-2021-03-09-at-2.28.32-PM-1-320x320.jpeg 320w, https:\/\/academia.utp.edu.co\/extensiondeportes\/files\/2021\/03\/WhatsApp-Image-2021-03-09-at-2.28.32-PM-1.jpeg 1280w\" sizes=\"auto, (max-width: 256px) 100vw, 256px\" \/><\/a><\/figure><\/div>\n<\/div>\n\n\n\n<div class=\"wp-block-column is-layout-flow wp-block-column-is-layout-flow\">\n<div class=\"wp-block-image\"><figure class=\"aligncenter size-large is-resized\"><a href=\"https:\/\/academia.utp.edu.co\/extensiondeportes\/files\/2021\/03\/WhatsApp-Image-2021-03-09-at-2.28.40-PM-2-1.jpeg\"><img loading=\"lazy\" decoding=\"async\" src=\"https:\/\/academia.utp.edu.co\/extensiondeportes\/files\/2021\/03\/WhatsApp-Image-2021-03-09-at-2.28.40-PM-2-1-768x1024.jpeg\" alt=\"\" class=\"wp-image-14851\" width=\"256\" height=\"256\" srcset=\"https:\/\/academia.utp.edu.co\/extensiondeportes\/files\/2021\/03\/WhatsApp-Image-2021-03-09-at-2.28.40-PM-2-1-150x150.jpeg 150w, https:\/\/academia.utp.edu.co\/extensiondeportes\/files\/2021\/03\/WhatsApp-Image-2021-03-09-at-2.28.40-PM-2-1-80x80.jpeg 80w, https:\/\/academia.utp.edu.co\/extensiondeportes\/files\/2021\/03\/WhatsApp-Image-2021-03-09-at-2.28.40-PM-2-1-320x320.jpeg 320w\" sizes=\"auto, (max-width: 256px) 100vw, 256px\" \/><\/a><\/figure><\/div>\n<\/div>\n<\/div>\n\n\n\n<div class=\"wp-block-columns is-layout-flex wp-container-core-columns-is-layout-9d6595d7 wp-block-columns-is-layout-flex\">\n<div class=\"wp-block-column is-layout-flow wp-block-column-is-layout-flow\">\n<p class=\"has-text-align-center\">Carlos Juli\u00e1n Gamboa Vasquez<br>Pr\u00e1ctica Profesional l<br>julian.vasquez@utp.edu.co<br>3128628797 <\/p>\n<\/div>\n\n\n\n<div class=\"wp-block-column is-layout-flow wp-block-column-is-layout-flow\">\n<p class=\"has-text-align-center\">Katherin Franco Hern\u00e1ndez<br>Pr\u00e1ctica Profesional l<br>k.franco@utp.edu.co<br>3225584341<\/p>\n<\/div>\n\n\n\n<div class=\"wp-block-column is-layout-flow wp-block-column-is-layout-flow\">\n<p class=\"has-text-align-center\">Sergio Villada Jaramillo<br>Pr\u00e1ctica Profesional l<br>sergio.villada@utp.edu.co<br>3013572766<\/p>\n<\/div>\n<\/div>\n\n\n\n<div class=\"wp-block-columns is-layout-flex wp-container-core-columns-is-layout-9d6595d7 wp-block-columns-is-layout-flex\">\n<div class=\"wp-block-column is-layout-flow wp-block-column-is-layout-flow\">\n<div class=\"wp-block-image\"><figure class=\"aligncenter size-large is-resized\"><a href=\"https:\/\/academia.utp.edu.co\/extensiondeportes\/files\/2021\/03\/WhatsApp-Image-2021-03-09-at-2.28.38-PM-2.jpeg\"><img loading=\"lazy\" decoding=\"async\" src=\"https:\/\/academia.utp.edu.co\/extensiondeportes\/files\/2021\/03\/WhatsApp-Image-2021-03-09-at-2.28.38-PM-2-1024x986.jpeg\" alt=\"\" class=\"wp-image-14871\" width=\"256\" height=\"256\" srcset=\"https:\/\/academia.utp.edu.co\/extensiondeportes\/files\/2021\/03\/WhatsApp-Image-2021-03-09-at-2.28.38-PM-2-150x150.jpeg 150w, https:\/\/academia.utp.edu.co\/extensiondeportes\/files\/2021\/03\/WhatsApp-Image-2021-03-09-at-2.28.38-PM-2-80x80.jpeg 80w, https:\/\/academia.utp.edu.co\/extensiondeportes\/files\/2021\/03\/WhatsApp-Image-2021-03-09-at-2.28.38-PM-2-320x320.jpeg 320w\" sizes=\"auto, (max-width: 256px) 100vw, 256px\" \/><\/a><\/figure><\/div>\n<\/div>\n\n\n\n<div class=\"wp-block-column is-layout-flow wp-block-column-is-layout-flow\">\n<div class=\"wp-block-image\"><figure class=\"aligncenter size-large is-resized\"><a href=\"https:\/\/academia.utp.edu.co\/extensiondeportes\/files\/2021\/03\/WhatsApp-Image-2021-03-09-at-2.39.32-PM-1.jpeg\"><img loading=\"lazy\" decoding=\"async\" src=\"https:\/\/academia.utp.edu.co\/extensiondeportes\/files\/2021\/03\/WhatsApp-Image-2021-03-09-at-2.39.32-PM-1-829x1024.jpeg\" alt=\"\" class=\"wp-image-14881\" width=\"256\" height=\"256\" srcset=\"https:\/\/academia.utp.edu.co\/extensiondeportes\/files\/2021\/03\/WhatsApp-Image-2021-03-09-at-2.39.32-PM-1-150x150.jpeg 150w, https:\/\/academia.utp.edu.co\/extensiondeportes\/files\/2021\/03\/WhatsApp-Image-2021-03-09-at-2.39.32-PM-1-80x80.jpeg 80w, https:\/\/academia.utp.edu.co\/extensiondeportes\/files\/2021\/03\/WhatsApp-Image-2021-03-09-at-2.39.32-PM-1-320x320.jpeg 320w\" sizes=\"auto, (max-width: 256px) 100vw, 256px\" \/><\/a><\/figure><\/div>\n<\/div>\n<\/div>\n\n\n\n<div class=\"wp-block-columns is-layout-flex wp-container-core-columns-is-layout-9d6595d7 wp-block-columns-is-layout-flex\">\n<div class=\"wp-block-column is-layout-flow wp-block-column-is-layout-flow\">\n<p class=\"has-text-align-center\">Mar\u00eda Paula Guti\u00e9rrez Tamayo<br>Pr\u00e1ctica Profesional l<br>mayipaula24@utp.edu.co<br>3022779087<\/p>\n<\/div>\n\n\n\n<div class=\"wp-block-column is-layout-flow wp-block-column-is-layout-flow\">\n<p class=\"has-text-align-center\">David Augusto Quintero Botero<br>Pr\u00e1ctica Profesional l<br>david.quintero@utp.edu.co<br> 3152266809<\/p>\n<\/div>\n<\/div>\n","protected":false},"excerpt":{"rendered":"<p>El \u00c1rea de Extensi\u00f3n&nbsp; cuenta con&nbsp; el personal id\u00f3neo para&nbsp; desarrollar actividades y proyectos&nbsp; de alta calidad&nbsp; que&nbsp; son encaminados al cumplimiento&nbsp; de la&nbsp; responsabilidad social que se tiene&nbsp; desde [&hellip;]<\/p>\n","protected":false},"author":601,"featured_media":0,"parent":8311,"menu_order":0,"comment_status":"closed","ping_status":"closed","template":"","meta":{"_EventAllDay":false,"_EventTimezone":"","_EventStartDate":"","_EventEndDate":"","_EventStartDateUTC":"","_EventEndDateUTC":"","_EventShowMap":false,"_EventShowMapLink":false,"_EventURL":"","_EventCost":"","_EventCostDescription":"","_EventCurrencySymbol":"","_EventCurrencyCode":"","_EventCurrencyPosition":"","_EventDateTimeSeparator":"","_EventTimeRangeSeparator":"","_EventOrganizerID":[],"_EventVenueID":[],"_OrganizerEmail":"","_OrganizerPhone":"","_OrganizerWebsite":"","_VenueAddress":"","_VenueCity":"","_VenueCountry":"","_VenueProvince":"","_VenueState":"","_VenueZip":"","_VenuePhone":"","_VenueURL":"","_VenueStateProvince":"","_VenueLat":"","_VenueLng":"","_VenueShowMap":false,"_VenueShowMapLink":false,"footnotes":""},"class_list":["post-14501","page","type-page","status-publish","hentry"],"_links":{"self":[{"href":"https:\/\/academia.utp.edu.co\/extensiondeportes\/wp-json\/wp\/v2\/pages\/14501","targetHints":{"allow":["GET"]}}],"collection":[{"href":"https:\/\/academia.utp.edu.co\/extensiondeportes\/wp-json\/wp\/v2\/pages"}],"about":[{"href":"https:\/\/academia.utp.edu.co\/extensiondeportes\/wp-json\/wp\/v2\/types\/page"}],"author":[{"embeddable":true,"href":"https:\/\/academia.utp.edu.co\/extensiondeportes\/wp-json\/wp\/v2\/users\/601"}],"replies":[{"embeddable":true,"href":"https:\/\/academia.utp.edu.co\/extensiondeportes\/wp-json\/wp\/v2\/comments?post=14501"}],"version-history":[{"count":4,"href":"https:\/\/academia.utp.edu.co\/extensiondeportes\/wp-json\/wp\/v2\/pages\/14501\/revisions"}],"predecessor-version":[{"id":17151,"href":"https:\/\/academia.utp.edu.co\/extensiondeportes\/wp-json\/wp\/v2\/pages\/14501\/revisions\/17151"}],"up":[{"embeddable":true,"href":"https:\/\/academia.utp.edu.co\/extensiondeportes\/wp-json\/wp\/v2\/pages\/8311"}],"wp:attachment":[{"href":"https:\/\/academia.utp.edu.co\/extensiondeportes\/wp-json\/wp\/v2\/media?parent=14501"}],"curies":[{"name":"wp","href":"https:\/\/api.w.org\/{rel}","templated":true}]}}