{"id":1471,"date":"2017-04-07T10:54:36","date_gmt":"2017-04-07T15:54:36","guid":{"rendered":"http:\/\/academia.utp.edu.co\/extensiondeportes\/?page_id=1471"},"modified":"2017-04-19T16:45:51","modified_gmt":"2017-04-19T21:45:51","slug":"inscripciones","status":"publish","type":"page","link":"https:\/\/academia.utp.edu.co\/extensiondeportes\/eventos-1\/v-congreso-nacional-en-gerencia-y-derecho-deportivo\/inscripciones\/","title":{"rendered":"Inscripciones"},"content":{"rendered":"<h1 style=\"text-align: center\">PARA PARTICIPAR EN EL CONGRESO DEBE HACER LAS&nbsp;<\/h1>\n<h1 style=\"text-align: center\"><a href=\"https:\/\/docs.google.com\/a\/utp.edu.co\/forms\/d\/e\/1FAIpQLScAMZva1iiobJDvRZ01ZGriOttlsgZykAhKZit1CY1rvsNTlw\/viewform?c=0&amp;w=1\">INSCRIPCIONES&nbsp;&nbsp;AQU\u00cd<\/a><\/h1>\n<p>&nbsp;<\/p>\n<h1>&nbsp;Registro de Inscripci\u00f3n.<\/h1>\n<ul>\n<li>&nbsp;ENVIAR AL CORREO <a href=\"mailto:informaciongigede@gmail.com\">informaciongigede@gmail.com&nbsp;<\/a>\n<ul>\n<li>&nbsp;Copia de la c\u00e9dula (escaneado o foto legible).<\/li>\n<li>Desprendible de pago (escaneado o foto legible).\n<ul>\n<li><strong>&nbsp;(Traer el original el d\u00eda del evento, para su proceso de acreditaci\u00f3n).<\/strong><\/li>\n<\/ul>\n<\/li>\n<li>Recuerde llenar el formulario de inscripci\u00f3n.<\/li>\n<\/ul>\n<\/li>\n<\/ul>\n<p><img loading=\"lazy\" decoding=\"async\" class=\"alignleft size-full wp-image-2411\" src=\"https:\/\/academia.utp.edu.co\/extensiondeportes\/files\/2017\/04\/MEDIOS-DE-PAGO-2.jpg\" alt=\"\" width=\"800\" height=\"950\" srcset=\"https:\/\/academia.utp.edu.co\/extensiondeportes\/files\/2017\/04\/MEDIOS-DE-PAGO-2.jpg 800w, https:\/\/academia.utp.edu.co\/extensiondeportes\/files\/2017\/04\/MEDIOS-DE-PAGO-2-253x300.jpg 253w, https:\/\/academia.utp.edu.co\/extensiondeportes\/files\/2017\/04\/MEDIOS-DE-PAGO-2-768x912.jpg 768w, https:\/\/academia.utp.edu.co\/extensiondeportes\/files\/2017\/04\/MEDIOS-DE-PAGO-2-250x297.jpg 250w\" sizes=\"auto, (max-width: 800px) 100vw, 800px\" \/><\/p>\n<p>&nbsp;<\/p>\n","protected":false},"excerpt":{"rendered":"<p>PARA PARTICIPAR EN EL CONGRESO DEBE HACER LAS&nbsp; INSCRIPCIONES&nbsp;&nbsp;AQU\u00cd &nbsp; &nbsp;Registro de Inscripci\u00f3n. &nbsp;ENVIAR AL CORREO informaciongigede@gmail.com&nbsp; &nbsp;Copia de la c\u00e9dula (escaneado o foto legible). Desprendible de pago (escaneado o [&hellip;]<\/p>\n","protected":false},"author":601,"featured_media":0,"parent":1251,"menu_order":0,"comment_status":"closed","ping_status":"closed","template":"","meta":{"_EventAllDay":false,"_EventTimezone":"","_EventStartDate":"","_EventEndDate":"","_EventStartDateUTC":"","_EventEndDateUTC":"","_EventShowMap":false,"_EventShowMapLink":false,"_EventURL":"","_EventCost":"","_EventCostDescription":"","_EventCurrencySymbol":"","_EventCurrencyCode":"","_EventCurrencyPosition":"","_EventDateTimeSeparator":"","_EventTimeRangeSeparator":"","_EventOrganizerID":[],"_EventVenueID":[],"_OrganizerEmail":"","_OrganizerPhone":"","_OrganizerWebsite":"","_VenueAddress":"","_VenueCity":"","_VenueCountry":"","_VenueProvince":"","_VenueState":"","_VenueZip":"","_VenuePhone":"","_VenueURL":"","_VenueStateProvince":"","_VenueLat":"","_VenueLng":"","_VenueShowMap":false,"_VenueShowMapLink":false,"footnotes":""},"class_list":["post-1471","page","type-page","status-publish","hentry"],"_links":{"self":[{"href":"https:\/\/academia.utp.edu.co\/extensiondeportes\/wp-json\/wp\/v2\/pages\/1471","targetHints":{"allow":["GET"]}}],"collection":[{"href":"https:\/\/academia.utp.edu.co\/extensiondeportes\/wp-json\/wp\/v2\/pages"}],"about":[{"href":"https:\/\/academia.utp.edu.co\/extensiondeportes\/wp-json\/wp\/v2\/types\/page"}],"author":[{"embeddable":true,"href":"https:\/\/academia.utp.edu.co\/extensiondeportes\/wp-json\/wp\/v2\/users\/601"}],"replies":[{"embeddable":true,"href":"https:\/\/academia.utp.edu.co\/extensiondeportes\/wp-json\/wp\/v2\/comments?post=1471"}],"version-history":[{"count":4,"href":"https:\/\/academia.utp.edu.co\/extensiondeportes\/wp-json\/wp\/v2\/pages\/1471\/revisions"}],"predecessor-version":[{"id":2421,"href":"https:\/\/academia.utp.edu.co\/extensiondeportes\/wp-json\/wp\/v2\/pages\/1471\/revisions\/2421"}],"up":[{"embeddable":true,"href":"https:\/\/academia.utp.edu.co\/extensiondeportes\/wp-json\/wp\/v2\/pages\/1251"}],"wp:attachment":[{"href":"https:\/\/academia.utp.edu.co\/extensiondeportes\/wp-json\/wp\/v2\/media?parent=1471"}],"curies":[{"name":"wp","href":"https:\/\/api.w.org\/{rel}","templated":true}]}}