{"id":15751,"date":"2021-05-21T17:02:30","date_gmt":"2021-05-21T22:02:30","guid":{"rendered":"https:\/\/academia.utp.edu.co\/extensiondeportes\/?page_id=15751"},"modified":"2024-10-06T19:18:34","modified_gmt":"2024-10-07T00:18:34","slug":"praxis-utp","status":"publish","type":"page","link":"https:\/\/academia.utp.edu.co\/extensiondeportes\/inicio\/praxis-utp\/","title":{"rendered":"PRAXIS UTP"},"content":{"rendered":"\n<p class=\"has-medium-font-size\">El proyecto Praxis UTP busca implementar un centro piloto de extensi\u00f3n en el cual todos los pregrados de la Universidad Tecnol\u00f3gica de Pereira realicen sus pr\u00e1cticas all\u00ed.<\/p>\n\n\n\n<p class=\"has-medium-font-size\">La implementaci\u00f3n del centro piloto de extensi\u00f3n dentro de la Universidad Tecnol\u00f3gica de Pereira busca fortalecer la formaci\u00f3n integral de los estudiantes por medio de las diferentes pr\u00e1cticas de los programas de pregrado de la Universidad para realizar en el centro, form\u00e1ndose como profesionales competentes, innovadores y con habilidad para adaptarse a un mundo laboral en constante transformaci\u00f3n, uni\u00e9ndose con su entorno social m\u00e1s cercano y grupos de inter\u00e9s. <\/p>\n\n\n\n<p class=\"has-medium-font-size\">Adem\u00e1s, minimizando la brecha que se produce al existir una reducci\u00f3n de solicitudes por parte de las instituciones de pr\u00e1ctica debido a la alta demanda laboral que existe en el mercado por las numerosas carreras t\u00e9cnicas, tecnol\u00f3gicas y profesionales que requieren de estas pr\u00e1cticas. Por ello, es indispensable que la Universidad Tecnol\u00f3gica de Pereira cuente con su centro de pr\u00e1cticas para que todos los profesionales en formaci\u00f3n, afiancen los conocimientos recibidos y los ejecuten de la mejor manera, vi\u00e9ndose reflejado el factor innovador del profesional UTP.<\/p>\n\n\n\n<p class=\"has-medium-font-size\"><strong>Canales de Comunicaci\u00f3n:<\/strong><\/p>\n\n\n\n<p><strong>Correo: informaciongigede@gmail.com<\/strong><\/p>\n\n\n\n<div class=\"wp-block-image\"><figure class=\"aligncenter size-large is-resized\"><a href=\"https:\/\/academia.utp.edu.co\/extensiondeportes\/files\/2021\/05\/PRAXIS-UTP-1-3.png\"><img loading=\"lazy\" decoding=\"async\" src=\"https:\/\/academia.utp.edu.co\/extensiondeportes\/files\/2021\/05\/PRAXIS-UTP-1-3-410x1024.png\" alt=\"\" class=\"wp-image-16351\" width=\"380\" height=\"945\" \/><\/a><figcaption>Infograf\u00eda de proyecto por Marian Osorio<\/figcaption><\/figure><\/div>\n","protected":false},"excerpt":{"rendered":"<p>El proyecto Praxis UTP busca implementar un centro piloto de extensi\u00f3n en el cual todos los pregrados de la Universidad Tecnol\u00f3gica de Pereira realicen sus pr\u00e1cticas all\u00ed. La implementaci\u00f3n del [&hellip;]<\/p>\n","protected":false},"author":601,"featured_media":0,"parent":17,"menu_order":0,"comment_status":"closed","ping_status":"closed","template":"","meta":{"_EventAllDay":false,"_EventTimezone":"","_EventStartDate":"","_EventEndDate":"","_EventStartDateUTC":"","_EventEndDateUTC":"","_EventShowMap":false,"_EventShowMapLink":false,"_EventURL":"","_EventCost":"","_EventCostDescription":"","_EventCurrencySymbol":"","_EventCurrencyCode":"","_EventCurrencyPosition":"","_EventDateTimeSeparator":"","_EventTimeRangeSeparator":"","_EventOrganizerID":[],"_EventVenueID":[],"_OrganizerEmail":"","_OrganizerPhone":"","_OrganizerWebsite":"","_VenueAddress":"","_VenueCity":"","_VenueCountry":"","_VenueProvince":"","_VenueState":"","_VenueZip":"","_VenuePhone":"","_VenueURL":"","_VenueStateProvince":"","_VenueLat":"","_VenueLng":"","_VenueShowMap":false,"_VenueShowMapLink":false,"footnotes":""},"class_list":["post-15751","page","type-page","status-publish","hentry"],"_links":{"self":[{"href":"https:\/\/academia.utp.edu.co\/extensiondeportes\/wp-json\/wp\/v2\/pages\/15751","targetHints":{"allow":["GET"]}}],"collection":[{"href":"https:\/\/academia.utp.edu.co\/extensiondeportes\/wp-json\/wp\/v2\/pages"}],"about":[{"href":"https:\/\/academia.utp.edu.co\/extensiondeportes\/wp-json\/wp\/v2\/types\/page"}],"author":[{"embeddable":true,"href":"https:\/\/academia.utp.edu.co\/extensiondeportes\/wp-json\/wp\/v2\/users\/601"}],"replies":[{"embeddable":true,"href":"https:\/\/academia.utp.edu.co\/extensiondeportes\/wp-json\/wp\/v2\/comments?post=15751"}],"version-history":[{"count":4,"href":"https:\/\/academia.utp.edu.co\/extensiondeportes\/wp-json\/wp\/v2\/pages\/15751\/revisions"}],"predecessor-version":[{"id":16361,"href":"https:\/\/academia.utp.edu.co\/extensiondeportes\/wp-json\/wp\/v2\/pages\/15751\/revisions\/16361"}],"up":[{"embeddable":true,"href":"https:\/\/academia.utp.edu.co\/extensiondeportes\/wp-json\/wp\/v2\/pages\/17"}],"wp:attachment":[{"href":"https:\/\/academia.utp.edu.co\/extensiondeportes\/wp-json\/wp\/v2\/media?parent=15751"}],"curies":[{"name":"wp","href":"https:\/\/api.w.org\/{rel}","templated":true}]}}