{"id":17,"date":"2014-09-26T00:37:13","date_gmt":"2014-09-26T05:37:13","guid":{"rendered":"http:\/\/academia.utp.edu.co\/extensiondeportes\/?page_id=17"},"modified":"2017-06-02T23:39:20","modified_gmt":"2017-06-03T04:39:20","slug":"inicio","status":"publish","type":"page","link":"https:\/\/academia.utp.edu.co\/extensiondeportes\/inicio\/","title":{"rendered":"Proyectos"},"content":{"rendered":"<p style=\"text-align: justify\">Es el \u00e1rea que se encarga de la extensi\u00f3n solidaria del programa de Ciencias del Deporte y la Recreaci\u00f3n, mediante actividades y proyectos que son monitoreados y desarrollados desde esta oficina, cumpliendo con la responsabilidad social que se le ha delegado como programa e instituci\u00f3n, teniendo como prioridad el desarrollo sustentable en la correcci\u00f3n eje cafetero.<\/p>\n","protected":false},"excerpt":{"rendered":"<p>Es el \u00e1rea que se encarga de la extensi\u00f3n solidaria del programa de Ciencias del Deporte y la Recreaci\u00f3n, mediante actividades y proyectos que son monitoreados y desarrollados desde esta [&hellip;]<\/p>\n","protected":false},"author":70,"featured_media":0,"parent":0,"menu_order":0,"comment_status":"open","ping_status":"closed","template":"","meta":{"_EventAllDay":false,"_EventTimezone":"","_EventStartDate":"","_EventEndDate":"","_EventStartDateUTC":"","_EventEndDateUTC":"","_EventShowMap":false,"_EventShowMapLink":false,"_EventURL":"","_EventCost":"","_EventCostDescription":"","_EventCurrencySymbol":"","_EventCurrencyCode":"","_EventCurrencyPosition":"","_EventDateTimeSeparator":"","_EventTimeRangeSeparator":"","_EventOrganizerID":[],"_EventVenueID":[],"_OrganizerEmail":"","_OrganizerPhone":"","_OrganizerWebsite":"","_VenueAddress":"","_VenueCity":"","_VenueCountry":"","_VenueProvince":"","_VenueState":"","_VenueZip":"","_VenuePhone":"","_VenueURL":"","_VenueStateProvince":"","_VenueLat":"","_VenueLng":"","_VenueShowMap":false,"_VenueShowMapLink":false,"footnotes":""},"class_list":["post-17","page","type-page","status-publish","hentry"],"_links":{"self":[{"href":"https:\/\/academia.utp.edu.co\/extensiondeportes\/wp-json\/wp\/v2\/pages\/17","targetHints":{"allow":["GET"]}}],"collection":[{"href":"https:\/\/academia.utp.edu.co\/extensiondeportes\/wp-json\/wp\/v2\/pages"}],"about":[{"href":"https:\/\/academia.utp.edu.co\/extensiondeportes\/wp-json\/wp\/v2\/types\/page"}],"author":[{"embeddable":true,"href":"https:\/\/academia.utp.edu.co\/extensiondeportes\/wp-json\/wp\/v2\/users\/70"}],"replies":[{"embeddable":true,"href":"https:\/\/academia.utp.edu.co\/extensiondeportes\/wp-json\/wp\/v2\/comments?post=17"}],"version-history":[{"count":15,"href":"https:\/\/academia.utp.edu.co\/extensiondeportes\/wp-json\/wp\/v2\/pages\/17\/revisions"}],"predecessor-version":[{"id":13291,"href":"https:\/\/academia.utp.edu.co\/extensiondeportes\/wp-json\/wp\/v2\/pages\/17\/revisions\/13291"}],"wp:attachment":[{"href":"https:\/\/academia.utp.edu.co\/extensiondeportes\/wp-json\/wp\/v2\/media?parent=17"}],"curies":[{"name":"wp","href":"https:\/\/api.w.org\/{rel}","templated":true}]}}