{"id":192,"date":"2014-10-22T00:00:53","date_gmt":"2014-10-22T05:00:53","guid":{"rendered":"http:\/\/academia.utp.edu.co\/extensiondeportes\/?page_id=192"},"modified":"2024-11-06T19:02:38","modified_gmt":"2024-11-07T00:02:38","slug":"ascod","status":"publish","type":"page","link":"https:\/\/academia.utp.edu.co\/extensiondeportes\/inicio\/ascod\/","title":{"rendered":"ASCODEP"},"content":{"rendered":"<div class=\"wp-block-image wp-image-14991\">\n<figure class=\"aligncenter is-resized\"><img loading=\"lazy\" decoding=\"async\" width=\"960\" height=\"480\" src=\"https:\/\/academia.utp.edu.co\/extensiondeportes\/files\/2021\/05\/LOGO-FONDOS-CLAROS-e1621368658619.png\" alt=\"\" class=\"wp-image-14991\" style=\"width:240px;height:120px\" srcset=\"https:\/\/academia.utp.edu.co\/extensiondeportes\/files\/2021\/05\/LOGO-FONDOS-CLAROS-e1621368658619.png 960w, https:\/\/academia.utp.edu.co\/extensiondeportes\/files\/2021\/05\/LOGO-FONDOS-CLAROS-e1621368658619-300x150.png 300w, https:\/\/academia.utp.edu.co\/extensiondeportes\/files\/2021\/05\/LOGO-FONDOS-CLAROS-e1621368658619-768x384.png 768w\" sizes=\"auto, (max-width: 960px) 100vw, 960px\" \/><figcaption class=\"wp-element-caption\">Asesor\u00eda y Consultor\u00eda a Organismos del Sistema Nacional del Deporte<\/figcaption><\/figure>\n<\/div>\n\n\n<p>Ascodep es un proyecto creado como labor de responsabilidad social, de la Universidad Tecnol\u00f3gica de Pereira y es dirigido desde la Oficina de Extensi\u00f3n del Programa Ciencias del Deporte y la Recreaci\u00f3n. Ascodep tiene el prop\u00f3sito de contribuir al desarrollo del deporte asociado en la regi\u00f3n y el pa\u00eds, su funcionamiento ha pasado por varios momentos en su proceso de consolidaci\u00f3n.<\/p>\n\n\n\n<p class=\"has-medium-font-size\">El deporte asociado y los organismos que hacen parte del Sistema Nacional del Deporte, en la actualidad presentan necesidades referente al conocimiento de los procedimientos legales y administrativos que comprenden los diferentes organismos como clubes, ligas, federaciones, entre otros, partiendo de esa necesidad y la responsabilidad social de la Universidad Tecnol\u00f3gica de Pereira, Ascodep se estructura&nbsp; y&nbsp; dirige desde el \u00c1rea de Investigaci\u00f3n y Extensi\u00f3n del Programa Ciencias del Deporte y la Recreaci\u00f3n cumpliendo con el prop\u00f3sito institucional de la Vicerrector\u00eda de Innovaci\u00f3n, Investigaci\u00f3n y Extensi\u00f3n.<\/p>\n\n\n\n<p class=\"has-medium-font-size\">Buscando contribuir al desarrollo de estos organismos al mejorar sus procesos administrativos, como pilares para que su estructura y accionar tengan una direcci\u00f3n y avance, procesos que se ven distorsionados al no tener el suficiente conocimiento por parte de los dirigentes y tampoco buenas fuentes de informaci\u00f3n, es ah\u00ed donde Ascodep entra a impactar.<\/p>\n\n\n<div class=\"wp-block-image\">\n<figure class=\"aligncenter size-large is-resized\"><a href=\"https:\/\/academia.utp.edu.co\/extensiondeportes\/files\/2021\/05\/Baltimore-2-3.png\"><img loading=\"lazy\" decoding=\"async\" width=\"410\" height=\"1024\" src=\"https:\/\/academia.utp.edu.co\/extensiondeportes\/files\/2021\/05\/Baltimore-2-3-410x1024.png\" alt=\"\" class=\"wp-image-16321\" style=\"width:380px;height:945px\" srcset=\"https:\/\/academia.utp.edu.co\/extensiondeportes\/files\/2021\/05\/Baltimore-2-3-410x1024.png 410w, https:\/\/academia.utp.edu.co\/extensiondeportes\/files\/2021\/05\/Baltimore-2-3-120x300.png 120w, https:\/\/academia.utp.edu.co\/extensiondeportes\/files\/2021\/05\/Baltimore-2-3-768x1920.png 768w, https:\/\/academia.utp.edu.co\/extensiondeportes\/files\/2021\/05\/Baltimore-2-3.png 800w\" sizes=\"auto, (max-width: 410px) 100vw, 410px\" \/><\/a><figcaption class=\"wp-element-caption\">Infograf\u00eda de proyecto por Franklin S\u00e1enz<\/figcaption><\/figure>\n<\/div>\n\n\n<p>Deporte, derecho e impacto es el proyecto que esta trabajando o interviniendo al proyecto Ascodep, este proyecto pretende fortalecer la visibilidad y el alcance que tiene Ascodep con la finalidad de abarcar y enterar a mas poblacion y que estos puedan constituirsen, afiliarsen, o asesorarsen seg\u00fan sus intereses y a su vez disminuir el deporte informal, por ende \u00abDeporte, derecho e impacto\u00bb busca influir positivamente en la resolucion de las necesidades ya expuestas. y asi apoyar a los objetivos de Ascodep que pasan, entre otras cosas, por el fomento del deporte asociado y formal, lo que a su vez se alinean con los objetivos dentro del Plan Nacional de Desarrollo y el Sistema Nacional de Deporte<\/p>\n\n\n\n<p><\/p>\n\n\n\n<p class=\"has-medium-font-size\"><strong>Objetivo del proyecto<\/strong><\/p>\n\n\n\n<p>El objeto de esta intervencion es potenciar y\/o apoyar los objetivos de Ascodep, esto con el fin de aumentar el alcance y mejorar el servicio que oferta Ascodep por lo tanto se pretende 1\u00b0 aumentar el alcance de influencia del proyecto Ascodep mediante las plataformas virtuales; 2\u00b0 aumentar el numero de seguidores en las plataforams de facebook e instagram;\u00a0 3\u00b0Aumentar el numero de publicaciones realizadas en las plataformas; 4\u00b0Elaborar un grupo de facebook el cual funcione como foro de discusion; 5\u00b0Organizar conferencias virtuales con expertos en la materia el cual sirva como ampliacion o complementacion del conocimiento de los internautas.<\/p>\n\n\n\n<p><\/p>\n\n\n\n<p class=\"has-medium-font-size\"><strong>Enfoques<\/strong><\/p>\n\n\n\n<p>El contenido con el que hemos trabajado se centra en la educaci\u00f3n digital y la participaci\u00f3n activa de la comunidad. Hemos adoptado un enfoque cualitativo, buscando entender las experiencias de los participantes y fomentar su involucramiento. La tem\u00e1tica principal gira en torno a la inclusi\u00f3n digital y el uso de plataformas virtuales para el aprendizaje.<\/p>\n\n\n\n<p><\/p>\n\n\n\n<p class=\"has-medium-font-size\"><strong>Avances del proyecto<\/strong><\/p>\n\n\n\n<p>El proyecto Deporte, derecho e impacto ha avanzado en la investigacion y produccion de recursos audiovisuales relacionados con el derecho deportivo ademas de\u00a0 la gestion de espacios para la profundizacion de temas relacionados con la legislacion y la gerencia deportiva. Tambien ha impulsado los canales de comunicacion de Ascodep con el fin de acompa\u00f1ar y asesorar a quienes requieran de estos servicios.<\/p>\n\n\n\n<p><\/p>\n\n\n\n<p class=\"has-medium-font-size\"><strong>Metodolog\u00eda trabajada<\/strong><\/p>\n\n\n\n<p>En general se ha trabajado con un enfoque de investigaci\u00f3n-acci\u00f3n dividida en 3 fases o momentos:<\/p>\n\n\n\n<p><strong>1-Indagaci\u00f3n y Familiarizaci\u00f3n:<\/strong> Fase inicial de exploraci\u00f3n para entender el contexto y las herramientas.<\/p>\n\n\n\n<p><strong>2-Producci\u00f3n y Publicaci\u00f3n de Contenidos:<\/strong> Creaci\u00f3n de materiales como audiovisuales y encuestas para un enfoque participativo, donde se involucra a los actores en el proceso.<\/p>\n\n\n\n<p><strong>3-An\u00e1lisis y Conclusiones:<\/strong> Proceso reflexivo, t\u00edpico de la investigaci\u00f3n-acci\u00f3n, donde se busca aprender y mejorar a partir de la pr\u00e1ctica.<\/p>\n\n\n\n<p class=\"has-medium-font-size\"><em><strong>Canales de Comunicaci\u00f3n:<\/strong><\/em><\/p>\n\n\n\n<ul class=\"wp-block-list\">\n<li>Formulario en d\u00f3nde puedes solicitar asesor\u00eda:: <a href=\"https:\/\/docs.google.com\/forms\/d\/e\/1FAIpQLSdx9iH5vq3IRR3Yve9YfAt5FHk3nd_gofUPIYrIdDjlNSSwgw\/viewform\">https:\/\/docs.google.com\/forms\/d\/e\/1FAIpQLSdx9iH5vq3IRR3Yve9YfAt5FHk3nd_gofUPIYrIdDjlNSSwgw\/viewform<\/a><\/li>\n<\/ul>\n\n\n\n<ul class=\"wp-block-social-links has-visible-labels is-layout-flex wp-block-social-links-is-layout-flex\"><li class=\"wp-social-link wp-social-link-instagram  wp-block-social-link\"><a rel=\"noopener nofollow\" target=\"_blank\" href=\"https:\/\/www.instagram.com\/ascodeputp\/\" class=\"wp-block-social-link-anchor\"><svg width=\"24\" height=\"24\" viewBox=\"0 0 24 24\" version=\"1.1\" xmlns=\"http:\/\/www.w3.org\/2000\/svg\" aria-hidden=\"true\" focusable=\"false\"><path d=\"M12,4.622c2.403,0,2.688,0.009,3.637,0.052c0.877,0.04,1.354,0.187,1.671,0.31c0.42,0.163,0.72,0.358,1.035,0.673 c0.315,0.315,0.51,0.615,0.673,1.035c0.123,0.317,0.27,0.794,0.31,1.671c0.043,0.949,0.052,1.234,0.052,3.637 s-0.009,2.688-0.052,3.637c-0.04,0.877-0.187,1.354-0.31,1.671c-0.163,0.42-0.358,0.72-0.673,1.035 c-0.315,0.315-0.615,0.51-1.035,0.673c-0.317,0.123-0.794,0.27-1.671,0.31c-0.949,0.043-1.233,0.052-3.637,0.052 s-2.688-0.009-3.637-0.052c-0.877-0.04-1.354-0.187-1.671-0.31c-0.42-0.163-0.72-0.358-1.035-0.673 c-0.315-0.315-0.51-0.615-0.673-1.035c-0.123-0.317-0.27-0.794-0.31-1.671C4.631,14.688,4.622,14.403,4.622,12 s0.009-2.688,0.052-3.637c0.04-0.877,0.187-1.354,0.31-1.671c0.163-0.42,0.358-0.72,0.673-1.035 c0.315-0.315,0.615-0.51,1.035-0.673c0.317-0.123,0.794-0.27,1.671-0.31C9.312,4.631,9.597,4.622,12,4.622 M12,3 C9.556,3,9.249,3.01,8.289,3.054C7.331,3.098,6.677,3.25,6.105,3.472C5.513,3.702,5.011,4.01,4.511,4.511 c-0.5,0.5-0.808,1.002-1.038,1.594C3.25,6.677,3.098,7.331,3.054,8.289C3.01,9.249,3,9.556,3,12c0,2.444,0.01,2.751,0.054,3.711 c0.044,0.958,0.196,1.612,0.418,2.185c0.23,0.592,0.538,1.094,1.038,1.594c0.5,0.5,1.002,0.808,1.594,1.038 c0.572,0.222,1.227,0.375,2.185,0.418C9.249,20.99,9.556,21,12,21s2.751-0.01,3.711-0.054c0.958-0.044,1.612-0.196,2.185-0.418 c0.592-0.23,1.094-0.538,1.594-1.038c0.5-0.5,0.808-1.002,1.038-1.594c0.222-0.572,0.375-1.227,0.418-2.185 C20.99,14.751,21,14.444,21,12s-0.01-2.751-0.054-3.711c-0.044-0.958-0.196-1.612-0.418-2.185c-0.23-0.592-0.538-1.094-1.038-1.594 c-0.5-0.5-1.002-0.808-1.594-1.038c-0.572-0.222-1.227-0.375-2.185-0.418C14.751,3.01,14.444,3,12,3L12,3z M12,7.378 c-2.552,0-4.622,2.069-4.622,4.622S9.448,16.622,12,16.622s4.622-2.069,4.622-4.622S14.552,7.378,12,7.378z M12,15 c-1.657,0-3-1.343-3-3s1.343-3,3-3s3,1.343,3,3S13.657,15,12,15z M16.804,6.116c-0.596,0-1.08,0.484-1.08,1.08 s0.484,1.08,1.08,1.08c0.596,0,1.08-0.484,1.08-1.08S17.401,6.116,16.804,6.116z\"><\/path><\/svg><span class=\"wp-block-social-link-label\">ascodeputp<\/span><\/a><\/li>\n\n<li class=\"wp-social-link wp-social-link-facebook  wp-block-social-link\"><a rel=\"noopener nofollow\" target=\"_blank\" href=\"https:\/\/www.facebook.com\/Ascodep-100109868068042\/?mo\" class=\"wp-block-social-link-anchor\"><svg width=\"24\" height=\"24\" viewBox=\"0 0 24 24\" version=\"1.1\" xmlns=\"http:\/\/www.w3.org\/2000\/svg\" aria-hidden=\"true\" focusable=\"false\"><path d=\"M12 2C6.5 2 2 6.5 2 12c0 5 3.7 9.1 8.4 9.9v-7H7.9V12h2.5V9.8c0-2.5 1.5-3.9 3.8-3.9 1.1 0 2.2.2 2.2.2v2.5h-1.3c-1.2 0-1.6.8-1.6 1.6V12h2.8l-.4 2.9h-2.3v7C18.3 21.1 22 17 22 12c0-5.5-4.5-10-10-10z\"><\/path><\/svg><span class=\"wp-block-social-link-label\">ASCODEP UTP<\/span><\/a><\/li>\n\n<li class=\"wp-social-link wp-social-link-mail  wp-block-social-link\"><a rel=\"noopener nofollow\" target=\"_blank\" href=\"https:\/\/%20derechodeportivocolombiano@gmail.com\" class=\"wp-block-social-link-anchor\"><svg width=\"24\" height=\"24\" viewBox=\"0 0 24 24\" version=\"1.1\" xmlns=\"http:\/\/www.w3.org\/2000\/svg\" aria-hidden=\"true\" focusable=\"false\"><path d=\"M19,5H5c-1.1,0-2,.9-2,2v10c0,1.1.9,2,2,2h14c1.1,0,2-.9,2-2V7c0-1.1-.9-2-2-2zm.5,12c0,.3-.2.5-.5.5H5c-.3,0-.5-.2-.5-.5V9.8l7.5,5.6,7.5-5.6V17zm0-9.1L12,13.6,4.5,7.9V7c0-.3.2-.5.5-.5h14c.3,0,.5.2.5.5v.9z\"><\/path><\/svg><span class=\"wp-block-social-link-label\">derechodeportivocolombiano<\/span><\/a><\/li><\/ul>\n\n\n\n<p><\/p>\n","protected":false},"excerpt":{"rendered":"<p>Ascodep es un proyecto creado como labor de responsabilidad social, de la Universidad Tecnol\u00f3gica de Pereira y es dirigido desde la Oficina de Extensi\u00f3n del Programa Ciencias del Deporte y [&hellip;]<\/p>\n","protected":false},"author":70,"featured_media":0,"parent":17,"menu_order":0,"comment_status":"open","ping_status":"closed","template":"","meta":{"_EventAllDay":false,"_EventTimezone":"","_EventStartDate":"","_EventEndDate":"","_EventStartDateUTC":"","_EventEndDateUTC":"","_EventShowMap":false,"_EventShowMapLink":false,"_EventURL":"","_EventCost":"","_EventCostDescription":"","_EventCurrencySymbol":"","_EventCurrencyCode":"","_EventCurrencyPosition":"","_EventDateTimeSeparator":"","_EventTimeRangeSeparator":"","_EventOrganizerID":[],"_EventVenueID":[],"_OrganizerEmail":"","_OrganizerPhone":"","_OrganizerWebsite":"","_VenueAddress":"","_VenueCity":"","_VenueCountry":"","_VenueProvince":"","_VenueState":"","_VenueZip":"","_VenuePhone":"","_VenueURL":"","_VenueStateProvince":"","_VenueLat":"","_VenueLng":"","_VenueShowMap":false,"_VenueShowMapLink":false,"footnotes":""},"class_list":["post-192","page","type-page","status-publish","hentry"],"_links":{"self":[{"href":"https:\/\/academia.utp.edu.co\/extensiondeportes\/wp-json\/wp\/v2\/pages\/192","targetHints":{"allow":["GET"]}}],"collection":[{"href":"https:\/\/academia.utp.edu.co\/extensiondeportes\/wp-json\/wp\/v2\/pages"}],"about":[{"href":"https:\/\/academia.utp.edu.co\/extensiondeportes\/wp-json\/wp\/v2\/types\/page"}],"author":[{"embeddable":true,"href":"https:\/\/academia.utp.edu.co\/extensiondeportes\/wp-json\/wp\/v2\/users\/70"}],"replies":[{"embeddable":true,"href":"https:\/\/academia.utp.edu.co\/extensiondeportes\/wp-json\/wp\/v2\/comments?post=192"}],"version-history":[{"count":25,"href":"https:\/\/academia.utp.edu.co\/extensiondeportes\/wp-json\/wp\/v2\/pages\/192\/revisions"}],"predecessor-version":[{"id":22677,"href":"https:\/\/academia.utp.edu.co\/extensiondeportes\/wp-json\/wp\/v2\/pages\/192\/revisions\/22677"}],"up":[{"embeddable":true,"href":"https:\/\/academia.utp.edu.co\/extensiondeportes\/wp-json\/wp\/v2\/pages\/17"}],"wp:attachment":[{"href":"https:\/\/academia.utp.edu.co\/extensiondeportes\/wp-json\/wp\/v2\/media?parent=192"}],"curies":[{"name":"wp","href":"https:\/\/api.w.org\/{rel}","templated":true}]}}