{"id":20261,"date":"2022-11-14T03:10:47","date_gmt":"2022-11-14T08:10:47","guid":{"rendered":"https:\/\/academia.utp.edu.co\/extensiondeportes\/?page_id=20261"},"modified":"2024-10-06T19:14:46","modified_gmt":"2024-10-07T00:14:46","slug":"20261-2","status":"publish","type":"page","link":"https:\/\/academia.utp.edu.co\/extensiondeportes\/postgrados-en-gerencia-del-deporte\/especializacion-en-gerencia-del-deporte\/20261-2\/","title":{"rendered":"GENERALIDADES"},"content":{"rendered":"\n<div class=\"wp-block-media-text is-stacked-on-mobile is-vertically-aligned-center\" style=\"grid-template-columns:49% auto\"><figure class=\"wp-block-media-text__media\"><img loading=\"lazy\" decoding=\"async\" width=\"1024\" height=\"294\" src=\"https:\/\/academia.utp.edu.co\/extensiondeportes\/files\/2019\/06\/Banner-Programas-academicos13-1024x294.jpg\" alt=\"\" class=\"wp-image-9761 size-full\" srcset=\"https:\/\/academia.utp.edu.co\/extensiondeportes\/files\/2019\/06\/Banner-Programas-academicos13-1024x294.jpg 1024w, https:\/\/academia.utp.edu.co\/extensiondeportes\/files\/2019\/06\/Banner-Programas-academicos13-300x86.jpg 300w, https:\/\/academia.utp.edu.co\/extensiondeportes\/files\/2019\/06\/Banner-Programas-academicos13-768x220.jpg 768w, https:\/\/academia.utp.edu.co\/extensiondeportes\/files\/2019\/06\/Banner-Programas-academicos13.jpg 1280w\" sizes=\"auto, (max-width: 1024px) 100vw, 1024px\" \/><\/figure><div class=\"wp-block-media-text__content\">\n<p class=\"has-text-align-justify\" style=\"font-size:28px;font-style:italic;font-weight:500\"><strong><span style=\"text-decoration: underline\">HISTORIA<\/span><\/strong><\/p>\n\n\n\n<p style=\"text-align: justify\"><span style=\"color: #000000\">El programa acad\u00e9mico de Especializaci\u00f3n de Gerencia en Deporte se cre\u00f3 en la Universidad Tecnol\u00f3gica de Pereira el d\u00eda 15 de diciembre de 2009, Registro calificado Resoluci\u00f3n n\u00famero 6874 del 6 de agosto de 2010. El cual ha tenido una trayectoria notoria y significativa en el Departamento de Risaralda y en el pa\u00eds en la formaci\u00f3n de educaci\u00f3n postgraduada y generando un impacto positivo en el medio con sus egresados y la generaci\u00f3n de proyectos de extensi\u00f3n y transformaci\u00f3n en las organizaciones deportivas del sector. ejercicio de la disciplina y las nuevas tecnolog\u00edas aplicadas al proceso ense\u00f1anza- aprendizaje. El programa ha generado unos impactos y resultados en t\u00e9rminos de: Formaci\u00f3n de Egresados 76, Generaci\u00f3n de proyectos de investigaci\u00f3n 42, V\u00ednculos con el sector externo, convenios universidades 3.<\/span><\/p>\n<\/div><\/div>\n\n\n\n<div style=\"height:60px\" aria-hidden=\"true\" class=\"wp-block-spacer\"><\/div>\n\n\n\n<div class=\"wp-block-media-text has-media-on-the-right is-stacked-on-mobile is-vertically-aligned-center\" style=\"grid-template-columns:auto 48%\"><figure class=\"wp-block-media-text__media\"><img loading=\"lazy\" decoding=\"async\" width=\"1024\" height=\"294\" src=\"https:\/\/academia.utp.edu.co\/extensiondeportes\/files\/2019\/06\/Banner-Programas-academicos13-1024x294.jpg\" alt=\"\" class=\"wp-image-9761 size-full\" srcset=\"https:\/\/academia.utp.edu.co\/extensiondeportes\/files\/2019\/06\/Banner-Programas-academicos13-1024x294.jpg 1024w, https:\/\/academia.utp.edu.co\/extensiondeportes\/files\/2019\/06\/Banner-Programas-academicos13-300x86.jpg 300w, https:\/\/academia.utp.edu.co\/extensiondeportes\/files\/2019\/06\/Banner-Programas-academicos13-768x220.jpg 768w, https:\/\/academia.utp.edu.co\/extensiondeportes\/files\/2019\/06\/Banner-Programas-academicos13.jpg 1280w\" sizes=\"auto, (max-width: 1024px) 100vw, 1024px\" \/><\/figure><div class=\"wp-block-media-text__content\">\n<p class=\"has-text-align-justify\" style=\"font-size:28px;font-style:italic;font-weight:500\"><strong><span style=\"text-decoration: underline\">OBJETIVOS<\/span><\/strong><\/p>\n\n\n\n<p><span style=\"color: #000000\">El programa de Especializaci\u00f3n en Gerencia del Deporte tiene como finalidad formar gerentes que lideren organizaciones deportivas y recreativas implementando procesos de modernizaci\u00f3n y transformaci\u00f3n organizacional, a trav\u00e9s de estrategias administrativas que permitan el desarrollo del deporte y la recreaci\u00f3n, en sus \u00e1mbitos de actuaci\u00f3n.<\/span><\/p>\n<\/div><\/div>\n\n\n\n<div style=\"height:60px\" aria-hidden=\"true\" class=\"wp-block-spacer\"><\/div>\n\n\n\n<div class=\"wp-block-media-text is-stacked-on-mobile is-vertically-aligned-center\" style=\"grid-template-columns:48% auto\"><figure class=\"wp-block-media-text__media\"><img loading=\"lazy\" decoding=\"async\" width=\"1024\" height=\"294\" src=\"https:\/\/academia.utp.edu.co\/extensiondeportes\/files\/2019\/06\/Banner-Programas-academicos13-1024x294.jpg\" alt=\"\" class=\"wp-image-9761 size-full\" srcset=\"https:\/\/academia.utp.edu.co\/extensiondeportes\/files\/2019\/06\/Banner-Programas-academicos13-1024x294.jpg 1024w, https:\/\/academia.utp.edu.co\/extensiondeportes\/files\/2019\/06\/Banner-Programas-academicos13-300x86.jpg 300w, https:\/\/academia.utp.edu.co\/extensiondeportes\/files\/2019\/06\/Banner-Programas-academicos13-768x220.jpg 768w, https:\/\/academia.utp.edu.co\/extensiondeportes\/files\/2019\/06\/Banner-Programas-academicos13.jpg 1280w\" sizes=\"auto, (max-width: 1024px) 100vw, 1024px\" \/><\/figure><div class=\"wp-block-media-text__content\">\n<p class=\"has-text-align-justify\" style=\"font-size:28px;font-style:italic;font-weight:500\"><strong><span style=\"text-decoration: underline\">MISI\u00d3N<\/span><\/strong><\/p>\n\n\n\n<p style=\"text-align: justify\"><span style=\"color: #000000\">Somos un programa acad\u00e9mico orientado a la cualificaci\u00f3n de profesionales competentes con enfoque estrat\u00e9gico en el desarrollo organizacional, profundizando en la comprensi\u00f3n, el liderazgo y la transformaci\u00f3n de las organizaciones del sector Deporte, siendo propositivos con una visi\u00f3n global (pol\u00edtico, econ\u00f3mico, ambiental, social, deportivo y cultural) reconociendo el contexto nacional y los desarrollos internacionales.<\/span><\/p>\n<\/div><\/div>\n\n\n\n<div style=\"height:60px\" aria-hidden=\"true\" class=\"wp-block-spacer\"><\/div>\n\n\n\n<div class=\"wp-block-media-text has-media-on-the-right is-stacked-on-mobile is-vertically-aligned-center\" style=\"grid-template-columns:auto 49%\"><figure class=\"wp-block-media-text__media\"><img loading=\"lazy\" decoding=\"async\" width=\"1024\" height=\"294\" src=\"https:\/\/academia.utp.edu.co\/extensiondeportes\/files\/2019\/06\/Banner-Programas-academicos13-1024x294.jpg\" alt=\"\" class=\"wp-image-9761 size-full\" srcset=\"https:\/\/academia.utp.edu.co\/extensiondeportes\/files\/2019\/06\/Banner-Programas-academicos13-1024x294.jpg 1024w, https:\/\/academia.utp.edu.co\/extensiondeportes\/files\/2019\/06\/Banner-Programas-academicos13-300x86.jpg 300w, https:\/\/academia.utp.edu.co\/extensiondeportes\/files\/2019\/06\/Banner-Programas-academicos13-768x220.jpg 768w, https:\/\/academia.utp.edu.co\/extensiondeportes\/files\/2019\/06\/Banner-Programas-academicos13.jpg 1280w\" sizes=\"auto, (max-width: 1024px) 100vw, 1024px\" \/><\/figure><div class=\"wp-block-media-text__content\">\n<p class=\"has-text-align-justify\" style=\"font-size:28px;font-style:italic;font-weight:500\"><strong><span style=\"text-decoration: underline\">VISI\u00d3N<\/span><\/strong><\/p>\n\n\n\n<p style=\"text-align: justify\"><span style=\"color: #000000\">Seremos un programa de maestr\u00eda con referencia nacional, que contribuya de manera efectiva con sus egresados y con la sociedad, a trav\u00e9s, de la extensi\u00f3n, gesti\u00f3n e investigaci\u00f3n, identificando problemas del deporte y proponiendo soluciones seg\u00fan la especificidad del contexto en que se encuentren, de manera \u00e9tica y con responsabilidad social.<\/span><\/p>\n<\/div><\/div>\n\n\n\n<div style=\"height:60px\" aria-hidden=\"true\" class=\"wp-block-spacer\"><\/div>\n","protected":false},"excerpt":{"rendered":"<p>HISTORIA El programa acad\u00e9mico de Especializaci\u00f3n de Gerencia en Deporte se cre\u00f3 en la Universidad Tecnol\u00f3gica de Pereira el d\u00eda 15 de diciembre de 2009, Registro calificado Resoluci\u00f3n n\u00famero 6874 [&hellip;]<\/p>\n","protected":false},"author":601,"featured_media":0,"parent":18551,"menu_order":0,"comment_status":"closed","ping_status":"closed","template":"","meta":{"_EventAllDay":false,"_EventTimezone":"","_EventStartDate":"","_EventEndDate":"","_EventStartDateUTC":"","_EventEndDateUTC":"","_EventShowMap":false,"_EventShowMapLink":false,"_EventURL":"","_EventCost":"","_EventCostDescription":"","_EventCurrencySymbol":"","_EventCurrencyCode":"","_EventCurrencyPosition":"","_EventDateTimeSeparator":"","_EventTimeRangeSeparator":"","_EventOrganizerID":[],"_EventVenueID":[],"_OrganizerEmail":"","_OrganizerPhone":"","_OrganizerWebsite":"","_VenueAddress":"","_VenueCity":"","_VenueCountry":"","_VenueProvince":"","_VenueState":"","_VenueZip":"","_VenuePhone":"","_VenueURL":"","_VenueStateProvince":"","_VenueLat":"","_VenueLng":"","_VenueShowMap":false,"_VenueShowMapLink":false,"footnotes":""},"class_list":["post-20261","page","type-page","status-publish","hentry"],"_links":{"self":[{"href":"https:\/\/academia.utp.edu.co\/extensiondeportes\/wp-json\/wp\/v2\/pages\/20261","targetHints":{"allow":["GET"]}}],"collection":[{"href":"https:\/\/academia.utp.edu.co\/extensiondeportes\/wp-json\/wp\/v2\/pages"}],"about":[{"href":"https:\/\/academia.utp.edu.co\/extensiondeportes\/wp-json\/wp\/v2\/types\/page"}],"author":[{"embeddable":true,"href":"https:\/\/academia.utp.edu.co\/extensiondeportes\/wp-json\/wp\/v2\/users\/601"}],"replies":[{"embeddable":true,"href":"https:\/\/academia.utp.edu.co\/extensiondeportes\/wp-json\/wp\/v2\/comments?post=20261"}],"version-history":[{"count":45,"href":"https:\/\/academia.utp.edu.co\/extensiondeportes\/wp-json\/wp\/v2\/pages\/20261\/revisions"}],"predecessor-version":[{"id":21061,"href":"https:\/\/academia.utp.edu.co\/extensiondeportes\/wp-json\/wp\/v2\/pages\/20261\/revisions\/21061"}],"up":[{"embeddable":true,"href":"https:\/\/academia.utp.edu.co\/extensiondeportes\/wp-json\/wp\/v2\/pages\/18551"}],"wp:attachment":[{"href":"https:\/\/academia.utp.edu.co\/extensiondeportes\/wp-json\/wp\/v2\/media?parent=20261"}],"curies":[{"name":"wp","href":"https:\/\/api.w.org\/{rel}","templated":true}]}}