{"id":21071,"date":"2022-11-14T18:32:11","date_gmt":"2022-11-14T23:32:11","guid":{"rendered":"https:\/\/academia.utp.edu.co\/extensiondeportes\/?page_id=21071"},"modified":"2024-10-06T19:04:01","modified_gmt":"2024-10-07T00:04:01","slug":"aspirante","status":"publish","type":"page","link":"https:\/\/academia.utp.edu.co\/extensiondeportes\/postgrados-en-gerencia-del-deporte\/especializacion-en-gerencia-del-deporte\/aspirante\/","title":{"rendered":"ASPIRANTE"},"content":{"rendered":"<h6 style=\"text-align: justify\"><em>El programa est\u00e1 dirigido a Profesionales del sector del Deporte, Econ\u00f3mico, Administrativo y profesionales en otras \u00e1reas, con conocimiento, experiencia y\/o v\u00ednculos en la direcci\u00f3n y gesti\u00f3n de las organizaciones del deporte.<\/em><\/h6>\n\n\n<div style=\"height:60px\" aria-hidden=\"true\" class=\"wp-block-spacer\"><\/div>\n\n\n\n<div class=\"wp-block-columns is-layout-flex wp-container-core-columns-is-layout-9d6595d7 wp-block-columns-is-layout-flex\">\n<div class=\"wp-block-column is-layout-flow wp-block-column-is-layout-flow\" style=\"flex-basis:100%\">\n<div class=\"wp-block-columns is-layout-flex wp-container-core-columns-is-layout-9d6595d7 wp-block-columns-is-layout-flex\">\n<div class=\"wp-block-column is-layout-flow wp-block-column-is-layout-flow\"><div class=\"wp-block-image\">\n<figure class=\"aligncenter size-full is-resized\"><a href=\"https:\/\/academia.utp.edu.co\/extensiondeportes\/files\/2022\/11\/portapapeles-2.png\"><img loading=\"lazy\" decoding=\"async\" src=\"https:\/\/academia.utp.edu.co\/extensiondeportes\/files\/2022\/11\/portapapeles-2.png\" alt=\"\" class=\"wp-image-21571\" width=\"140\" height=\"128\" \/><\/a><\/figure>\n<\/div><\/div>\n\n\n\n<div class=\"wp-block-column is-layout-flow wp-block-column-is-layout-flow\"><div class=\"wp-block-image\">\n<figure class=\"aligncenter size-full is-resized\"><a href=\"https:\/\/academia.utp.edu.co\/extensiondeportes\/files\/2022\/11\/horarios-1.png\"><img loading=\"lazy\" decoding=\"async\" src=\"https:\/\/academia.utp.edu.co\/extensiondeportes\/files\/2022\/11\/horarios-1.png\" alt=\"\" class=\"wp-image-21621\" width=\"147\" height=\"147\" srcset=\"https:\/\/academia.utp.edu.co\/extensiondeportes\/files\/2022\/11\/horarios-1.png 128w, https:\/\/academia.utp.edu.co\/extensiondeportes\/files\/2022\/11\/horarios-1-80x80.png 80w\" sizes=\"auto, (max-width: 147px) 100vw, 147px\" \/><\/a><\/figure>\n<\/div><\/div>\n\n\n\n<div class=\"wp-block-column is-layout-flow wp-block-column-is-layout-flow\"><div class=\"wp-block-image\">\n<figure class=\"aligncenter size-full is-resized\"><a href=\"https:\/\/academia.utp.edu.co\/extensiondeportes\/files\/2022\/11\/matricula.png\"><img loading=\"lazy\" decoding=\"async\" src=\"https:\/\/academia.utp.edu.co\/extensiondeportes\/files\/2022\/11\/matricula.png\" alt=\"\" class=\"wp-image-21661\" width=\"147\" height=\"147\" srcset=\"https:\/\/academia.utp.edu.co\/extensiondeportes\/files\/2022\/11\/matricula.png 128w, https:\/\/academia.utp.edu.co\/extensiondeportes\/files\/2022\/11\/matricula-80x80.png 80w\" sizes=\"auto, (max-width: 147px) 100vw, 147px\" \/><\/a><\/figure>\n<\/div><\/div>\n<\/div>\n<\/div>\n<\/div>\n\n\n\n<div class=\"wp-block-columns is-layout-flex wp-container-core-columns-is-layout-9d6595d7 wp-block-columns-is-layout-flex\">\n<div class=\"wp-block-column is-layout-flow wp-block-column-is-layout-flow\">\n<h3 style=\"text-align: center\">REQUISITOS DE ADMISI\u00d3N<\/h3>\n<hr>\n<ul>\n<li>Poseer t\u00edtulo profesional.<\/li>\n<li style=\"text-align: justify\">Los estudiantes que soliciten homologaci\u00f3n de asignaturas deber\u00e1n ser iguales a los contenidos ofrecidos en la Especializaci\u00f3n en Gerencia del Deporte y la Recreaci\u00f3n y la Especializaci\u00f3n en Gerencia del Deporte.<\/li>\n<li style=\"text-align: justify\">Promedio de grado m\u00ednimo 3.5.<\/li>\n<li style=\"text-align: justify\">Diligenciar el formulario de inscripci\u00f3n.<\/li>\n<li style=\"text-align: justify\">Adjuntar las certificaciones y documentos exigidos por la universidad.<\/li>\n<li style=\"text-align: justify\">La permanencia en el programa y las exigencias acad\u00e9micas ser\u00e1n las estipuladas por la&nbsp;&nbsp;&nbsp;&nbsp;&nbsp; Universidad en sus reglamentos de estudios de postgrado.<\/li>\n<li style=\"text-align: justify\">Para los requisitos de grado regir\u00e1 tambi\u00e9n lo estipulado por el reglamento de la Universidad.<\/li>\n<li style=\"text-align: justify\">Las inscripciones y matr\u00edculas se ce\u00f1ir\u00e1n a las normas estipuladas por la UTP y se realizar\u00e1n en las dependencias de registro y control que realizan esta labor para todos los estudiantes.<\/li>\n<\/ul>\n<\/div>\n\n\n\n<div class=\"wp-block-column is-vertically-aligned-top is-layout-flow wp-block-column-is-layout-flow\">\n<h3 style=\"text-align: center\">DURACI\u00d3N Y CARACTER\u00cdSTICAS<\/h3>\n<hr>\n<p style=\"text-align: justify\">El programa Especializaci\u00f3n en Gerencia del Deporte tiene una duraci\u00f3n de 2 a\u00f1os incluyendo el proceso de graduaci\u00f3n. Est\u00e1 compuesto por XXX m\u00f3dulos y cada uno de ellos se desarrolla en un periodo de 4 semanas. Adicionalmente se considera asistencia a<u> eventos que se desarrollan<\/u><\/p>\n<\/div>\n\n\n\n<div class=\"wp-block-column is-layout-flow wp-block-column-is-layout-flow\">\n<h3 style=\"text-align: center\">PROCESO DE INSCRIPCI\u00d3N<\/h3>\n<hr \/>\n<ol>\n<li style=\"text-align: justify\">Comprar el pin que cuesta 0.25% de un salario m\u00ednimo legal vigente, puede ser en l\u00ednea o tambi\u00e9n en el edificio FAVI de la UTP.<\/li>\n<li style=\"text-align: justify\">Despu\u00e9s de realizar la compra del pin, debe Ingresar a la p\u00e1gina Web: <a href=\"http:\/\/app4.utp.edu.co\/MatAcad\/menu_inscripciones\/\">www.utp.edu.co\/inscripciones<\/a> paso 1 introducir el n\u00famero del PIN y n\u00famero de documento.<\/li>\n<\/ol>\n<\/div>\n<\/div>\n","protected":false},"excerpt":{"rendered":"<p>El programa est\u00e1 dirigido a Profesionales del sector del Deporte, Econ\u00f3mico, Administrativo y profesionales en otras \u00e1reas, con conocimiento, experiencia y\/o v\u00ednculos en la direcci\u00f3n y gesti\u00f3n de las organizaciones [&hellip;]<\/p>\n","protected":false},"author":601,"featured_media":0,"parent":18551,"menu_order":0,"comment_status":"closed","ping_status":"closed","template":"","meta":{"_EventAllDay":false,"_EventTimezone":"","_EventStartDate":"","_EventEndDate":"","_EventStartDateUTC":"","_EventEndDateUTC":"","_EventShowMap":false,"_EventShowMapLink":false,"_EventURL":"","_EventCost":"","_EventCostDescription":"","_EventCurrencySymbol":"","_EventCurrencyCode":"","_EventCurrencyPosition":"","_EventDateTimeSeparator":"","_EventTimeRangeSeparator":"","_EventOrganizerID":[],"_EventVenueID":[],"_OrganizerEmail":"","_OrganizerPhone":"","_OrganizerWebsite":"","_VenueAddress":"","_VenueCity":"","_VenueCountry":"","_VenueProvince":"","_VenueState":"","_VenueZip":"","_VenuePhone":"","_VenueURL":"","_VenueStateProvince":"","_VenueLat":"","_VenueLng":"","_VenueShowMap":false,"_VenueShowMapLink":false,"footnotes":""},"class_list":["post-21071","page","type-page","status-publish","hentry"],"_links":{"self":[{"href":"https:\/\/academia.utp.edu.co\/extensiondeportes\/wp-json\/wp\/v2\/pages\/21071","targetHints":{"allow":["GET"]}}],"collection":[{"href":"https:\/\/academia.utp.edu.co\/extensiondeportes\/wp-json\/wp\/v2\/pages"}],"about":[{"href":"https:\/\/academia.utp.edu.co\/extensiondeportes\/wp-json\/wp\/v2\/types\/page"}],"author":[{"embeddable":true,"href":"https:\/\/academia.utp.edu.co\/extensiondeportes\/wp-json\/wp\/v2\/users\/601"}],"replies":[{"embeddable":true,"href":"https:\/\/academia.utp.edu.co\/extensiondeportes\/wp-json\/wp\/v2\/comments?post=21071"}],"version-history":[{"count":23,"href":"https:\/\/academia.utp.edu.co\/extensiondeportes\/wp-json\/wp\/v2\/pages\/21071\/revisions"}],"predecessor-version":[{"id":21841,"href":"https:\/\/academia.utp.edu.co\/extensiondeportes\/wp-json\/wp\/v2\/pages\/21071\/revisions\/21841"}],"up":[{"embeddable":true,"href":"https:\/\/academia.utp.edu.co\/extensiondeportes\/wp-json\/wp\/v2\/pages\/18551"}],"wp:attachment":[{"href":"https:\/\/academia.utp.edu.co\/extensiondeportes\/wp-json\/wp\/v2\/media?parent=21071"}],"curies":[{"name":"wp","href":"https:\/\/api.w.org\/{rel}","templated":true}]}}