{"id":211,"date":"2014-10-01T00:00:30","date_gmt":"2014-10-01T05:00:30","guid":{"rendered":"http:\/\/academia.utp.edu.co\/extensiondeportes\/?page_id=211"},"modified":"2017-10-06T12:13:11","modified_gmt":"2017-10-06T17:13:11","slug":"derechosdelosninos","status":"publish","type":"page","link":"https:\/\/academia.utp.edu.co\/extensiondeportes\/inicio\/derechosdelosninos\/","title":{"rendered":"Derechos de los Ni\u00f1os"},"content":{"rendered":"<div>\n<p align=\"center\"><b>&nbsp;<\/b><\/p>\n<h1 align=\"center\"><b>DERECHOS DE LOS NI\u00d1OS EN EL PROCESO DE FORMACI\u00d3N DEPORTIVA<\/b><\/h1>\n<h2><b>PRESENTACI\u00d3N.<\/b><\/h2>\n<p style=\"text-align: justify\">El proyecto inicia como respuesta al fen\u00f3meno que se vive en las escuelas, clubes y dem\u00e1s espacios formativos en el futbol, donde los ni\u00f1os constantemente se ven envueltos en situaciones que van m\u00e1s all\u00e1 del agonismo \u201c esp\u00edritu de lucha\u201d y la competencia, pasando a un plano generador de conflictos y que altera el objetivo original de una pr\u00e1ctica deportiva infantil.<\/p>\n<p style=\"text-align: justify\">Un gran n\u00famero de conflictos hace saltar las alarmas ya que los casos que se presentan de violencia infantil deportiva, principalmente &nbsp;en el futbol son provocados por los progenitores de estos en 80%, seg\u00fan un estudio realizado por la Federaci\u00f3n Murciana y que fue publicado por el diario laverdad.es.<\/p>\n<p style=\"text-align: justify\">Sin manera alguna de controlar o regular a los padres y actores que se desenvuelven en el \u00e1mbito del deporte formativo infantil, surge una soluci\u00f3n que parece ser la m\u00e1s viable, la sensibilizaci\u00f3n y capacitaci\u00f3n de estos para lograr un ambiente m\u00e1s sano, que no perjudique el aprendizaje y desarrollo de los ni\u00f1os durante su proceso de formaci\u00f3n.<\/p>\n<h2><b>MISI\u00d3N.<\/b><\/h2>\n<p>La misi\u00f3n del proyecto de los derechos de los ni\u00f1os en el proceso de formaci\u00f3n deportiva, es de atender el fen\u00f3meno de la violencia que se genera cada vez de manera m\u00e1s notoria en dichos procesos, debe estar en caminado a sensibilizara, educar a la sociedad y a los actores vinculados, brindando perspectivas de parte de expertos en el tema, donde se muestre la necesidad y la importancia de que las pr\u00e1cticas deportivas infantiles sean un espacio lleno de valores, en el cual los ni\u00f1os aprendan el respeto por los derechos humanos, una sana convivencia con los dem\u00e1s permitiendo un desarrollo integral del individuo social.<\/p>\n<h2><b>VISI\u00d3N.<\/b><\/h2>\n<p>Queremos llegar a ser un proyecto s\u00f3lido, generador de conocimiento, experto en la humanizaci\u00f3n y sensibilizaci\u00f3n de los implicados directos en estos procesos, adem\u00e1s de dar respuestas para as\u00ed contribuir al desarrollo integral y completo de los ni\u00f1os en el deporte, generando espacios, redes y contactos que permitan una organizaci\u00f3n fortalecida.<\/p>\n<p>&nbsp;<\/p>\n<h2><b>VALORES DEL PROYECTO.<\/b><\/h2>\n<p>En el proyecto se fundamenta en unos valores sin los cuales no podr\u00eda mantener su estructura organizacional, estos son:<\/p>\n<ul>\n<li>Compromiso<\/li>\n<li>Participaci\u00f3n<\/li>\n<li>Profesionalidad<\/li>\n<li>Calidad<\/li>\n<li>Humanismo<\/li>\n<li>Colaboraci\u00f3n<\/li>\n<li>Cooperatividad<\/li>\n<li>Iniciativa<\/li>\n<li>Innovaci\u00f3n<\/li>\n<\/ul>\n<p>Estos permiten el desarrollo del proyecto como un proceso mediante el cual todos los puntos se mueven transforman y construyen, constituyendo y fortaleciendo el proyecto, manteni\u00e9ndolo actualizado, logrando de esta manera suplir las necesidades que surjan.<\/p>\n<p>&nbsp;<\/p>\n<h2><b>UBICACI\u00d3N.<\/b><\/h2>\n<p style=\"text-align: justify\">El proyecto es realizado por la Universidad Tecnol\u00f3gica de Pereira, con el apoyo fundamental de su talento humano del programa Ciencias del Deporte y La Recreaci\u00f3n, en donde profesores y estudiantes se unen para direccionar un proyecto que supla las necesidades de los actores que interfieren en estos espacios deportivos, de esta manera tratar de brindar soluciones efectivas que puedas solventar y mejorar este fen\u00f3meno que se presenta en estos escenarios.<\/p>\n<p>&nbsp;<\/p>\n<h2><b>RECONOCIMIENTO Y UBICACI\u00d3N DE ACTORES.<\/b><\/h2>\n<p><b>&nbsp;<\/b><\/p>\n<div id=\"attachment_212\" style=\"width: 464px\" class=\"wp-caption aligncenter\"><a href=\"https:\/\/academia.utp.edu.co\/extensiondeportes\/files\/2014\/11\/Reconocimiento-y-ubicaci\u00f3n-de-actores.jpg\"><img loading=\"lazy\" decoding=\"async\" aria-describedby=\"caption-attachment-212\" class=\"size-full wp-image-212 \" title=\"Imagen 1. Reconocimiento y ubicaci\u00f3n de actores\" src=\"https:\/\/academia.utp.edu.co\/extensiondeportes\/files\/2014\/11\/Reconocimiento-y-ubicaci\u00f3n-de-actores.jpg\" alt=\" Reconocimiento y ubicaci\u00f3n de actores\" width=\"454\" height=\"581\" srcset=\"https:\/\/academia.utp.edu.co\/extensiondeportes\/files\/2014\/11\/Reconocimiento-y-ubicaci\u00f3n-de-actores.jpg 454w, https:\/\/academia.utp.edu.co\/extensiondeportes\/files\/2014\/11\/Reconocimiento-y-ubicaci\u00f3n-de-actores-234x300.jpg 234w\" sizes=\"auto, (max-width: 454px) 100vw, 454px\" \/><\/a><p id=\"caption-attachment-212\" class=\"wp-caption-text\">Reconocimiento y ubicaci\u00f3n de actores<\/p><\/div>\n<p>&nbsp;<\/p>\n<h2><b>ORGANIGRAMA.<\/b><\/h2>\n<\/div>\n<div>\n<p><b>&nbsp;<\/b><\/p>\n<div id=\"attachment_213\" style=\"width: 682px\" class=\"wp-caption aligncenter\"><a href=\"https:\/\/academia.utp.edu.co\/extensiondeportes\/files\/2014\/11\/Organigrama.jpg\"><img loading=\"lazy\" decoding=\"async\" aria-describedby=\"caption-attachment-213\" class=\"size-full wp-image-213\" src=\"https:\/\/academia.utp.edu.co\/extensiondeportes\/files\/2014\/11\/Organigrama.jpg\" alt=\"Organigrama\" width=\"672\" height=\"481\" srcset=\"https:\/\/academia.utp.edu.co\/extensiondeportes\/files\/2014\/11\/Organigrama.jpg 672w, https:\/\/academia.utp.edu.co\/extensiondeportes\/files\/2014\/11\/Organigrama-300x214.jpg 300w\" sizes=\"auto, (max-width: 672px) 100vw, 672px\" \/><\/a><p id=\"caption-attachment-213\" class=\"wp-caption-text\">Organigrama<\/p><\/div>\n<p><b>&nbsp;<\/b><\/p>\n<p><b style=\"font-size: 1.5em\">LINEAS ESTRAT\u00c9GICAS<\/b><\/p>\n<\/div>\n<p><b>&nbsp;<\/b><\/p>\n<h3><b>&nbsp;<\/b><b>L\u00ednea estrat\u00e9gica 1<\/b><\/h3>\n<ol>\n<li>\n<h3><b><\/b><b>Perspectiva de generaci\u00f3n de aprendizaje y conocimiento<\/b><\/h3>\n<\/li>\n<\/ol>\n<p style=\"text-align: justify\">Disponer de las herramientas con las que cuenta el proyecto, es decir con los profesionales de las diferentes \u00e1reas que se encuentren vinculados para as\u00ed de esta manera se obtenga como resultado conocimiento de multidisciplinario enfocado a mejorar y satisfacer las necesidades del fen\u00f3meno de la violencia y el deporte infantil.<\/p>\n<ul>\n<li>&nbsp;Vincular profesionales de diferentes disciplinas que trabajan en estas \u00e1reas y que puedan brindar la asesor\u00eda y el acompa\u00f1amiento para la generaci\u00f3n de conocimiento.<\/li>\n<li>De la misma manera incentiva y generar espacios en los que estos profesionales puedan capacitar y sensibilizar la poblaci\u00f3n directa.<b><\/b><\/li>\n<\/ul>\n<p><b>&nbsp;<\/b><b>&nbsp;<\/b><\/p>\n<h3><b>L\u00ednea estrat\u00e9gica 2<\/b><\/h3>\n<h3><b><\/b><b>&nbsp; &nbsp; &nbsp; &nbsp; &nbsp;2.&nbsp;&nbsp;&nbsp; <\/b><b>Perspectiva organizacional interna<\/b><\/h3>\n<p style=\"text-align: justify\"><b>&nbsp;<\/b>Mejorar la coordinaci\u00f3n y comunicaci\u00f3n entre los procesos internos, es decir dentro de la Universidad Tecnol\u00f3gica de Pereira, (con \u00e1reas de trabajo comunes) buscando fortalecer el proyecto y permitiendo ofrecer este, como un proyecto innovador, de m\u00e1xima calidad que pueda dar respuesta a las necesidades de quienes lo requieran.<\/p>\n<ul>\n<li>&nbsp;Establecer convenios con proyectos similares, que permitan el desarrollo y crecimiento de este. (Es decir con grupos de investigaci\u00f3n, semilleros, proyectos, movimientos que permitan un desarrollo en conjunto.)<\/li>\n<li>Mejorar los circuitos de comunicaci\u00f3n interna y dejar en claro las funciones de cada uno de los componentes de la organizaci\u00f3n.<\/li>\n<\/ul>\n<p><b>&nbsp;<\/b><\/p>\n<h3><b>L\u00ednea estrat\u00e9gica 3<\/b><\/h3>\n<h3><b>3.&nbsp;&nbsp;&nbsp; <\/b><b>Perspectiva organizacional externa.<\/b><\/h3>\n<p>&nbsp;<\/p>\n<p><b>&nbsp;<\/b>Solucionar los problemas de comunicaci\u00f3n existentes, de la misma forma, facilitar la divulgaci\u00f3n y el contacto de las personas y actores interesados con el proyecto para as\u00ed hacer este m\u00e1s visible.<\/p>\n<ul>\n<li><em id=\"__mceDel\">&nbsp;Mejorar la comunicaci\u00f3n con los socios y socias vinculados y su participaci\u00f3n en las actividades del proyecto.<\/em><\/li>\n<li>Hacer visible el proyecto de los derechos de los ni\u00f1os, mejorando nuestra participaci\u00f3n y v\u00ednculos con otras actividades y proyectos pertenecientes a nuestra \u00e1rea de acci\u00f3n.<\/li>\n<li>Mejorar la respuesta y el v\u00ednculo &nbsp;de los colaboradores y entidades que se vinculen con nosotros.<\/li>\n<\/ul>\n<div id=\"attachment_236\" style=\"width: 650px\" class=\"wp-caption aligncenter\"><a href=\"https:\/\/academia.utp.edu.co\/extensiondeportes\/files\/2014\/10\/Manifiesto.png\"><img loading=\"lazy\" decoding=\"async\" aria-describedby=\"caption-attachment-236\" class=\"size-full wp-image-236 \" title=\"Manifiesto Derechos de los ni\u00f1os\" src=\"https:\/\/academia.utp.edu.co\/extensiondeportes\/files\/2014\/10\/Manifiesto.png\" alt=\"Manifiesto Derechos de los ni\u00f1os\" width=\"640\" height=\"495\" srcset=\"https:\/\/academia.utp.edu.co\/extensiondeportes\/files\/2014\/10\/Manifiesto.png 640w, https:\/\/academia.utp.edu.co\/extensiondeportes\/files\/2014\/10\/Manifiesto-300x232.png 300w\" sizes=\"auto, (max-width: 640px) 100vw, 640px\" \/><\/a><p id=\"caption-attachment-236\" class=\"wp-caption-text\">Manifiesto creado en el ultimo seminario de los derechos de los ni\u00f1os.<\/p><\/div>\n<p style=\"text-align: center\">&nbsp;<\/p>\n","protected":false},"excerpt":{"rendered":"<p>&nbsp; DERECHOS DE LOS NI\u00d1OS EN EL PROCESO DE FORMACI\u00d3N DEPORTIVA PRESENTACI\u00d3N. El proyecto inicia como respuesta al fen\u00f3meno que se vive en las escuelas, clubes y dem\u00e1s espacios formativos [&hellip;]<\/p>\n","protected":false},"author":70,"featured_media":0,"parent":17,"menu_order":0,"comment_status":"open","ping_status":"closed","template":"","meta":{"_EventAllDay":false,"_EventTimezone":"","_EventStartDate":"","_EventEndDate":"","_EventStartDateUTC":"","_EventEndDateUTC":"","_EventShowMap":false,"_EventShowMapLink":false,"_EventURL":"","_EventCost":"","_EventCostDescription":"","_EventCurrencySymbol":"","_EventCurrencyCode":"","_EventCurrencyPosition":"","_EventDateTimeSeparator":"","_EventTimeRangeSeparator":"","_EventOrganizerID":[],"_EventVenueID":[],"_OrganizerEmail":"","_OrganizerPhone":"","_OrganizerWebsite":"","_VenueAddress":"","_VenueCity":"","_VenueCountry":"","_VenueProvince":"","_VenueState":"","_VenueZip":"","_VenuePhone":"","_VenueURL":"","_VenueStateProvince":"","_VenueLat":"","_VenueLng":"","_VenueShowMap":false,"_VenueShowMapLink":false,"footnotes":""},"class_list":["post-211","page","type-page","status-publish","hentry"],"_links":{"self":[{"href":"https:\/\/academia.utp.edu.co\/extensiondeportes\/wp-json\/wp\/v2\/pages\/211","targetHints":{"allow":["GET"]}}],"collection":[{"href":"https:\/\/academia.utp.edu.co\/extensiondeportes\/wp-json\/wp\/v2\/pages"}],"about":[{"href":"https:\/\/academia.utp.edu.co\/extensiondeportes\/wp-json\/wp\/v2\/types\/page"}],"author":[{"embeddable":true,"href":"https:\/\/academia.utp.edu.co\/extensiondeportes\/wp-json\/wp\/v2\/users\/70"}],"replies":[{"embeddable":true,"href":"https:\/\/academia.utp.edu.co\/extensiondeportes\/wp-json\/wp\/v2\/comments?post=211"}],"version-history":[{"count":11,"href":"https:\/\/academia.utp.edu.co\/extensiondeportes\/wp-json\/wp\/v2\/pages\/211\/revisions"}],"predecessor-version":[{"id":3651,"href":"https:\/\/academia.utp.edu.co\/extensiondeportes\/wp-json\/wp\/v2\/pages\/211\/revisions\/3651"}],"up":[{"embeddable":true,"href":"https:\/\/academia.utp.edu.co\/extensiondeportes\/wp-json\/wp\/v2\/pages\/17"}],"wp:attachment":[{"href":"https:\/\/academia.utp.edu.co\/extensiondeportes\/wp-json\/wp\/v2\/media?parent=211"}],"curies":[{"name":"wp","href":"https:\/\/api.w.org\/{rel}","templated":true}]}}