{"id":22392,"date":"2024-09-05T21:05:28","date_gmt":"2024-09-06T02:05:28","guid":{"rendered":"https:\/\/academia.utp.edu.co\/extensiondeportes\/?page_id=22392"},"modified":"2024-10-06T19:19:19","modified_gmt":"2024-10-07T00:19:19","slug":"inicio-2","status":"publish","type":"page","link":"https:\/\/academia.utp.edu.co\/extensiondeportes\/","title":{"rendered":"\u00a1Hola, comunidad extensionista!"},"content":{"rendered":"\n<div class=\"wp-block-media-text is-stacked-on-mobile\"><figure class=\"wp-block-media-text__media\"><img loading=\"lazy\" decoding=\"async\" width=\"649\" height=\"432\" src=\"https:\/\/academia.utp.edu.co\/extensiondeportes\/files\/2024\/09\/10876.jpg\" alt=\"\" class=\"wp-image-22395 size-full\" srcset=\"https:\/\/academia.utp.edu.co\/extensiondeportes\/files\/2024\/09\/10876.jpg 649w, https:\/\/academia.utp.edu.co\/extensiondeportes\/files\/2024\/09\/10876-300x200.jpg 300w\" sizes=\"auto, (max-width: 649px) 100vw, 649px\" \/><\/figure><div class=\"wp-block-media-text__content\">\n<p>La <strong>Oficina de Extensi\u00f3n<\/strong> de la Facultad de Ciencias de la Salud, con un enfoque especial en la <strong>gerencia del deporte<\/strong>, se ha consolidado como un pilar esencial para el desarrollo acad\u00e9mico, profesional y social en esta \u00e1rea. Actuamos como un puente entre la universidad y el entorno deportivo, conectando a estudiantes, profesionales y organizaciones del sector con el conocimiento, las oportunidades y los recursos necesarios para fomentar el crecimiento y la innovaci\u00f3n.<\/p>\n\n\n\n<div class=\"wp-block-buttons is-content-justification-center is-layout-flex wp-container-core-buttons-is-layout-16018d1d wp-block-buttons-is-layout-flex\">\n<div class=\"wp-block-button is-style-fill\"><a class=\"wp-block-button__link wp-element-button\">\u00a1Conocenos!<\/a><\/div>\n<\/div>\n<\/div><\/div>\n\n\n\n<div class=\"wp-block-media-text has-media-on-the-right is-stacked-on-mobile\"><div class=\"wp-block-media-text__content\">\n<p class=\"has-text-align-right\">En el \u00e1mbito de la <strong>gerencia deportiva<\/strong>, promovemos un espacio din\u00e1mico donde convergen las mejores pr\u00e1cticas de gesti\u00f3n, planificaci\u00f3n y liderazgo, proporcionando a nuestros estudiantes la posibilidad de aplicar sus habilidades en escenarios reales. A trav\u00e9s de convenios con entidades deportivas, instituciones p\u00fablicas y privadas, as\u00ed como con la comunidad en general, impulsamos iniciativas que buscan mejorar la administraci\u00f3n de eventos, instalaciones y proyectos deportivos, lo que resulta en un impacto directo y positivo en el desarrollo del deporte a nivel local, regional y nacional.<\/p>\n\n\n\n<div class=\"wp-block-buttons alignwide is-content-justification-center is-layout-flex wp-container-core-buttons-is-layout-5e6b19ed wp-block-buttons-is-layout-flex\">\n<div class=\"wp-block-button\"><a class=\"wp-block-button__link wp-element-button\">ASCODEP<\/a><\/div>\n\n\n\n<div class=\"wp-block-button\"><a class=\"wp-block-button__link has-text-align-center wp-element-button\">GIGEDE<\/a><\/div>\n\n\n\n<div class=\"wp-block-button\"><a class=\"wp-block-button__link wp-element-button\">ALGEDE<\/a><\/div>\n<\/div>\n<\/div><figure class=\"wp-block-media-text__media\"><img loading=\"lazy\" decoding=\"async\" width=\"650\" height=\"488\" src=\"https:\/\/academia.utp.edu.co\/extensiondeportes\/files\/2024\/09\/TY2L6QVXDZBPHEAMNX7T4UZLJQ.avif\" alt=\"\" class=\"wp-image-22399 size-full\" \/><\/figure><\/div>\n\n\n\n<div class=\"wp-block-media-text is-stacked-on-mobile\"><figure class=\"wp-block-media-text__media\"><img loading=\"lazy\" decoding=\"async\" width=\"795\" height=\"498\" src=\"https:\/\/academia.utp.edu.co\/extensiondeportes\/files\/2024\/09\/organizacion-de-torneos-deportivos-en-barcelona.jpg\" alt=\"\" class=\"wp-image-22401 size-full\" srcset=\"https:\/\/academia.utp.edu.co\/extensiondeportes\/files\/2024\/09\/organizacion-de-torneos-deportivos-en-barcelona.jpg 795w, https:\/\/academia.utp.edu.co\/extensiondeportes\/files\/2024\/09\/organizacion-de-torneos-deportivos-en-barcelona-300x188.jpg 300w, https:\/\/academia.utp.edu.co\/extensiondeportes\/files\/2024\/09\/organizacion-de-torneos-deportivos-en-barcelona-768x481.jpg 768w\" sizes=\"auto, (max-width: 795px) 100vw, 795px\" \/><\/figure><div class=\"wp-block-media-text__content\">\n<div class=\"wp-block-buttons is-layout-flex wp-block-buttons-is-layout-flex\"><\/div>\n\n\n\n<p>Adem\u00e1s, nuestra oficina facilita programas de <strong>capacitaci\u00f3n<\/strong> continua que permiten a los profesionales del deporte actualizarse en tendencias emergentes y adquirir competencias en \u00e1reas como la planificaci\u00f3n estrat\u00e9gica, marketing deportivo, gesti\u00f3n financiera y liderazgo en organizaciones deportivas. Con estos esfuerzos, no solo aseguramos que nuestros egresados se mantengan a la vanguardia de la industria, sino que tambi\u00e9n contribuimos al desarrollo integral de las comunidades deportivas, promoviendo una gesti\u00f3n eficiente y sostenible.<\/p>\n\n\n\n<div class=\"wp-block-buttons is-content-justification-center is-layout-flex wp-container-core-buttons-is-layout-16018d1d wp-block-buttons-is-layout-flex\">\n<div class=\"wp-block-button\"><a class=\"wp-block-button__link wp-element-button\">Eventos<\/a><\/div>\n<\/div>\n<\/div><\/div>\n\n\n\n<figure class=\"wp-block-image size-large is-resized\"><a href=\"https:\/\/academia.utp.edu.co\/extensiondeportes\/files\/2024\/09\/4.png\"><img loading=\"lazy\" decoding=\"async\" width=\"1024\" height=\"207\" src=\"https:\/\/academia.utp.edu.co\/extensiondeportes\/files\/2024\/09\/4-1024x207.png\" alt=\"\" class=\"wp-image-22390\" style=\"width:1122px;height:auto\" srcset=\"https:\/\/academia.utp.edu.co\/extensiondeportes\/files\/2024\/09\/4-1024x207.png 1024w, https:\/\/academia.utp.edu.co\/extensiondeportes\/files\/2024\/09\/4-300x61.png 300w, https:\/\/academia.utp.edu.co\/extensiondeportes\/files\/2024\/09\/4-768x156.png 768w, https:\/\/academia.utp.edu.co\/extensiondeportes\/files\/2024\/09\/4-1536x311.png 1536w, https:\/\/academia.utp.edu.co\/extensiondeportes\/files\/2024\/09\/4-2048x415.png 2048w\" sizes=\"auto, (max-width: 1024px) 100vw, 1024px\" \/><\/a><\/figure>\n\n\n\n<div class=\"wp-block-buttons is-layout-flex wp-block-buttons-is-layout-flex\"><\/div>\n","protected":false},"excerpt":{"rendered":"","protected":false},"author":601,"featured_media":0,"parent":0,"menu_order":1,"comment_status":"closed","ping_status":"closed","template":"","meta":{"_EventAllDay":false,"_EventTimezone":"","_EventStartDate":"","_EventEndDate":"","_EventStartDateUTC":"","_EventEndDateUTC":"","_EventShowMap":false,"_EventShowMapLink":false,"_EventURL":"","_EventCost":"","_EventCostDescription":"","_EventCurrencySymbol":"","_EventCurrencyCode":"","_EventCurrencyPosition":"","_EventDateTimeSeparator":"","_EventTimeRangeSeparator":"","_EventOrganizerID":[],"_EventVenueID":[],"_OrganizerEmail":"","_OrganizerPhone":"","_OrganizerWebsite":"","_VenueAddress":"","_VenueCity":"","_VenueCountry":"","_VenueProvince":"","_VenueState":"","_VenueZip":"","_VenuePhone":"","_VenueURL":"","_VenueStateProvince":"","_VenueLat":"","_VenueLng":"","_VenueShowMap":false,"_VenueShowMapLink":false,"footnotes":""},"class_list":["post-22392","page","type-page","status-publish","hentry"],"_links":{"self":[{"href":"https:\/\/academia.utp.edu.co\/extensiondeportes\/wp-json\/wp\/v2\/pages\/22392","targetHints":{"allow":["GET"]}}],"collection":[{"href":"https:\/\/academia.utp.edu.co\/extensiondeportes\/wp-json\/wp\/v2\/pages"}],"about":[{"href":"https:\/\/academia.utp.edu.co\/extensiondeportes\/wp-json\/wp\/v2\/types\/page"}],"author":[{"embeddable":true,"href":"https:\/\/academia.utp.edu.co\/extensiondeportes\/wp-json\/wp\/v2\/users\/601"}],"replies":[{"embeddable":true,"href":"https:\/\/academia.utp.edu.co\/extensiondeportes\/wp-json\/wp\/v2\/comments?post=22392"}],"version-history":[{"count":5,"href":"https:\/\/academia.utp.edu.co\/extensiondeportes\/wp-json\/wp\/v2\/pages\/22392\/revisions"}],"predecessor-version":[{"id":22404,"href":"https:\/\/academia.utp.edu.co\/extensiondeportes\/wp-json\/wp\/v2\/pages\/22392\/revisions\/22404"}],"wp:attachment":[{"href":"https:\/\/academia.utp.edu.co\/extensiondeportes\/wp-json\/wp\/v2\/media?parent=22392"}],"curies":[{"name":"wp","href":"https:\/\/api.w.org\/{rel}","templated":true}]}}