{"id":22523,"date":"2024-10-21T11:06:05","date_gmt":"2024-10-21T16:06:05","guid":{"rendered":"https:\/\/academia.utp.edu.co\/extensiondeportes\/?page_id=22523"},"modified":"2024-10-23T11:30:32","modified_gmt":"2024-10-23T16:30:32","slug":"articulos-del-grupo-de-investigacion","status":"publish","type":"page","link":"https:\/\/academia.utp.edu.co\/extensiondeportes\/gigede\/articulos-del-grupo-de-investigacion\/","title":{"rendered":"Art\u00edculos del Grupo de Investigaci\u00f3n"},"content":{"rendered":"\n<hr class=\"wp-block-separator has-text-color has-light-green-cyan-color has-alpha-channel-opacity has-light-green-cyan-background-color has-background is-style-dots\" \/>\n\n\n\n<div class=\"wp-block-group has-cyan-bluish-gray-background-color has-background is-layout-flex wp-block-group-is-layout-flex\">\n<div class=\"wp-block-media-text has-media-on-the-right has-black-color has-text-color has-background has-link-color has-small-font-size wp-elements-21ee26e47180da8024342defece9291e\" style=\"background:linear-gradient(90deg,rgb(255,255,255) 0%,rgb(182,227,212) 22%,rgb(73,176,188) 100%);grid-template-columns:auto 20%\"><div class=\"wp-block-media-text__content\">\n<div class=\"wp-block-group is-vertical is-layout-flex wp-container-core-group-is-layout-8cf370e7 wp-block-group-is-layout-flex\">\n<p><\/p>\n\n\n\n<p>Calidad del Servicio en los Entes Administrativos del Deporte y la Recreaci\u00f3n: Caso Departamento de Risaralda, Colombia. <\/p>\n\n\n\n<p>Retos Nuevas Tendencias en Educaci\u00f3n F\u00edsica Deporte y Recreaci\u00f3n ISSN: 1988-2041, 2024 vol:56 fasc: N\/A p\u00e1gs: 487 &#8211; 496&nbsp;<\/p>\n\n\n\n<p><strong>DOI:<\/strong>&nbsp;https:\/\/doi.org\/10.47197<br>Autores: ANGELA JASMIN GOMEZ HINCAPIE<\/p>\n<\/div>\n<\/div><figure class=\"wp-block-media-text__media\"><a href=\"https:\/\/scholar.google.es\/scholar?hl=es&amp;as_sdt=0%2C5&amp;q=Calidad+del+Servicio+en+los+Entes+Administrativos+del+Deporte+y+la+Recreaci%C3%B3n%3A+Caso+Departamento+de+Risaralda%2C+Colombia+%2C+RETOS+NUEVAS+TENDENCIAS+EN+EDUCACION+FISICA+DEPORTE+Y+RECREACION&amp;btnG=#:~:text=Calidad%20del%20Servicio%20en%20los%20Entes%20Administrativos%20del%20Deporte%20y%20la%20Recreaci%C3%B3n%3A%E2%80%9CCaso%20Departamento%20de%20Risaralda%2C%20Colombia%E2%80%9D(Quality%20of%20Service%20in%20the%C2%A0%E2%80%A6\"><img loading=\"lazy\" decoding=\"async\" width=\"398\" height=\"561\" src=\"https:\/\/academia.utp.edu.co\/extensiondeportes\/files\/2024\/10\/Captura-de-Pantalla-2024-10-21-a-las-9.58.20.png\" alt=\"\" class=\"wp-image-22524 size-full\" srcset=\"https:\/\/academia.utp.edu.co\/extensiondeportes\/files\/2024\/10\/Captura-de-Pantalla-2024-10-21-a-las-9.58.20.png 398w, https:\/\/academia.utp.edu.co\/extensiondeportes\/files\/2024\/10\/Captura-de-Pantalla-2024-10-21-a-las-9.58.20-213x300.png 213w\" sizes=\"auto, (max-width: 398px) 100vw, 398px\" \/><\/a><\/figure><\/div>\n<\/div>\n\n\n\n<hr class=\"wp-block-separator has-text-color has-light-green-cyan-color has-alpha-channel-opacity has-light-green-cyan-background-color has-background is-style-wide\" \/>\n\n\n\n<div class=\"wp-block-media-text has-media-on-the-right has-black-color has-text-color has-background has-link-color has-small-font-size wp-elements-f651a431d7eee137066e856149836ff9\" style=\"background:linear-gradient(90deg,rgb(251,251,251) 0%,rgb(182,227,212) 21%,rgb(73,176,188) 100%);grid-template-columns:auto 20%\"><div class=\"wp-block-media-text__content\">\n<div class=\"wp-block-group is-vertical is-layout-flex wp-container-core-group-is-layout-8cf370e7 wp-block-group-is-layout-flex\">\n<p><\/p>\n\n\n\n<p>Medici\u00f3n de la Responsabilidad Social Corporativa en organizaciones deportivas: desarrollo y validaci\u00f3n de escala, estudio piloto.<\/p>\n\n\n\n<p>Measuring Corporate Social Responsibility in sport organizations: scale development and validation, pilot study. <\/p>\n\n\n\n<p>Espa\u00f1a, Retos Nuevas Tendencias en Educaci\u00f3n F\u00edsica Deporte y Recreaci\u00f3n ISSN: 1988-2041, 2024 vol:53 fasc: p\u00e1gs: 58 &#8211; 68<\/p>\n\n\n\n<p><strong>DOI:<\/strong>10.47197\/retos.v53.101720<br>Autores: JAYSON ANDREY BERNATE, INGRID PATRICIA FONSECA FRANCO<\/p>\n<\/div>\n<\/div><figure class=\"wp-block-media-text__media\"><a href=\"https:\/\/dialnet.unirioja.es\/servlet\/articulo?codigo=9294850\"><img loading=\"lazy\" decoding=\"async\" width=\"396\" height=\"561\" src=\"https:\/\/academia.utp.edu.co\/extensiondeportes\/files\/2024\/10\/Captura-de-Pantalla-2024-10-21-a-las-10.27.58.png\" alt=\"\" class=\"wp-image-22527 size-full\" srcset=\"https:\/\/academia.utp.edu.co\/extensiondeportes\/files\/2024\/10\/Captura-de-Pantalla-2024-10-21-a-las-10.27.58.png 396w, https:\/\/academia.utp.edu.co\/extensiondeportes\/files\/2024\/10\/Captura-de-Pantalla-2024-10-21-a-las-10.27.58-212x300.png 212w\" sizes=\"auto, (max-width: 396px) 100vw, 396px\" \/><\/a><\/figure><\/div>\n\n\n\n<hr class=\"wp-block-separator has-text-color has-light-green-cyan-color has-alpha-channel-opacity has-light-green-cyan-background-color has-background is-style-wide\" \/>\n\n\n\n<div class=\"wp-block-media-text has-media-on-the-right has-black-color has-text-color has-background has-link-color has-small-font-size wp-elements-70ea92b29ac15e6942af87dae8332e0b\" style=\"background:linear-gradient(90deg,rgb(255,255,255) 0%,rgb(182,227,212) 26%,rgb(73,176,188) 100%);grid-template-columns:auto 20%\"><div class=\"wp-block-media-text__content\">\n<div class=\"wp-block-group is-vertical is-layout-flex wp-container-core-group-is-layout-8cf370e7 wp-block-group-is-layout-flex\">\n<p><\/p>\n\n\n\n<p>Competencias digitales en profesores de Licenciatura de Educaci\u00f3n F\u00edsica (Digital skills in teachers of Physical Education Degree). <\/p>\n\n\n\n<p>Espa\u00f1a, Retos Nuevas Tendencias en EDUCACION FISICA DEPORTE Y RECREACION ISSN: 1988-2041, 2023 vol:49 fasc: p\u00e1gs: 252 &#8211; 259<\/p>\n\n\n\n<p><strong>DOI:<\/strong>10.47197\/retos.v49.96866<br>Autores: INGRID PATRICIA FONSECA FRANCO, JAYSON ANDREY BERNATE<\/p>\n<\/div>\n<\/div><figure class=\"wp-block-media-text__media\"><a href=\"https:\/\/dialnet.unirioja.es\/servlet\/articulo?codigo=8932203\"><img loading=\"lazy\" decoding=\"async\" width=\"395\" height=\"560\" src=\"https:\/\/academia.utp.edu.co\/extensiondeportes\/files\/2024\/10\/Captura-de-Pantalla-2024-10-21-a-las-11.06.23.png\" alt=\"\" class=\"wp-image-22536 size-full\" srcset=\"https:\/\/academia.utp.edu.co\/extensiondeportes\/files\/2024\/10\/Captura-de-Pantalla-2024-10-21-a-las-11.06.23.png 395w, https:\/\/academia.utp.edu.co\/extensiondeportes\/files\/2024\/10\/Captura-de-Pantalla-2024-10-21-a-las-11.06.23-212x300.png 212w\" sizes=\"auto, (max-width: 395px) 100vw, 395px\" \/><\/a><\/figure><\/div>\n\n\n\n<hr class=\"wp-block-separator has-text-color has-light-green-cyan-color has-alpha-channel-opacity has-light-green-cyan-background-color has-background is-style-wide\" \/>\n\n\n\n<div class=\"wp-block-media-text has-media-on-the-right has-black-color has-text-color has-background has-link-color has-small-font-size wp-elements-cf6ddffcc49961630be9646a48909d3f\" style=\"background:linear-gradient(90deg,rgb(255,255,255) 0%,rgb(182,227,212) 27%,rgb(73,176,188) 100%);grid-template-columns:auto 20%\"><div class=\"wp-block-media-text__content\">\n<div class=\"wp-block-group is-vertical is-layout-flex wp-container-core-group-is-layout-8cf370e7 wp-block-group-is-layout-flex\">\n<p><\/p>\n\n\n\n<p>Velocity-Based Resistance Training on 1-RM, Jump and Sprint Performance: A Systematic Review of Clinical Trials.<\/p>\n\n\n\n<p>Suiza, SPORTS ISSN: 2075-4663, 2022 vol:10 fasc: 8 p\u00e1gs: 1 &#8211; 18<\/p>\n\n\n\n<p><strong>DOI:<\/strong>10.3390\/sports10010008<br>Autores: JHONATAN GONZALEZ SANTAMARIA<\/p>\n<\/div>\n<\/div><figure class=\"wp-block-media-text__media\"><a href=\"https:\/\/www.mdpi.com\/2075-4663\/10\/1\/8\"><img loading=\"lazy\" decoding=\"async\" width=\"395\" height=\"560\" src=\"https:\/\/academia.utp.edu.co\/extensiondeportes\/files\/2024\/10\/Captura-de-Pantalla-2024-10-21-a-las-11.16.18.png\" alt=\"\" class=\"wp-image-22538 size-full\" srcset=\"https:\/\/academia.utp.edu.co\/extensiondeportes\/files\/2024\/10\/Captura-de-Pantalla-2024-10-21-a-las-11.16.18.png 395w, https:\/\/academia.utp.edu.co\/extensiondeportes\/files\/2024\/10\/Captura-de-Pantalla-2024-10-21-a-las-11.16.18-212x300.png 212w\" sizes=\"auto, (max-width: 395px) 100vw, 395px\" \/><\/a><\/figure><\/div>\n\n\n\n<hr class=\"wp-block-separator has-text-color has-light-green-cyan-color has-alpha-channel-opacity has-light-green-cyan-background-color has-background is-style-wide\" \/>\n\n\n\n<div class=\"wp-block-media-text has-media-on-the-right has-black-color has-text-color has-background has-link-color has-small-font-size wp-elements-60666b80d5a84de49ef241a7cdfebf90\" style=\"background:linear-gradient(90deg,rgb(255,255,255) 0%,rgb(182,227,212) 26%,rgb(73,176,188) 100%);grid-template-columns:auto 20%\"><div class=\"wp-block-media-text__content\">\n<div class=\"wp-block-group is-vertical is-layout-flex wp-container-core-group-is-layout-8cf370e7 wp-block-group-is-layout-flex\">\n<p><\/p>\n\n\n\n<p>Factores clave de la gesti\u00f3n deportiva y de actividades f\u00edsicas en Latinoam\u00e9rica<\/p>\n\n\n\n<p>Revista Observatorio Del Deporte ISSN: 0719-5729, 2022 vol:8 fasc: p\u00e1gs: 1 &#8211; 18<br>Autores: MARTHA CECILIA SANDINO RODRIGUEZ, ANGELA JASMIN GOMEZ HINCAPIE, CLAUDIA FERNANDA ROJAS NUNEZ<\/p>\n<\/div>\n<\/div><figure class=\"wp-block-media-text__media\"><a href=\"https:\/\/www.revistaobservatoriodeldeporte.cl\/index.php\/odep\/article\/view\/280\"><img loading=\"lazy\" decoding=\"async\" width=\"725\" height=\"1024\" src=\"https:\/\/academia.utp.edu.co\/extensiondeportes\/files\/2024\/10\/cover_issue_32_es_ES-725x1024.png\" alt=\"\" class=\"wp-image-22540 size-full\" srcset=\"https:\/\/academia.utp.edu.co\/extensiondeportes\/files\/2024\/10\/cover_issue_32_es_ES-725x1024.png 725w, https:\/\/academia.utp.edu.co\/extensiondeportes\/files\/2024\/10\/cover_issue_32_es_ES-212x300.png 212w, https:\/\/academia.utp.edu.co\/extensiondeportes\/files\/2024\/10\/cover_issue_32_es_ES-768x1085.png 768w, https:\/\/academia.utp.edu.co\/extensiondeportes\/files\/2024\/10\/cover_issue_32_es_ES-1087x1536.png 1087w, https:\/\/academia.utp.edu.co\/extensiondeportes\/files\/2024\/10\/cover_issue_32_es_ES-1449x2048.png 1449w\" sizes=\"auto, (max-width: 725px) 100vw, 725px\" \/><\/a><\/figure><\/div>\n\n\n\n<p><\/p>\n","protected":false},"excerpt":{"rendered":"<p>Calidad del Servicio en los Entes Administrativos del Deporte y la Recreaci\u00f3n: Caso Departamento de Risaralda, Colombia. Retos Nuevas Tendencias en Educaci\u00f3n F\u00edsica Deporte y Recreaci\u00f3n ISSN: 1988-2041, 2024 vol:56 [&hellip;]<\/p>\n","protected":false},"author":601,"featured_media":22543,"parent":2,"menu_order":0,"comment_status":"closed","ping_status":"closed","template":"","meta":{"_EventAllDay":false,"_EventTimezone":"","_EventStartDate":"","_EventEndDate":"","_EventStartDateUTC":"","_EventEndDateUTC":"","_EventShowMap":false,"_EventShowMapLink":false,"_EventURL":"","_EventCost":"","_EventCostDescription":"","_EventCurrencySymbol":"","_EventCurrencyCode":"","_EventCurrencyPosition":"","_EventDateTimeSeparator":"","_EventTimeRangeSeparator":"","_EventOrganizerID":[],"_EventVenueID":[],"_OrganizerEmail":"","_OrganizerPhone":"","_OrganizerWebsite":"","_VenueAddress":"","_VenueCity":"","_VenueCountry":"","_VenueProvince":"","_VenueState":"","_VenueZip":"","_VenuePhone":"","_VenueURL":"","_VenueStateProvince":"","_VenueLat":"","_VenueLng":"","_VenueShowMap":false,"_VenueShowMapLink":false,"footnotes":""},"class_list":["post-22523","page","type-page","status-publish","has-post-thumbnail","hentry"],"_links":{"self":[{"href":"https:\/\/academia.utp.edu.co\/extensiondeportes\/wp-json\/wp\/v2\/pages\/22523","targetHints":{"allow":["GET"]}}],"collection":[{"href":"https:\/\/academia.utp.edu.co\/extensiondeportes\/wp-json\/wp\/v2\/pages"}],"about":[{"href":"https:\/\/academia.utp.edu.co\/extensiondeportes\/wp-json\/wp\/v2\/types\/page"}],"author":[{"embeddable":true,"href":"https:\/\/academia.utp.edu.co\/extensiondeportes\/wp-json\/wp\/v2\/users\/601"}],"replies":[{"embeddable":true,"href":"https:\/\/academia.utp.edu.co\/extensiondeportes\/wp-json\/wp\/v2\/comments?post=22523"}],"version-history":[{"count":18,"href":"https:\/\/academia.utp.edu.co\/extensiondeportes\/wp-json\/wp\/v2\/pages\/22523\/revisions"}],"predecessor-version":[{"id":22594,"href":"https:\/\/academia.utp.edu.co\/extensiondeportes\/wp-json\/wp\/v2\/pages\/22523\/revisions\/22594"}],"up":[{"embeddable":true,"href":"https:\/\/academia.utp.edu.co\/extensiondeportes\/wp-json\/wp\/v2\/pages\/2"}],"wp:featuredmedia":[{"embeddable":true,"href":"https:\/\/academia.utp.edu.co\/extensiondeportes\/wp-json\/wp\/v2\/media\/22543"}],"wp:attachment":[{"href":"https:\/\/academia.utp.edu.co\/extensiondeportes\/wp-json\/wp\/v2\/media?parent=22523"}],"curies":[{"name":"wp","href":"https:\/\/api.w.org\/{rel}","templated":true}]}}