{"id":271,"date":"2015-04-16T12:59:26","date_gmt":"2015-04-16T17:59:26","guid":{"rendered":"http:\/\/academia.utp.edu.co\/extensiondeportes\/?page_id=271"},"modified":"2024-10-06T19:18:22","modified_gmt":"2024-10-07T00:18:22","slug":"practicas-profesionales","status":"publish","type":"page","link":"https:\/\/academia.utp.edu.co\/extensiondeportes\/area-de-extension-2\/practicas-profesionales\/","title":{"rendered":"Pr\u00e1cticas Profesionales"},"content":{"rendered":"<p style=\"text-align: justify\"><img loading=\"lazy\" decoding=\"async\" class=\"size-full wp-image-3731 alignright\" src=\"https:\/\/academia.utp.edu.co\/extensiondeportes\/files\/2015\/04\/DSC0096-e1496466970440.jpg\" alt=\"\" width=\"600\" height=\"399\">La Pr\u00e1ctica Profesional se define como una etapa de entrenamiento profesional que le permite al estudiante el ejercicio contin\u00fao y gradual de su capacidad y conocimiento, para dise\u00f1ar y desarrollar interdisciplinariamente proyectos de desarrollo en deporte, recreaci\u00f3n y actividad f\u00edsica para la salud; aplicarlos oportunamente, evaluar sus resultados y determinar las proyecciones para una nueva acci\u00f3n, basado en el liderazgo, la creatividad y la gesti\u00f3n, de tal forma que se trascienda todas las esferas organizacionales. La pr\u00e1ctica profesional en el programa Ciencias del Deporte y la Recreaci\u00f3n comprende tres niveles directos de formaci\u00f3n, as\u00ed: Las asignaturas de Micro pr\u00e1ctica, Pr\u00e1ctica profesional I y Pr\u00e1ctica profesional II, ubicadas en los tres \u00faltimos semestres de la formaci\u00f3n acad\u00e9mica del estudiante (8\u00b0,9\u00b0 y 10\u00b0); formaci\u00f3n que se fundamenta desde semestres inferiores con las pr\u00e1cticas tem\u00e1ticas en asignaturas como: Participaci\u00f3n comunitaria, Deportes espec\u00edficos (Baloncesto, f\u00fatbol, nataci\u00f3n, voleibol, atletismo) y Recreaci\u00f3n espec\u00edfica y Administraci\u00f3n Deportiva y Recreativa.<\/p>\n<p style=\"text-align: justify\"><strong>&nbsp;<\/strong><\/p>\n<h4 style=\"text-align: justify\"><strong>Objetivo General<em><br \/>\n<\/em><\/strong><\/h4>\n<p style=\"text-align: justify\">Propiciar los espacios para que el estudiante potencialice sus habilidades y competencias favoreciendo y fortaleciendo su proceso de aprendizaje, con base en la aplicaci\u00f3n de programas de deporte, recreaci\u00f3n y actividad f\u00edsica para la salud en cualquier esfera organizacional en la que intervenga.<\/p>\n<h4 style=\"text-align: justify\"><strong>Objetivos Espec\u00edficos<br \/>\n<\/strong><\/h4>\n<ul style=\"text-align: justify\">\n<li>Ofrecer lineamientos y estrategias que faciliten el entrenamiento Profesional del estudiante.<\/li>\n<li>Facilitar herramientas que le permitan al practicante interpretar el entorno organizacional tomando una actitud cr\u00edtica y responsable que lo comprometa con su propio entrenamiento Profesional y personal.<\/li>\n<li>Brindar espacios de discusi\u00f3n donde estimulen al estudiante al desarrollo de actitudes y aptitudes propositivas e innovadoras frente a la elaboraci\u00f3n de propuestas que contribuyan con la cultura del deporte, recreaci\u00f3n y actividad f\u00edsica para la salud.<\/li>\n<\/ul>\n<h4 style=\"text-align: justify\"><strong>Indicadores de Logro<br \/>\n<\/strong><\/h4>\n<ul style=\"text-align: justify\">\n<li>El estudiante practicante identifica y promueve adecuadamente su rol en la instituci\u00f3n y en la asignatura.<\/li>\n<li>Afianza destrezas, habilidades y actitudes de liderazgo, trabajo en equipo, comunicaci\u00f3n y responsabilidad en el campo de la administraci\u00f3n y ejecuci\u00f3n de proyectos en recreaci\u00f3n y Deporte.<\/li>\n<li>Se desenvuelve de manera eficaz en procesos que impliquen transformaciones organizacionales, trabajo en equipo y actitud frente al cambio.<\/li>\n<li>Relaciona y aplica su acervo te\u00f3rico y pr\u00e1ctico hacia el desempe\u00f1o desarrollado. \u2022 Se identifica como un estudiante responsable, participativo, cr\u00edtico y comprometido con su rol profesional, personal y universitario.<\/li>\n<li>Participa activamente en la organizaci\u00f3n de proyectos, gestiona y promociona actividades deportivas y recreativas requeridas por la instituci\u00f3n y la Universidad.<\/li>\n<\/ul>\n<h4 style=\"text-align: justify\"><strong>Metodolog\u00eda<\/strong><\/h4>\n<p style=\"text-align: justify\">La disponibilidad horaria de la pr\u00e1ctica profesional es de 192 horas semestrales, con una disponibilidad semanal de doce horas, con dedicaci\u00f3n a: Pr\u00e1ctica de campo, planeaci\u00f3n y organizaci\u00f3n de documentaci\u00f3n y direcci\u00f3n proyecto de desarrollo. A trav\u00e9s de la presentaci\u00f3n personal a los sitios de practica (12 horas) en la semana, Asesor\u00edas individuales (20 minutos) y grupales (60 minutos) cada quince d\u00edas. Los horarios de pr\u00e1ctica se le deben socializar al asesor el segundo d\u00eda de asesor\u00eda individual. Aspectos importantes para el \u00e9xito de la pr\u00e1ctica profesional (compromisos los cuales ser\u00e1n desarrollados en la autoevaluaci\u00f3n):<\/p>\n<ul style=\"text-align: justify\">\n<li>Conocer el Acuerdo 17 de septiembre 11 de 2013 del Consejo Acad\u00e9mico-UTP con el fin de aplicarlo durante el desarrollo de su pr\u00e1ctica y no incurrir en ninguna sanci\u00f3n de la misma (art.21: Causales de suspensi\u00f3n de Pr\u00e1cticas).El estudiante que incurra en cualquiera de las faltas en el art\u00edculo mencionadas, se har\u00e1 acreedor a la suspensi\u00f3n hasta por dos (2) semestres para realizar pr\u00e1ctica profesional, desde el momento que se compruebe la anomal\u00eda.<\/li>\n<li>Puntualidad con todas las tareas adquiridas<\/li>\n<li>Liderazgo y capacidad de trabajo en equipo.<\/li>\n<li>Efectividad, Prioridades de acci\u00f3n.<\/li>\n<li>Comunicaci\u00f3n asertiva, Reflexi\u00f3n y proactividad.<\/li>\n<li>Relaciones humanas y de convivencia.<\/li>\n<li>Generaci\u00f3n de procesos de transformaci\u00f3n, Desarrollo organizador.<\/li>\n<li>Creatividad e innovaci\u00f3n.<\/li>\n<li>Toma de riesgos y desaf\u00edos frente al logro de metas, Apertura al cambio.<\/li>\n<li>Presentaci\u00f3n personal adecuada y ajustada a las ocasiones.<\/li>\n<\/ul>\n<p style=\"text-align: justify\">La pr\u00e1ctica profesional direcciona sus objetivos en el fortalecimiento de los perfiles operativos y administrativos del estudiante en los que de manera interactiva con la instituci\u00f3n de pr\u00e1ctica, genera un proyecto de desarrollo derivado del plan de desarrollo institucional, que garantiza UNIVERSIDAD TECNOLOGICA DE PEREIRA &#8211; FACULTAD DE CIENCIAS DE LA SALUD PROGRAMA DE CIENCIAS DEL DEPORTE Y LA RECREACI\u00d3N el avance y logro de las estrategias planteadas en \u00e1reas de efectividad y prioridad para la instituci\u00f3n. La estructura organizativa y funcional que vela por el adecuado desarrollo de la asignatura pr\u00e1ctica profesional (1-2), es el comit\u00e9 de pr\u00e1cticas, qui\u00e9n a su vez est\u00e1 conformado por:<\/p>\n<ul>\n<li style=\"text-align: justify\">Coordinador de pr\u00e1cticas.<\/li>\n<li style=\"text-align: justify\">Los docentes de pr\u00e1cticas profesionales.<\/li>\n<li style=\"text-align: justify\">Los representantes de estudiantes practicantes.<\/li>\n<li style=\"text-align: justify\">El representante de egresados.<\/li>\n<li style=\"text-align: justify\">El representante de los cooperadores de las instituciones.<\/li>\n<\/ul>\n","protected":false},"excerpt":{"rendered":"<p>La Pr\u00e1ctica Profesional se define como una etapa de entrenamiento profesional que le permite al estudiante el ejercicio contin\u00fao y gradual de su capacidad y conocimiento, para dise\u00f1ar y desarrollar [&hellip;]<\/p>\n","protected":false},"author":70,"featured_media":0,"parent":8311,"menu_order":0,"comment_status":"open","ping_status":"closed","template":"","meta":{"_EventAllDay":false,"_EventTimezone":"","_EventStartDate":"","_EventEndDate":"","_EventStartDateUTC":"","_EventEndDateUTC":"","_EventShowMap":false,"_EventShowMapLink":false,"_EventURL":"","_EventCost":"","_EventCostDescription":"","_EventCurrencySymbol":"","_EventCurrencyCode":"","_EventCurrencyPosition":"","_EventDateTimeSeparator":"","_EventTimeRangeSeparator":"","_EventOrganizerID":[],"_EventVenueID":[],"_OrganizerEmail":"","_OrganizerPhone":"","_OrganizerWebsite":"","_VenueAddress":"","_VenueCity":"","_VenueCountry":"","_VenueProvince":"","_VenueState":"","_VenueZip":"","_VenuePhone":"","_VenueURL":"","_VenueStateProvince":"","_VenueLat":"","_VenueLng":"","_VenueShowMap":false,"_VenueShowMapLink":false,"footnotes":""},"class_list":["post-271","page","type-page","status-publish","hentry"],"_links":{"self":[{"href":"https:\/\/academia.utp.edu.co\/extensiondeportes\/wp-json\/wp\/v2\/pages\/271","targetHints":{"allow":["GET"]}}],"collection":[{"href":"https:\/\/academia.utp.edu.co\/extensiondeportes\/wp-json\/wp\/v2\/pages"}],"about":[{"href":"https:\/\/academia.utp.edu.co\/extensiondeportes\/wp-json\/wp\/v2\/types\/page"}],"author":[{"embeddable":true,"href":"https:\/\/academia.utp.edu.co\/extensiondeportes\/wp-json\/wp\/v2\/users\/70"}],"replies":[{"embeddable":true,"href":"https:\/\/academia.utp.edu.co\/extensiondeportes\/wp-json\/wp\/v2\/comments?post=271"}],"version-history":[{"count":6,"href":"https:\/\/academia.utp.edu.co\/extensiondeportes\/wp-json\/wp\/v2\/pages\/271\/revisions"}],"predecessor-version":[{"id":3751,"href":"https:\/\/academia.utp.edu.co\/extensiondeportes\/wp-json\/wp\/v2\/pages\/271\/revisions\/3751"}],"up":[{"embeddable":true,"href":"https:\/\/academia.utp.edu.co\/extensiondeportes\/wp-json\/wp\/v2\/pages\/8311"}],"wp:attachment":[{"href":"https:\/\/academia.utp.edu.co\/extensiondeportes\/wp-json\/wp\/v2\/media?parent=271"}],"curies":[{"name":"wp","href":"https:\/\/api.w.org\/{rel}","templated":true}]}}