{"id":6951,"date":"2018-04-12T11:07:08","date_gmt":"2018-04-12T16:07:08","guid":{"rendered":"http:\/\/academia.utp.edu.co\/extensiondeportes\/?page_id=6951"},"modified":"2024-10-06T19:01:46","modified_gmt":"2024-10-07T00:01:46","slug":"i-congreso-nacional-de-derecho-deportivo","status":"publish","type":"page","link":"https:\/\/academia.utp.edu.co\/extensiondeportes\/eventos-1\/i-congreso-nacional-de-derecho-deportivo\/","title":{"rendered":"I Congreso Nacional de Derecho Deportivo"},"content":{"rendered":"<div dir=\"ltr\">&nbsp;<\/div>\n<div dir=\"ltr\"><a href=\"https:\/\/academia.utp.edu.co\/extensiondeportes\/files\/2017\/04\/IMG-20180209-WA0012.jpg\"><img loading=\"lazy\" decoding=\"async\" class=\"size-medium wp-image-6891 aligncenter\" src=\"https:\/\/academia.utp.edu.co\/extensiondeportes\/files\/2017\/04\/IMG-20180209-WA0012-300x210.jpg\" alt=\"\" width=\"300\" height=\"210\"><\/a><\/div>\n<div dir=\"ltr\">&nbsp;<\/div>\n<div dir=\"ltr\"><span style=\"font-family: 'arial narrow', sans-serif;font-size: large\"><span style=\"font-family: 'arial narrow', sans-serif;font-size: large\">La Universidad Tecnol\u00f3gica de Pereira, La Especializaci\u00f3n de Gerencia en Deporte, el Programa Ciencias del Deporte y la Recreaci\u00f3n y el Grupo de Investigaci\u00f3n en Gerencia del Deporte \u201cGIGEDE\u201d, los invita a participar en el<b>&nbsp;I CONGRESO DE DERECHO DEPORTIVO<\/b>, que se llevar\u00e1 a cabo los d\u00edas 4,5 y&nbsp;<a>6 de mayo<\/a>&nbsp;en las instalaciones de la Universidad Tecnol\u00f3gica de Pereira.<\/span><\/span><\/div>\n<div dir=\"ltr\">&nbsp;<\/div>\n<div dir=\"ltr\">\n<p>Es un evento dirigido a estudiantes, docentes, profesionales, licenciados y dem\u00e1s personas vinculadas al sector deportivo del pa\u00eds, enfoc\u00e1ndose en las l\u00ednea del DERECHO DEPORTIVO. Dentro de sus objetivos de desarrollo, se encuentran:<\/p>\n<div class=\"WordSection1\">\n<ol>\n<li>Reunir a los profesionales y l\u00edderes del&nbsp; Derecho deportivo a nivel nacional con el objetivo de establecer y fortalecer redes acad\u00e9micas .<\/li>\n<li>Intercambiar criterios sobre el marco conceptual, filos\u00f3fico, y educativo del derecho deportivo, de los procesos en el campo del deporte, la recreaci\u00f3n y la actividad f\u00edsica.<\/li>\n<li>Reflexionar en el accionar del derecho deportivo, su importancia para el desarrollo efectivo del deporte.&nbsp;<\/li>\n<li>Concienciar acerca de la importancia de la formaci\u00f3n en el \u00e1rea del derecho deportivo &nbsp;para los dirigentes. &nbsp;<\/li>\n<\/ol>\n<\/div>\n<\/div>\n<div dir=\"ltr\">\n<p>Las l\u00edneas tem\u00e1ticas son:&nbsp;<\/p>\n<ul>\n<li>Deporte Aficionado.<\/li>\n<li>Deporte Profesional.<\/li>\n<li>Control al Dopaje.<\/li>\n<li>Regulaci\u00f3n de los E-sports .<\/li>\n<li>Mecanismos para le resoluci\u00f3n de conflictos en el deporte.<\/li>\n<\/ul>\n<p>&nbsp;<\/p>\n<p style=\"text-align: center\"><a href=\"http:\/\/bit.ly\/PREINSCRIPCI\u00d3NCNGRESODERECHODEPORTIVO\" target=\"_blank\" rel=\"noopener\">PRE-INSCRIPCI\u00d3N I CONGRESO DE DERECHO DEPORTIVO<\/a><\/p>\n<div style=\"width: 688px;\" class=\"wp-video\"><video class=\"wp-video-shortcode\" id=\"video-6951-1\" width=\"688\" height=\"480\" loop autoplay preload=\"metadata\" controls=\"controls\"><source type=\"video\/mp4\" src=\"https:\/\/academia.utp.edu.co\/extensiondeportes\/files\/2018\/04\/WhatsApp-Video-2018-04-25-at-9.34.49-PM.mp4?_=1\" \/><a href=\"https:\/\/academia.utp.edu.co\/extensiondeportes\/files\/2018\/04\/WhatsApp-Video-2018-04-25-at-9.34.49-PM.mp4\">https:\/\/academia.utp.edu.co\/extensiondeportes\/files\/2018\/04\/WhatsApp-Video-2018-04-25-at-9.34.49-PM.mp4<\/a><\/video><\/div>\n<\/div>\n<div dir=\"ltr\">&nbsp;<\/div>\n<div dir=\"ltr\" style=\"text-align: center\">Haz clic en la imagen para una mejor vista.<\/div>\n<div dir=\"ltr\">&nbsp;<\/div>\n<div dir=\"ltr\">&nbsp;<\/div>\n<div dir=\"ltr\" style=\"text-align: center\">&nbsp;<a href=\"https:\/\/academia.utp.edu.co\/extensiondeportes\/files\/2018\/04\/FECHA-L\u00cdMITE.jpg\"><img loading=\"lazy\" decoding=\"async\" class=\" wp-image-7851 aligncenter\" src=\"https:\/\/academia.utp.edu.co\/extensiondeportes\/files\/2018\/04\/FECHA-L\u00cdMITE-300x130.jpg\" alt=\"\" width=\"530\" height=\"230\" srcset=\"https:\/\/academia.utp.edu.co\/extensiondeportes\/files\/2018\/04\/FECHA-L\u00cdMITE-300x130.jpg 300w, https:\/\/academia.utp.edu.co\/extensiondeportes\/files\/2018\/04\/FECHA-L\u00cdMITE-768x333.jpg 768w, https:\/\/academia.utp.edu.co\/extensiondeportes\/files\/2018\/04\/FECHA-L\u00cdMITE-1024x444.jpg 1024w, https:\/\/academia.utp.edu.co\/extensiondeportes\/files\/2018\/04\/FECHA-L\u00cdMITE-250x108.jpg 250w\" sizes=\"auto, (max-width: 530px) 100vw, 530px\" \/><\/a><\/div>\n<div dir=\"ltr\">&nbsp;<\/div>\n<div dir=\"ltr\">&nbsp;<\/div>\n<div dir=\"ltr\">&nbsp;<\/div>\n","protected":false},"excerpt":{"rendered":"<p>&nbsp; &nbsp; La Universidad Tecnol\u00f3gica de Pereira, La Especializaci\u00f3n de Gerencia en Deporte, el Programa Ciencias del Deporte y la Recreaci\u00f3n y el Grupo de Investigaci\u00f3n en Gerencia del Deporte [&hellip;]<\/p>\n","protected":false},"author":851,"featured_media":0,"parent":761,"menu_order":0,"comment_status":"closed","ping_status":"closed","template":"","meta":{"_EventAllDay":false,"_EventTimezone":"","_EventStartDate":"","_EventEndDate":"","_EventStartDateUTC":"","_EventEndDateUTC":"","_EventShowMap":false,"_EventShowMapLink":false,"_EventURL":"","_EventCost":"","_EventCostDescription":"","_EventCurrencySymbol":"","_EventCurrencyCode":"","_EventCurrencyPosition":"","_EventDateTimeSeparator":"","_EventTimeRangeSeparator":"","_EventOrganizerID":[],"_EventVenueID":[],"_OrganizerEmail":"","_OrganizerPhone":"","_OrganizerWebsite":"","_VenueAddress":"","_VenueCity":"","_VenueCountry":"","_VenueProvince":"","_VenueState":"","_VenueZip":"","_VenuePhone":"","_VenueURL":"","_VenueStateProvince":"","_VenueLat":"","_VenueLng":"","_VenueShowMap":false,"_VenueShowMapLink":false,"footnotes":""},"class_list":["post-6951","page","type-page","status-publish","hentry"],"_links":{"self":[{"href":"https:\/\/academia.utp.edu.co\/extensiondeportes\/wp-json\/wp\/v2\/pages\/6951","targetHints":{"allow":["GET"]}}],"collection":[{"href":"https:\/\/academia.utp.edu.co\/extensiondeportes\/wp-json\/wp\/v2\/pages"}],"about":[{"href":"https:\/\/academia.utp.edu.co\/extensiondeportes\/wp-json\/wp\/v2\/types\/page"}],"author":[{"embeddable":true,"href":"https:\/\/academia.utp.edu.co\/extensiondeportes\/wp-json\/wp\/v2\/users\/851"}],"replies":[{"embeddable":true,"href":"https:\/\/academia.utp.edu.co\/extensiondeportes\/wp-json\/wp\/v2\/comments?post=6951"}],"version-history":[{"count":12,"href":"https:\/\/academia.utp.edu.co\/extensiondeportes\/wp-json\/wp\/v2\/pages\/6951\/revisions"}],"predecessor-version":[{"id":8241,"href":"https:\/\/academia.utp.edu.co\/extensiondeportes\/wp-json\/wp\/v2\/pages\/6951\/revisions\/8241"}],"up":[{"embeddable":true,"href":"https:\/\/academia.utp.edu.co\/extensiondeportes\/wp-json\/wp\/v2\/pages\/761"}],"wp:attachment":[{"href":"https:\/\/academia.utp.edu.co\/extensiondeportes\/wp-json\/wp\/v2\/media?parent=6951"}],"curies":[{"name":"wp","href":"https:\/\/api.w.org\/{rel}","templated":true}]}}