{"id":7561,"date":"2018-04-20T12:19:14","date_gmt":"2018-04-20T17:19:14","guid":{"rendered":"http:\/\/academia.utp.edu.co\/extensiondeportes\/?page_id=7561"},"modified":"2024-10-06T19:03:17","modified_gmt":"2024-10-07T00:03:17","slug":"area-de-extension","status":"publish","type":"page","link":"https:\/\/academia.utp.edu.co\/extensiondeportes\/area-de-extension-2\/area-de-extension\/","title":{"rendered":"Docentes"},"content":{"rendered":"\n<p class=\"has-text-align-center\"><strong>INTEGRANTES DE LA OFICINA \u00c1REA DE EXTENSI\u00d3N&nbsp;<\/strong><\/p>\n\n\n\n<p>El \u00c1rea de Extensi\u00f3n&nbsp; cuenta con&nbsp; el personal id\u00f3neo para&nbsp; desarrollar actividades y proyectos&nbsp; de alta calidad&nbsp; que&nbsp; son encaminados al cumplimiento&nbsp; de la&nbsp; responsabilidad social que se tiene&nbsp; desde el programa de Ciencias del Deporte y la&nbsp; Recreaci\u00f3n.<\/p>\n\n\n\n<p>Docentes trabajan en equipo para realizar un trabajo eficiente, aprovechando las habilidades, conocimientos y experiencias que cada uno puede ofrecer desde su&nbsp; perfil profesional.<\/p>\n\n\n\n<p class=\"has-text-align-center\"><strong>Docentes de \u00c1rea de Extensi\u00f3n y de GIGEDE<\/strong><\/p>\n\n\n\n<figure class=\"wp-block-gallery columns-2 is-cropped wp-block-gallery-1 is-layout-flex wp-block-gallery-is-layout-flex\"><ul class=\"blocks-gallery-grid\"><li class=\"blocks-gallery-item\"><figure><a href=\"https:\/\/academia.utp.edu.co\/extensiondeportes\/files\/2021\/05\/3.png\"><img loading=\"lazy\" decoding=\"async\" width=\"1920\" height=\"1080\" src=\"https:\/\/academia.utp.edu.co\/extensiondeportes\/files\/2021\/05\/3.png\" alt=\"\" data-id=\"16411\" data-link=\"https:\/\/academia.utp.edu.co\/extensiondeportes\/area-de-extension-2\/area-de-extension\/3-4\/\" class=\"wp-image-16411\" srcset=\"https:\/\/academia.utp.edu.co\/extensiondeportes\/files\/2021\/05\/3.png 1920w, https:\/\/academia.utp.edu.co\/extensiondeportes\/files\/2021\/05\/3-300x169.png 300w, https:\/\/academia.utp.edu.co\/extensiondeportes\/files\/2021\/05\/3-1024x576.png 1024w, https:\/\/academia.utp.edu.co\/extensiondeportes\/files\/2021\/05\/3-768x432.png 768w, https:\/\/academia.utp.edu.co\/extensiondeportes\/files\/2021\/05\/3-1536x864.png 1536w\" sizes=\"auto, (max-width: 1920px) 100vw, 1920px\" \/><\/a><\/figure><\/li><li class=\"blocks-gallery-item\"><figure><a href=\"https:\/\/academia.utp.edu.co\/extensiondeportes\/files\/2021\/05\/4.png\"><img loading=\"lazy\" decoding=\"async\" width=\"1920\" height=\"1080\" src=\"https:\/\/academia.utp.edu.co\/extensiondeportes\/files\/2021\/05\/4.png\" alt=\"\" data-id=\"16421\" data-link=\"https:\/\/academia.utp.edu.co\/extensiondeportes\/area-de-extension-2\/area-de-extension\/4-3\/\" class=\"wp-image-16421\" srcset=\"https:\/\/academia.utp.edu.co\/extensiondeportes\/files\/2021\/05\/4.png 1920w, https:\/\/academia.utp.edu.co\/extensiondeportes\/files\/2021\/05\/4-300x169.png 300w, https:\/\/academia.utp.edu.co\/extensiondeportes\/files\/2021\/05\/4-1024x576.png 1024w, https:\/\/academia.utp.edu.co\/extensiondeportes\/files\/2021\/05\/4-768x432.png 768w, https:\/\/academia.utp.edu.co\/extensiondeportes\/files\/2021\/05\/4-1536x864.png 1536w\" sizes=\"auto, (max-width: 1920px) 100vw, 1920px\" \/><\/a><\/figure><\/li><li class=\"blocks-gallery-item\"><figure><a href=\"https:\/\/academia.utp.edu.co\/extensiondeportes\/files\/2021\/05\/5.png\"><img loading=\"lazy\" decoding=\"async\" width=\"1920\" height=\"1080\" src=\"https:\/\/academia.utp.edu.co\/extensiondeportes\/files\/2021\/05\/5.png\" alt=\"\" data-id=\"16431\" data-link=\"https:\/\/academia.utp.edu.co\/extensiondeportes\/area-de-extension-2\/area-de-extension\/5-2\/\" class=\"wp-image-16431\" srcset=\"https:\/\/academia.utp.edu.co\/extensiondeportes\/files\/2021\/05\/5.png 1920w, https:\/\/academia.utp.edu.co\/extensiondeportes\/files\/2021\/05\/5-300x169.png 300w, https:\/\/academia.utp.edu.co\/extensiondeportes\/files\/2021\/05\/5-1024x576.png 1024w, https:\/\/academia.utp.edu.co\/extensiondeportes\/files\/2021\/05\/5-768x432.png 768w, https:\/\/academia.utp.edu.co\/extensiondeportes\/files\/2021\/05\/5-1536x864.png 1536w\" sizes=\"auto, (max-width: 1920px) 100vw, 1920px\" \/><\/a><\/figure><\/li><li class=\"blocks-gallery-item\"><figure><a href=\"https:\/\/academia.utp.edu.co\/extensiondeportes\/files\/2021\/05\/6.png\"><img loading=\"lazy\" decoding=\"async\" width=\"1920\" height=\"1080\" src=\"https:\/\/academia.utp.edu.co\/extensiondeportes\/files\/2021\/05\/6.png\" alt=\"\" data-id=\"16441\" data-link=\"https:\/\/academia.utp.edu.co\/extensiondeportes\/area-de-extension-2\/area-de-extension\/6-2\/\" class=\"wp-image-16441\" srcset=\"https:\/\/academia.utp.edu.co\/extensiondeportes\/files\/2021\/05\/6.png 1920w, https:\/\/academia.utp.edu.co\/extensiondeportes\/files\/2021\/05\/6-300x169.png 300w, https:\/\/academia.utp.edu.co\/extensiondeportes\/files\/2021\/05\/6-1024x576.png 1024w, https:\/\/academia.utp.edu.co\/extensiondeportes\/files\/2021\/05\/6-768x432.png 768w, https:\/\/academia.utp.edu.co\/extensiondeportes\/files\/2021\/05\/6-1536x864.png 1536w\" sizes=\"auto, (max-width: 1920px) 100vw, 1920px\" \/><\/a><\/figure><\/li><li class=\"blocks-gallery-item\"><figure><a href=\"https:\/\/academia.utp.edu.co\/extensiondeportes\/files\/2021\/05\/7.png\"><img loading=\"lazy\" decoding=\"async\" width=\"1920\" height=\"1080\" src=\"https:\/\/academia.utp.edu.co\/extensiondeportes\/files\/2021\/05\/7.png\" alt=\"\" data-id=\"16451\" data-link=\"https:\/\/academia.utp.edu.co\/extensiondeportes\/area-de-extension-2\/area-de-extension\/7-2\/\" class=\"wp-image-16451\" srcset=\"https:\/\/academia.utp.edu.co\/extensiondeportes\/files\/2021\/05\/7.png 1920w, https:\/\/academia.utp.edu.co\/extensiondeportes\/files\/2021\/05\/7-300x169.png 300w, https:\/\/academia.utp.edu.co\/extensiondeportes\/files\/2021\/05\/7-1024x576.png 1024w, https:\/\/academia.utp.edu.co\/extensiondeportes\/files\/2021\/05\/7-768x432.png 768w, https:\/\/academia.utp.edu.co\/extensiondeportes\/files\/2021\/05\/7-1536x864.png 1536w\" sizes=\"auto, (max-width: 1920px) 100vw, 1920px\" \/><\/a><\/figure><\/li><li class=\"blocks-gallery-item\"><figure><a href=\"https:\/\/academia.utp.edu.co\/extensiondeportes\/files\/2021\/05\/9-1.png\"><img loading=\"lazy\" decoding=\"async\" width=\"1920\" height=\"1080\" src=\"https:\/\/academia.utp.edu.co\/extensiondeportes\/files\/2021\/05\/9-1.png\" alt=\"\" data-id=\"16481\" data-full-url=\"https:\/\/academia.utp.edu.co\/extensiondeportes\/files\/2021\/05\/9-1.png\" data-link=\"https:\/\/academia.utp.edu.co\/extensiondeportes\/area-de-extension-2\/area-de-extension\/9-1\/\" class=\"wp-image-16481\" srcset=\"https:\/\/academia.utp.edu.co\/extensiondeportes\/files\/2021\/05\/9-1.png 1920w, https:\/\/academia.utp.edu.co\/extensiondeportes\/files\/2021\/05\/9-1-300x169.png 300w, https:\/\/academia.utp.edu.co\/extensiondeportes\/files\/2021\/05\/9-1-1024x576.png 1024w, https:\/\/academia.utp.edu.co\/extensiondeportes\/files\/2021\/05\/9-1-768x432.png 768w, https:\/\/academia.utp.edu.co\/extensiondeportes\/files\/2021\/05\/9-1-1536x864.png 1536w\" sizes=\"auto, (max-width: 1920px) 100vw, 1920px\" \/><\/a><\/figure><\/li><\/ul><\/figure>\n\n\n\n<div class=\"wp-block-image\"><figure class=\"aligncenter size-medium is-resized\"><a href=\"https:\/\/academia.utp.edu.co\/extensiondeportes\/files\/2021\/05\/8-1.png\"><img loading=\"lazy\" decoding=\"async\" src=\"https:\/\/academia.utp.edu.co\/extensiondeportes\/files\/2021\/05\/8-1-300x169.png\" alt=\"\" class=\"wp-image-16491\" width=\"456\" height=\"258\" srcset=\"https:\/\/academia.utp.edu.co\/extensiondeportes\/files\/2021\/05\/8-1-300x169.png 300w, https:\/\/academia.utp.edu.co\/extensiondeportes\/files\/2021\/05\/8-1-1024x576.png 1024w, https:\/\/academia.utp.edu.co\/extensiondeportes\/files\/2021\/05\/8-1-768x432.png 768w, https:\/\/academia.utp.edu.co\/extensiondeportes\/files\/2021\/05\/8-1-1536x864.png 1536w, https:\/\/academia.utp.edu.co\/extensiondeportes\/files\/2021\/05\/8-1.png 1920w\" sizes=\"auto, (max-width: 456px) 100vw, 456px\" \/><\/a><\/figure><\/div>\n\n\n\n<p class=\"has-text-align-center\"><strong>Docentes del Grupo de Investigaci\u00f3n GIGEDE<\/strong><\/p>\n\n\n\n<figure class=\"wp-block-gallery columns-2 is-cropped wp-block-gallery-2 is-layout-flex wp-block-gallery-is-layout-flex\"><ul class=\"blocks-gallery-grid\"><li class=\"blocks-gallery-item\"><figure><a href=\"https:\/\/academia.utp.edu.co\/extensiondeportes\/files\/2021\/05\/11.png\"><img loading=\"lazy\" decoding=\"async\" width=\"1920\" height=\"1080\" src=\"https:\/\/academia.utp.edu.co\/extensiondeportes\/files\/2021\/05\/11.png\" alt=\"\" data-id=\"16511\" data-link=\"https:\/\/academia.utp.edu.co\/extensiondeportes\/area-de-extension-2\/area-de-extension\/11-2\/\" class=\"wp-image-16511\" srcset=\"https:\/\/academia.utp.edu.co\/extensiondeportes\/files\/2021\/05\/11.png 1920w, https:\/\/academia.utp.edu.co\/extensiondeportes\/files\/2021\/05\/11-300x169.png 300w, https:\/\/academia.utp.edu.co\/extensiondeportes\/files\/2021\/05\/11-1024x576.png 1024w, https:\/\/academia.utp.edu.co\/extensiondeportes\/files\/2021\/05\/11-768x432.png 768w, https:\/\/academia.utp.edu.co\/extensiondeportes\/files\/2021\/05\/11-1536x864.png 1536w\" sizes=\"auto, (max-width: 1920px) 100vw, 1920px\" \/><\/a><\/figure><\/li><li class=\"blocks-gallery-item\"><figure><a href=\"https:\/\/academia.utp.edu.co\/extensiondeportes\/files\/2021\/05\/10.png\"><img loading=\"lazy\" decoding=\"async\" width=\"1920\" height=\"1080\" src=\"https:\/\/academia.utp.edu.co\/extensiondeportes\/files\/2021\/05\/10.png\" alt=\"\" data-id=\"16501\" data-link=\"https:\/\/academia.utp.edu.co\/extensiondeportes\/area-de-extension-2\/area-de-extension\/10-2\/\" class=\"wp-image-16501\" srcset=\"https:\/\/academia.utp.edu.co\/extensiondeportes\/files\/2021\/05\/10.png 1920w, https:\/\/academia.utp.edu.co\/extensiondeportes\/files\/2021\/05\/10-300x169.png 300w, https:\/\/academia.utp.edu.co\/extensiondeportes\/files\/2021\/05\/10-1024x576.png 1024w, https:\/\/academia.utp.edu.co\/extensiondeportes\/files\/2021\/05\/10-768x432.png 768w, https:\/\/academia.utp.edu.co\/extensiondeportes\/files\/2021\/05\/10-1536x864.png 1536w\" sizes=\"auto, (max-width: 1920px) 100vw, 1920px\" \/><\/a><\/figure><\/li><\/ul><\/figure>\n","protected":false},"excerpt":{"rendered":"<p>INTEGRANTES DE LA OFICINA \u00c1REA DE EXTENSI\u00d3N&nbsp; El \u00c1rea de Extensi\u00f3n&nbsp; cuenta con&nbsp; el personal id\u00f3neo para&nbsp; desarrollar actividades y proyectos&nbsp; de alta calidad&nbsp; que&nbsp; son encaminados al cumplimiento&nbsp; de [&hellip;]<\/p>\n","protected":false},"author":851,"featured_media":2601,"parent":8311,"menu_order":1,"comment_status":"closed","ping_status":"closed","template":"","meta":{"_EventAllDay":false,"_EventTimezone":"","_EventStartDate":"","_EventEndDate":"","_EventStartDateUTC":"","_EventEndDateUTC":"","_EventShowMap":false,"_EventShowMapLink":false,"_EventURL":"","_EventCost":"","_EventCostDescription":"","_EventCurrencySymbol":"","_EventCurrencyCode":"","_EventCurrencyPosition":"","_EventDateTimeSeparator":"","_EventTimeRangeSeparator":"","_EventOrganizerID":[],"_EventVenueID":[],"_OrganizerEmail":"","_OrganizerPhone":"","_OrganizerWebsite":"","_VenueAddress":"","_VenueCity":"","_VenueCountry":"","_VenueProvince":"","_VenueState":"","_VenueZip":"","_VenuePhone":"","_VenueURL":"","_VenueStateProvince":"","_VenueLat":"","_VenueLng":"","_VenueShowMap":false,"_VenueShowMapLink":false,"footnotes":""},"class_list":["post-7561","page","type-page","status-publish","has-post-thumbnail","hentry"],"_links":{"self":[{"href":"https:\/\/academia.utp.edu.co\/extensiondeportes\/wp-json\/wp\/v2\/pages\/7561","targetHints":{"allow":["GET"]}}],"collection":[{"href":"https:\/\/academia.utp.edu.co\/extensiondeportes\/wp-json\/wp\/v2\/pages"}],"about":[{"href":"https:\/\/academia.utp.edu.co\/extensiondeportes\/wp-json\/wp\/v2\/types\/page"}],"author":[{"embeddable":true,"href":"https:\/\/academia.utp.edu.co\/extensiondeportes\/wp-json\/wp\/v2\/users\/851"}],"replies":[{"embeddable":true,"href":"https:\/\/academia.utp.edu.co\/extensiondeportes\/wp-json\/wp\/v2\/comments?post=7561"}],"version-history":[{"count":15,"href":"https:\/\/academia.utp.edu.co\/extensiondeportes\/wp-json\/wp\/v2\/pages\/7561\/revisions"}],"predecessor-version":[{"id":16631,"href":"https:\/\/academia.utp.edu.co\/extensiondeportes\/wp-json\/wp\/v2\/pages\/7561\/revisions\/16631"}],"up":[{"embeddable":true,"href":"https:\/\/academia.utp.edu.co\/extensiondeportes\/wp-json\/wp\/v2\/pages\/8311"}],"wp:featuredmedia":[{"embeddable":true,"href":"https:\/\/academia.utp.edu.co\/extensiondeportes\/wp-json\/wp\/v2\/media\/2601"}],"wp:attachment":[{"href":"https:\/\/academia.utp.edu.co\/extensiondeportes\/wp-json\/wp\/v2\/media?parent=7561"}],"curies":[{"name":"wp","href":"https:\/\/api.w.org\/{rel}","templated":true}]}}