{"id":761,"date":"2015-05-22T10:21:28","date_gmt":"2015-05-22T15:21:28","guid":{"rendered":"http:\/\/academia.utp.edu.co\/extensiondeportes\/?page_id=761"},"modified":"2023-03-01T15:48:30","modified_gmt":"2023-03-01T20:48:30","slug":"eventos-1","status":"publish","type":"page","link":"https:\/\/academia.utp.edu.co\/extensiondeportes\/eventos-1\/","title":{"rendered":"Eventos"},"content":{"rendered":"<p style=\"text-align: justify\">Las Oficina de Extensi\u00f3n en Ciencias del Deporte y la Recreaci\u00f3n es promotora de eventos acad\u00e9micos en el marco de extensi\u00f3n solidaria de la Universidad Tecnol\u00f3gica de Pereira, donde se realizan semestralmente un evento de car\u00e1cter nacional o regional con el fin de cualificar y generar espacios de investigaci\u00f3n e interacci\u00f3n con la comunidad del sector del Deporte, la Recreaci\u00f3n, la Actividad F\u00edsica.<\/p>\n<p style=\"text-align: justify\">Estos eventos est\u00e1n bajo la direcci\u00f3n de los docentes del Programa Ciencias del Deporte y la Recreaci\u00f3n, respaldados por el Grupo de Investigaci\u00f3n en Gerencia del Deporte y la Recreaci\u00f3n, donde tambi\u00e9n se generan espacios de pr\u00e1cticas de las asignaturas Administraci\u00f3n del Deporte y la Recreaci\u00f3n I y II como complementaci\u00f3n acad\u00e9mica del personal estudiantil.<\/p>\n<p style=\"text-align: justify\"><a href=\"https:\/\/academia.utp.edu.co\/extensiondeportes\/files\/2018\/04\/IMG-20180209-WA0012.jpg\"><img loading=\"lazy\" decoding=\"async\" class=\"size-medium wp-image-6861 aligncenter\" src=\"https:\/\/academia.utp.edu.co\/extensiondeportes\/files\/2018\/04\/IMG-20180209-WA0012-300x210.jpg\" alt=\"\" width=\"300\" height=\"210\"><\/a><\/p>\n<p>&nbsp;<\/p>\n","protected":false},"excerpt":{"rendered":"<p>Las Oficina de Extensi\u00f3n en Ciencias del Deporte y la Recreaci\u00f3n es promotora de eventos acad\u00e9micos en el marco de extensi\u00f3n solidaria de la Universidad Tecnol\u00f3gica de Pereira, donde se [&hellip;]<\/p>\n","protected":false},"author":70,"featured_media":0,"parent":0,"menu_order":0,"comment_status":"open","ping_status":"closed","template":"","meta":{"_EventAllDay":false,"_EventTimezone":"","_EventStartDate":"","_EventEndDate":"","_EventStartDateUTC":"","_EventEndDateUTC":"","_EventShowMap":false,"_EventShowMapLink":false,"_EventURL":"","_EventCost":"","_EventCostDescription":"","_EventCurrencySymbol":"","_EventCurrencyCode":"","_EventCurrencyPosition":"","_EventDateTimeSeparator":"","_EventTimeRangeSeparator":"","_EventOrganizerID":[],"_EventVenueID":[],"_OrganizerEmail":"","_OrganizerPhone":"","_OrganizerWebsite":"","_VenueAddress":"","_VenueCity":"","_VenueCountry":"","_VenueProvince":"","_VenueState":"","_VenueZip":"","_VenuePhone":"","_VenueURL":"","_VenueStateProvince":"","_VenueLat":"","_VenueLng":"","_VenueShowMap":false,"_VenueShowMapLink":false,"footnotes":""},"class_list":["post-761","page","type-page","status-publish","hentry"],"_links":{"self":[{"href":"https:\/\/academia.utp.edu.co\/extensiondeportes\/wp-json\/wp\/v2\/pages\/761","targetHints":{"allow":["GET"]}}],"collection":[{"href":"https:\/\/academia.utp.edu.co\/extensiondeportes\/wp-json\/wp\/v2\/pages"}],"about":[{"href":"https:\/\/academia.utp.edu.co\/extensiondeportes\/wp-json\/wp\/v2\/types\/page"}],"author":[{"embeddable":true,"href":"https:\/\/academia.utp.edu.co\/extensiondeportes\/wp-json\/wp\/v2\/users\/70"}],"replies":[{"embeddable":true,"href":"https:\/\/academia.utp.edu.co\/extensiondeportes\/wp-json\/wp\/v2\/comments?post=761"}],"version-history":[{"count":5,"href":"https:\/\/academia.utp.edu.co\/extensiondeportes\/wp-json\/wp\/v2\/pages\/761\/revisions"}],"predecessor-version":[{"id":6871,"href":"https:\/\/academia.utp.edu.co\/extensiondeportes\/wp-json\/wp\/v2\/pages\/761\/revisions\/6871"}],"wp:attachment":[{"href":"https:\/\/academia.utp.edu.co\/extensiondeportes\/wp-json\/wp\/v2\/media?parent=761"}],"curies":[{"name":"wp","href":"https:\/\/api.w.org\/{rel}","templated":true}]}}