{"id":7891,"date":"2018-04-26T10:35:57","date_gmt":"2018-04-26T15:35:57","guid":{"rendered":"http:\/\/academia.utp.edu.co\/extensiondeportes\/?page_id=7891"},"modified":"2018-04-30T11:08:53","modified_gmt":"2018-04-30T16:08:53","slug":"deporte-aficionado","status":"publish","type":"page","link":"https:\/\/academia.utp.edu.co\/extensiondeportes\/eventos-1\/i-congreso-nacional-de-derecho-deportivo\/deporte-aficionado\/","title":{"rendered":"Deporte aficionado"},"content":{"rendered":"<h3 style=\"text-align: left\"><span style=\"font-family: tahoma, arial, helvetica, sans-serif;color: #ff0000\">Indemnizaci\u00f3n por formaci\u00f3n y mecanismos de solidaridad &#8211;&nbsp;<em>Elizabeth Gonz\u00e1lez , Mar\u00eda Jos\u00e9 Garc\u00eda<\/em><\/span><\/h3>\n<div style=\"width: 480px;\" class=\"wp-video\"><video class=\"wp-video-shortcode\" id=\"video-7891-1\" width=\"480\" height=\"848\" preload=\"metadata\" controls=\"controls\"><source type=\"video\/mp4\" src=\"https:\/\/academia.utp.edu.co\/extensiondeportes\/files\/2018\/04\/Deporte-afisionado-Indebnizaci\u00f3n-por-formacion-y-mec-de-solidaridad.mp4?_=1\" \/><a href=\"https:\/\/academia.utp.edu.co\/extensiondeportes\/files\/2018\/04\/Deporte-afisionado-Indebnizaci\u00f3n-por-formacion-y-mec-de-solidaridad.mp4\">https:\/\/academia.utp.edu.co\/extensiondeportes\/files\/2018\/04\/Deporte-afisionado-Indebnizaci\u00f3n-por-formacion-y-mec-de-solidaridad.mp4<\/a><\/video><\/div>\n<div style=\"width: 480px;\" class=\"wp-video\"><video class=\"wp-video-shortcode\" id=\"video-7891-2\" width=\"480\" height=\"608\" preload=\"metadata\" controls=\"controls\"><source type=\"video\/mp4\" src=\"https:\/\/academia.utp.edu.co\/extensiondeportes\/files\/2018\/04\/WhatsApp-Video-2018-04-26-at-8.00.10-PM.mp4?_=2\" \/><a href=\"https:\/\/academia.utp.edu.co\/extensiondeportes\/files\/2018\/04\/WhatsApp-Video-2018-04-26-at-8.00.10-PM.mp4\">https:\/\/academia.utp.edu.co\/extensiondeportes\/files\/2018\/04\/WhatsApp-Video-2018-04-26-at-8.00.10-PM.mp4<\/a><\/video><\/div>\n<h3>&nbsp;<\/h3>\n<h3><span style=\"font-family: tahoma, arial, helvetica, sans-serif;color: #ff0000\">Relaci\u00f3n especial de sujeci\u00f3n en el deporte colombiano &#8211;&nbsp;<em>Jorge Andres Rojas&nbsp;<\/em><\/span><\/h3>\n<div style=\"width: 896px;\" class=\"wp-video\"><video class=\"wp-video-shortcode\" id=\"video-7891-3\" width=\"896\" height=\"496\" preload=\"metadata\" controls=\"controls\"><source type=\"video\/mp4\" src=\"https:\/\/academia.utp.edu.co\/extensiondeportes\/files\/2018\/04\/relaci\u00f3nn-de-sujeci\u00f3n-d-afisonado.mp4?_=3\" \/><a href=\"https:\/\/academia.utp.edu.co\/extensiondeportes\/files\/2018\/04\/relaci\u00f3nn-de-sujeci\u00f3n-d-afisonado.mp4\">https:\/\/academia.utp.edu.co\/extensiondeportes\/files\/2018\/04\/relaci\u00f3nn-de-sujeci\u00f3n-d-afisonado.mp4<\/a><\/video><\/div>\n<p>&nbsp;<\/p>\n<h3><span style=\"font-family: tahoma, arial, helvetica, sans-serif;color: #ff0000\">Aciertos y retos en el deporte aficionado desde la perspectiva del derecho deportivo &#8211;&nbsp;<em>Cesar Giraldo.<\/em><\/span><\/h3>\n<div style=\"width: 944px;\" class=\"wp-video\"><video class=\"wp-video-shortcode\" id=\"video-7891-4\" width=\"944\" height=\"704\" preload=\"metadata\" controls=\"controls\"><source type=\"video\/mp4\" src=\"https:\/\/academia.utp.edu.co\/extensiondeportes\/files\/2018\/04\/d-afisionado-aciertos-y-retos.mp4?_=4\" \/><a href=\"https:\/\/academia.utp.edu.co\/extensiondeportes\/files\/2018\/04\/d-afisionado-aciertos-y-retos.mp4\">https:\/\/academia.utp.edu.co\/extensiondeportes\/files\/2018\/04\/d-afisionado-aciertos-y-retos.mp4<\/a><\/video><\/div>\n<p>&nbsp;<\/p>\n<h3><span style=\"font-family: tahoma, arial, helvetica, sans-serif;color: #ff0000\">Asunci\u00f3n del Riesgo en actividades deportivas &#8211;&nbsp;<em>Victor Delgado<\/em><\/span><\/h3>\n<div style=\"width: 848px;\" class=\"wp-video\"><video class=\"wp-video-shortcode\" id=\"video-7891-5\" width=\"848\" height=\"480\" preload=\"metadata\" controls=\"controls\"><source type=\"video\/mp4\" src=\"https:\/\/academia.utp.edu.co\/extensiondeportes\/files\/2018\/04\/andres-dopaje-vic-afi-.mp4?_=5\" \/><a href=\"https:\/\/academia.utp.edu.co\/extensiondeportes\/files\/2018\/04\/andres-dopaje-vic-afi-.mp4\">https:\/\/academia.utp.edu.co\/extensiondeportes\/files\/2018\/04\/andres-dopaje-vic-afi-.mp4<\/a><\/video><\/div>\n","protected":false},"excerpt":{"rendered":"<p>Indemnizaci\u00f3n por formaci\u00f3n y mecanismos de solidaridad &#8211;&nbsp;Elizabeth Gonz\u00e1lez , Mar\u00eda Jos\u00e9 Garc\u00eda &nbsp; Relaci\u00f3n especial de sujeci\u00f3n en el deporte colombiano &#8211;&nbsp;Jorge Andres Rojas&nbsp; &nbsp; Aciertos y retos en [&hellip;]<\/p>\n","protected":false},"author":851,"featured_media":0,"parent":6951,"menu_order":1,"comment_status":"closed","ping_status":"closed","template":"","meta":{"_EventAllDay":false,"_EventTimezone":"","_EventStartDate":"","_EventEndDate":"","_EventStartDateUTC":"","_EventEndDateUTC":"","_EventShowMap":false,"_EventShowMapLink":false,"_EventURL":"","_EventCost":"","_EventCostDescription":"","_EventCurrencySymbol":"","_EventCurrencyCode":"","_EventCurrencyPosition":"","_EventDateTimeSeparator":"","_EventTimeRangeSeparator":"","_EventOrganizerID":[],"_EventVenueID":[],"_OrganizerEmail":"","_OrganizerPhone":"","_OrganizerWebsite":"","_VenueAddress":"","_VenueCity":"","_VenueCountry":"","_VenueProvince":"","_VenueState":"","_VenueZip":"","_VenuePhone":"","_VenueURL":"","_VenueStateProvince":"","_VenueLat":"","_VenueLng":"","_VenueShowMap":false,"_VenueShowMapLink":false,"footnotes":""},"class_list":["post-7891","page","type-page","status-publish","hentry"],"_links":{"self":[{"href":"https:\/\/academia.utp.edu.co\/extensiondeportes\/wp-json\/wp\/v2\/pages\/7891","targetHints":{"allow":["GET"]}}],"collection":[{"href":"https:\/\/academia.utp.edu.co\/extensiondeportes\/wp-json\/wp\/v2\/pages"}],"about":[{"href":"https:\/\/academia.utp.edu.co\/extensiondeportes\/wp-json\/wp\/v2\/types\/page"}],"author":[{"embeddable":true,"href":"https:\/\/academia.utp.edu.co\/extensiondeportes\/wp-json\/wp\/v2\/users\/851"}],"replies":[{"embeddable":true,"href":"https:\/\/academia.utp.edu.co\/extensiondeportes\/wp-json\/wp\/v2\/comments?post=7891"}],"version-history":[{"count":5,"href":"https:\/\/academia.utp.edu.co\/extensiondeportes\/wp-json\/wp\/v2\/pages\/7891\/revisions"}],"predecessor-version":[{"id":8371,"href":"https:\/\/academia.utp.edu.co\/extensiondeportes\/wp-json\/wp\/v2\/pages\/7891\/revisions\/8371"}],"up":[{"embeddable":true,"href":"https:\/\/academia.utp.edu.co\/extensiondeportes\/wp-json\/wp\/v2\/pages\/6951"}],"wp:attachment":[{"href":"https:\/\/academia.utp.edu.co\/extensiondeportes\/wp-json\/wp\/v2\/media?parent=7891"}],"curies":[{"name":"wp","href":"https:\/\/api.w.org\/{rel}","templated":true}]}}