{"id":8311,"date":"2018-04-27T12:03:01","date_gmt":"2018-04-27T17:03:01","guid":{"rendered":"http:\/\/academia.utp.edu.co\/extensiondeportes\/?page_id=8311"},"modified":"2024-11-06T17:24:04","modified_gmt":"2024-11-06T22:24:04","slug":"area-de-extension-2","status":"publish","type":"page","link":"https:\/\/academia.utp.edu.co\/extensiondeportes\/area-de-extension-2\/","title":{"rendered":"\u00c1rea de Extensi\u00f3n"},"content":{"rendered":"<p><span style=\"font-weight: 400\">Este proyecto tiene como prop\u00f3sito brindar acompa\u00f1amiento y apoyo al talento humano de la Unidad Acad\u00e9mica de Investigaci\u00f3n y Extensi\u00f3n. Adem\u00e1s, se enfoca en el desarrollo de indicadores de gesti\u00f3n para los proyectos que se ejecutan dentro de la unidad. A trav\u00e9s de la implementaci\u00f3n de estrategias de talento humano, buscamos optimizar el funcionamiento y el impacto de cada iniciativa, asegurando que cada uno de los proyectos tenga un seguimiento adecuado y sea gestionado de manera eficaz.<\/span><\/p>\n\n\n<p class=\"has-medium-font-size\"><br><strong>Objetivo<\/strong><\/p>\n\n\n\n<p>Coordinar estrat\u00e9gicamente el talento humano para la gesti\u00f3n eficaz de los proyectos de la Unidad Acad\u00e9mica de Investigaci\u00f3n y Extensi\u00f3n de Ciencias Del Deporte y la Recreaci\u00f3n, para fortalecer la proyecci\u00f3n y gesti\u00f3n en la comunidad universitaria.<br><\/p>\n\n\n\n<p class=\"has-medium-font-size\"><br><strong>Metodolog\u00eda de trabajo<\/strong><\/p>\n\n\n\n<p>La metodolog\u00eda de trabajo de este proyecto se basa en un enfoque cercano y colaborativo. Nuestro equipo ofrece apoyo constante al talento humano, especialmente a los practicantes profesionales, para asegurar que cada uno se sienta respaldado y motivado en su labor. A trav\u00e9s de un acompa\u00f1amiento continuo, fomentamos un ambiente positivo que favorezca el desarrollo personal y profesional. Adem\u00e1s, nos encargamos de realizar un seguimiento detallado de los proyectos en curso, con el objetivo de mejorar la calidad y eficacia de los mismos. Como parte fundamental de este proceso, tambi\u00e9n estamos desarrollando una propuesta de indicadores de gesti\u00f3n que permitan medir el impacto y la efectividad de los proyectos en el \u00e1rea de extensi\u00f3n.<br><\/p>\n\n\n\n<p class=\"has-medium-font-size\"><br><strong>Contenidos que se manejan<\/strong><\/p>\n\n\n\n<ul class=\"wp-block-list\">\n<li>Dise\u00f1o y planteamiento de indicadores de gesti\u00f3n para evaluar el desempe\u00f1o de los proyectos de la Unidad Acad\u00e9mica de Investigaci\u00f3n y Extensi\u00f3n.<\/li>\n\n\n\n<li>Capacitaci\u00f3n y formaci\u00f3n continua del equipo de trabajo, asegurando que cada miembro est\u00e9 bien preparado para enfrentar los desaf\u00edos de la gesti\u00f3n de proyectos.<\/li>\n\n\n\n<li>Mejora del ambiente de trabajo mediante la ambientaci\u00f3n y optimizaci\u00f3n de los espacios de la oficina, fomentando un entorno adecuado para el desarrollo de las actividades.<\/li>\n<\/ul>\n\n\n\n<p class=\"has-medium-font-size\"><br><strong>Avances del \u00e1rea<\/strong><\/p>\n\n\n\n<ul class=\"wp-block-list\">\n<li>Brindamos apoyo continuo en la coordinaci\u00f3n de las actividades y eventos organizados por la Unidad Acad\u00e9mica de Investigaci\u00f3n y Extensi\u00f3n, facilitando su desarrollo y ejecuci\u00f3n exitosa.<\/li>\n\n\n\n<li>Hemos avanzado en el dise\u00f1o de los indicadores de gesti\u00f3n, adaptados a las necesidades espec\u00edficas de cada proyecto y alineados con los valores misionales de la Universidad.<\/li>\n\n\n\n<li>Coordinamos la ambientaci\u00f3n de la oficina, creando un espacio funcional y agradable para todo el equipo de trabajo.<\/li>\n<\/ul>\n\n\n\n<ul class=\"wp-block-social-links has-visible-labels is-layout-flex wp-block-social-links-is-layout-flex\"><li class=\"wp-social-link wp-social-link-instagram  wp-block-social-link\"><a rel=\"noopener nofollow\" target=\"_blank\" href=\"https:\/\/www.instagram.com\/areaextension_cdr\/?locale=en_GB\" class=\"wp-block-social-link-anchor\"><svg width=\"24\" height=\"24\" viewBox=\"0 0 24 24\" version=\"1.1\" xmlns=\"http:\/\/www.w3.org\/2000\/svg\" aria-hidden=\"true\" focusable=\"false\"><path d=\"M12,4.622c2.403,0,2.688,0.009,3.637,0.052c0.877,0.04,1.354,0.187,1.671,0.31c0.42,0.163,0.72,0.358,1.035,0.673 c0.315,0.315,0.51,0.615,0.673,1.035c0.123,0.317,0.27,0.794,0.31,1.671c0.043,0.949,0.052,1.234,0.052,3.637 s-0.009,2.688-0.052,3.637c-0.04,0.877-0.187,1.354-0.31,1.671c-0.163,0.42-0.358,0.72-0.673,1.035 c-0.315,0.315-0.615,0.51-1.035,0.673c-0.317,0.123-0.794,0.27-1.671,0.31c-0.949,0.043-1.233,0.052-3.637,0.052 s-2.688-0.009-3.637-0.052c-0.877-0.04-1.354-0.187-1.671-0.31c-0.42-0.163-0.72-0.358-1.035-0.673 c-0.315-0.315-0.51-0.615-0.673-1.035c-0.123-0.317-0.27-0.794-0.31-1.671C4.631,14.688,4.622,14.403,4.622,12 s0.009-2.688,0.052-3.637c0.04-0.877,0.187-1.354,0.31-1.671c0.163-0.42,0.358-0.72,0.673-1.035 c0.315-0.315,0.615-0.51,1.035-0.673c0.317-0.123,0.794-0.27,1.671-0.31C9.312,4.631,9.597,4.622,12,4.622 M12,3 C9.556,3,9.249,3.01,8.289,3.054C7.331,3.098,6.677,3.25,6.105,3.472C5.513,3.702,5.011,4.01,4.511,4.511 c-0.5,0.5-0.808,1.002-1.038,1.594C3.25,6.677,3.098,7.331,3.054,8.289C3.01,9.249,3,9.556,3,12c0,2.444,0.01,2.751,0.054,3.711 c0.044,0.958,0.196,1.612,0.418,2.185c0.23,0.592,0.538,1.094,1.038,1.594c0.5,0.5,1.002,0.808,1.594,1.038 c0.572,0.222,1.227,0.375,2.185,0.418C9.249,20.99,9.556,21,12,21s2.751-0.01,3.711-0.054c0.958-0.044,1.612-0.196,2.185-0.418 c0.592-0.23,1.094-0.538,1.594-1.038c0.5-0.5,0.808-1.002,1.038-1.594c0.222-0.572,0.375-1.227,0.418-2.185 C20.99,14.751,21,14.444,21,12s-0.01-2.751-0.054-3.711c-0.044-0.958-0.196-1.612-0.418-2.185c-0.23-0.592-0.538-1.094-1.038-1.594 c-0.5-0.5-1.002-0.808-1.594-1.038c-0.572-0.222-1.227-0.375-2.185-0.418C14.751,3.01,14.444,3,12,3L12,3z M12,7.378 c-2.552,0-4.622,2.069-4.622,4.622S9.448,16.622,12,16.622s4.622-2.069,4.622-4.622S14.552,7.378,12,7.378z M12,15 c-1.657,0-3-1.343-3-3s1.343-3,3-3s3,1.343,3,3S13.657,15,12,15z M16.804,6.116c-0.596,0-1.08,0.484-1.08,1.08 s0.484,1.08,1.08,1.08c0.596,0,1.08-0.484,1.08-1.08S17.401,6.116,16.804,6.116z\"><\/path><\/svg><span class=\"wp-block-social-link-label\">@areaextensi\u00f3n_cdr<\/span><\/a><\/li><\/ul>\n\n\n\n<p><\/p>\n","protected":false},"excerpt":{"rendered":"<p>Este proyecto tiene como prop\u00f3sito brindar acompa\u00f1amiento y apoyo al talento humano de la Unidad Acad\u00e9mica de Investigaci\u00f3n y Extensi\u00f3n. Adem\u00e1s, se enfoca en el desarrollo de indicadores de gesti\u00f3n [&hellip;]<\/p>\n","protected":false},"author":851,"featured_media":207,"parent":0,"menu_order":0,"comment_status":"closed","ping_status":"closed","template":"","meta":{"_EventAllDay":false,"_EventTimezone":"","_EventStartDate":"","_EventEndDate":"","_EventStartDateUTC":"","_EventEndDateUTC":"","_EventShowMap":false,"_EventShowMapLink":false,"_EventURL":"","_EventCost":"","_EventCostDescription":"","_EventCurrencySymbol":"","_EventCurrencyCode":"","_EventCurrencyPosition":"","_EventDateTimeSeparator":"","_EventTimeRangeSeparator":"","_EventOrganizerID":[],"_EventVenueID":[],"_OrganizerEmail":"","_OrganizerPhone":"","_OrganizerWebsite":"","_VenueAddress":"","_VenueCity":"","_VenueCountry":"","_VenueProvince":"","_VenueState":"","_VenueZip":"","_VenuePhone":"","_VenueURL":"","_VenueStateProvince":"","_VenueLat":"","_VenueLng":"","_VenueShowMap":false,"_VenueShowMapLink":false,"footnotes":""},"class_list":["post-8311","page","type-page","status-publish","has-post-thumbnail","hentry"],"_links":{"self":[{"href":"https:\/\/academia.utp.edu.co\/extensiondeportes\/wp-json\/wp\/v2\/pages\/8311","targetHints":{"allow":["GET"]}}],"collection":[{"href":"https:\/\/academia.utp.edu.co\/extensiondeportes\/wp-json\/wp\/v2\/pages"}],"about":[{"href":"https:\/\/academia.utp.edu.co\/extensiondeportes\/wp-json\/wp\/v2\/types\/page"}],"author":[{"embeddable":true,"href":"https:\/\/academia.utp.edu.co\/extensiondeportes\/wp-json\/wp\/v2\/users\/851"}],"replies":[{"embeddable":true,"href":"https:\/\/academia.utp.edu.co\/extensiondeportes\/wp-json\/wp\/v2\/comments?post=8311"}],"version-history":[{"count":4,"href":"https:\/\/academia.utp.edu.co\/extensiondeportes\/wp-json\/wp\/v2\/pages\/8311\/revisions"}],"predecessor-version":[{"id":22668,"href":"https:\/\/academia.utp.edu.co\/extensiondeportes\/wp-json\/wp\/v2\/pages\/8311\/revisions\/22668"}],"wp:featuredmedia":[{"embeddable":true,"href":"https:\/\/academia.utp.edu.co\/extensiondeportes\/wp-json\/wp\/v2\/media\/207"}],"wp:attachment":[{"href":"https:\/\/academia.utp.edu.co\/extensiondeportes\/wp-json\/wp\/v2\/media?parent=8311"}],"curies":[{"name":"wp","href":"https:\/\/api.w.org\/{rel}","templated":true}]}}